{"id":6106,"date":"2025-06-08T10:40:31","date_gmt":"2025-06-08T08:40:31","guid":{"rendered":"https:\/\/www.ifc-globaltn.com\/?page_id=6106"},"modified":"2025-07-14T11:17:02","modified_gmt":"2025-07-14T10:17:02","slug":"certification-halal","status":"publish","type":"page","link":"https:\/\/www.ifc-globaltn.com\/index.php\/certification-halal\/","title":{"rendered":"Certification Halal"},"content":{"rendered":"\t\t<div data-elementor-type=\"wp-page\" data-elementor-id=\"6106\" class=\"elementor elementor-6106\" data-elementor-post-type=\"page\">\n\t\t\t\t<div class=\"elementor-element elementor-element-3ba6165 e-con-full e-flex e-con e-parent\" data-id=\"3ba6165\" data-element_type=\"container\" data-e-type=\"container\">\n\t\t\t\t<div class=\"elementor-element elementor-element-f3a5561 elementor-widget__width-initial elementor-widget elementor-widget-heading\" data-id=\"f3a5561\" data-element_type=\"widget\" data-e-type=\"widget\" data-widget_type=\"heading.default\">\n\t\t\t\t<div class=\"elementor-widget-container\">\n\t\t\t\t\t<h3 class=\"elementor-heading-title elementor-size-default\"><b>Certification Halal\n<\/b><\/h3>\t\t\t\t<\/div>\n\t\t\t\t<\/div>\n\t\t\t\t<div class=\"elementor-element elementor-element-2956bfc elementor-widget-divider--view-line elementor-widget elementor-widget-divider\" data-id=\"2956bfc\" data-element_type=\"widget\" data-e-type=\"widget\" data-widget_type=\"divider.default\">\n\t\t\t\t<div class=\"elementor-widget-container\">\n\t\t\t\t\t\t\t<div class=\"elementor-divider\">\n\t\t\t<span class=\"elementor-divider-separator\">\n\t\t\t\t\t\t<\/span>\n\t\t<\/div>\n\t\t\t\t\t\t<\/div>\n\t\t\t\t<\/div>\n\t\t\t\t<\/div>\n\t\t<div class=\"elementor-element elementor-element-a171f9a e-con-full e-flex e-con e-parent\" data-id=\"a171f9a\" data-element_type=\"container\" data-e-type=\"container\">\n\t\t<div class=\"elementor-element elementor-element-293a7fa e-con-full e-flex e-con e-child\" data-id=\"293a7fa\" data-element_type=\"container\" data-e-type=\"container\">\n\t\t\t\t<div class=\"elementor-element elementor-element-aff5c24 elementor-widget elementor-widget-image\" data-id=\"aff5c24\" data-element_type=\"widget\" data-e-type=\"widget\" data-widget_type=\"image.default\">\n\t\t\t\t<div class=\"elementor-widget-container\">\n\t\t\t\t\t\t\t\t\t\t\t\t\t\t\t<img fetchpriority=\"high\" decoding=\"async\" width=\"300\" height=\"225\" src=\"https:\/\/www.ifc-globaltn.com\/wp-content\/uploads\/2025\/06\/halalcertification-2-1-300x225.jpg\" class=\"attachment-medium size-medium wp-image-6063\" alt=\"\" srcset=\"https:\/\/www.ifc-globaltn.com\/wp-content\/uploads\/2025\/06\/halalcertification-2-1-300x225.jpg 300w, https:\/\/www.ifc-globaltn.com\/wp-content\/uploads\/2025\/06\/halalcertification-2-1-768x576.jpg 768w, https:\/\/www.ifc-globaltn.com\/wp-content\/uploads\/2025\/06\/halalcertification-2-1.jpg 1024w\" sizes=\"(max-width: 300px) 100vw, 300px\" \/>\t\t\t\t\t\t\t\t\t\t\t\t\t\t\t<\/div>\n\t\t\t\t<\/div>\n\t\t\t\t<\/div>\n\t\t<div class=\"elementor-element elementor-element-742303e e-con-full e-flex e-con e-child\" data-id=\"742303e\" data-element_type=\"container\" data-e-type=\"container\">\n\t\t\t\t<div class=\"elementor-element elementor-element-cb121ab elementor-widget elementor-widget-text-editor\" data-id=\"cb121ab\" data-element_type=\"widget\" data-e-type=\"widget\" data-widget_type=\"text-editor.default\">\n\t\t\t\t<div class=\"elementor-widget-container\">\n\t\t\t\t\t\t\t\t\t<div class=\"pointer-events-none h-px w-px\" aria-hidden=\"true\" data-edge=\"true\"><p data-start=\"0\" data-end=\"488\"><strong data-start=\"0\" data-end=\"23\">Certification Halal<\/strong><br data-start=\"23\" data-end=\"26\" \/>Assurer la conformit\u00e9 aux normes Halal internationales est essentiel pour les entreprises souhaitant servir les consommateurs musulmans et acc\u00e9der aux march\u00e9s Halal \u00e0 travers le monde. <strong data-start=\"211\" data-end=\"225\">IFC Global<\/strong>, accr\u00e9dit\u00e9 par la <strong data-start=\"244\" data-end=\"280\">Halal Accreditation Agency (HAK)<\/strong>, fournit une certification Halal fiable et reconnue \u00e0 l\u2019international pour un large \u00e9ventail de secteurs, notamment l\u2019alimentation, les boissons, les cosm\u00e9tiques, les produits pharmaceutiques et plus encore.<\/p><p data-start=\"490\" data-end=\"530\"><strong>Pourquoi une certification Halal ?<\/strong><\/p><p data-start=\"531\" data-end=\"726\">La certification Halal atteste que les produits, les processus de production et les cha\u00eenes d\u2019approvisionnement respectent les lois alimentaires islamiques et les normes \u00e9thiques.<\/p><\/div>\t\t\t\t\t\t\t\t<\/div>\n\t\t\t\t<\/div>\n\t\t\t\t<\/div>\n\t\t\t\t<\/div>\n\t\t<div class=\"elementor-element elementor-element-216ab16 e-con-full e-flex e-con e-child\" data-id=\"216ab16\" data-element_type=\"container\" data-e-type=\"container\">\n\t\t\t\t<div class=\"elementor-element elementor-element-e0cc393 elementor-widget elementor-widget-text-editor\" data-id=\"e0cc393\" data-element_type=\"widget\" data-e-type=\"widget\" data-widget_type=\"text-editor.default\">\n\t\t\t\t<div class=\"elementor-widget-container\">\n\t\t\t\t\t\t\t\t\t<p data-start=\"531\" data-end=\"726\">Elle garantit :<\/p><p data-start=\"730\" data-end=\"817\">La conformit\u00e9 aux principes islamiques et aux exigences de s\u00e9curit\u00e9 alimentaire Halal<\/p><p data-start=\"820\" data-end=\"876\">L\u2019acc\u00e8s aux march\u00e9s Halal mondiaux en forte croissance<\/p><p data-start=\"879\" data-end=\"955\">La confiance des consommateurs gr\u00e2ce \u00e0 l\u2019authenticit\u00e9 et l\u2019int\u00e9grit\u00e9 Halal<\/p><p data-start=\"958\" data-end=\"1051\">L\u2019approbation r\u00e9glementaire pour les entreprises exportant vers des march\u00e9s certifi\u00e9s Halal<\/p>\t\t\t\t\t\t\t\t<\/div>\n\t\t\t\t<\/div>\n\t\t\t\t<div class=\"elementor-element elementor-element-c16f560 elementor-widget-divider--view-line elementor-widget elementor-widget-divider\" data-id=\"c16f560\" data-element_type=\"widget\" data-e-type=\"widget\" data-widget_type=\"divider.default\">\n\t\t\t\t<div class=\"elementor-widget-container\">\n\t\t\t\t\t\t\t<div class=\"elementor-divider\">\n\t\t\t<span class=\"elementor-divider-separator\">\n\t\t\t\t\t\t<\/span>\n\t\t<\/div>\n\t\t\t\t\t\t<\/div>\n\t\t\t\t<\/div>\n\t\t\t\t<\/div>\n\t\t<div class=\"elementor-element elementor-element-eb8361d e-con-full e-flex e-con e-child\" data-id=\"eb8361d\" data-element_type=\"container\" data-e-type=\"container\">\n\t\t\t\t<div class=\"elementor-element elementor-element-7b94534 elementor-widget elementor-widget-text-editor\" data-id=\"7b94534\" data-element_type=\"widget\" data-e-type=\"widget\" data-widget_type=\"text-editor.default\">\n\t\t\t\t<div class=\"elementor-widget-container\">\n\t\t\t\t\t\t\t\t\t<p data-start=\"1053\" data-end=\"1094\"><strong>Nos services de certification Halal<\/strong><\/p><p data-start=\"1098\" data-end=\"1232\"><strong data-start=\"1098\" data-end=\"1145\">Certification des syst\u00e8mes de gestion Halal<\/strong> : garantit que l\u2019organisation maintient l\u2019int\u00e9grit\u00e9 Halal dans toutes ses op\u00e9rations<\/p><p data-start=\"1235\" data-end=\"1375\"><strong data-start=\"1235\" data-end=\"1270\">Certification de produits Halal<\/strong> : confirme que les mati\u00e8res premi\u00e8res, la production et la manipulation respectent les exigences Halal<\/p><p data-start=\"1378\" data-end=\"1508\"><strong data-start=\"1378\" data-end=\"1428\">Certification de la s\u00e9curit\u00e9 alimentaire Halal<\/strong> : int\u00e8gre les normes de s\u00e9curit\u00e9 et d\u2019hygi\u00e8ne alimentaire aux exigences Halal<\/p>\t\t\t\t\t\t\t\t<\/div>\n\t\t\t\t<\/div>\n\t\t\t\t<div class=\"elementor-element elementor-element-ae3d247 elementor-widget-divider--view-line elementor-widget elementor-widget-divider\" data-id=\"ae3d247\" data-element_type=\"widget\" data-e-type=\"widget\" data-widget_type=\"divider.default\">\n\t\t\t\t<div class=\"elementor-widget-container\">\n\t\t\t\t\t\t\t<div class=\"elementor-divider\">\n\t\t\t<span class=\"elementor-divider-separator\">\n\t\t\t\t\t\t<\/span>\n\t\t<\/div>\n\t\t\t\t\t\t<\/div>\n\t\t\t\t<\/div>\n\t\t\t\t<\/div>\n\t\t<div class=\"elementor-element elementor-element-108b18b e-con-full e-flex e-con e-child\" data-id=\"108b18b\" data-element_type=\"container\" data-e-type=\"container\">\n\t\t\t\t<div class=\"elementor-element elementor-element-e43fd22 elementor-widget elementor-widget-text-editor\" data-id=\"e43fd22\" data-element_type=\"widget\" data-e-type=\"widget\" data-widget_type=\"text-editor.default\">\n\t\t\t\t<div class=\"elementor-widget-container\">\n\t\t\t\t\t\t\t\t\t<p data-start=\"1510\" data-end=\"1545\"><strong>Pourquoi choisir IFC Global ?<\/strong><\/p><p data-start=\"1546\" data-end=\"1635\">Avec la <b>certification Halal accr\u00e9dit\u00e9e HAK d\u2019IFC Global<\/b>, les entreprises b\u00e9n\u00e9ficient de :<\/p><p data-start=\"1639\" data-end=\"1702\">L\u2019accompagnement d\u2019auditeurs exp\u00e9riment\u00e9s en conformit\u00e9 Halal<\/p><p data-start=\"1705\" data-end=\"1783\">Un processus de certification fluide et adapt\u00e9 aux besoins de chaque secteur<\/p><p data-start=\"1786\" data-end=\"1856\">Une cr\u00e9dibilit\u00e9 reconnue dans les march\u00e9s Halal \u00e0 l\u2019\u00e9chelle mondiale<\/p>\t\t\t\t\t\t\t\t<\/div>\n\t\t\t\t<\/div>\n\t\t\t\t<div class=\"elementor-element elementor-element-df649e5 elementor-widget-divider--view-line elementor-widget elementor-widget-divider\" data-id=\"df649e5\" data-element_type=\"widget\" data-e-type=\"widget\" data-widget_type=\"divider.default\">\n\t\t\t\t<div class=\"elementor-widget-container\">\n\t\t\t\t\t\t\t<div class=\"elementor-divider\">\n\t\t\t<span class=\"elementor-divider-separator\">\n\t\t\t\t\t\t<\/span>\n\t\t<\/div>\n\t\t\t\t\t\t<\/div>\n\t\t\t\t<\/div>\n\t\t\t\t<\/div>\n\t\t<div class=\"elementor-element elementor-element-3190dc3 e-con-full e-flex e-con e-child\" data-id=\"3190dc3\" data-element_type=\"container\" data-e-type=\"container\">\n\t\t\t\t<div class=\"elementor-element elementor-element-1ee0838 elementor-widget elementor-widget-text-editor\" data-id=\"1ee0838\" data-element_type=\"widget\" data-e-type=\"widget\" data-widget_type=\"text-editor.default\">\n\t\t\t\t<div class=\"elementor-widget-container\">\n\t\t\t\t\t\t\t\t\t<p><b>Lancez votre processus de certification Halal<\/b><\/p><p data-start=\"1910\" data-end=\"2152\" data-is-last-node=\"\" data-is-only-node=\"\">Assurez-vous que vos produits et processus respectent les normes Halal internationales gr\u00e2ce aux services de certification fiables d\u2019<strong data-start=\"2043\" data-end=\"2057\">IFC Global<\/strong>.<br data-start=\"2058\" data-end=\"2061\" \/><strong data-start=\"2061\" data-end=\"2095\">Contactez-nous d\u00e8s aujourd\u2019hui<\/strong> pour entamer votre parcours vers la certification Halal.<\/p>\t\t\t\t\t\t\t\t<\/div>\n\t\t\t\t<\/div>\n\t\t\t\t<\/div>\n\t\t<div class=\"elementor-element elementor-element-38ef8f8 e-con-full e-flex e-con e-parent\" data-id=\"38ef8f8\" data-element_type=\"container\" data-e-type=\"container\">\n\t\t\t\t<div class=\"elementor-element elementor-element-7ca5234 elementor-widget elementor-widget-spacer\" data-id=\"7ca5234\" data-element_type=\"widget\" data-e-type=\"widget\" data-widget_type=\"spacer.default\">\n\t\t\t\t<div class=\"elementor-widget-container\">\n\t\t\t\t\t\t\t<div class=\"elementor-spacer\">\n\t\t\t<div class=\"elementor-spacer-inner\"><\/div>\n\t\t<\/div>\n\t\t\t\t\t\t<\/div>\n\t\t\t\t<\/div>\n\t\t\t\t<\/div>\n\t\t<div class=\"elementor-element elementor-element-52c2f85 e-flex e-con-boxed e-con e-parent\" data-id=\"52c2f85\" data-element_type=\"container\" data-e-type=\"container\">\n\t\t\t\t\t<div class=\"e-con-inner\">\n\t\t\t\t<div class=\"elementor-element elementor-element-45cfc9d elementor-widget elementor-widget-html\" data-id=\"45cfc9d\" data-element_type=\"widget\" data-e-type=\"widget\" data-widget_type=\"html.default\">\n\t\t\t\t<div class=\"elementor-widget-container\">\n\t\t\t\t\t<div class=\"container\">\r\n    <div class=\"row\">\r\n        <div class=\"col-md-12\">\r\n            <div class=\"slogan-v2\">\r\n                <div class=\"slogan-content\">\r\n                    <div class=\"message\">\r\n                      <h2> Vous N'avez Pas Encore Obtenu Votre Certificat !\u200b<\/h2>\r\n                      <p>Prenez contact avec nos experts pour commancer.\u200b<\/p>\r\n                    <\/div>\r\n                    <div class=\"button-left\">\r\n                        <a href=\"https:\/\/www.ifc-globaltn.com\/index.php\/contact\/\" title=\"contactez-nous\">\r\n                          contactez-nous\r\n                        <\/a>\r\n                    <\/div>\r\n                <\/div>\r\n            <\/div>\r\n        <\/div>\r\n    <\/div>\r\n<\/div>\r\n\t\t\t\t<\/div>\n\t\t\t\t<\/div>\n\t\t\t\t\t<\/div>\n\t\t\t\t<\/div>\n\t\t\t\t<\/div>\n\t\t","protected":false},"excerpt":{"rendered":"<p>Certification Halal Certification HalalAssurer la conformit\u00e9 aux normes Halal internationales est essentiel pour les entreprises souhaitant servir les consommateurs musulmans et acc\u00e9der aux march\u00e9s Halal \u00e0 travers le monde. IFC Global, accr\u00e9dit\u00e9 par la Halal Accreditation Agency (HAK), fournit une certification Halal fiable et reconnue \u00e0 l\u2019international pour un large \u00e9ventail de secteurs, notamment l\u2019alimentation,&hellip;<\/p>\n","protected":false},"author":3,"featured_media":6083,"parent":0,"menu_order":0,"comment_status":"closed","ping_status":"closed","template":"","meta":{"footnotes":""},"class_list":["post-6106","page","type-page","status-publish","has-post-thumbnail","hentry"],"yoast_head":"<!-- This site is optimized with the Yoast SEO plugin v27.4 - https:\/\/yoast.com\/product\/yoast-seo-wordpress\/ -->\n<title>Certification halal - IFC Global Tunisie<\/title>\n<meta name=\"description\" content=\"IFC Global Tunisie vous accompagne dans la certification halal pour garantir le respect des normes et r\u00e9pondre aux attentes du march\u00e9.\" \/>\n<meta name=\"robots\" content=\"index, follow, max-snippet:-1, max-image-preview:large, max-video-preview:-1\" \/>\n<link rel=\"canonical\" href=\"https:\/\/www.ifc-globaltn.com\/index.php\/certification-halal\/\" \/>\n<meta property=\"og:locale\" content=\"fr_FR\" \/>\n<meta property=\"og:type\" content=\"article\" \/>\n<meta property=\"og:title\" content=\"Certification halal - IFC Global Tunisie\" \/>\n<meta property=\"og:description\" content=\"IFC Global Tunisie vous accompagne dans la certification halal pour garantir le respect des normes et r\u00e9pondre aux attentes du march\u00e9.\" \/>\n<meta property=\"og:url\" content=\"https:\/\/www.ifc-globaltn.com\/index.php\/certification-halal\/\" \/>\n<meta property=\"og:site_name\" content=\"IFC Global.TN\" \/>\n<meta property=\"article:modified_time\" content=\"2025-07-14T10:17:02+00:00\" \/>\n<meta property=\"og:image\" content=\"https:\/\/www.ifc-globaltn.com\/wp-content\/uploads\/2025\/06\/hizmetlerimiz.jpg\" \/>\n\t<meta property=\"og:image:width\" content=\"1900\" \/>\n\t<meta property=\"og:image:height\" content=\"460\" \/>\n\t<meta property=\"og:image:type\" content=\"image\/jpeg\" \/>\n<meta name=\"twitter:card\" content=\"summary_large_image\" \/>\n<meta name=\"twitter:label1\" content=\"Dur\u00e9e de lecture estim\u00e9e\" \/>\n\t<meta name=\"twitter:data1\" content=\"2 minutes\" \/>\n<script type=\"application\/ld+json\" class=\"yoast-schema-graph\">{\"@context\":\"https:\\\/\\\/schema.org\",\"@graph\":[{\"@type\":\"WebPage\",\"@id\":\"https:\\\/\\\/www.ifc-globaltn.com\\\/index.php\\\/certification-halal\\\/\",\"url\":\"https:\\\/\\\/www.ifc-globaltn.com\\\/index.php\\\/certification-halal\\\/\",\"name\":\"Certification halal - IFC Global Tunisie\",\"isPartOf\":{\"@id\":\"https:\\\/\\\/www.ifc-globaltn.com\\\/#website\"},\"primaryImageOfPage\":{\"@id\":\"https:\\\/\\\/www.ifc-globaltn.com\\\/index.php\\\/certification-halal\\\/#primaryimage\"},\"image\":{\"@id\":\"https:\\\/\\\/www.ifc-globaltn.com\\\/index.php\\\/certification-halal\\\/#primaryimage\"},\"thumbnailUrl\":\"https:\\\/\\\/www.ifc-globaltn.com\\\/wp-content\\\/uploads\\\/2025\\\/06\\\/hizmetlerimiz.jpg\",\"datePublished\":\"2025-06-08T08:40:31+00:00\",\"dateModified\":\"2025-07-14T10:17:02+00:00\",\"description\":\"IFC Global Tunisie vous accompagne dans la certification halal pour garantir le respect des normes et r\u00e9pondre aux attentes du march\u00e9.\",\"breadcrumb\":{\"@id\":\"https:\\\/\\\/www.ifc-globaltn.com\\\/index.php\\\/certification-halal\\\/#breadcrumb\"},\"inLanguage\":\"fr-FR\",\"potentialAction\":[{\"@type\":\"ReadAction\",\"target\":[\"https:\\\/\\\/www.ifc-globaltn.com\\\/index.php\\\/certification-halal\\\/\"]}]},{\"@type\":\"ImageObject\",\"inLanguage\":\"fr-FR\",\"@id\":\"https:\\\/\\\/www.ifc-globaltn.com\\\/index.php\\\/certification-halal\\\/#primaryimage\",\"url\":\"https:\\\/\\\/www.ifc-globaltn.com\\\/wp-content\\\/uploads\\\/2025\\\/06\\\/hizmetlerimiz.jpg\",\"contentUrl\":\"https:\\\/\\\/www.ifc-globaltn.com\\\/wp-content\\\/uploads\\\/2025\\\/06\\\/hizmetlerimiz.jpg\",\"width\":1900,\"height\":460},{\"@type\":\"BreadcrumbList\",\"@id\":\"https:\\\/\\\/www.ifc-globaltn.com\\\/index.php\\\/certification-halal\\\/#breadcrumb\",\"itemListElement\":[{\"@type\":\"ListItem\",\"position\":1,\"name\":\"Accueil\",\"item\":\"https:\\\/\\\/www.ifc-globaltn.com\\\/\"},{\"@type\":\"ListItem\",\"position\":2,\"name\":\"Certification Halal\"}]},{\"@type\":\"WebSite\",\"@id\":\"https:\\\/\\\/www.ifc-globaltn.com\\\/#website\",\"url\":\"https:\\\/\\\/www.ifc-globaltn.com\\\/\",\"name\":\"IFC Global.TN\",\"description\":\"Bienvenue sur IFC Global.TN Nous sommes la branche tunisienne officielle de IFC Global, un leader mondial dans le domaine des certifications ISO et des solutions de conformit\u00e9.\",\"publisher\":{\"@id\":\"https:\\\/\\\/www.ifc-globaltn.com\\\/#organization\"},\"potentialAction\":[{\"@type\":\"SearchAction\",\"target\":{\"@type\":\"EntryPoint\",\"urlTemplate\":\"https:\\\/\\\/www.ifc-globaltn.com\\\/?s={search_term_string}\"},\"query-input\":{\"@type\":\"PropertyValueSpecification\",\"valueRequired\":true,\"valueName\":\"search_term_string\"}}],\"inLanguage\":\"fr-FR\"},{\"@type\":\"Organization\",\"@id\":\"https:\\\/\\\/www.ifc-globaltn.com\\\/#organization\",\"name\":\"IFC Global.TN\",\"url\":\"https:\\\/\\\/www.ifc-globaltn.com\\\/\",\"logo\":{\"@type\":\"ImageObject\",\"inLanguage\":\"fr-FR\",\"@id\":\"https:\\\/\\\/www.ifc-globaltn.com\\\/#\\\/schema\\\/logo\\\/image\\\/\",\"url\":\"https:\\\/\\\/www.ifc-globaltn.com\\\/wp-content\\\/uploads\\\/2025\\\/01\\\/ifcgloballogo.png\",\"contentUrl\":\"https:\\\/\\\/www.ifc-globaltn.com\\\/wp-content\\\/uploads\\\/2025\\\/01\\\/ifcgloballogo.png\",\"width\":245,\"height\":90,\"caption\":\"IFC Global.TN\"},\"image\":{\"@id\":\"https:\\\/\\\/www.ifc-globaltn.com\\\/#\\\/schema\\\/logo\\\/image\\\/\"}}]}<\/script>\n<!-- \/ Yoast SEO plugin. -->","yoast_head_json":{"title":"Certification halal - IFC Global Tunisie","description":"IFC Global Tunisie vous accompagne dans la certification halal pour garantir le respect des normes et r\u00e9pondre aux attentes du march\u00e9.","robots":{"index":"index","follow":"follow","max-snippet":"max-snippet:-1","max-image-preview":"max-image-preview:large","max-video-preview":"max-video-preview:-1"},"canonical":"https:\/\/www.ifc-globaltn.com\/index.php\/certification-halal\/","og_locale":"fr_FR","og_type":"article","og_title":"Certification halal - IFC Global Tunisie","og_description":"IFC Global Tunisie vous accompagne dans la certification halal pour garantir le respect des normes et r\u00e9pondre aux attentes du march\u00e9.","og_url":"https:\/\/www.ifc-globaltn.com\/index.php\/certification-halal\/","og_site_name":"IFC Global.TN","article_modified_time":"2025-07-14T10:17:02+00:00","og_image":[{"width":1900,"height":460,"url":"https:\/\/www.ifc-globaltn.com\/wp-content\/uploads\/2025\/06\/hizmetlerimiz.jpg","type":"image\/jpeg"}],"twitter_card":"summary_large_image","twitter_misc":{"Dur\u00e9e de lecture estim\u00e9e":"2 minutes"},"schema":{"@context":"https:\/\/schema.org","@graph":[{"@type":"WebPage","@id":"https:\/\/www.ifc-globaltn.com\/index.php\/certification-halal\/","url":"https:\/\/www.ifc-globaltn.com\/index.php\/certification-halal\/","name":"Certification halal - IFC Global Tunisie","isPartOf":{"@id":"https:\/\/www.ifc-globaltn.com\/#website"},"primaryImageOfPage":{"@id":"https:\/\/www.ifc-globaltn.com\/index.php\/certification-halal\/#primaryimage"},"image":{"@id":"https:\/\/www.ifc-globaltn.com\/index.php\/certification-halal\/#primaryimage"},"thumbnailUrl":"https:\/\/www.ifc-globaltn.com\/wp-content\/uploads\/2025\/06\/hizmetlerimiz.jpg","datePublished":"2025-06-08T08:40:31+00:00","dateModified":"2025-07-14T10:17:02+00:00","description":"IFC Global Tunisie vous accompagne dans la certification halal pour garantir le respect des normes et r\u00e9pondre aux attentes du march\u00e9.","breadcrumb":{"@id":"https:\/\/www.ifc-globaltn.com\/index.php\/certification-halal\/#breadcrumb"},"inLanguage":"fr-FR","potentialAction":[{"@type":"ReadAction","target":["https:\/\/www.ifc-globaltn.com\/index.php\/certification-halal\/"]}]},{"@type":"ImageObject","inLanguage":"fr-FR","@id":"https:\/\/www.ifc-globaltn.com\/index.php\/certification-halal\/#primaryimage","url":"https:\/\/www.ifc-globaltn.com\/wp-content\/uploads\/2025\/06\/hizmetlerimiz.jpg","contentUrl":"https:\/\/www.ifc-globaltn.com\/wp-content\/uploads\/2025\/06\/hizmetlerimiz.jpg","width":1900,"height":460},{"@type":"BreadcrumbList","@id":"https:\/\/www.ifc-globaltn.com\/index.php\/certification-halal\/#breadcrumb","itemListElement":[{"@type":"ListItem","position":1,"name":"Accueil","item":"https:\/\/www.ifc-globaltn.com\/"},{"@type":"ListItem","position":2,"name":"Certification Halal"}]},{"@type":"WebSite","@id":"https:\/\/www.ifc-globaltn.com\/#website","url":"https:\/\/www.ifc-globaltn.com\/","name":"IFC Global.TN","description":"Bienvenue sur IFC Global.TN Nous sommes la branche tunisienne officielle de IFC Global, un leader mondial dans le domaine des certifications ISO et des solutions de conformit\u00e9.","publisher":{"@id":"https:\/\/www.ifc-globaltn.com\/#organization"},"potentialAction":[{"@type":"SearchAction","target":{"@type":"EntryPoint","urlTemplate":"https:\/\/www.ifc-globaltn.com\/?s={search_term_string}"},"query-input":{"@type":"PropertyValueSpecification","valueRequired":true,"valueName":"search_term_string"}}],"inLanguage":"fr-FR"},{"@type":"Organization","@id":"https:\/\/www.ifc-globaltn.com\/#organization","name":"IFC Global.TN","url":"https:\/\/www.ifc-globaltn.com\/","logo":{"@type":"ImageObject","inLanguage":"fr-FR","@id":"https:\/\/www.ifc-globaltn.com\/#\/schema\/logo\/image\/","url":"https:\/\/www.ifc-globaltn.com\/wp-content\/uploads\/2025\/01\/ifcgloballogo.png","contentUrl":"https:\/\/www.ifc-globaltn.com\/wp-content\/uploads\/2025\/01\/ifcgloballogo.png","width":245,"height":90,"caption":"IFC Global.TN"},"image":{"@id":"https:\/\/www.ifc-globaltn.com\/#\/schema\/logo\/image\/"}}]}},"_links":{"self":[{"href":"https:\/\/www.ifc-globaltn.com\/index.php\/wp-json\/wp\/v2\/pages\/6106","targetHints":{"allow":["GET"]}}],"collection":[{"href":"https:\/\/www.ifc-globaltn.com\/index.php\/wp-json\/wp\/v2\/pages"}],"about":[{"href":"https:\/\/www.ifc-globaltn.com\/index.php\/wp-json\/wp\/v2\/types\/page"}],"author":[{"embeddable":true,"href":"https:\/\/www.ifc-globaltn.com\/index.php\/wp-json\/wp\/v2\/users\/3"}],"replies":[{"embeddable":true,"href":"https:\/\/www.ifc-globaltn.com\/index.php\/wp-json\/wp\/v2\/comments?post=6106"}],"version-history":[{"count":10,"href":"https:\/\/www.ifc-globaltn.com\/index.php\/wp-json\/wp\/v2\/pages\/6106\/revisions"}],"predecessor-version":[{"id":6495,"href":"https:\/\/www.ifc-globaltn.com\/index.php\/wp-json\/wp\/v2\/pages\/6106\/revisions\/6495"}],"wp:featuredmedia":[{"embeddable":true,"href":"https:\/\/www.ifc-globaltn.com\/index.php\/wp-json\/wp\/v2\/media\/6083"}],"wp:attachment":[{"href":"https:\/\/www.ifc-globaltn.com\/index.php\/wp-json\/wp\/v2\/media?parent=6106"}],"curies":[{"name":"wp","href":"https:\/\/api.w.org\/{rel}","templated":true}]}}