{"id":6122,"date":"2025-06-08T11:19:58","date_gmt":"2025-06-08T09:19:58","guid":{"rendered":"https:\/\/www.ifc-globaltn.com\/?page_id=6122"},"modified":"2025-07-14T11:21:37","modified_gmt":"2025-07-14T10:21:37","slug":"certification-agricole","status":"publish","type":"page","link":"https:\/\/www.ifc-globaltn.com\/index.php\/certification-agricole\/","title":{"rendered":"Certification Agricole"},"content":{"rendered":"\t\t<div data-elementor-type=\"wp-page\" data-elementor-id=\"6122\" class=\"elementor elementor-6122\" data-elementor-post-type=\"page\">\n\t\t\t\t<div class=\"elementor-element elementor-element-2c0251c e-con-full e-flex e-con e-parent\" data-id=\"2c0251c\" data-element_type=\"container\" data-e-type=\"container\">\n\t\t\t\t<div class=\"elementor-element elementor-element-2165d9a elementor-widget__width-initial elementor-widget elementor-widget-heading\" data-id=\"2165d9a\" data-element_type=\"widget\" data-e-type=\"widget\" data-widget_type=\"heading.default\">\n\t\t\t\t<div class=\"elementor-widget-container\">\n\t\t\t\t\t<h3 class=\"elementor-heading-title elementor-size-default\"><b>Certification Agricole<\/b><\/h3>\t\t\t\t<\/div>\n\t\t\t\t<\/div>\n\t\t\t\t<div class=\"elementor-element elementor-element-4eac2e8 elementor-widget-divider--view-line elementor-widget elementor-widget-divider\" data-id=\"4eac2e8\" data-element_type=\"widget\" data-e-type=\"widget\" data-widget_type=\"divider.default\">\n\t\t\t\t<div class=\"elementor-widget-container\">\n\t\t\t\t\t\t\t<div class=\"elementor-divider\">\n\t\t\t<span class=\"elementor-divider-separator\">\n\t\t\t\t\t\t<\/span>\n\t\t<\/div>\n\t\t\t\t\t\t<\/div>\n\t\t\t\t<\/div>\n\t\t\t\t<\/div>\n\t\t<div class=\"elementor-element elementor-element-abe5821 e-con-full e-flex e-con e-parent\" data-id=\"abe5821\" data-element_type=\"container\" data-e-type=\"container\">\n\t\t<div class=\"elementor-element elementor-element-88d78b9 e-con-full e-flex e-con e-child\" data-id=\"88d78b9\" data-element_type=\"container\" data-e-type=\"container\">\n\t\t\t\t<div class=\"elementor-element elementor-element-ac70f31 elementor-widget elementor-widget-image\" data-id=\"ac70f31\" data-element_type=\"widget\" data-e-type=\"widget\" data-widget_type=\"image.default\">\n\t\t\t\t<div class=\"elementor-widget-container\">\n\t\t\t\t\t\t\t\t\t\t\t\t\t\t\t<img decoding=\"async\" src=\"https:\/\/www.ifc-globaltn.com\/wp-content\/uploads\/elementor\/thumbs\/agricultural-certification-1-r6yhewcfx2wdtoi1uqlc5nafkd6346jam82j4kgmt6.jpg\" title=\"agricultural-certification\" alt=\"agricultural-certification\" loading=\"lazy\" \/>\t\t\t\t\t\t\t\t\t\t\t\t\t\t\t<\/div>\n\t\t\t\t<\/div>\n\t\t\t\t<\/div>\n\t\t<div class=\"elementor-element elementor-element-5d7040f e-con-full e-flex e-con e-child\" data-id=\"5d7040f\" data-element_type=\"container\" data-e-type=\"container\">\n\t\t\t\t<div class=\"elementor-element elementor-element-92db9cc elementor-widget elementor-widget-text-editor\" data-id=\"92db9cc\" data-element_type=\"widget\" data-e-type=\"widget\" data-widget_type=\"text-editor.default\">\n\t\t\t\t<div class=\"elementor-widget-container\">\n\t\t\t\t\t\t\t\t\t<div class=\"pointer-events-none h-px w-px\" aria-hidden=\"true\" data-edge=\"true\"><p data-start=\"0\" data-end=\"74\"><strong data-start=\"0\" data-end=\"74\">Promouvoir la qualit\u00e9, la s\u00e9curit\u00e9 et la durabilit\u00e9 dans l\u2019agriculture<\/strong><\/p><p data-start=\"76\" data-end=\"590\">Avec la croissance de la population mondiale, la demande alimentaire ne cesse d\u2019augmenter. Cette hausse a souvent mis l\u2019accent sur la quantit\u00e9 au d\u00e9triment de la qualit\u00e9 dans la production agricole. Toutefois, face \u00e0 des consommateurs de plus en plus exigeants, il devient essentiel de garantir la <strong data-start=\"374\" data-end=\"414\">tra\u00e7abilit\u00e9 des denr\u00e9es alimentaires<\/strong>, du champ jusqu\u2019\u00e0 l\u2019assiette. Ainsi, <strong data-start=\"452\" data-end=\"494\">chaque \u00e9tape de la production agricole<\/strong> doit aujourd\u2019hui \u00eatre contr\u00f4l\u00e9e et certifi\u00e9e par des organismes <strong data-start=\"559\" data-end=\"589\">impartiaux et ind\u00e9pendants<\/strong>.<\/p><p data-start=\"592\" data-end=\"683\">Les certifications agricoles d\u00e9finissent des pratiques qui rendent les syst\u00e8mes agricoles :<\/p><p data-start=\"687\" data-end=\"798\" data-is-last-node=\"\"><strong data-start=\"687\" data-end=\"711\">Socialement durables<\/strong> : en soutenant des conditions de vie d\u00e9centes pour les producteurs et les communaut\u00e9s.<\/p><\/div>\t\t\t\t\t\t\t\t<\/div>\n\t\t\t\t<\/div>\n\t\t\t\t<\/div>\n\t\t\t\t<\/div>\n\t\t<div class=\"elementor-element elementor-element-674b24c e-con-full e-flex e-con e-child\" data-id=\"674b24c\" data-element_type=\"container\" data-e-type=\"container\">\n\t\t\t\t<div class=\"elementor-element elementor-element-1c25fce elementor-widget elementor-widget-text-editor\" data-id=\"1c25fce\" data-element_type=\"widget\" data-e-type=\"widget\" data-widget_type=\"text-editor.default\">\n\t\t\t\t<div class=\"elementor-widget-container\">\n\t\t\t\t\t\t\t\t\t<p data-start=\"2\" data-end=\"82\"><strong data-start=\"2\" data-end=\"28\">\u00c9conomiquement viables<\/strong> : en renfor\u00e7ant la rentabilit\u00e9 et la comp\u00e9titivit\u00e9.<\/p><p data-start=\"85\" data-end=\"192\"><strong data-start=\"85\" data-end=\"116\">\u00c9cologiquement responsables<\/strong> : en prot\u00e9geant la sant\u00e9 humaine, le bien-\u00eatre animal et les \u00e9cosyst\u00e8mes.<\/p><p data-start=\"194\" data-end=\"466\">Ces certifications permettent non seulement d\u2019<strong data-start=\"240\" data-end=\"281\">am\u00e9liorer les revenus des producteurs<\/strong> et leur <strong data-start=\"290\" data-end=\"321\">comp\u00e9titivit\u00e9 sur le march\u00e9<\/strong>, mais elles contribuent \u00e9galement \u00e0 <strong data-start=\"358\" data-end=\"397\">prot\u00e9ger la sant\u00e9 des consommateurs<\/strong> en favorisant des pratiques agricoles <strong data-start=\"436\" data-end=\"465\">transparentes et durables<\/strong>.<\/p>\t\t\t\t\t\t\t\t<\/div>\n\t\t\t\t<\/div>\n\t\t\t\t<div class=\"elementor-element elementor-element-3816410 elementor-widget-divider--view-line elementor-widget elementor-widget-divider\" data-id=\"3816410\" data-element_type=\"widget\" data-e-type=\"widget\" data-widget_type=\"divider.default\">\n\t\t\t\t<div class=\"elementor-widget-container\">\n\t\t\t\t\t\t\t<div class=\"elementor-divider\">\n\t\t\t<span class=\"elementor-divider-separator\">\n\t\t\t\t\t\t<\/span>\n\t\t<\/div>\n\t\t\t\t\t\t<\/div>\n\t\t\t\t<\/div>\n\t\t\t\t<div class=\"elementor-element elementor-element-defa165 elementor-widget elementor-widget-text-editor\" data-id=\"defa165\" data-element_type=\"widget\" data-e-type=\"widget\" data-widget_type=\"text-editor.default\">\n\t\t\t\t<div class=\"elementor-widget-container\">\n\t\t\t\t\t\t\t\t\t<p data-start=\"2\" data-end=\"82\"><strong style=\"word-spacing: normal; background-color: rgba(255, 255, 255, 0);\" data-start=\"468\" data-end=\"508\">Contactez IFC Global d\u00e8s aujourd\u2019hui<\/strong><span style=\"word-spacing: normal; background-color: rgba(255, 255, 255, 0);\"> pour d\u00e9couvrir comment les certifications agricoles peuvent <\/span><strong style=\"word-spacing: normal; background-color: rgba(255, 255, 255, 0);\" data-start=\"569\" data-end=\"602\">b\u00e9n\u00e9ficier \u00e0 votre entreprise<\/strong><span style=\"word-spacing: normal; background-color: rgba(255, 255, 255, 0);\"> et <\/span><strong style=\"word-spacing: normal; background-color: rgba(255, 255, 255, 0);\" data-start=\"606\" data-end=\"650\" data-is-only-node=\"\">renforcer la confiance des consommateurs<\/strong><span style=\"word-spacing: normal; background-color: rgba(255, 255, 255, 0);\">.<\/span><\/p>\t\t\t\t\t\t\t\t<\/div>\n\t\t\t\t<\/div>\n\t\t\t\t<div class=\"elementor-element elementor-element-fe5fabd elementor-widget-divider--view-line elementor-widget elementor-widget-divider\" data-id=\"fe5fabd\" data-element_type=\"widget\" data-e-type=\"widget\" data-widget_type=\"divider.default\">\n\t\t\t\t<div class=\"elementor-widget-container\">\n\t\t\t\t\t\t\t<div class=\"elementor-divider\">\n\t\t\t<span class=\"elementor-divider-separator\">\n\t\t\t\t\t\t<\/span>\n\t\t<\/div>\n\t\t\t\t\t\t<\/div>\n\t\t\t\t<\/div>\n\t\t\t\t<\/div>\n\t\t<div class=\"elementor-element elementor-element-1405bd9 e-grid e-con-full e-con e-parent\" data-id=\"1405bd9\" data-element_type=\"container\" data-e-type=\"container\">\n\t\t\t\t<div class=\"elementor-element elementor-element-7cf006d elementor-position-top elementor-widget elementor-widget-image-box\" data-id=\"7cf006d\" data-element_type=\"widget\" data-e-type=\"widget\" data-widget_type=\"image-box.default\">\n\t\t\t\t<div class=\"elementor-widget-container\">\n\t\t\t\t\t<div class=\"elementor-image-box-wrapper\"><figure class=\"elementor-image-box-img\"><a href=\"https:\/\/www.ifc-globaltn.com\/index.php\/organic-agriculture\/\" tabindex=\"-1\"><img fetchpriority=\"high\" decoding=\"async\" width=\"300\" height=\"225\" src=\"https:\/\/www.ifc-globaltn.com\/wp-content\/uploads\/2025\/06\/organic-agriculture-1-300x225.jpg\" class=\"attachment-medium size-medium wp-image-6052\" alt=\"\" srcset=\"https:\/\/www.ifc-globaltn.com\/wp-content\/uploads\/2025\/06\/organic-agriculture-1-300x225.jpg 300w, https:\/\/www.ifc-globaltn.com\/wp-content\/uploads\/2025\/06\/organic-agriculture-1-768x576.jpg 768w, https:\/\/www.ifc-globaltn.com\/wp-content\/uploads\/2025\/06\/organic-agriculture-1.jpg 1024w\" sizes=\"(max-width: 300px) 100vw, 300px\" \/><\/a><\/figure><div class=\"elementor-image-box-content\"><p class=\"elementor-image-box-description\"><b>\n  <a href=\"https:\/\/www.ifc-globaltn.com\/index.php\/organic-agriculture\/\" style=\"color:#3c3b3b\">\n    ORGANIC AGRICULTURE\n  <\/a>\n<\/b>\n<\/p><\/div><\/div>\t\t\t\t<\/div>\n\t\t\t\t<\/div>\n\t\t\t\t<div class=\"elementor-element elementor-element-99e77be elementor-position-top elementor-widget elementor-widget-image-box\" data-id=\"99e77be\" data-element_type=\"widget\" data-e-type=\"widget\" data-widget_type=\"image-box.default\">\n\t\t\t\t<div class=\"elementor-widget-container\">\n\t\t\t\t\t<div class=\"elementor-image-box-wrapper\"><figure class=\"elementor-image-box-img\"><a href=\"https:\/\/www.ifc-globaltn.com\/index.php\/globalgap\/\" tabindex=\"-1\"><img decoding=\"async\" width=\"300\" height=\"225\" src=\"https:\/\/www.ifc-globaltn.com\/wp-content\/uploads\/2025\/06\/global-gap-1-300x225.jpg\" class=\"attachment-medium size-medium wp-image-6051\" alt=\"\" srcset=\"https:\/\/www.ifc-globaltn.com\/wp-content\/uploads\/2025\/06\/global-gap-1-300x225.jpg 300w, https:\/\/www.ifc-globaltn.com\/wp-content\/uploads\/2025\/06\/global-gap-1-768x576.jpg 768w, https:\/\/www.ifc-globaltn.com\/wp-content\/uploads\/2025\/06\/global-gap-1.jpg 1024w\" sizes=\"(max-width: 300px) 100vw, 300px\" \/><\/a><\/figure><div class=\"elementor-image-box-content\"><p class=\"elementor-image-box-description\"><b><a href=\"https:\/\/www.ifc-globaltn.com\/index.php\/globalgap\/\" style=\"color:#3c3b3b\">GLOBALGAP<\/a><\/b>\n<\/p><\/div><\/div>\t\t\t\t<\/div>\n\t\t\t\t<\/div>\n\t\t\t\t<div class=\"elementor-element elementor-element-5492336 elementor-position-top elementor-widget elementor-widget-image-box\" data-id=\"5492336\" data-element_type=\"widget\" data-e-type=\"widget\" data-widget_type=\"image-box.default\">\n\t\t\t\t<div class=\"elementor-widget-container\">\n\t\t\t\t\t<div class=\"elementor-image-box-wrapper\"><figure class=\"elementor-image-box-img\"><a href=\"https:\/\/www.ifc-globaltn.com\/index.php\/forest-management-systems\/\" tabindex=\"-1\"><img decoding=\"async\" width=\"300\" height=\"225\" src=\"https:\/\/www.ifc-globaltn.com\/wp-content\/uploads\/2025\/06\/forest-management-systems-1-300x225.jpg\" class=\"attachment-medium size-medium wp-image-6050\" alt=\"\" srcset=\"https:\/\/www.ifc-globaltn.com\/wp-content\/uploads\/2025\/06\/forest-management-systems-1-300x225.jpg 300w, https:\/\/www.ifc-globaltn.com\/wp-content\/uploads\/2025\/06\/forest-management-systems-1-768x576.jpg 768w, https:\/\/www.ifc-globaltn.com\/wp-content\/uploads\/2025\/06\/forest-management-systems-1.jpg 1024w\" sizes=\"(max-width: 300px) 100vw, 300px\" \/><\/a><\/figure><div class=\"elementor-image-box-content\"><p class=\"elementor-image-box-description\"><b><a href=\"https:\/\/www.ifc-globaltn.com\/index.php\/forest-management-systems\/\" style=\"color:#3c3b3b\">FOREST MANAGEMENT SYSTEMS<\/a><\/b>\n<\/p><\/div><\/div>\t\t\t\t<\/div>\n\t\t\t\t<\/div>\n\t\t\t\t<\/div>\n\t\t<div class=\"elementor-element elementor-element-283898b e-con-full e-flex e-con e-parent\" data-id=\"283898b\" data-element_type=\"container\" data-e-type=\"container\">\n\t\t\t\t<div class=\"elementor-element elementor-element-72c566f elementor-widget elementor-widget-spacer\" data-id=\"72c566f\" data-element_type=\"widget\" data-e-type=\"widget\" data-widget_type=\"spacer.default\">\n\t\t\t\t<div class=\"elementor-widget-container\">\n\t\t\t\t\t\t\t<div class=\"elementor-spacer\">\n\t\t\t<div class=\"elementor-spacer-inner\"><\/div>\n\t\t<\/div>\n\t\t\t\t\t\t<\/div>\n\t\t\t\t<\/div>\n\t\t\t\t<\/div>\n\t\t<div class=\"elementor-element elementor-element-0410bfd e-flex e-con-boxed e-con e-parent\" data-id=\"0410bfd\" data-element_type=\"container\" data-e-type=\"container\">\n\t\t\t\t\t<div class=\"e-con-inner\">\n\t\t\t\t<div class=\"elementor-element elementor-element-c7f7b51 elementor-widget elementor-widget-html\" data-id=\"c7f7b51\" data-element_type=\"widget\" data-e-type=\"widget\" data-widget_type=\"html.default\">\n\t\t\t\t<div class=\"elementor-widget-container\">\n\t\t\t\t\t<div class=\"container\">\r\n    <div class=\"row\">\r\n        <div class=\"col-md-12\">\r\n            <div class=\"slogan-v2\">\r\n                <div class=\"slogan-content\">\r\n                    <div class=\"message\">\r\n                      <h2> Vous N'avez Pas Encore Obtenu Votre Certificat !\u200b<\/h2>\r\n                      <p>Prenez contact avec nos experts pour commancer.\u200b<\/p>\r\n                    <\/div>\r\n                    <div class=\"button-left\">\r\n                        <a href=\"https:\/\/www.ifc-globaltn.com\/index.php\/contact\/\" title=\"contactez-nous\">\r\n                          contactez-nous\r\n                        <\/a>\r\n                    <\/div>\r\n                <\/div>\r\n            <\/div>\r\n        <\/div>\r\n    <\/div>\r\n<\/div>\r\n\t\t\t\t<\/div>\n\t\t\t\t<\/div>\n\t\t\t\t\t<\/div>\n\t\t\t\t<\/div>\n\t\t\t\t<\/div>\n\t\t","protected":false},"excerpt":{"rendered":"<p>Certification Agricole Promouvoir la qualit\u00e9, la s\u00e9curit\u00e9 et la durabilit\u00e9 dans l\u2019agriculture Avec la croissance de la population mondiale, la demande alimentaire ne cesse d\u2019augmenter. Cette hausse a souvent mis l\u2019accent sur la quantit\u00e9 au d\u00e9triment de la qualit\u00e9 dans la production agricole. Toutefois, face \u00e0 des consommateurs de plus en plus exigeants, il devient&hellip;<\/p>\n","protected":false},"author":3,"featured_media":6083,"parent":0,"menu_order":0,"comment_status":"closed","ping_status":"closed","template":"","meta":{"footnotes":""},"class_list":["post-6122","page","type-page","status-publish","has-post-thumbnail","hentry"],"yoast_head":"<!-- This site is optimized with the Yoast SEO plugin v27.4 - https:\/\/yoast.com\/product\/yoast-seo-wordpress\/ -->\n<title>Certification agricole - IFC Global Tunisie<\/title>\n<meta name=\"description\" content=\"IFC Global Tunisie vous accompagne dans la certification agricole pour garantir la conformit\u00e9, la qualit\u00e9 et la tra\u00e7abilit\u00e9.\" \/>\n<meta name=\"robots\" content=\"index, follow, max-snippet:-1, max-image-preview:large, max-video-preview:-1\" \/>\n<link rel=\"canonical\" href=\"https:\/\/www.ifc-globaltn.com\/index.php\/certification-agricole\/\" \/>\n<meta property=\"og:locale\" content=\"fr_FR\" \/>\n<meta property=\"og:type\" content=\"article\" \/>\n<meta property=\"og:title\" content=\"Certification agricole - IFC Global Tunisie\" \/>\n<meta property=\"og:description\" content=\"IFC Global Tunisie vous accompagne dans la certification agricole pour garantir la conformit\u00e9, la qualit\u00e9 et la tra\u00e7abilit\u00e9.\" \/>\n<meta property=\"og:url\" content=\"https:\/\/www.ifc-globaltn.com\/index.php\/certification-agricole\/\" \/>\n<meta property=\"og:site_name\" content=\"IFC Global.TN\" \/>\n<meta property=\"article:modified_time\" content=\"2025-07-14T10:21:37+00:00\" \/>\n<meta property=\"og:image\" content=\"https:\/\/www.ifc-globaltn.com\/wp-content\/uploads\/2025\/06\/hizmetlerimiz.jpg\" \/>\n\t<meta property=\"og:image:width\" content=\"1900\" \/>\n\t<meta property=\"og:image:height\" content=\"460\" \/>\n\t<meta property=\"og:image:type\" content=\"image\/jpeg\" \/>\n<meta name=\"twitter:card\" content=\"summary_large_image\" \/>\n<meta name=\"twitter:label1\" content=\"Dur\u00e9e de lecture estim\u00e9e\" \/>\n\t<meta name=\"twitter:data1\" content=\"3 minutes\" \/>\n<script type=\"application\/ld+json\" class=\"yoast-schema-graph\">{\"@context\":\"https:\\\/\\\/schema.org\",\"@graph\":[{\"@type\":\"WebPage\",\"@id\":\"https:\\\/\\\/www.ifc-globaltn.com\\\/index.php\\\/certification-agricole\\\/\",\"url\":\"https:\\\/\\\/www.ifc-globaltn.com\\\/index.php\\\/certification-agricole\\\/\",\"name\":\"Certification agricole - IFC Global Tunisie\",\"isPartOf\":{\"@id\":\"https:\\\/\\\/www.ifc-globaltn.com\\\/#website\"},\"primaryImageOfPage\":{\"@id\":\"https:\\\/\\\/www.ifc-globaltn.com\\\/index.php\\\/certification-agricole\\\/#primaryimage\"},\"image\":{\"@id\":\"https:\\\/\\\/www.ifc-globaltn.com\\\/index.php\\\/certification-agricole\\\/#primaryimage\"},\"thumbnailUrl\":\"https:\\\/\\\/www.ifc-globaltn.com\\\/wp-content\\\/uploads\\\/2025\\\/06\\\/hizmetlerimiz.jpg\",\"datePublished\":\"2025-06-08T09:19:58+00:00\",\"dateModified\":\"2025-07-14T10:21:37+00:00\",\"description\":\"IFC Global Tunisie vous accompagne dans la certification agricole pour garantir la conformit\u00e9, la qualit\u00e9 et la tra\u00e7abilit\u00e9.\",\"breadcrumb\":{\"@id\":\"https:\\\/\\\/www.ifc-globaltn.com\\\/index.php\\\/certification-agricole\\\/#breadcrumb\"},\"inLanguage\":\"fr-FR\",\"potentialAction\":[{\"@type\":\"ReadAction\",\"target\":[\"https:\\\/\\\/www.ifc-globaltn.com\\\/index.php\\\/certification-agricole\\\/\"]}]},{\"@type\":\"ImageObject\",\"inLanguage\":\"fr-FR\",\"@id\":\"https:\\\/\\\/www.ifc-globaltn.com\\\/index.php\\\/certification-agricole\\\/#primaryimage\",\"url\":\"https:\\\/\\\/www.ifc-globaltn.com\\\/wp-content\\\/uploads\\\/2025\\\/06\\\/hizmetlerimiz.jpg\",\"contentUrl\":\"https:\\\/\\\/www.ifc-globaltn.com\\\/wp-content\\\/uploads\\\/2025\\\/06\\\/hizmetlerimiz.jpg\",\"width\":1900,\"height\":460},{\"@type\":\"BreadcrumbList\",\"@id\":\"https:\\\/\\\/www.ifc-globaltn.com\\\/index.php\\\/certification-agricole\\\/#breadcrumb\",\"itemListElement\":[{\"@type\":\"ListItem\",\"position\":1,\"name\":\"Accueil\",\"item\":\"https:\\\/\\\/www.ifc-globaltn.com\\\/\"},{\"@type\":\"ListItem\",\"position\":2,\"name\":\"Certification Agricole\"}]},{\"@type\":\"WebSite\",\"@id\":\"https:\\\/\\\/www.ifc-globaltn.com\\\/#website\",\"url\":\"https:\\\/\\\/www.ifc-globaltn.com\\\/\",\"name\":\"IFC Global.TN\",\"description\":\"Bienvenue sur IFC Global.TN Nous sommes la branche tunisienne officielle de IFC Global, un leader mondial dans le domaine des certifications ISO et des solutions de conformit\u00e9.\",\"publisher\":{\"@id\":\"https:\\\/\\\/www.ifc-globaltn.com\\\/#organization\"},\"potentialAction\":[{\"@type\":\"SearchAction\",\"target\":{\"@type\":\"EntryPoint\",\"urlTemplate\":\"https:\\\/\\\/www.ifc-globaltn.com\\\/?s={search_term_string}\"},\"query-input\":{\"@type\":\"PropertyValueSpecification\",\"valueRequired\":true,\"valueName\":\"search_term_string\"}}],\"inLanguage\":\"fr-FR\"},{\"@type\":\"Organization\",\"@id\":\"https:\\\/\\\/www.ifc-globaltn.com\\\/#organization\",\"name\":\"IFC Global.TN\",\"url\":\"https:\\\/\\\/www.ifc-globaltn.com\\\/\",\"logo\":{\"@type\":\"ImageObject\",\"inLanguage\":\"fr-FR\",\"@id\":\"https:\\\/\\\/www.ifc-globaltn.com\\\/#\\\/schema\\\/logo\\\/image\\\/\",\"url\":\"https:\\\/\\\/www.ifc-globaltn.com\\\/wp-content\\\/uploads\\\/2025\\\/01\\\/ifcgloballogo.png\",\"contentUrl\":\"https:\\\/\\\/www.ifc-globaltn.com\\\/wp-content\\\/uploads\\\/2025\\\/01\\\/ifcgloballogo.png\",\"width\":245,\"height\":90,\"caption\":\"IFC Global.TN\"},\"image\":{\"@id\":\"https:\\\/\\\/www.ifc-globaltn.com\\\/#\\\/schema\\\/logo\\\/image\\\/\"}}]}<\/script>\n<!-- \/ Yoast SEO plugin. -->","yoast_head_json":{"title":"Certification agricole - IFC Global Tunisie","description":"IFC Global Tunisie vous accompagne dans la certification agricole pour garantir la conformit\u00e9, la qualit\u00e9 et la tra\u00e7abilit\u00e9.","robots":{"index":"index","follow":"follow","max-snippet":"max-snippet:-1","max-image-preview":"max-image-preview:large","max-video-preview":"max-video-preview:-1"},"canonical":"https:\/\/www.ifc-globaltn.com\/index.php\/certification-agricole\/","og_locale":"fr_FR","og_type":"article","og_title":"Certification agricole - IFC Global Tunisie","og_description":"IFC Global Tunisie vous accompagne dans la certification agricole pour garantir la conformit\u00e9, la qualit\u00e9 et la tra\u00e7abilit\u00e9.","og_url":"https:\/\/www.ifc-globaltn.com\/index.php\/certification-agricole\/","og_site_name":"IFC Global.TN","article_modified_time":"2025-07-14T10:21:37+00:00","og_image":[{"width":1900,"height":460,"url":"https:\/\/www.ifc-globaltn.com\/wp-content\/uploads\/2025\/06\/hizmetlerimiz.jpg","type":"image\/jpeg"}],"twitter_card":"summary_large_image","twitter_misc":{"Dur\u00e9e de lecture estim\u00e9e":"3 minutes"},"schema":{"@context":"https:\/\/schema.org","@graph":[{"@type":"WebPage","@id":"https:\/\/www.ifc-globaltn.com\/index.php\/certification-agricole\/","url":"https:\/\/www.ifc-globaltn.com\/index.php\/certification-agricole\/","name":"Certification agricole - IFC Global Tunisie","isPartOf":{"@id":"https:\/\/www.ifc-globaltn.com\/#website"},"primaryImageOfPage":{"@id":"https:\/\/www.ifc-globaltn.com\/index.php\/certification-agricole\/#primaryimage"},"image":{"@id":"https:\/\/www.ifc-globaltn.com\/index.php\/certification-agricole\/#primaryimage"},"thumbnailUrl":"https:\/\/www.ifc-globaltn.com\/wp-content\/uploads\/2025\/06\/hizmetlerimiz.jpg","datePublished":"2025-06-08T09:19:58+00:00","dateModified":"2025-07-14T10:21:37+00:00","description":"IFC Global Tunisie vous accompagne dans la certification agricole pour garantir la conformit\u00e9, la qualit\u00e9 et la tra\u00e7abilit\u00e9.","breadcrumb":{"@id":"https:\/\/www.ifc-globaltn.com\/index.php\/certification-agricole\/#breadcrumb"},"inLanguage":"fr-FR","potentialAction":[{"@type":"ReadAction","target":["https:\/\/www.ifc-globaltn.com\/index.php\/certification-agricole\/"]}]},{"@type":"ImageObject","inLanguage":"fr-FR","@id":"https:\/\/www.ifc-globaltn.com\/index.php\/certification-agricole\/#primaryimage","url":"https:\/\/www.ifc-globaltn.com\/wp-content\/uploads\/2025\/06\/hizmetlerimiz.jpg","contentUrl":"https:\/\/www.ifc-globaltn.com\/wp-content\/uploads\/2025\/06\/hizmetlerimiz.jpg","width":1900,"height":460},{"@type":"BreadcrumbList","@id":"https:\/\/www.ifc-globaltn.com\/index.php\/certification-agricole\/#breadcrumb","itemListElement":[{"@type":"ListItem","position":1,"name":"Accueil","item":"https:\/\/www.ifc-globaltn.com\/"},{"@type":"ListItem","position":2,"name":"Certification Agricole"}]},{"@type":"WebSite","@id":"https:\/\/www.ifc-globaltn.com\/#website","url":"https:\/\/www.ifc-globaltn.com\/","name":"IFC Global.TN","description":"Bienvenue sur IFC Global.TN Nous sommes la branche tunisienne officielle de IFC Global, un leader mondial dans le domaine des certifications ISO et des solutions de conformit\u00e9.","publisher":{"@id":"https:\/\/www.ifc-globaltn.com\/#organization"},"potentialAction":[{"@type":"SearchAction","target":{"@type":"EntryPoint","urlTemplate":"https:\/\/www.ifc-globaltn.com\/?s={search_term_string}"},"query-input":{"@type":"PropertyValueSpecification","valueRequired":true,"valueName":"search_term_string"}}],"inLanguage":"fr-FR"},{"@type":"Organization","@id":"https:\/\/www.ifc-globaltn.com\/#organization","name":"IFC Global.TN","url":"https:\/\/www.ifc-globaltn.com\/","logo":{"@type":"ImageObject","inLanguage":"fr-FR","@id":"https:\/\/www.ifc-globaltn.com\/#\/schema\/logo\/image\/","url":"https:\/\/www.ifc-globaltn.com\/wp-content\/uploads\/2025\/01\/ifcgloballogo.png","contentUrl":"https:\/\/www.ifc-globaltn.com\/wp-content\/uploads\/2025\/01\/ifcgloballogo.png","width":245,"height":90,"caption":"IFC Global.TN"},"image":{"@id":"https:\/\/www.ifc-globaltn.com\/#\/schema\/logo\/image\/"}}]}},"_links":{"self":[{"href":"https:\/\/www.ifc-globaltn.com\/index.php\/wp-json\/wp\/v2\/pages\/6122","targetHints":{"allow":["GET"]}}],"collection":[{"href":"https:\/\/www.ifc-globaltn.com\/index.php\/wp-json\/wp\/v2\/pages"}],"about":[{"href":"https:\/\/www.ifc-globaltn.com\/index.php\/wp-json\/wp\/v2\/types\/page"}],"author":[{"embeddable":true,"href":"https:\/\/www.ifc-globaltn.com\/index.php\/wp-json\/wp\/v2\/users\/3"}],"replies":[{"embeddable":true,"href":"https:\/\/www.ifc-globaltn.com\/index.php\/wp-json\/wp\/v2\/comments?post=6122"}],"version-history":[{"count":28,"href":"https:\/\/www.ifc-globaltn.com\/index.php\/wp-json\/wp\/v2\/pages\/6122\/revisions"}],"predecessor-version":[{"id":6502,"href":"https:\/\/www.ifc-globaltn.com\/index.php\/wp-json\/wp\/v2\/pages\/6122\/revisions\/6502"}],"wp:featuredmedia":[{"embeddable":true,"href":"https:\/\/www.ifc-globaltn.com\/index.php\/wp-json\/wp\/v2\/media\/6083"}],"wp:attachment":[{"href":"https:\/\/www.ifc-globaltn.com\/index.php\/wp-json\/wp\/v2\/media?parent=6122"}],"curies":[{"name":"wp","href":"https:\/\/api.w.org\/{rel}","templated":true}]}}