{"id":6165,"date":"2025-06-10T10:52:33","date_gmt":"2025-06-10T08:52:33","guid":{"rendered":"https:\/\/www.ifc-globaltn.com\/?page_id=6165"},"modified":"2025-07-14T11:33:32","modified_gmt":"2025-07-14T10:33:32","slug":"iso-14001-certification-environmental-management-systems","status":"publish","type":"page","link":"https:\/\/www.ifc-globaltn.com\/index.php\/iso-14001-certification-environmental-management-systems\/","title":{"rendered":"ISO 14001 CERTIFICATION ENVIRONMENTAL MANAGEMENT SYSTEMS"},"content":{"rendered":"\t\t<div data-elementor-type=\"wp-page\" data-elementor-id=\"6165\" class=\"elementor elementor-6165\" data-elementor-post-type=\"page\">\n\t\t\t\t<div class=\"elementor-element elementor-element-a506aa2 e-con-full e-flex e-con e-parent\" data-id=\"a506aa2\" data-element_type=\"container\" data-e-type=\"container\">\n\t\t\t\t<div class=\"elementor-element elementor-element-82fd622 elementor-widget elementor-widget-heading\" data-id=\"82fd622\" data-element_type=\"widget\" data-e-type=\"widget\" data-widget_type=\"heading.default\">\n\t\t\t\t<div class=\"elementor-widget-container\">\n\t\t\t\t\t<h3 class=\"elementor-heading-title elementor-size-default\"><b>La certification ISO 14001 aide les entreprises \u00e0 r\u00e9duire leur empreinte environnementale et \u00e0 renforcer leur durabilit\u00e9 en mettant en place des Syst\u00e8mes de Management Environnemental (SME) efficaces.<\/b><\/h3>\t\t\t\t<\/div>\n\t\t\t\t<\/div>\n\t\t\t\t<div class=\"elementor-element elementor-element-9ebb897 elementor-widget-divider--view-line elementor-widget elementor-widget-divider\" data-id=\"9ebb897\" data-element_type=\"widget\" data-e-type=\"widget\" data-widget_type=\"divider.default\">\n\t\t\t\t<div class=\"elementor-widget-container\">\n\t\t\t\t\t\t\t<div class=\"elementor-divider\">\n\t\t\t<span class=\"elementor-divider-separator\">\n\t\t\t\t\t\t<\/span>\n\t\t<\/div>\n\t\t\t\t\t\t<\/div>\n\t\t\t\t<\/div>\n\t\t\t\t<\/div>\n\t\t<div class=\"elementor-element elementor-element-6629797 e-con-full e-flex e-con e-parent\" data-id=\"6629797\" data-element_type=\"container\" data-e-type=\"container\">\n\t\t<div class=\"elementor-element elementor-element-59d5fcf e-con-full e-flex e-con e-child\" data-id=\"59d5fcf\" data-element_type=\"container\" data-e-type=\"container\">\n\t\t\t\t<div class=\"elementor-element elementor-element-fe71358 elementor-widget elementor-widget-image\" data-id=\"fe71358\" data-element_type=\"widget\" data-e-type=\"widget\" data-widget_type=\"image.default\">\n\t\t\t\t<div class=\"elementor-widget-container\">\n\t\t\t\t\t\t\t\t\t\t\t\t\t\t\t<img decoding=\"async\" src=\"https:\/\/www.ifc-globaltn.com\/wp-content\/uploads\/elementor\/thumbs\/environmental-management-systems-r7bbsvr2ipzuwxa5021ej39wuf8gqdxpw6y437ao3e.png\" title=\"environmental-management-systems\" alt=\"environmental-management-systems\" loading=\"lazy\" \/>\t\t\t\t\t\t\t\t\t\t\t\t\t\t\t<\/div>\n\t\t\t\t<\/div>\n\t\t\t\t<\/div>\n\t\t<div class=\"elementor-element elementor-element-7e2a79b e-con-full e-flex e-con e-child\" data-id=\"7e2a79b\" data-element_type=\"container\" data-e-type=\"container\">\n\t\t\t\t<div class=\"elementor-element elementor-element-3f96cf7 elementor-widget elementor-widget-text-editor\" data-id=\"3f96cf7\" data-element_type=\"widget\" data-e-type=\"widget\" data-widget_type=\"text-editor.default\">\n\t\t\t\t<div class=\"elementor-widget-container\">\n\t\t\t\t\t\t\t\t\t<p><strong data-start=\"67\" data-end=\"118\">G\u00e9rez efficacement votre impact environnemental<\/strong><br data-start=\"118\" data-end=\"121\" \/>ISO 14001 est la norme internationalement reconnue pour la mise en place d\u2019un Syst\u00e8me de Management Environnemental (SME), permettant aux organisations de r\u00e9duire leur empreinte \u00e9cologique et de favoriser la durabilit\u00e9. Elle s\u2019applique aux entreprises de toutes tailles et de tous secteurs, vous aidant \u00e0 g\u00e9rer et \u00e0 am\u00e9liorer vos performances environnementales dans l\u2019ensemble de vos activit\u00e9s, produits et services \u2014 en tenant compte d\u2019une perspective de cycle de vie.<\/p>\t\t\t\t\t\t\t\t<\/div>\n\t\t\t\t<\/div>\n\t\t\t\t<div class=\"elementor-element elementor-element-354068e elementor-widget-divider--view-line elementor-widget elementor-widget-divider\" data-id=\"354068e\" data-element_type=\"widget\" data-e-type=\"widget\" data-widget_type=\"divider.default\">\n\t\t\t\t<div class=\"elementor-widget-container\">\n\t\t\t\t\t\t\t<div class=\"elementor-divider\">\n\t\t\t<span class=\"elementor-divider-separator\">\n\t\t\t\t\t\t<\/span>\n\t\t<\/div>\n\t\t\t\t\t\t<\/div>\n\t\t\t\t<\/div>\n\t\t\t\t<div class=\"elementor-element elementor-element-34bbee7 elementor-widget elementor-widget-text-editor\" data-id=\"34bbee7\" data-element_type=\"widget\" data-e-type=\"widget\" data-widget_type=\"text-editor.default\">\n\t\t\t\t<div class=\"elementor-widget-container\">\n\t\t\t\t\t\t\t\t\t<p data-start=\"436\" data-end=\"473\"><strong><span style=\"background-color: rgba(255, 255, 255, 0); word-spacing: normal;\">Pourquoi ISO 14001 ?<\/span><\/strong><\/p>\t\t\t\t\t\t\t\t<\/div>\n\t\t\t\t<\/div>\n\t\t\t\t<\/div>\n\t\t\t\t<\/div>\n\t\t<div class=\"elementor-element elementor-element-d890bc6 e-con-full e-flex e-con e-child\" data-id=\"d890bc6\" data-element_type=\"container\" data-e-type=\"container\">\n\t\t\t\t<div class=\"elementor-element elementor-element-d62fc49 elementor-widget elementor-widget-text-editor\" data-id=\"d62fc49\" data-element_type=\"widget\" data-e-type=\"widget\" data-widget_type=\"text-editor.default\">\n\t\t\t\t<div class=\"elementor-widget-container\">\n\t\t\t\t\t\t\t\t\t<p data-start=\"533\" data-end=\"593\">Un SME efficace apporte des avantages significatifs \u00e0 votre organisation, \u00e0 l\u2019environnement et aux parties prenantes, notamment :<\/p><p data-start=\"751\" data-end=\"800\">Am\u00e9lioration des performances environnementales<\/p><p data-start=\"803\" data-end=\"844\">Atteinte des objectifs environnementaux<\/p><p data-start=\"847\" data-end=\"886\">Respect des obligations de conformit\u00e9<\/p><p data-start=\"889\" data-end=\"953\">Am\u00e9lioration de la r\u00e9putation de la marque et de la croissance<\/p><p data-start=\"956\" data-end=\"999\">Identification et att\u00e9nuation des risques<\/p><p data-start=\"1002\" data-end=\"1044\">Contribution aux objectifs de durabilit\u00e9<\/p>\t\t\t\t\t\t\t\t<\/div>\n\t\t\t\t<\/div>\n\t\t\t\t<div class=\"elementor-element elementor-element-283d664 elementor-widget-divider--view-line elementor-widget elementor-widget-divider\" data-id=\"283d664\" data-element_type=\"widget\" data-e-type=\"widget\" data-widget_type=\"divider.default\">\n\t\t\t\t<div class=\"elementor-widget-container\">\n\t\t\t\t\t\t\t<div class=\"elementor-divider\">\n\t\t\t<span class=\"elementor-divider-separator\">\n\t\t\t\t\t\t<\/span>\n\t\t<\/div>\n\t\t\t\t\t\t<\/div>\n\t\t\t\t<\/div>\n\t\t\t\t<\/div>\n\t\t<div class=\"elementor-element elementor-element-f1a3e52 e-con-full e-flex e-con e-child\" data-id=\"f1a3e52\" data-element_type=\"container\" data-e-type=\"container\">\n\t\t\t\t<div class=\"elementor-element elementor-element-c3e4eef elementor-widget elementor-widget-text-editor\" data-id=\"c3e4eef\" data-element_type=\"widget\" data-e-type=\"widget\" data-widget_type=\"text-editor.default\">\n\t\t\t\t<div class=\"elementor-widget-container\">\n\t\t\t\t\t\t\t\t\t<p data-start=\"824\" data-end=\"863\"><strong data-start=\"1046\" data-end=\"1116\">ISO 14001 et les Objectifs de D\u00e9veloppement Durable (ODD) de l\u2019ONU<\/strong><br data-start=\"1116\" data-end=\"1119\" \/>La mise en \u0153uvre d\u2019ISO 14001 aligne votre organisation sur les initiatives mondiales de durabilit\u00e9, contribuant aux ODD 1, 2, 3, 4, 6, 7, 8, 9, 12, 13, 14 et 15, allant de l\u2019\u00e9radication de la pauvret\u00e9 \u00e0 la protection de la vie terrestre et aquatique.<\/p>\t\t\t\t\t\t\t\t<\/div>\n\t\t\t\t<\/div>\n\t\t\t\t<div class=\"elementor-element elementor-element-0b81da7 elementor-widget-divider--view-line elementor-widget elementor-widget-divider\" data-id=\"0b81da7\" data-element_type=\"widget\" data-e-type=\"widget\" data-widget_type=\"divider.default\">\n\t\t\t\t<div class=\"elementor-widget-container\">\n\t\t\t\t\t\t\t<div class=\"elementor-divider\">\n\t\t\t<span class=\"elementor-divider-separator\">\n\t\t\t\t\t\t<\/span>\n\t\t<\/div>\n\t\t\t\t\t\t<\/div>\n\t\t\t\t<\/div>\n\t\t\t\t<\/div>\n\t\t<div class=\"elementor-element elementor-element-59296df e-con-full e-flex e-con e-child\" data-id=\"59296df\" data-element_type=\"container\" data-e-type=\"container\">\n\t\t\t\t<div class=\"elementor-element elementor-element-b51be88 elementor-widget elementor-widget-text-editor\" data-id=\"b51be88\" data-element_type=\"widget\" data-e-type=\"widget\" data-widget_type=\"text-editor.default\">\n\t\t\t\t<div class=\"elementor-widget-container\">\n\t\t\t\t\t\t\t\t\t<p data-start=\"1371\" data-end=\"1409\"><strong data-start=\"1371\" data-end=\"1409\">Comment IFC Global peut vous aider<\/strong><\/p><p data-start=\"1411\" data-end=\"1551\">Chez IFC Global, nous simplifions le chemin vers la certification ISO 14001 gr\u00e2ce \u00e0 des services adapt\u00e9s aux besoins de votre organisation :<\/p><p data-start=\"1555\" data-end=\"1638\"><strong data-start=\"1555\" data-end=\"1575\">Audits ISO 14001<\/strong> : \u00c9valuations compl\u00e8tes pour analyser et am\u00e9liorer votre SME<\/p><p data-start=\"1641\" data-end=\"1743\"><strong data-start=\"1641\" data-end=\"1664\">Analyses des \u00e9carts<\/strong> : Identification des axes d\u2019am\u00e9lioration pour se pr\u00e9parer \u00e0 la certification<\/p><p data-start=\"1746\" data-end=\"1845\"><strong data-start=\"1746\" data-end=\"1762\">Benchmarking<\/strong> : Mesure de vos performances environnementales par rapport aux normes du secteur<\/p><p data-start=\"1848\" data-end=\"1942\"><strong data-start=\"1848\" data-end=\"1875\">Programmes de formation<\/strong> : Formation de vos \u00e9quipes pour maintenir et optimiser votre SME<\/p>\t\t\t\t\t\t\t\t<\/div>\n\t\t\t\t<\/div>\n\t\t\t\t<div class=\"elementor-element elementor-element-2d86c78 elementor-widget-divider--view-line elementor-widget elementor-widget-divider\" data-id=\"2d86c78\" data-element_type=\"widget\" data-e-type=\"widget\" data-widget_type=\"divider.default\">\n\t\t\t\t<div class=\"elementor-widget-container\">\n\t\t\t\t\t\t\t<div class=\"elementor-divider\">\n\t\t\t<span class=\"elementor-divider-separator\">\n\t\t\t\t\t\t<\/span>\n\t\t<\/div>\n\t\t\t\t\t\t<\/div>\n\t\t\t\t<\/div>\n\t\t\t\t<\/div>\n\t\t<div class=\"elementor-element elementor-element-7564767 e-con-full e-flex e-con e-child\" data-id=\"7564767\" data-element_type=\"container\" data-e-type=\"container\">\n\t\t\t\t<div class=\"elementor-element elementor-element-98c2591 elementor-widget elementor-widget-text-editor\" data-id=\"98c2591\" data-element_type=\"widget\" data-e-type=\"widget\" data-widget_type=\"text-editor.default\">\n\t\t\t\t<div class=\"elementor-widget-container\">\n\t\t\t\t\t\t\t\t\t<p data-start=\"1944\" data-end=\"2231\"><strong data-start=\"1944\" data-end=\"1975\">Partenariat avec IFC Global<\/strong><br data-start=\"1975\" data-end=\"1978\" \/>Gr\u00e2ce \u00e0 notre expertise et \u00e0 notre engagement \u00e0 \u00ab Certifier la confiance, inspirer la croissance \u00bb, nous vous guidons vers un avenir plus vert et durable tout en r\u00e9pondant aux exigences r\u00e9glementaires et en am\u00e9liorant vos performances environnementales.<\/p><p data-start=\"2233\" data-end=\"2382\"><strong data-start=\"2233\" data-end=\"2291\">Commencez votre parcours de durabilit\u00e9 d\u00e8s aujourd\u2019hui<\/strong><br data-start=\"2291\" data-end=\"2294\" \/>Contactez IFC Global pour discuter de vos besoins en mati\u00e8re de certification ISO 14001.<\/p>\t\t\t\t\t\t\t\t<\/div>\n\t\t\t\t<\/div>\n\t\t\t\t<\/div>\n\t\t<div class=\"elementor-element elementor-element-69dde12 e-con-full e-flex e-con e-parent\" data-id=\"69dde12\" data-element_type=\"container\" data-e-type=\"container\">\n\t\t\t\t<div class=\"elementor-element elementor-element-3a3df93 elementor-widget elementor-widget-spacer\" data-id=\"3a3df93\" data-element_type=\"widget\" data-e-type=\"widget\" data-widget_type=\"spacer.default\">\n\t\t\t\t<div class=\"elementor-widget-container\">\n\t\t\t\t\t\t\t<div class=\"elementor-spacer\">\n\t\t\t<div class=\"elementor-spacer-inner\"><\/div>\n\t\t<\/div>\n\t\t\t\t\t\t<\/div>\n\t\t\t\t<\/div>\n\t\t\t\t<div class=\"elementor-element elementor-element-487ea63 elementor-widget__width-initial elementor-cta--skin-classic elementor-animated-content elementor-bg-transform elementor-bg-transform-zoom-in elementor-widget elementor-widget-call-to-action\" data-id=\"487ea63\" data-element_type=\"widget\" data-e-type=\"widget\" data-widget_type=\"call-to-action.default\">\n\t\t\t\t<div class=\"elementor-widget-container\">\n\t\t\t\t\t\t\t<div class=\"elementor-cta\">\n\t\t\t\t\t\t\t<div class=\"elementor-cta__content\">\n\t\t\t\t\n\t\t\t\t\t\t\t\t\t<h2 class=\"elementor-cta__title elementor-cta__content-item elementor-content-item\">\n\t\t\t\t\t\tVous N'avez Pas Encore Obtenu Votre Certificat !\t\t\t\t\t<\/h2>\n\t\t\t\t\n\t\t\t\t\t\t\t\t\t<div class=\"elementor-cta__description elementor-cta__content-item elementor-content-item\">\n\t\t\t\t\t\tPrenez contact avec nos experts pour commancer.\t\t\t\t\t<\/div>\n\t\t\t\t\n\t\t\t\t\t\t\t\t\t<div class=\"elementor-cta__button-wrapper elementor-cta__content-item elementor-content-item \">\n\t\t\t\t\t<a class=\"elementor-cta__button elementor-button elementor-size-\">\n\t\t\t\t\t\tcontactez-nous\t\t\t\t\t<\/a>\n\t\t\t\t\t<\/div>\n\t\t\t\t\t\t\t<\/div>\n\t\t\t\t\t\t<\/div>\n\t\t\t\t\t\t<\/div>\n\t\t\t\t<\/div>\n\t\t\t\t<\/div>\n\t\t\t\t<\/div>\n\t\t","protected":false},"excerpt":{"rendered":"<p>La certification ISO 14001 aide les entreprises \u00e0 r\u00e9duire leur empreinte environnementale et \u00e0 renforcer leur durabilit\u00e9 en mettant en place des Syst\u00e8mes de Management Environnemental (SME) efficaces. G\u00e9rez efficacement votre impact environnementalISO 14001 est la norme internationalement reconnue pour la mise en place d\u2019un Syst\u00e8me de Management Environnemental (SME), permettant aux organisations de r\u00e9duire&hellip;<\/p>\n","protected":false},"author":3,"featured_media":6083,"parent":0,"menu_order":0,"comment_status":"closed","ping_status":"closed","template":"","meta":{"footnotes":""},"class_list":["post-6165","page","type-page","status-publish","has-post-thumbnail","hentry"],"yoast_head":"<!-- This site is optimized with the Yoast SEO plugin v27.4 - https:\/\/yoast.com\/product\/yoast-seo-wordpress\/ -->\n<title>ISO 14001 Certification - IFC Global Tunisie<\/title>\n<meta name=\"description\" content=\"IFC Global Tunisie vous accompagne dans l\u2019ISO 14001 certification environmental management systems pour garantir la conformit\u00e9 et la performance environnementale.\" \/>\n<meta name=\"robots\" content=\"index, follow, max-snippet:-1, max-image-preview:large, max-video-preview:-1\" \/>\n<link rel=\"canonical\" href=\"https:\/\/www.ifc-globaltn.com\/index.php\/iso-14001-certification-environmental-management-systems\/\" \/>\n<meta property=\"og:locale\" content=\"fr_FR\" \/>\n<meta property=\"og:type\" content=\"article\" \/>\n<meta property=\"og:title\" content=\"ISO 14001 Certification - IFC Global Tunisie\" \/>\n<meta property=\"og:description\" content=\"IFC Global Tunisie vous accompagne dans l\u2019ISO 14001 certification environmental management systems pour garantir la conformit\u00e9 et la performance environnementale.\" \/>\n<meta property=\"og:url\" content=\"https:\/\/www.ifc-globaltn.com\/index.php\/iso-14001-certification-environmental-management-systems\/\" \/>\n<meta property=\"og:site_name\" content=\"IFC Global.TN\" \/>\n<meta property=\"article:modified_time\" content=\"2025-07-14T10:33:32+00:00\" \/>\n<meta property=\"og:image\" content=\"https:\/\/www.ifc-globaltn.com\/wp-content\/uploads\/2025\/06\/hizmetlerimiz.jpg\" \/>\n\t<meta property=\"og:image:width\" content=\"1900\" \/>\n\t<meta property=\"og:image:height\" content=\"460\" \/>\n\t<meta property=\"og:image:type\" content=\"image\/jpeg\" \/>\n<meta name=\"twitter:card\" content=\"summary_large_image\" \/>\n<meta name=\"twitter:label1\" content=\"Dur\u00e9e de lecture estim\u00e9e\" \/>\n\t<meta name=\"twitter:data1\" content=\"3 minutes\" \/>\n<script type=\"application\/ld+json\" class=\"yoast-schema-graph\">{\"@context\":\"https:\\\/\\\/schema.org\",\"@graph\":[{\"@type\":\"WebPage\",\"@id\":\"https:\\\/\\\/www.ifc-globaltn.com\\\/index.php\\\/iso-14001-certification-environmental-management-systems\\\/\",\"url\":\"https:\\\/\\\/www.ifc-globaltn.com\\\/index.php\\\/iso-14001-certification-environmental-management-systems\\\/\",\"name\":\"ISO 14001 Certification - IFC Global Tunisie\",\"isPartOf\":{\"@id\":\"https:\\\/\\\/www.ifc-globaltn.com\\\/#website\"},\"primaryImageOfPage\":{\"@id\":\"https:\\\/\\\/www.ifc-globaltn.com\\\/index.php\\\/iso-14001-certification-environmental-management-systems\\\/#primaryimage\"},\"image\":{\"@id\":\"https:\\\/\\\/www.ifc-globaltn.com\\\/index.php\\\/iso-14001-certification-environmental-management-systems\\\/#primaryimage\"},\"thumbnailUrl\":\"https:\\\/\\\/www.ifc-globaltn.com\\\/wp-content\\\/uploads\\\/2025\\\/06\\\/hizmetlerimiz.jpg\",\"datePublished\":\"2025-06-10T08:52:33+00:00\",\"dateModified\":\"2025-07-14T10:33:32+00:00\",\"description\":\"IFC Global Tunisie vous accompagne dans l\u2019ISO 14001 certification environmental management systems pour garantir la conformit\u00e9 et la performance environnementale.\",\"breadcrumb\":{\"@id\":\"https:\\\/\\\/www.ifc-globaltn.com\\\/index.php\\\/iso-14001-certification-environmental-management-systems\\\/#breadcrumb\"},\"inLanguage\":\"fr-FR\",\"potentialAction\":[{\"@type\":\"ReadAction\",\"target\":[\"https:\\\/\\\/www.ifc-globaltn.com\\\/index.php\\\/iso-14001-certification-environmental-management-systems\\\/\"]}]},{\"@type\":\"ImageObject\",\"inLanguage\":\"fr-FR\",\"@id\":\"https:\\\/\\\/www.ifc-globaltn.com\\\/index.php\\\/iso-14001-certification-environmental-management-systems\\\/#primaryimage\",\"url\":\"https:\\\/\\\/www.ifc-globaltn.com\\\/wp-content\\\/uploads\\\/2025\\\/06\\\/hizmetlerimiz.jpg\",\"contentUrl\":\"https:\\\/\\\/www.ifc-globaltn.com\\\/wp-content\\\/uploads\\\/2025\\\/06\\\/hizmetlerimiz.jpg\",\"width\":1900,\"height\":460},{\"@type\":\"BreadcrumbList\",\"@id\":\"https:\\\/\\\/www.ifc-globaltn.com\\\/index.php\\\/iso-14001-certification-environmental-management-systems\\\/#breadcrumb\",\"itemListElement\":[{\"@type\":\"ListItem\",\"position\":1,\"name\":\"Accueil\",\"item\":\"https:\\\/\\\/www.ifc-globaltn.com\\\/\"},{\"@type\":\"ListItem\",\"position\":2,\"name\":\"ISO 14001 CERTIFICATION ENVIRONMENTAL MANAGEMENT SYSTEMS\"}]},{\"@type\":\"WebSite\",\"@id\":\"https:\\\/\\\/www.ifc-globaltn.com\\\/#website\",\"url\":\"https:\\\/\\\/www.ifc-globaltn.com\\\/\",\"name\":\"IFC Global.TN\",\"description\":\"Bienvenue sur IFC Global.TN Nous sommes la branche tunisienne officielle de IFC Global, un leader mondial dans le domaine des certifications ISO et des solutions de conformit\u00e9.\",\"publisher\":{\"@id\":\"https:\\\/\\\/www.ifc-globaltn.com\\\/#organization\"},\"potentialAction\":[{\"@type\":\"SearchAction\",\"target\":{\"@type\":\"EntryPoint\",\"urlTemplate\":\"https:\\\/\\\/www.ifc-globaltn.com\\\/?s={search_term_string}\"},\"query-input\":{\"@type\":\"PropertyValueSpecification\",\"valueRequired\":true,\"valueName\":\"search_term_string\"}}],\"inLanguage\":\"fr-FR\"},{\"@type\":\"Organization\",\"@id\":\"https:\\\/\\\/www.ifc-globaltn.com\\\/#organization\",\"name\":\"IFC Global.TN\",\"url\":\"https:\\\/\\\/www.ifc-globaltn.com\\\/\",\"logo\":{\"@type\":\"ImageObject\",\"inLanguage\":\"fr-FR\",\"@id\":\"https:\\\/\\\/www.ifc-globaltn.com\\\/#\\\/schema\\\/logo\\\/image\\\/\",\"url\":\"https:\\\/\\\/www.ifc-globaltn.com\\\/wp-content\\\/uploads\\\/2025\\\/01\\\/ifcgloballogo.png\",\"contentUrl\":\"https:\\\/\\\/www.ifc-globaltn.com\\\/wp-content\\\/uploads\\\/2025\\\/01\\\/ifcgloballogo.png\",\"width\":245,\"height\":90,\"caption\":\"IFC Global.TN\"},\"image\":{\"@id\":\"https:\\\/\\\/www.ifc-globaltn.com\\\/#\\\/schema\\\/logo\\\/image\\\/\"}}]}<\/script>\n<!-- \/ Yoast SEO plugin. -->","yoast_head_json":{"title":"ISO 14001 Certification - IFC Global Tunisie","description":"IFC Global Tunisie vous accompagne dans l\u2019ISO 14001 certification environmental management systems pour garantir la conformit\u00e9 et la performance environnementale.","robots":{"index":"index","follow":"follow","max-snippet":"max-snippet:-1","max-image-preview":"max-image-preview:large","max-video-preview":"max-video-preview:-1"},"canonical":"https:\/\/www.ifc-globaltn.com\/index.php\/iso-14001-certification-environmental-management-systems\/","og_locale":"fr_FR","og_type":"article","og_title":"ISO 14001 Certification - IFC Global Tunisie","og_description":"IFC Global Tunisie vous accompagne dans l\u2019ISO 14001 certification environmental management systems pour garantir la conformit\u00e9 et la performance environnementale.","og_url":"https:\/\/www.ifc-globaltn.com\/index.php\/iso-14001-certification-environmental-management-systems\/","og_site_name":"IFC Global.TN","article_modified_time":"2025-07-14T10:33:32+00:00","og_image":[{"width":1900,"height":460,"url":"https:\/\/www.ifc-globaltn.com\/wp-content\/uploads\/2025\/06\/hizmetlerimiz.jpg","type":"image\/jpeg"}],"twitter_card":"summary_large_image","twitter_misc":{"Dur\u00e9e de lecture estim\u00e9e":"3 minutes"},"schema":{"@context":"https:\/\/schema.org","@graph":[{"@type":"WebPage","@id":"https:\/\/www.ifc-globaltn.com\/index.php\/iso-14001-certification-environmental-management-systems\/","url":"https:\/\/www.ifc-globaltn.com\/index.php\/iso-14001-certification-environmental-management-systems\/","name":"ISO 14001 Certification - IFC Global Tunisie","isPartOf":{"@id":"https:\/\/www.ifc-globaltn.com\/#website"},"primaryImageOfPage":{"@id":"https:\/\/www.ifc-globaltn.com\/index.php\/iso-14001-certification-environmental-management-systems\/#primaryimage"},"image":{"@id":"https:\/\/www.ifc-globaltn.com\/index.php\/iso-14001-certification-environmental-management-systems\/#primaryimage"},"thumbnailUrl":"https:\/\/www.ifc-globaltn.com\/wp-content\/uploads\/2025\/06\/hizmetlerimiz.jpg","datePublished":"2025-06-10T08:52:33+00:00","dateModified":"2025-07-14T10:33:32+00:00","description":"IFC Global Tunisie vous accompagne dans l\u2019ISO 14001 certification environmental management systems pour garantir la conformit\u00e9 et la performance environnementale.","breadcrumb":{"@id":"https:\/\/www.ifc-globaltn.com\/index.php\/iso-14001-certification-environmental-management-systems\/#breadcrumb"},"inLanguage":"fr-FR","potentialAction":[{"@type":"ReadAction","target":["https:\/\/www.ifc-globaltn.com\/index.php\/iso-14001-certification-environmental-management-systems\/"]}]},{"@type":"ImageObject","inLanguage":"fr-FR","@id":"https:\/\/www.ifc-globaltn.com\/index.php\/iso-14001-certification-environmental-management-systems\/#primaryimage","url":"https:\/\/www.ifc-globaltn.com\/wp-content\/uploads\/2025\/06\/hizmetlerimiz.jpg","contentUrl":"https:\/\/www.ifc-globaltn.com\/wp-content\/uploads\/2025\/06\/hizmetlerimiz.jpg","width":1900,"height":460},{"@type":"BreadcrumbList","@id":"https:\/\/www.ifc-globaltn.com\/index.php\/iso-14001-certification-environmental-management-systems\/#breadcrumb","itemListElement":[{"@type":"ListItem","position":1,"name":"Accueil","item":"https:\/\/www.ifc-globaltn.com\/"},{"@type":"ListItem","position":2,"name":"ISO 14001 CERTIFICATION ENVIRONMENTAL MANAGEMENT SYSTEMS"}]},{"@type":"WebSite","@id":"https:\/\/www.ifc-globaltn.com\/#website","url":"https:\/\/www.ifc-globaltn.com\/","name":"IFC Global.TN","description":"Bienvenue sur IFC Global.TN Nous sommes la branche tunisienne officielle de IFC Global, un leader mondial dans le domaine des certifications ISO et des solutions de conformit\u00e9.","publisher":{"@id":"https:\/\/www.ifc-globaltn.com\/#organization"},"potentialAction":[{"@type":"SearchAction","target":{"@type":"EntryPoint","urlTemplate":"https:\/\/www.ifc-globaltn.com\/?s={search_term_string}"},"query-input":{"@type":"PropertyValueSpecification","valueRequired":true,"valueName":"search_term_string"}}],"inLanguage":"fr-FR"},{"@type":"Organization","@id":"https:\/\/www.ifc-globaltn.com\/#organization","name":"IFC Global.TN","url":"https:\/\/www.ifc-globaltn.com\/","logo":{"@type":"ImageObject","inLanguage":"fr-FR","@id":"https:\/\/www.ifc-globaltn.com\/#\/schema\/logo\/image\/","url":"https:\/\/www.ifc-globaltn.com\/wp-content\/uploads\/2025\/01\/ifcgloballogo.png","contentUrl":"https:\/\/www.ifc-globaltn.com\/wp-content\/uploads\/2025\/01\/ifcgloballogo.png","width":245,"height":90,"caption":"IFC Global.TN"},"image":{"@id":"https:\/\/www.ifc-globaltn.com\/#\/schema\/logo\/image\/"}}]}},"_links":{"self":[{"href":"https:\/\/www.ifc-globaltn.com\/index.php\/wp-json\/wp\/v2\/pages\/6165","targetHints":{"allow":["GET"]}}],"collection":[{"href":"https:\/\/www.ifc-globaltn.com\/index.php\/wp-json\/wp\/v2\/pages"}],"about":[{"href":"https:\/\/www.ifc-globaltn.com\/index.php\/wp-json\/wp\/v2\/types\/page"}],"author":[{"embeddable":true,"href":"https:\/\/www.ifc-globaltn.com\/index.php\/wp-json\/wp\/v2\/users\/3"}],"replies":[{"embeddable":true,"href":"https:\/\/www.ifc-globaltn.com\/index.php\/wp-json\/wp\/v2\/comments?post=6165"}],"version-history":[{"count":7,"href":"https:\/\/www.ifc-globaltn.com\/index.php\/wp-json\/wp\/v2\/pages\/6165\/revisions"}],"predecessor-version":[{"id":6403,"href":"https:\/\/www.ifc-globaltn.com\/index.php\/wp-json\/wp\/v2\/pages\/6165\/revisions\/6403"}],"wp:featuredmedia":[{"embeddable":true,"href":"https:\/\/www.ifc-globaltn.com\/index.php\/wp-json\/wp\/v2\/media\/6083"}],"wp:attachment":[{"href":"https:\/\/www.ifc-globaltn.com\/index.php\/wp-json\/wp\/v2\/media?parent=6165"}],"curies":[{"name":"wp","href":"https:\/\/api.w.org\/{rel}","templated":true}]}}