{"id":6173,"date":"2025-06-10T11:38:03","date_gmt":"2025-06-10T09:38:03","guid":{"rendered":"https:\/\/www.ifc-globaltn.com\/?page_id=6173"},"modified":"2025-07-14T11:51:36","modified_gmt":"2025-07-14T10:51:36","slug":"iso-45001-certification-occupational-health-and-safety-management-systems","status":"publish","type":"page","link":"https:\/\/www.ifc-globaltn.com\/index.php\/iso-45001-certification-occupational-health-and-safety-management-systems\/","title":{"rendered":"ISO 45001 CERTIFICATION OCCUPATIONAL HEALTH AND SAFETY MANAGEMENT SYSTEMS"},"content":{"rendered":"\t\t<div data-elementor-type=\"wp-page\" data-elementor-id=\"6173\" class=\"elementor elementor-6173\" data-elementor-post-type=\"page\">\n\t\t\t\t<div class=\"elementor-element elementor-element-8a316a5 e-con-full e-flex e-con e-parent\" data-id=\"8a316a5\" data-element_type=\"container\" data-e-type=\"container\">\n\t\t\t\t<div class=\"elementor-element elementor-element-27abd49 elementor-widget elementor-widget-heading\" data-id=\"27abd49\" data-element_type=\"widget\" data-e-type=\"widget\" data-widget_type=\"heading.default\">\n\t\t\t\t<div class=\"elementor-widget-container\">\n\t\t\t\t\t<h3 class=\"elementor-heading-title elementor-size-default\"><b>La certification ISO 45001 est la norme internationalement reconnue pour les Syst\u00e8mes de Management de la Sant\u00e9 et de la S\u00e9curit\u00e9 au Travail (SMSST). Elle aide les organisations \u00e0 g\u00e9rer proactivement les risques, \u00e9liminer les dangers et cr\u00e9er des lieux de travail plus s\u00fbrs, tout en respectant les exigences l\u00e9gales et r\u00e9glementaires.<\/b><\/h3>\t\t\t\t<\/div>\n\t\t\t\t<\/div>\n\t\t\t\t<div class=\"elementor-element elementor-element-2867b50 elementor-widget-divider--view-line elementor-widget elementor-widget-divider\" data-id=\"2867b50\" data-element_type=\"widget\" data-e-type=\"widget\" data-widget_type=\"divider.default\">\n\t\t\t\t<div class=\"elementor-widget-container\">\n\t\t\t\t\t\t\t<div class=\"elementor-divider\">\n\t\t\t<span class=\"elementor-divider-separator\">\n\t\t\t\t\t\t<\/span>\n\t\t<\/div>\n\t\t\t\t\t\t<\/div>\n\t\t\t\t<\/div>\n\t\t\t\t<\/div>\n\t\t<div class=\"elementor-element elementor-element-cf8b879 e-con-full e-flex e-con e-parent\" data-id=\"cf8b879\" data-element_type=\"container\" data-e-type=\"container\">\n\t\t<div class=\"elementor-element elementor-element-a3954a8 e-con-full e-flex e-con e-child\" data-id=\"a3954a8\" data-element_type=\"container\" data-e-type=\"container\">\n\t\t\t\t<div class=\"elementor-element elementor-element-7373923 elementor-widget elementor-widget-image\" data-id=\"7373923\" data-element_type=\"widget\" data-e-type=\"widget\" data-widget_type=\"image.default\">\n\t\t\t\t<div class=\"elementor-widget-container\">\n\t\t\t\t\t\t\t\t\t\t\t\t\t\t\t<img decoding=\"async\" src=\"https:\/\/www.ifc-globaltn.com\/wp-content\/uploads\/elementor\/thumbs\/iso-45001-certification-1-r6yhf3v5fr6oek74mtucple4bg50trd5b9aeys5hfe.jpg\" title=\"iso-45001-certification\" alt=\"iso-45001-certification\" loading=\"lazy\" \/>\t\t\t\t\t\t\t\t\t\t\t\t\t\t\t<\/div>\n\t\t\t\t<\/div>\n\t\t\t\t<\/div>\n\t\t<div class=\"elementor-element elementor-element-63bfbd6 e-con-full e-flex e-con e-child\" data-id=\"63bfbd6\" data-element_type=\"container\" data-e-type=\"container\">\n\t\t\t\t<div class=\"elementor-element elementor-element-d9a83d9 elementor-widget elementor-widget-text-editor\" data-id=\"d9a83d9\" data-element_type=\"widget\" data-e-type=\"widget\" data-widget_type=\"text-editor.default\">\n\t\t\t\t<div class=\"elementor-widget-container\">\n\t\t\t\t\t\t\t\t\t<p><strong data-start=\"67\" data-end=\"117\">Prot\u00e9gez votre personnel, r\u00e9duisez les risques<\/strong><br data-start=\"117\" data-end=\"120\" \/>ISO 45001 est la norme internationalement reconnue pour les Syst\u00e8mes de Management de la Sant\u00e9 et de la S\u00e9curit\u00e9 au Travail (SMSST). Elle aide les organisations \u00e0 g\u00e9rer proactivement les risques, \u00e0 \u00e9liminer les dangers et \u00e0 cr\u00e9er des environnements de travail plus s\u00fbrs, tout en respectant les exigences l\u00e9gales et r\u00e9glementaires.<\/p>\t\t\t\t\t\t\t\t<\/div>\n\t\t\t\t<\/div>\n\t\t\t\t<div class=\"elementor-element elementor-element-3bb2bf0 elementor-widget-divider--view-line elementor-widget elementor-widget-divider\" data-id=\"3bb2bf0\" data-element_type=\"widget\" data-e-type=\"widget\" data-widget_type=\"divider.default\">\n\t\t\t\t<div class=\"elementor-widget-container\">\n\t\t\t\t\t\t\t<div class=\"elementor-divider\">\n\t\t\t<span class=\"elementor-divider-separator\">\n\t\t\t\t\t\t<\/span>\n\t\t<\/div>\n\t\t\t\t\t\t<\/div>\n\t\t\t\t<\/div>\n\t\t\t\t<div class=\"elementor-element elementor-element-a6a3388 elementor-widget elementor-widget-text-editor\" data-id=\"a6a3388\" data-element_type=\"widget\" data-e-type=\"widget\" data-widget_type=\"text-editor.default\">\n\t\t\t\t<div class=\"elementor-widget-container\">\n\t\t\t\t\t\t\t\t\t<p data-start=\"436\" data-end=\"473\"><b>Pourquoi une certification ISO 45001 ?<br \/><\/b>ISO 45001 vous aide \u00e0 :<b><\/b><\/p>\t\t\t\t\t\t\t\t<\/div>\n\t\t\t\t<\/div>\n\t\t\t\t<\/div>\n\t\t\t\t<\/div>\n\t\t<div class=\"elementor-element elementor-element-bce8f63 e-con-full e-flex e-con e-child\" data-id=\"bce8f63\" data-element_type=\"container\" data-e-type=\"container\">\n\t\t\t\t<div class=\"elementor-element elementor-element-7730f74 elementor-widget elementor-widget-text-editor\" data-id=\"7730f74\" data-element_type=\"widget\" data-e-type=\"widget\" data-widget_type=\"text-editor.default\">\n\t\t\t\t<div class=\"elementor-widget-container\">\n\t\t\t\t\t\t\t\t\t<p data-start=\"523\" data-end=\"572\">Prot\u00e9ger votre personnel et r\u00e9duire les risques<\/p><p data-start=\"575\" data-end=\"635\">Atteindre vos objectifs en mati\u00e8re de sant\u00e9 et de s\u00e9curit\u00e9<\/p><p data-start=\"638\" data-end=\"685\">Assurer la conformit\u00e9 l\u00e9gale et r\u00e9glementaire<\/p><p data-start=\"688\" data-end=\"743\">R\u00e9duire les incidents et les interruptions d\u2019activit\u00e9<\/p><p data-start=\"746\" data-end=\"817\">Am\u00e9liorer la culture et la performance globale en mati\u00e8re de s\u00e9curit\u00e9<\/p><p data-start=\"819\" data-end=\"945\">Cette norme s\u2019int\u00e8gre parfaitement aux autres syst\u00e8mes de management, tels qu\u2019ISO 9001 (Qualit\u00e9) et ISO 14001 (Environnement).<\/p>\t\t\t\t\t\t\t\t<\/div>\n\t\t\t\t<\/div>\n\t\t\t\t<div class=\"elementor-element elementor-element-15e1a3b elementor-widget-divider--view-line elementor-widget elementor-widget-divider\" data-id=\"15e1a3b\" data-element_type=\"widget\" data-e-type=\"widget\" data-widget_type=\"divider.default\">\n\t\t\t\t<div class=\"elementor-widget-container\">\n\t\t\t\t\t\t\t<div class=\"elementor-divider\">\n\t\t\t<span class=\"elementor-divider-separator\">\n\t\t\t\t\t\t<\/span>\n\t\t<\/div>\n\t\t\t\t\t\t<\/div>\n\t\t\t\t<\/div>\n\t\t\t\t<\/div>\n\t\t<div class=\"elementor-element elementor-element-c689913 e-con-full e-flex e-con e-child\" data-id=\"c689913\" data-element_type=\"container\" data-e-type=\"container\">\n\t\t\t\t<div class=\"elementor-element elementor-element-5313c3b elementor-widget elementor-widget-text-editor\" data-id=\"5313c3b\" data-element_type=\"widget\" data-e-type=\"widget\" data-widget_type=\"text-editor.default\">\n\t\t\t\t<div class=\"elementor-widget-container\">\n\t\t\t\t\t\t\t\t\t<p data-start=\"947\" data-end=\"985\"><strong data-start=\"947\" data-end=\"985\">Comment IFC Global peut vous aider<\/strong><\/p>\n<p data-start=\"987\" data-end=\"1072\">Chez IFC Global, nous simplifions votre d\u00e9marche de certification ISO 45001 gr\u00e2ce \u00e0 :<\/p>\n<p data-start=\"1076\" data-end=\"1150\">D<b>es audits et analyses des \u00e9carts<\/b> pour identifier les points \u00e0 am\u00e9liorer<\/p>\n<p data-start=\"1153\" data-end=\"1238\">D<b>es programmes de formation<\/b> pour renforcer les comp\u00e9tences de votre \u00e9quipe en SMSST<\/p>\n<p data-start=\"1241\" data-end=\"1324\">U<b>n accompagnement continu<\/b> pour garantir l\u2019am\u00e9lioration constante et la conformit\u00e9<\/p>\t\t\t\t\t\t\t\t<\/div>\n\t\t\t\t<\/div>\n\t\t\t\t<div class=\"elementor-element elementor-element-ce4e7cb elementor-widget-divider--view-line elementor-widget elementor-widget-divider\" data-id=\"ce4e7cb\" data-element_type=\"widget\" data-e-type=\"widget\" data-widget_type=\"divider.default\">\n\t\t\t\t<div class=\"elementor-widget-container\">\n\t\t\t\t\t\t\t<div class=\"elementor-divider\">\n\t\t\t<span class=\"elementor-divider-separator\">\n\t\t\t\t\t\t<\/span>\n\t\t<\/div>\n\t\t\t\t\t\t<\/div>\n\t\t\t\t<\/div>\n\t\t\t\t<\/div>\n\t\t<div class=\"elementor-element elementor-element-2be77dc e-con-full e-flex e-con e-child\" data-id=\"2be77dc\" data-element_type=\"container\" data-e-type=\"container\">\n\t\t\t\t<div class=\"elementor-element elementor-element-7a3a9ea elementor-widget elementor-widget-text-editor\" data-id=\"7a3a9ea\" data-element_type=\"widget\" data-e-type=\"widget\" data-widget_type=\"text-editor.default\">\n\t\t\t\t<div class=\"elementor-widget-container\">\n\t\t\t\t\t\t\t\t\t<p data-start=\"1326\" data-end=\"1374\"><strong data-start=\"1326\" data-end=\"1374\">Votre partenaire pour la s\u00e9curit\u00e9 au travail<\/strong><\/p><p data-start=\"1376\" data-end=\"1487\">Avec IFC Global, obtenir la certification ISO 45001 signifie b\u00e2tir un lieu de travail plus s\u00fbr et plus durable.<\/p><p data-start=\"1489\" data-end=\"1580\"><strong data-start=\"1489\" data-end=\"1580\">Contactez-nous d\u00e8s aujourd\u2019hui pour commencer votre transition vers un avenir plus s\u00fbr.<\/strong><\/p>\t\t\t\t\t\t\t\t<\/div>\n\t\t\t\t<\/div>\n\t\t\t\t<\/div>\n\t\t<div class=\"elementor-element elementor-element-cb64960 e-con-full e-flex e-con e-parent\" data-id=\"cb64960\" data-element_type=\"container\" data-e-type=\"container\">\n\t\t\t\t<div class=\"elementor-element elementor-element-701ba83 elementor-widget elementor-widget-spacer\" data-id=\"701ba83\" data-element_type=\"widget\" data-e-type=\"widget\" data-widget_type=\"spacer.default\">\n\t\t\t\t<div class=\"elementor-widget-container\">\n\t\t\t\t\t\t\t<div class=\"elementor-spacer\">\n\t\t\t<div class=\"elementor-spacer-inner\"><\/div>\n\t\t<\/div>\n\t\t\t\t\t\t<\/div>\n\t\t\t\t<\/div>\n\t\t\t\t<div class=\"elementor-element elementor-element-29a6e92 elementor-widget__width-initial elementor-cta--skin-classic elementor-animated-content elementor-bg-transform elementor-bg-transform-zoom-in elementor-widget elementor-widget-call-to-action\" data-id=\"29a6e92\" data-element_type=\"widget\" data-e-type=\"widget\" data-widget_type=\"call-to-action.default\">\n\t\t\t\t<div class=\"elementor-widget-container\">\n\t\t\t\t\t\t\t<div class=\"elementor-cta\">\n\t\t\t\t\t\t\t<div class=\"elementor-cta__content\">\n\t\t\t\t\n\t\t\t\t\t\t\t\t\t<h2 class=\"elementor-cta__title elementor-cta__content-item elementor-content-item\">\n\t\t\t\t\t\tVous N'avez Pas Encore Obtenu Votre Certificat !\t\t\t\t\t<\/h2>\n\t\t\t\t\n\t\t\t\t\t\t\t\t\t<div class=\"elementor-cta__description elementor-cta__content-item elementor-content-item\">\n\t\t\t\t\t\tPrenez contact avec nos experts pour commancer.\t\t\t\t\t<\/div>\n\t\t\t\t\n\t\t\t\t\t\t\t\t\t<div class=\"elementor-cta__button-wrapper elementor-cta__content-item elementor-content-item \">\n\t\t\t\t\t<a class=\"elementor-cta__button elementor-button elementor-size-\">\n\t\t\t\t\t\tcontactez-nous\t\t\t\t\t<\/a>\n\t\t\t\t\t<\/div>\n\t\t\t\t\t\t\t<\/div>\n\t\t\t\t\t\t<\/div>\n\t\t\t\t\t\t<\/div>\n\t\t\t\t<\/div>\n\t\t\t\t<\/div>\n\t\t\t\t<\/div>\n\t\t","protected":false},"excerpt":{"rendered":"<p>La certification ISO 45001 est la norme internationalement reconnue pour les Syst\u00e8mes de Management de la Sant\u00e9 et de la S\u00e9curit\u00e9 au Travail (SMSST). Elle aide les organisations \u00e0 g\u00e9rer proactivement les risques, \u00e9liminer les dangers et cr\u00e9er des lieux de travail plus s\u00fbrs, tout en respectant les exigences l\u00e9gales et r\u00e9glementaires. Prot\u00e9gez votre personnel,&hellip;<\/p>\n","protected":false},"author":3,"featured_media":6083,"parent":0,"menu_order":0,"comment_status":"closed","ping_status":"closed","template":"","meta":{"footnotes":""},"class_list":["post-6173","page","type-page","status-publish","has-post-thumbnail","hentry"],"yoast_head":"<!-- This site is optimized with the Yoast SEO plugin v27.4 - https:\/\/yoast.com\/product\/yoast-seo-wordpress\/ -->\n<title>ISO 45001 Certification - IFC Global Tunisie<\/title>\n<meta name=\"description\" content=\"IFC Global Tunisie vous accompagne dans l\u2019ISO 45001 certification pour garantir la s\u00e9curit\u00e9 et la conformit\u00e9.\" \/>\n<meta name=\"robots\" content=\"index, follow, max-snippet:-1, max-image-preview:large, max-video-preview:-1\" \/>\n<link rel=\"canonical\" href=\"https:\/\/www.ifc-globaltn.com\/index.php\/iso-45001-certification-occupational-health-and-safety-management-systems\/\" \/>\n<meta property=\"og:locale\" content=\"fr_FR\" \/>\n<meta property=\"og:type\" content=\"article\" \/>\n<meta property=\"og:title\" content=\"ISO 45001 Certification - IFC Global Tunisie\" \/>\n<meta property=\"og:description\" content=\"IFC Global Tunisie vous accompagne dans l\u2019ISO 45001 certification pour garantir la s\u00e9curit\u00e9 et la conformit\u00e9.\" \/>\n<meta property=\"og:url\" content=\"https:\/\/www.ifc-globaltn.com\/index.php\/iso-45001-certification-occupational-health-and-safety-management-systems\/\" \/>\n<meta property=\"og:site_name\" content=\"IFC Global.TN\" \/>\n<meta property=\"article:modified_time\" content=\"2025-07-14T10:51:36+00:00\" \/>\n<meta property=\"og:image\" content=\"https:\/\/www.ifc-globaltn.com\/wp-content\/uploads\/2025\/06\/hizmetlerimiz.jpg\" \/>\n\t<meta property=\"og:image:width\" content=\"1900\" \/>\n\t<meta property=\"og:image:height\" content=\"460\" \/>\n\t<meta property=\"og:image:type\" content=\"image\/jpeg\" \/>\n<meta name=\"twitter:card\" content=\"summary_large_image\" \/>\n<meta name=\"twitter:label1\" content=\"Dur\u00e9e de lecture estim\u00e9e\" \/>\n\t<meta name=\"twitter:data1\" content=\"2 minutes\" \/>\n<script type=\"application\/ld+json\" class=\"yoast-schema-graph\">{\"@context\":\"https:\\\/\\\/schema.org\",\"@graph\":[{\"@type\":\"WebPage\",\"@id\":\"https:\\\/\\\/www.ifc-globaltn.com\\\/index.php\\\/iso-45001-certification-occupational-health-and-safety-management-systems\\\/\",\"url\":\"https:\\\/\\\/www.ifc-globaltn.com\\\/index.php\\\/iso-45001-certification-occupational-health-and-safety-management-systems\\\/\",\"name\":\"ISO 45001 Certification - IFC Global Tunisie\",\"isPartOf\":{\"@id\":\"https:\\\/\\\/www.ifc-globaltn.com\\\/#website\"},\"primaryImageOfPage\":{\"@id\":\"https:\\\/\\\/www.ifc-globaltn.com\\\/index.php\\\/iso-45001-certification-occupational-health-and-safety-management-systems\\\/#primaryimage\"},\"image\":{\"@id\":\"https:\\\/\\\/www.ifc-globaltn.com\\\/index.php\\\/iso-45001-certification-occupational-health-and-safety-management-systems\\\/#primaryimage\"},\"thumbnailUrl\":\"https:\\\/\\\/www.ifc-globaltn.com\\\/wp-content\\\/uploads\\\/2025\\\/06\\\/hizmetlerimiz.jpg\",\"datePublished\":\"2025-06-10T09:38:03+00:00\",\"dateModified\":\"2025-07-14T10:51:36+00:00\",\"description\":\"IFC Global Tunisie vous accompagne dans l\u2019ISO 45001 certification pour garantir la s\u00e9curit\u00e9 et la conformit\u00e9.\",\"breadcrumb\":{\"@id\":\"https:\\\/\\\/www.ifc-globaltn.com\\\/index.php\\\/iso-45001-certification-occupational-health-and-safety-management-systems\\\/#breadcrumb\"},\"inLanguage\":\"fr-FR\",\"potentialAction\":[{\"@type\":\"ReadAction\",\"target\":[\"https:\\\/\\\/www.ifc-globaltn.com\\\/index.php\\\/iso-45001-certification-occupational-health-and-safety-management-systems\\\/\"]}]},{\"@type\":\"ImageObject\",\"inLanguage\":\"fr-FR\",\"@id\":\"https:\\\/\\\/www.ifc-globaltn.com\\\/index.php\\\/iso-45001-certification-occupational-health-and-safety-management-systems\\\/#primaryimage\",\"url\":\"https:\\\/\\\/www.ifc-globaltn.com\\\/wp-content\\\/uploads\\\/2025\\\/06\\\/hizmetlerimiz.jpg\",\"contentUrl\":\"https:\\\/\\\/www.ifc-globaltn.com\\\/wp-content\\\/uploads\\\/2025\\\/06\\\/hizmetlerimiz.jpg\",\"width\":1900,\"height\":460},{\"@type\":\"BreadcrumbList\",\"@id\":\"https:\\\/\\\/www.ifc-globaltn.com\\\/index.php\\\/iso-45001-certification-occupational-health-and-safety-management-systems\\\/#breadcrumb\",\"itemListElement\":[{\"@type\":\"ListItem\",\"position\":1,\"name\":\"Accueil\",\"item\":\"https:\\\/\\\/www.ifc-globaltn.com\\\/\"},{\"@type\":\"ListItem\",\"position\":2,\"name\":\"ISO 45001 CERTIFICATION OCCUPATIONAL HEALTH AND SAFETY MANAGEMENT SYSTEMS\"}]},{\"@type\":\"WebSite\",\"@id\":\"https:\\\/\\\/www.ifc-globaltn.com\\\/#website\",\"url\":\"https:\\\/\\\/www.ifc-globaltn.com\\\/\",\"name\":\"IFC Global.TN\",\"description\":\"Bienvenue sur IFC Global.TN Nous sommes la branche tunisienne officielle de IFC Global, un leader mondial dans le domaine des certifications ISO et des solutions de conformit\u00e9.\",\"publisher\":{\"@id\":\"https:\\\/\\\/www.ifc-globaltn.com\\\/#organization\"},\"potentialAction\":[{\"@type\":\"SearchAction\",\"target\":{\"@type\":\"EntryPoint\",\"urlTemplate\":\"https:\\\/\\\/www.ifc-globaltn.com\\\/?s={search_term_string}\"},\"query-input\":{\"@type\":\"PropertyValueSpecification\",\"valueRequired\":true,\"valueName\":\"search_term_string\"}}],\"inLanguage\":\"fr-FR\"},{\"@type\":\"Organization\",\"@id\":\"https:\\\/\\\/www.ifc-globaltn.com\\\/#organization\",\"name\":\"IFC Global.TN\",\"url\":\"https:\\\/\\\/www.ifc-globaltn.com\\\/\",\"logo\":{\"@type\":\"ImageObject\",\"inLanguage\":\"fr-FR\",\"@id\":\"https:\\\/\\\/www.ifc-globaltn.com\\\/#\\\/schema\\\/logo\\\/image\\\/\",\"url\":\"https:\\\/\\\/www.ifc-globaltn.com\\\/wp-content\\\/uploads\\\/2025\\\/01\\\/ifcgloballogo.png\",\"contentUrl\":\"https:\\\/\\\/www.ifc-globaltn.com\\\/wp-content\\\/uploads\\\/2025\\\/01\\\/ifcgloballogo.png\",\"width\":245,\"height\":90,\"caption\":\"IFC Global.TN\"},\"image\":{\"@id\":\"https:\\\/\\\/www.ifc-globaltn.com\\\/#\\\/schema\\\/logo\\\/image\\\/\"}}]}<\/script>\n<!-- \/ Yoast SEO plugin. -->","yoast_head_json":{"title":"ISO 45001 Certification - IFC Global Tunisie","description":"IFC Global Tunisie vous accompagne dans l\u2019ISO 45001 certification pour garantir la s\u00e9curit\u00e9 et la conformit\u00e9.","robots":{"index":"index","follow":"follow","max-snippet":"max-snippet:-1","max-image-preview":"max-image-preview:large","max-video-preview":"max-video-preview:-1"},"canonical":"https:\/\/www.ifc-globaltn.com\/index.php\/iso-45001-certification-occupational-health-and-safety-management-systems\/","og_locale":"fr_FR","og_type":"article","og_title":"ISO 45001 Certification - IFC Global Tunisie","og_description":"IFC Global Tunisie vous accompagne dans l\u2019ISO 45001 certification pour garantir la s\u00e9curit\u00e9 et la conformit\u00e9.","og_url":"https:\/\/www.ifc-globaltn.com\/index.php\/iso-45001-certification-occupational-health-and-safety-management-systems\/","og_site_name":"IFC Global.TN","article_modified_time":"2025-07-14T10:51:36+00:00","og_image":[{"width":1900,"height":460,"url":"https:\/\/www.ifc-globaltn.com\/wp-content\/uploads\/2025\/06\/hizmetlerimiz.jpg","type":"image\/jpeg"}],"twitter_card":"summary_large_image","twitter_misc":{"Dur\u00e9e de lecture estim\u00e9e":"2 minutes"},"schema":{"@context":"https:\/\/schema.org","@graph":[{"@type":"WebPage","@id":"https:\/\/www.ifc-globaltn.com\/index.php\/iso-45001-certification-occupational-health-and-safety-management-systems\/","url":"https:\/\/www.ifc-globaltn.com\/index.php\/iso-45001-certification-occupational-health-and-safety-management-systems\/","name":"ISO 45001 Certification - IFC Global Tunisie","isPartOf":{"@id":"https:\/\/www.ifc-globaltn.com\/#website"},"primaryImageOfPage":{"@id":"https:\/\/www.ifc-globaltn.com\/index.php\/iso-45001-certification-occupational-health-and-safety-management-systems\/#primaryimage"},"image":{"@id":"https:\/\/www.ifc-globaltn.com\/index.php\/iso-45001-certification-occupational-health-and-safety-management-systems\/#primaryimage"},"thumbnailUrl":"https:\/\/www.ifc-globaltn.com\/wp-content\/uploads\/2025\/06\/hizmetlerimiz.jpg","datePublished":"2025-06-10T09:38:03+00:00","dateModified":"2025-07-14T10:51:36+00:00","description":"IFC Global Tunisie vous accompagne dans l\u2019ISO 45001 certification pour garantir la s\u00e9curit\u00e9 et la conformit\u00e9.","breadcrumb":{"@id":"https:\/\/www.ifc-globaltn.com\/index.php\/iso-45001-certification-occupational-health-and-safety-management-systems\/#breadcrumb"},"inLanguage":"fr-FR","potentialAction":[{"@type":"ReadAction","target":["https:\/\/www.ifc-globaltn.com\/index.php\/iso-45001-certification-occupational-health-and-safety-management-systems\/"]}]},{"@type":"ImageObject","inLanguage":"fr-FR","@id":"https:\/\/www.ifc-globaltn.com\/index.php\/iso-45001-certification-occupational-health-and-safety-management-systems\/#primaryimage","url":"https:\/\/www.ifc-globaltn.com\/wp-content\/uploads\/2025\/06\/hizmetlerimiz.jpg","contentUrl":"https:\/\/www.ifc-globaltn.com\/wp-content\/uploads\/2025\/06\/hizmetlerimiz.jpg","width":1900,"height":460},{"@type":"BreadcrumbList","@id":"https:\/\/www.ifc-globaltn.com\/index.php\/iso-45001-certification-occupational-health-and-safety-management-systems\/#breadcrumb","itemListElement":[{"@type":"ListItem","position":1,"name":"Accueil","item":"https:\/\/www.ifc-globaltn.com\/"},{"@type":"ListItem","position":2,"name":"ISO 45001 CERTIFICATION OCCUPATIONAL HEALTH AND SAFETY MANAGEMENT SYSTEMS"}]},{"@type":"WebSite","@id":"https:\/\/www.ifc-globaltn.com\/#website","url":"https:\/\/www.ifc-globaltn.com\/","name":"IFC Global.TN","description":"Bienvenue sur IFC Global.TN Nous sommes la branche tunisienne officielle de IFC Global, un leader mondial dans le domaine des certifications ISO et des solutions de conformit\u00e9.","publisher":{"@id":"https:\/\/www.ifc-globaltn.com\/#organization"},"potentialAction":[{"@type":"SearchAction","target":{"@type":"EntryPoint","urlTemplate":"https:\/\/www.ifc-globaltn.com\/?s={search_term_string}"},"query-input":{"@type":"PropertyValueSpecification","valueRequired":true,"valueName":"search_term_string"}}],"inLanguage":"fr-FR"},{"@type":"Organization","@id":"https:\/\/www.ifc-globaltn.com\/#organization","name":"IFC Global.TN","url":"https:\/\/www.ifc-globaltn.com\/","logo":{"@type":"ImageObject","inLanguage":"fr-FR","@id":"https:\/\/www.ifc-globaltn.com\/#\/schema\/logo\/image\/","url":"https:\/\/www.ifc-globaltn.com\/wp-content\/uploads\/2025\/01\/ifcgloballogo.png","contentUrl":"https:\/\/www.ifc-globaltn.com\/wp-content\/uploads\/2025\/01\/ifcgloballogo.png","width":245,"height":90,"caption":"IFC Global.TN"},"image":{"@id":"https:\/\/www.ifc-globaltn.com\/#\/schema\/logo\/image\/"}}]}},"_links":{"self":[{"href":"https:\/\/www.ifc-globaltn.com\/index.php\/wp-json\/wp\/v2\/pages\/6173","targetHints":{"allow":["GET"]}}],"collection":[{"href":"https:\/\/www.ifc-globaltn.com\/index.php\/wp-json\/wp\/v2\/pages"}],"about":[{"href":"https:\/\/www.ifc-globaltn.com\/index.php\/wp-json\/wp\/v2\/types\/page"}],"author":[{"embeddable":true,"href":"https:\/\/www.ifc-globaltn.com\/index.php\/wp-json\/wp\/v2\/users\/3"}],"replies":[{"embeddable":true,"href":"https:\/\/www.ifc-globaltn.com\/index.php\/wp-json\/wp\/v2\/comments?post=6173"}],"version-history":[{"count":4,"href":"https:\/\/www.ifc-globaltn.com\/index.php\/wp-json\/wp\/v2\/pages\/6173\/revisions"}],"predecessor-version":[{"id":6177,"href":"https:\/\/www.ifc-globaltn.com\/index.php\/wp-json\/wp\/v2\/pages\/6173\/revisions\/6177"}],"wp:featuredmedia":[{"embeddable":true,"href":"https:\/\/www.ifc-globaltn.com\/index.php\/wp-json\/wp\/v2\/media\/6083"}],"wp:attachment":[{"href":"https:\/\/www.ifc-globaltn.com\/index.php\/wp-json\/wp\/v2\/media?parent=6173"}],"curies":[{"name":"wp","href":"https:\/\/api.w.org\/{rel}","templated":true}]}}