{"id":6184,"date":"2025-06-10T12:44:49","date_gmt":"2025-06-10T10:44:49","guid":{"rendered":"https:\/\/www.ifc-globaltn.com\/?page_id=6184"},"modified":"2025-07-14T11:55:33","modified_gmt":"2025-07-14T10:55:33","slug":"certification-iso-22000-systemes-de-gestion-de-la-securite-alimentaire","status":"publish","type":"page","link":"https:\/\/www.ifc-globaltn.com\/index.php\/certification-iso-22000-systemes-de-gestion-de-la-securite-alimentaire\/","title":{"rendered":"CERTIFICATION ISO 22000 SYST\u00c8MES DE GESTION DE LA S\u00c9CURIT\u00c9 ALIMENTAIRE"},"content":{"rendered":"\t\t<div data-elementor-type=\"wp-page\" data-elementor-id=\"6184\" class=\"elementor elementor-6184\" data-elementor-post-type=\"page\">\n\t\t\t\t<div class=\"elementor-element elementor-element-f41c7c5 e-con-full e-flex e-con e-parent\" data-id=\"f41c7c5\" data-element_type=\"container\" data-e-type=\"container\">\n\t\t\t\t<div class=\"elementor-element elementor-element-c5e4aab elementor-widget elementor-widget-heading\" data-id=\"c5e4aab\" data-element_type=\"widget\" data-e-type=\"widget\" data-widget_type=\"heading.default\">\n\t\t\t\t<div class=\"elementor-widget-container\">\n\t\t\t\t\t<h3 class=\"elementor-heading-title elementor-size-default\"><b>La certification ISO 22000 est une norme mondiale pour les Syst\u00e8mes de Management de la S\u00e9curit\u00e9 Alimentaire, int\u00e9grant les bonnes pratiques de fabrication (BPF) et l\u2019HACCP pour g\u00e9rer les risques tout au long de la cha\u00eene alimentaire.<\/b><\/h3>\t\t\t\t<\/div>\n\t\t\t\t<\/div>\n\t\t\t\t<div class=\"elementor-element elementor-element-ac1fc93 elementor-widget-divider--view-line elementor-widget elementor-widget-divider\" data-id=\"ac1fc93\" data-element_type=\"widget\" data-e-type=\"widget\" data-widget_type=\"divider.default\">\n\t\t\t\t<div class=\"elementor-widget-container\">\n\t\t\t\t\t\t\t<div class=\"elementor-divider\">\n\t\t\t<span class=\"elementor-divider-separator\">\n\t\t\t\t\t\t<\/span>\n\t\t<\/div>\n\t\t\t\t\t\t<\/div>\n\t\t\t\t<\/div>\n\t\t\t\t<\/div>\n\t\t<div class=\"elementor-element elementor-element-aa26609 e-con-full e-flex e-con e-parent\" data-id=\"aa26609\" data-element_type=\"container\" data-e-type=\"container\">\n\t\t<div class=\"elementor-element elementor-element-51adbf6 e-con-full e-flex e-con e-child\" data-id=\"51adbf6\" data-element_type=\"container\" data-e-type=\"container\">\n\t\t\t\t<div class=\"elementor-element elementor-element-fc6aaa0 elementor-widget elementor-widget-image\" data-id=\"fc6aaa0\" data-element_type=\"widget\" data-e-type=\"widget\" data-widget_type=\"image.default\">\n\t\t\t\t<div class=\"elementor-widget-container\">\n\t\t\t\t\t\t\t\t\t\t\t\t\t\t\t<img decoding=\"async\" src=\"https:\/\/www.ifc-globaltn.com\/wp-content\/uploads\/elementor\/thumbs\/gida-guvenligi-yonetim-sistemleri-r7bbsa4s5j69hw5jiaozfqqb6k70tcjw57xy1u6q2i.png\" title=\"gida-guvenligi-yonetim-sistemleri\" alt=\"gida-guvenligi-yonetim-sistemleri\" loading=\"lazy\" \/>\t\t\t\t\t\t\t\t\t\t\t\t\t\t\t<\/div>\n\t\t\t\t<\/div>\n\t\t\t\t<\/div>\n\t\t<div class=\"elementor-element elementor-element-08cc674 e-con-full e-flex e-con e-child\" data-id=\"08cc674\" data-element_type=\"container\" data-e-type=\"container\">\n\t\t\t\t<div class=\"elementor-element elementor-element-f31d520 elementor-widget elementor-widget-text-editor\" data-id=\"f31d520\" data-element_type=\"widget\" data-e-type=\"widget\" data-widget_type=\"text-editor.default\">\n\t\t\t\t<div class=\"elementor-widget-container\">\n\t\t\t\t\t\t\t\t\t<p data-start=\"67\" data-end=\"172\"><strong data-start=\"62\" data-end=\"167\">Assurez la s\u00e9curit\u00e9 alimentaire, renforcez la confiance tout au long de la cha\u00eene d\u2019approvisionnement<\/strong><br data-start=\"167\" data-end=\"170\" \/>ISO 22000 est la norme internationalement reconnue pour les Syst\u00e8mes de Management de la S\u00e9curit\u00e9 Alimentaire (SMSA), permettant aux organisations de g\u00e9rer et r\u00e9duire efficacement les risques li\u00e9s \u00e0 la s\u00e9curit\u00e9 alimentaire. Elle combine les \u00e9l\u00e9ments des Bonnes Pratiques de Fabrication (BPF) et de l\u2019HACCP (Analyse des Dangers \u2013 Points Critiques pour leur Ma\u00eetrise) afin d\u2019assurer la s\u00e9curit\u00e9 \u00e0 chaque \u00e9tape de la cha\u00eene alimentaire \u2014 de la production agricole \u00e0 la transformation, l\u2019emballage, le stockage et la distribution.<\/p>\t\t\t\t\t\t\t\t<\/div>\n\t\t\t\t<\/div>\n\t\t\t\t<div class=\"elementor-element elementor-element-4242c77 elementor-widget-divider--view-line elementor-widget elementor-widget-divider\" data-id=\"4242c77\" data-element_type=\"widget\" data-e-type=\"widget\" data-widget_type=\"divider.default\">\n\t\t\t\t<div class=\"elementor-widget-container\">\n\t\t\t\t\t\t\t<div class=\"elementor-divider\">\n\t\t\t<span class=\"elementor-divider-separator\">\n\t\t\t\t\t\t<\/span>\n\t\t<\/div>\n\t\t\t\t\t\t<\/div>\n\t\t\t\t<\/div>\n\t\t\t\t<div class=\"elementor-element elementor-element-9c0b692 elementor-widget elementor-widget-text-editor\" data-id=\"9c0b692\" data-element_type=\"widget\" data-e-type=\"widget\" data-widget_type=\"text-editor.default\">\n\t\t\t\t<div class=\"elementor-widget-container\">\n\t\t\t\t\t\t\t\t\t<p style=\"margin-bottom: 20px;\" data-start=\"698\" data-end=\"750\"><span style=\"font-weight: bold;\" data-start=\"698\" data-end=\"750\">Les avantages de la certification ISO 22000:2018<\/span><\/p>\t\t\t\t\t\t\t\t<\/div>\n\t\t\t\t<\/div>\n\t\t\t\t<\/div>\n\t\t\t\t<\/div>\n\t\t<div class=\"elementor-element elementor-element-c0ae717 e-con-full e-flex e-con e-child\" data-id=\"c0ae717\" data-element_type=\"container\" data-e-type=\"container\">\n\t\t\t\t<div class=\"elementor-element elementor-element-0338b1f elementor-widget elementor-widget-text-editor\" data-id=\"0338b1f\" data-element_type=\"widget\" data-e-type=\"widget\" data-widget_type=\"text-editor.default\">\n\t\t\t\t<div class=\"elementor-widget-container\">\n\t\t\t\t\t\t\t\t\t<p data-start=\"698\" data-end=\"750\"><span style=\"background-color: rgba(255, 255, 255, 0); word-spacing: normal;\">ISO 22000 harmonise les exigences en mati\u00e8re de s\u00e9curit\u00e9 alimentaire au niveau mondial et offre un avantage comp\u00e9titif en aidant les organisations \u00e0 :<\/span><\/p><p data-start=\"906\" data-end=\"973\">Contr\u00f4ler et minimiser les dangers li\u00e9s \u00e0 la s\u00e9curit\u00e9 alimentaire<\/p><p data-start=\"976\" data-end=\"1051\">D\u00e9montrer un engagement fort envers la s\u00e9curit\u00e9 alimentaire et la qualit\u00e9<\/p><p data-start=\"1054\" data-end=\"1168\">Simplifier les \u00e9changes commerciaux et faciliter la vente des produits \u00e0 travers les cha\u00eenes d\u2019approvisionnement<\/p><p data-start=\"1171\" data-end=\"1245\">Gagner la confiance des clients et renforcer leur avantage concurrentiel<\/p><p data-start=\"1248\" data-end=\"1359\">S\u2019int\u00e9grer facilement aux syst\u00e8mes de management ISO existants pour r\u00e9duire les perturbations op\u00e9rationnelles<\/p>\t\t\t\t\t\t\t\t<\/div>\n\t\t\t\t<\/div>\n\t\t\t\t<div class=\"elementor-element elementor-element-b4f9d2e elementor-widget-divider--view-line elementor-widget elementor-widget-divider\" data-id=\"b4f9d2e\" data-element_type=\"widget\" data-e-type=\"widget\" data-widget_type=\"divider.default\">\n\t\t\t\t<div class=\"elementor-widget-container\">\n\t\t\t\t\t\t\t<div class=\"elementor-divider\">\n\t\t\t<span class=\"elementor-divider-separator\">\n\t\t\t\t\t\t<\/span>\n\t\t<\/div>\n\t\t\t\t\t\t<\/div>\n\t\t\t\t<\/div>\n\t\t\t\t<\/div>\n\t\t<div class=\"elementor-element elementor-element-8471a4c e-con-full e-flex e-con e-child\" data-id=\"8471a4c\" data-element_type=\"container\" data-e-type=\"container\">\n\t\t\t\t<div class=\"elementor-element elementor-element-6bf35f7 elementor-widget elementor-widget-text-editor\" data-id=\"6bf35f7\" data-element_type=\"widget\" data-e-type=\"widget\" data-widget_type=\"text-editor.default\">\n\t\t\t\t<div class=\"elementor-widget-container\">\n\t\t\t\t\t\t\t\t\t<p data-start=\"1361\" data-end=\"1399\"><strong data-start=\"1361\" data-end=\"1399\">Comment IFC Global peut vous aider<\/strong><\/p><p data-start=\"1401\" data-end=\"1500\">Chez IFC Global, nous offrons un accompagnement complet pour la certification ISO 22000, incluant :<\/p><p data-start=\"1504\" data-end=\"1602\"><strong data-start=\"1504\" data-end=\"1531\">Programmes de formation<\/strong> : Former vos \u00e9quipes aux exigences et \u00e0 la mise en \u0153uvre d\u2019ISO 22000<\/p><p data-start=\"1605\" data-end=\"1698\"><strong data-start=\"1605\" data-end=\"1628\">Analyses des \u00e9carts<\/strong> : Identifier les axes d\u2019am\u00e9lioration avant l\u2019audit de certification<\/p><p data-start=\"1701\" data-end=\"1816\"><strong data-start=\"1701\" data-end=\"1728\">Audits et certification<\/strong> : R\u00e9aliser des \u00e9valuations ind\u00e9pendantes pour v\u00e9rifier la conformit\u00e9 \u00e0 ISO 22000:2018<\/p>\t\t\t\t\t\t\t\t<\/div>\n\t\t\t\t<\/div>\n\t\t\t\t<div class=\"elementor-element elementor-element-6e792b0 elementor-widget-divider--view-line elementor-widget elementor-widget-divider\" data-id=\"6e792b0\" data-element_type=\"widget\" data-e-type=\"widget\" data-widget_type=\"divider.default\">\n\t\t\t\t<div class=\"elementor-widget-container\">\n\t\t\t\t\t\t\t<div class=\"elementor-divider\">\n\t\t\t<span class=\"elementor-divider-separator\">\n\t\t\t\t\t\t<\/span>\n\t\t<\/div>\n\t\t\t\t\t\t<\/div>\n\t\t\t\t<\/div>\n\t\t\t\t<\/div>\n\t\t<div class=\"elementor-element elementor-element-8fd42a7 e-con-full e-flex e-con e-child\" data-id=\"8fd42a7\" data-element_type=\"container\" data-e-type=\"container\">\n\t\t\t\t<div class=\"elementor-element elementor-element-7684881 elementor-widget elementor-widget-text-editor\" data-id=\"7684881\" data-element_type=\"widget\" data-e-type=\"widget\" data-widget_type=\"text-editor.default\">\n\t\t\t\t<div class=\"elementor-widget-container\">\n\t\t\t\t\t\t\t\t\t<p data-start=\"1818\" data-end=\"1867\"><strong data-start=\"1818\" data-end=\"1867\">Votre partenaire pour la s\u00e9curit\u00e9 alimentaire<\/strong><\/p><p data-start=\"1869\" data-end=\"2140\">Gr\u00e2ce \u00e0 l\u2019expertise d\u2019IFC Global et notre engagement \u00ab Certifier la confiance, Inspirer la croissance \u00bb, nous vous accompagnons pour obtenir efficacement votre certification ISO 22000 et renforcer votre cr\u00e9dibilit\u00e9 dans la cha\u00eene mondiale d\u2019approvisionnement alimentaire.<\/p><p data-start=\"2142\" data-end=\"2239\"><strong data-start=\"2142\" data-end=\"2239\">Contactez-nous d\u00e8s aujourd\u2019hui pour commencer votre parcours vers la certification ISO 22000.<\/strong><\/p>\t\t\t\t\t\t\t\t<\/div>\n\t\t\t\t<\/div>\n\t\t\t\t<\/div>\n\t\t<div class=\"elementor-element elementor-element-cd2efff e-flex e-con-boxed e-con e-parent\" data-id=\"cd2efff\" data-element_type=\"container\" data-e-type=\"container\">\n\t\t\t\t\t<div class=\"e-con-inner\">\n\t\t\t\t<div class=\"elementor-element elementor-element-31277d7 e-n-tabs-mobile elementor-widget elementor-widget-n-tabs\" data-id=\"31277d7\" data-element_type=\"widget\" data-e-type=\"widget\" data-settings=\"{&quot;tabs_justify_horizontal&quot;:&quot;start&quot;,&quot;horizontal_scroll&quot;:&quot;disable&quot;}\" data-widget_type=\"nested-tabs.default\">\n\t\t\t\t<div class=\"elementor-widget-container\">\n\t\t\t\t\t\t\t<div class=\"e-n-tabs\" data-widget-number=\"51541975\" aria-label=\"Onglets. Ouvrez des \u00e9l\u00e9ments avec Entrer ou Espace, fermez-les avec Echape et naviguez \u00e0 l&#039;aide des touches fl\u00e9ch\u00e9es.\">\n\t\t\t<div class=\"e-n-tabs-heading\" role=\"tablist\">\n\t\t\t\t\t<button id=\"e-n-tab-title-515419751\" data-tab-title-id=\"e-n-tab-title-515419751\" class=\"e-n-tab-title\" aria-selected=\"true\" data-tab-index=\"1\" role=\"tab\" tabindex=\"0\" aria-controls=\"e-n-tab-content-515419751\" style=\"--n-tabs-title-order: 1;\">\n\t\t\t\t\t\t<span class=\"e-n-tab-title-text\">\n\t\t\t\tBLOG\t\t\t<\/span>\n\t\t<\/button>\n\t\t\t\t\t<\/div>\n\t\t\t<div class=\"e-n-tabs-content\">\n\t\t\t\t<div id=\"e-n-tab-content-515419751\" role=\"tabpanel\" aria-labelledby=\"e-n-tab-title-515419751\" data-tab-index=\"1\" style=\"--n-tabs-title-order: 1;\" class=\"e-active elementor-element elementor-element-ddcd9a4 e-con-full e-flex e-con e-child\" data-id=\"ddcd9a4\" data-element_type=\"container\" data-e-type=\"container\">\n\t\t<div class=\"elementor-element elementor-element-0ed5b1c e-con-full e-flex e-con e-child\" data-id=\"0ed5b1c\" data-element_type=\"container\" data-e-type=\"container\">\n\t\t\t\t<div class=\"elementor-element elementor-element-fd94b05 elementor-widget__width-initial elementor-widget elementor-widget-heading\" data-id=\"fd94b05\" data-element_type=\"widget\" data-e-type=\"widget\" data-widget_type=\"heading.default\">\n\t\t\t\t<div class=\"elementor-widget-container\">\n\t\t\t\t\t<p class=\"elementor-heading-title elementor-size-default\"><a href=\"#\">ISO 22000 CERTIFICATION<\/a><\/p>\t\t\t\t<\/div>\n\t\t\t\t<\/div>\n\t\t\t\t<\/div>\n\t\t\t\t<\/div>\n\t\t\t\t\t<\/div>\n\t\t<\/div>\n\t\t\t\t\t\t<\/div>\n\t\t\t\t<\/div>\n\t\t\t\t\t<\/div>\n\t\t\t\t<\/div>\n\t\t<div class=\"elementor-element elementor-element-36802d3 e-con-full e-flex e-con e-parent\" data-id=\"36802d3\" data-element_type=\"container\" data-e-type=\"container\">\n\t\t\t\t<div class=\"elementor-element elementor-element-c9c1dd5 elementor-widget elementor-widget-spacer\" data-id=\"c9c1dd5\" data-element_type=\"widget\" data-e-type=\"widget\" data-widget_type=\"spacer.default\">\n\t\t\t\t<div class=\"elementor-widget-container\">\n\t\t\t\t\t\t\t<div class=\"elementor-spacer\">\n\t\t\t<div class=\"elementor-spacer-inner\"><\/div>\n\t\t<\/div>\n\t\t\t\t\t\t<\/div>\n\t\t\t\t<\/div>\n\t\t\t\t<div class=\"elementor-element elementor-element-dc0e824 elementor-widget__width-initial elementor-cta--skin-classic elementor-animated-content elementor-bg-transform elementor-bg-transform-zoom-in elementor-widget elementor-widget-call-to-action\" data-id=\"dc0e824\" data-element_type=\"widget\" data-e-type=\"widget\" data-widget_type=\"call-to-action.default\">\n\t\t\t\t<div class=\"elementor-widget-container\">\n\t\t\t\t\t\t\t<div class=\"elementor-cta\">\n\t\t\t\t\t\t\t<div class=\"elementor-cta__content\">\n\t\t\t\t\n\t\t\t\t\t\t\t\t\t<h2 class=\"elementor-cta__title elementor-cta__content-item elementor-content-item\">\n\t\t\t\t\t\tVous N'avez Pas Encore Obtenu Votre Certificat !\t\t\t\t\t<\/h2>\n\t\t\t\t\n\t\t\t\t\t\t\t\t\t<div class=\"elementor-cta__description elementor-cta__content-item elementor-content-item\">\n\t\t\t\t\t\tPrenez contact avec nos experts pour commancer.\t\t\t\t\t<\/div>\n\t\t\t\t\n\t\t\t\t\t\t\t\t\t<div class=\"elementor-cta__button-wrapper elementor-cta__content-item elementor-content-item \">\n\t\t\t\t\t<a class=\"elementor-cta__button elementor-button elementor-size-\">\n\t\t\t\t\t\tcontactez-nous\t\t\t\t\t<\/a>\n\t\t\t\t\t<\/div>\n\t\t\t\t\t\t\t<\/div>\n\t\t\t\t\t\t<\/div>\n\t\t\t\t\t\t<\/div>\n\t\t\t\t<\/div>\n\t\t\t\t<\/div>\n\t\t\t\t<\/div>\n\t\t","protected":false},"excerpt":{"rendered":"<p>La certification ISO 22000 est une norme mondiale pour les Syst\u00e8mes de Management de la S\u00e9curit\u00e9 Alimentaire, int\u00e9grant les bonnes pratiques de fabrication (BPF) et l\u2019HACCP pour g\u00e9rer les risques tout au long de la cha\u00eene alimentaire. Assurez la s\u00e9curit\u00e9 alimentaire, renforcez la confiance tout au long de la cha\u00eene d\u2019approvisionnementISO 22000 est la norme&hellip;<\/p>\n","protected":false},"author":3,"featured_media":6083,"parent":0,"menu_order":0,"comment_status":"closed","ping_status":"closed","template":"","meta":{"footnotes":""},"class_list":["post-6184","page","type-page","status-publish","has-post-thumbnail","hentry"],"yoast_head":"<!-- This site is optimized with the Yoast SEO plugin v27.4 - https:\/\/yoast.com\/product\/yoast-seo-wordpress\/ -->\n<title>Certification ISO 22000 - IFC Global Tunisie<\/title>\n<meta name=\"description\" content=\"IFC Global Tunisie vous accompagne dans la certification ISO 22000 pour garantir la s\u00e9curit\u00e9 alimentaire, la conformit\u00e9 r\u00e9glementaire et la qualit\u00e9 des produits.\" \/>\n<meta name=\"robots\" content=\"index, follow, max-snippet:-1, max-image-preview:large, max-video-preview:-1\" \/>\n<link rel=\"canonical\" href=\"https:\/\/www.ifc-globaltn.com\/index.php\/certification-iso-22000-systemes-de-gestion-de-la-securite-alimentaire\/\" \/>\n<meta property=\"og:locale\" content=\"fr_FR\" \/>\n<meta property=\"og:type\" content=\"article\" \/>\n<meta property=\"og:title\" content=\"Certification ISO 22000 - IFC Global Tunisie\" \/>\n<meta property=\"og:description\" content=\"IFC Global Tunisie vous accompagne dans la certification ISO 22000 pour garantir la s\u00e9curit\u00e9 alimentaire, la conformit\u00e9 r\u00e9glementaire et la qualit\u00e9 des produits.\" \/>\n<meta property=\"og:url\" content=\"https:\/\/www.ifc-globaltn.com\/index.php\/certification-iso-22000-systemes-de-gestion-de-la-securite-alimentaire\/\" \/>\n<meta property=\"og:site_name\" content=\"IFC Global.TN\" \/>\n<meta property=\"article:modified_time\" content=\"2025-07-14T10:55:33+00:00\" \/>\n<meta property=\"og:image\" content=\"https:\/\/www.ifc-globaltn.com\/wp-content\/uploads\/2025\/06\/hizmetlerimiz.jpg\" \/>\n\t<meta property=\"og:image:width\" content=\"1900\" \/>\n\t<meta property=\"og:image:height\" content=\"460\" \/>\n\t<meta property=\"og:image:type\" content=\"image\/jpeg\" \/>\n<meta name=\"twitter:card\" content=\"summary_large_image\" \/>\n<meta name=\"twitter:label1\" content=\"Dur\u00e9e de lecture estim\u00e9e\" \/>\n\t<meta name=\"twitter:data1\" content=\"3 minutes\" \/>\n<script type=\"application\/ld+json\" class=\"yoast-schema-graph\">{\"@context\":\"https:\\\/\\\/schema.org\",\"@graph\":[{\"@type\":\"WebPage\",\"@id\":\"https:\\\/\\\/www.ifc-globaltn.com\\\/index.php\\\/certification-iso-22000-systemes-de-gestion-de-la-securite-alimentaire\\\/\",\"url\":\"https:\\\/\\\/www.ifc-globaltn.com\\\/index.php\\\/certification-iso-22000-systemes-de-gestion-de-la-securite-alimentaire\\\/\",\"name\":\"Certification ISO 22000 - IFC Global Tunisie\",\"isPartOf\":{\"@id\":\"https:\\\/\\\/www.ifc-globaltn.com\\\/#website\"},\"primaryImageOfPage\":{\"@id\":\"https:\\\/\\\/www.ifc-globaltn.com\\\/index.php\\\/certification-iso-22000-systemes-de-gestion-de-la-securite-alimentaire\\\/#primaryimage\"},\"image\":{\"@id\":\"https:\\\/\\\/www.ifc-globaltn.com\\\/index.php\\\/certification-iso-22000-systemes-de-gestion-de-la-securite-alimentaire\\\/#primaryimage\"},\"thumbnailUrl\":\"https:\\\/\\\/www.ifc-globaltn.com\\\/wp-content\\\/uploads\\\/2025\\\/06\\\/hizmetlerimiz.jpg\",\"datePublished\":\"2025-06-10T10:44:49+00:00\",\"dateModified\":\"2025-07-14T10:55:33+00:00\",\"description\":\"IFC Global Tunisie vous accompagne dans la certification ISO 22000 pour garantir la s\u00e9curit\u00e9 alimentaire, la conformit\u00e9 r\u00e9glementaire et la qualit\u00e9 des produits.\",\"breadcrumb\":{\"@id\":\"https:\\\/\\\/www.ifc-globaltn.com\\\/index.php\\\/certification-iso-22000-systemes-de-gestion-de-la-securite-alimentaire\\\/#breadcrumb\"},\"inLanguage\":\"fr-FR\",\"potentialAction\":[{\"@type\":\"ReadAction\",\"target\":[\"https:\\\/\\\/www.ifc-globaltn.com\\\/index.php\\\/certification-iso-22000-systemes-de-gestion-de-la-securite-alimentaire\\\/\"]}]},{\"@type\":\"ImageObject\",\"inLanguage\":\"fr-FR\",\"@id\":\"https:\\\/\\\/www.ifc-globaltn.com\\\/index.php\\\/certification-iso-22000-systemes-de-gestion-de-la-securite-alimentaire\\\/#primaryimage\",\"url\":\"https:\\\/\\\/www.ifc-globaltn.com\\\/wp-content\\\/uploads\\\/2025\\\/06\\\/hizmetlerimiz.jpg\",\"contentUrl\":\"https:\\\/\\\/www.ifc-globaltn.com\\\/wp-content\\\/uploads\\\/2025\\\/06\\\/hizmetlerimiz.jpg\",\"width\":1900,\"height\":460},{\"@type\":\"BreadcrumbList\",\"@id\":\"https:\\\/\\\/www.ifc-globaltn.com\\\/index.php\\\/certification-iso-22000-systemes-de-gestion-de-la-securite-alimentaire\\\/#breadcrumb\",\"itemListElement\":[{\"@type\":\"ListItem\",\"position\":1,\"name\":\"Accueil\",\"item\":\"https:\\\/\\\/www.ifc-globaltn.com\\\/\"},{\"@type\":\"ListItem\",\"position\":2,\"name\":\"CERTIFICATION ISO 22000 SYST\u00c8MES DE GESTION DE LA S\u00c9CURIT\u00c9 ALIMENTAIRE\"}]},{\"@type\":\"WebSite\",\"@id\":\"https:\\\/\\\/www.ifc-globaltn.com\\\/#website\",\"url\":\"https:\\\/\\\/www.ifc-globaltn.com\\\/\",\"name\":\"IFC Global.TN\",\"description\":\"Bienvenue sur IFC Global.TN Nous sommes la branche tunisienne officielle de IFC Global, un leader mondial dans le domaine des certifications ISO et des solutions de conformit\u00e9.\",\"publisher\":{\"@id\":\"https:\\\/\\\/www.ifc-globaltn.com\\\/#organization\"},\"potentialAction\":[{\"@type\":\"SearchAction\",\"target\":{\"@type\":\"EntryPoint\",\"urlTemplate\":\"https:\\\/\\\/www.ifc-globaltn.com\\\/?s={search_term_string}\"},\"query-input\":{\"@type\":\"PropertyValueSpecification\",\"valueRequired\":true,\"valueName\":\"search_term_string\"}}],\"inLanguage\":\"fr-FR\"},{\"@type\":\"Organization\",\"@id\":\"https:\\\/\\\/www.ifc-globaltn.com\\\/#organization\",\"name\":\"IFC Global.TN\",\"url\":\"https:\\\/\\\/www.ifc-globaltn.com\\\/\",\"logo\":{\"@type\":\"ImageObject\",\"inLanguage\":\"fr-FR\",\"@id\":\"https:\\\/\\\/www.ifc-globaltn.com\\\/#\\\/schema\\\/logo\\\/image\\\/\",\"url\":\"https:\\\/\\\/www.ifc-globaltn.com\\\/wp-content\\\/uploads\\\/2025\\\/01\\\/ifcgloballogo.png\",\"contentUrl\":\"https:\\\/\\\/www.ifc-globaltn.com\\\/wp-content\\\/uploads\\\/2025\\\/01\\\/ifcgloballogo.png\",\"width\":245,\"height\":90,\"caption\":\"IFC Global.TN\"},\"image\":{\"@id\":\"https:\\\/\\\/www.ifc-globaltn.com\\\/#\\\/schema\\\/logo\\\/image\\\/\"}}]}<\/script>\n<!-- \/ Yoast SEO plugin. -->","yoast_head_json":{"title":"Certification ISO 22000 - IFC Global Tunisie","description":"IFC Global Tunisie vous accompagne dans la certification ISO 22000 pour garantir la s\u00e9curit\u00e9 alimentaire, la conformit\u00e9 r\u00e9glementaire et la qualit\u00e9 des produits.","robots":{"index":"index","follow":"follow","max-snippet":"max-snippet:-1","max-image-preview":"max-image-preview:large","max-video-preview":"max-video-preview:-1"},"canonical":"https:\/\/www.ifc-globaltn.com\/index.php\/certification-iso-22000-systemes-de-gestion-de-la-securite-alimentaire\/","og_locale":"fr_FR","og_type":"article","og_title":"Certification ISO 22000 - IFC Global Tunisie","og_description":"IFC Global Tunisie vous accompagne dans la certification ISO 22000 pour garantir la s\u00e9curit\u00e9 alimentaire, la conformit\u00e9 r\u00e9glementaire et la qualit\u00e9 des produits.","og_url":"https:\/\/www.ifc-globaltn.com\/index.php\/certification-iso-22000-systemes-de-gestion-de-la-securite-alimentaire\/","og_site_name":"IFC Global.TN","article_modified_time":"2025-07-14T10:55:33+00:00","og_image":[{"width":1900,"height":460,"url":"https:\/\/www.ifc-globaltn.com\/wp-content\/uploads\/2025\/06\/hizmetlerimiz.jpg","type":"image\/jpeg"}],"twitter_card":"summary_large_image","twitter_misc":{"Dur\u00e9e de lecture estim\u00e9e":"3 minutes"},"schema":{"@context":"https:\/\/schema.org","@graph":[{"@type":"WebPage","@id":"https:\/\/www.ifc-globaltn.com\/index.php\/certification-iso-22000-systemes-de-gestion-de-la-securite-alimentaire\/","url":"https:\/\/www.ifc-globaltn.com\/index.php\/certification-iso-22000-systemes-de-gestion-de-la-securite-alimentaire\/","name":"Certification ISO 22000 - IFC Global Tunisie","isPartOf":{"@id":"https:\/\/www.ifc-globaltn.com\/#website"},"primaryImageOfPage":{"@id":"https:\/\/www.ifc-globaltn.com\/index.php\/certification-iso-22000-systemes-de-gestion-de-la-securite-alimentaire\/#primaryimage"},"image":{"@id":"https:\/\/www.ifc-globaltn.com\/index.php\/certification-iso-22000-systemes-de-gestion-de-la-securite-alimentaire\/#primaryimage"},"thumbnailUrl":"https:\/\/www.ifc-globaltn.com\/wp-content\/uploads\/2025\/06\/hizmetlerimiz.jpg","datePublished":"2025-06-10T10:44:49+00:00","dateModified":"2025-07-14T10:55:33+00:00","description":"IFC Global Tunisie vous accompagne dans la certification ISO 22000 pour garantir la s\u00e9curit\u00e9 alimentaire, la conformit\u00e9 r\u00e9glementaire et la qualit\u00e9 des produits.","breadcrumb":{"@id":"https:\/\/www.ifc-globaltn.com\/index.php\/certification-iso-22000-systemes-de-gestion-de-la-securite-alimentaire\/#breadcrumb"},"inLanguage":"fr-FR","potentialAction":[{"@type":"ReadAction","target":["https:\/\/www.ifc-globaltn.com\/index.php\/certification-iso-22000-systemes-de-gestion-de-la-securite-alimentaire\/"]}]},{"@type":"ImageObject","inLanguage":"fr-FR","@id":"https:\/\/www.ifc-globaltn.com\/index.php\/certification-iso-22000-systemes-de-gestion-de-la-securite-alimentaire\/#primaryimage","url":"https:\/\/www.ifc-globaltn.com\/wp-content\/uploads\/2025\/06\/hizmetlerimiz.jpg","contentUrl":"https:\/\/www.ifc-globaltn.com\/wp-content\/uploads\/2025\/06\/hizmetlerimiz.jpg","width":1900,"height":460},{"@type":"BreadcrumbList","@id":"https:\/\/www.ifc-globaltn.com\/index.php\/certification-iso-22000-systemes-de-gestion-de-la-securite-alimentaire\/#breadcrumb","itemListElement":[{"@type":"ListItem","position":1,"name":"Accueil","item":"https:\/\/www.ifc-globaltn.com\/"},{"@type":"ListItem","position":2,"name":"CERTIFICATION ISO 22000 SYST\u00c8MES DE GESTION DE LA S\u00c9CURIT\u00c9 ALIMENTAIRE"}]},{"@type":"WebSite","@id":"https:\/\/www.ifc-globaltn.com\/#website","url":"https:\/\/www.ifc-globaltn.com\/","name":"IFC Global.TN","description":"Bienvenue sur IFC Global.TN Nous sommes la branche tunisienne officielle de IFC Global, un leader mondial dans le domaine des certifications ISO et des solutions de conformit\u00e9.","publisher":{"@id":"https:\/\/www.ifc-globaltn.com\/#organization"},"potentialAction":[{"@type":"SearchAction","target":{"@type":"EntryPoint","urlTemplate":"https:\/\/www.ifc-globaltn.com\/?s={search_term_string}"},"query-input":{"@type":"PropertyValueSpecification","valueRequired":true,"valueName":"search_term_string"}}],"inLanguage":"fr-FR"},{"@type":"Organization","@id":"https:\/\/www.ifc-globaltn.com\/#organization","name":"IFC Global.TN","url":"https:\/\/www.ifc-globaltn.com\/","logo":{"@type":"ImageObject","inLanguage":"fr-FR","@id":"https:\/\/www.ifc-globaltn.com\/#\/schema\/logo\/image\/","url":"https:\/\/www.ifc-globaltn.com\/wp-content\/uploads\/2025\/01\/ifcgloballogo.png","contentUrl":"https:\/\/www.ifc-globaltn.com\/wp-content\/uploads\/2025\/01\/ifcgloballogo.png","width":245,"height":90,"caption":"IFC Global.TN"},"image":{"@id":"https:\/\/www.ifc-globaltn.com\/#\/schema\/logo\/image\/"}}]}},"_links":{"self":[{"href":"https:\/\/www.ifc-globaltn.com\/index.php\/wp-json\/wp\/v2\/pages\/6184","targetHints":{"allow":["GET"]}}],"collection":[{"href":"https:\/\/www.ifc-globaltn.com\/index.php\/wp-json\/wp\/v2\/pages"}],"about":[{"href":"https:\/\/www.ifc-globaltn.com\/index.php\/wp-json\/wp\/v2\/types\/page"}],"author":[{"embeddable":true,"href":"https:\/\/www.ifc-globaltn.com\/index.php\/wp-json\/wp\/v2\/users\/3"}],"replies":[{"embeddable":true,"href":"https:\/\/www.ifc-globaltn.com\/index.php\/wp-json\/wp\/v2\/comments?post=6184"}],"version-history":[{"count":10,"href":"https:\/\/www.ifc-globaltn.com\/index.php\/wp-json\/wp\/v2\/pages\/6184\/revisions"}],"predecessor-version":[{"id":6406,"href":"https:\/\/www.ifc-globaltn.com\/index.php\/wp-json\/wp\/v2\/pages\/6184\/revisions\/6406"}],"wp:featuredmedia":[{"embeddable":true,"href":"https:\/\/www.ifc-globaltn.com\/index.php\/wp-json\/wp\/v2\/media\/6083"}],"wp:attachment":[{"href":"https:\/\/www.ifc-globaltn.com\/index.php\/wp-json\/wp\/v2\/media?parent=6184"}],"curies":[{"name":"wp","href":"https:\/\/api.w.org\/{rel}","templated":true}]}}