{"id":6241,"date":"2025-06-10T15:33:37","date_gmt":"2025-06-10T13:33:37","guid":{"rendered":"https:\/\/www.ifc-globaltn.com\/?page_id=6241"},"modified":"2025-06-10T15:39:30","modified_gmt":"2025-06-10T13:39:30","slug":"detergent-naturel-standard","status":"publish","type":"page","link":"https:\/\/www.ifc-globaltn.com\/index.php\/detergent-naturel-standard\/","title":{"rendered":"D\u00c9TERGENT NATUREL STANDARD"},"content":{"rendered":"\t\t<div data-elementor-type=\"wp-page\" data-elementor-id=\"6241\" class=\"elementor elementor-6241\" data-elementor-post-type=\"page\">\n\t\t\t\t<div class=\"elementor-element elementor-element-d393e39 e-con-full e-flex e-con e-parent\" data-id=\"d393e39\" data-element_type=\"container\" data-e-type=\"container\">\n\t\t\t\t<div class=\"elementor-element elementor-element-3669de1 elementor-widget elementor-widget-heading\" data-id=\"3669de1\" data-element_type=\"widget\" data-e-type=\"widget\" data-widget_type=\"heading.default\">\n\t\t\t\t<div class=\"elementor-widget-container\">\n\t\t\t\t\t<h3 class=\"elementor-heading-title elementor-size-default\"><b>D\u00c9TERGENT NATUREL STANDARD<\/b><\/h3>\t\t\t\t<\/div>\n\t\t\t\t<\/div>\n\t\t\t\t<div class=\"elementor-element elementor-element-16e30be elementor-widget-divider--view-line elementor-widget elementor-widget-divider\" data-id=\"16e30be\" data-element_type=\"widget\" data-e-type=\"widget\" data-widget_type=\"divider.default\">\n\t\t\t\t<div class=\"elementor-widget-container\">\n\t\t\t\t\t\t\t<div class=\"elementor-divider\">\n\t\t\t<span class=\"elementor-divider-separator\">\n\t\t\t\t\t\t<\/span>\n\t\t<\/div>\n\t\t\t\t\t\t<\/div>\n\t\t\t\t<\/div>\n\t\t\t\t<\/div>\n\t\t<div class=\"elementor-element elementor-element-8835004 e-con-full e-flex e-con e-parent\" data-id=\"8835004\" data-element_type=\"container\" data-e-type=\"container\">\n\t\t<div class=\"elementor-element elementor-element-1014d84 e-con-full e-flex e-con e-child\" data-id=\"1014d84\" data-element_type=\"container\" data-e-type=\"container\">\n\t\t\t\t<div class=\"elementor-element elementor-element-55f0d59 elementor-widget elementor-widget-image\" data-id=\"55f0d59\" data-element_type=\"widget\" data-e-type=\"widget\" data-widget_type=\"image.default\">\n\t\t\t\t<div class=\"elementor-widget-container\">\n\t\t\t\t\t\t\t\t\t\t\t\t\t\t\t<img decoding=\"async\" src=\"https:\/\/www.ifc-globaltn.com\/wp-content\/uploads\/elementor\/thumbs\/natural-detergent-standard-r6yhff57prm49vqqsypvjijng2lfe4lxct48q3orcq.jpg\" title=\"natural-detergent-standard\" alt=\"natural-detergent-standard\" loading=\"lazy\" \/>\t\t\t\t\t\t\t\t\t\t\t\t\t\t\t<\/div>\n\t\t\t\t<\/div>\n\t\t\t\t<\/div>\n\t\t<div class=\"elementor-element elementor-element-5032ee2 e-con-full e-flex e-con e-child\" data-id=\"5032ee2\" data-element_type=\"container\" data-e-type=\"container\">\n\t\t\t\t<div class=\"elementor-element elementor-element-10878a6 elementor-widget elementor-widget-text-editor\" data-id=\"10878a6\" data-element_type=\"widget\" data-e-type=\"widget\" data-widget_type=\"text-editor.default\">\n\t\t\t\t<div class=\"elementor-widget-container\">\n\t\t\t\t\t\t\t\t\t<p data-start=\"67\" data-end=\"391\"><strong data-start=\"47\" data-end=\"99\">Pourquoi la norme pour les d\u00e9tergents naturels ?<\/strong><br data-start=\"99\" data-end=\"102\" \/>La norme pour les d\u00e9tergents naturels a \u00e9t\u00e9 d\u00e9velopp\u00e9e pour soutenir le d\u00e9veloppement durable, en combinant progr\u00e8s \u00e9conomique, responsabilit\u00e9 sociale et \u00e9quilibre naturel de notre plan\u00e8te. En prenant en compte les avanc\u00e9es mondiales dans les produits de nettoyage m\u00e9nagers, cette norme s\u2019aligne avec l\u2019id\u00e9e d\u2019un monde durable et promeut des pratiques de production respectueuses de l\u2019environnement.<\/p>\t\t\t\t\t\t\t\t<\/div>\n\t\t\t\t<\/div>\n\t\t\t\t<div class=\"elementor-element elementor-element-5092426 elementor-widget-divider--view-line elementor-widget elementor-widget-divider\" data-id=\"5092426\" data-element_type=\"widget\" data-e-type=\"widget\" data-widget_type=\"divider.default\">\n\t\t\t\t<div class=\"elementor-widget-container\">\n\t\t\t\t\t\t\t<div class=\"elementor-divider\">\n\t\t\t<span class=\"elementor-divider-separator\">\n\t\t\t\t\t\t<\/span>\n\t\t<\/div>\n\t\t\t\t\t\t<\/div>\n\t\t\t\t<\/div>\n\t\t\t\t<div class=\"elementor-element elementor-element-024b3a5 elementor-widget elementor-widget-text-editor\" data-id=\"024b3a5\" data-element_type=\"widget\" data-e-type=\"widget\" data-widget_type=\"text-editor.default\">\n\t\t\t\t<div class=\"elementor-widget-container\">\n\t\t\t\t\t\t\t\t\t<p data-start=\"67\" data-end=\"391\"><span style=\"font-weight: bold;\" data-start=\"503\" data-end=\"560\">Qu\u2019est-ce que la norme pour les d\u00e9tergents naturels ?<\/span><\/p>\t\t\t\t\t\t\t\t<\/div>\n\t\t\t\t<\/div>\n\t\t\t\t<\/div>\n\t\t\t\t<\/div>\n\t\t<div class=\"elementor-element elementor-element-bcf87a8 e-con-full e-flex e-con e-child\" data-id=\"bcf87a8\" data-element_type=\"container\" data-e-type=\"container\">\n\t\t\t\t<div class=\"elementor-element elementor-element-d986871 elementor-widget elementor-widget-text-editor\" data-id=\"d986871\" data-element_type=\"widget\" data-e-type=\"widget\" data-widget_type=\"text-editor.default\">\n\t\t\t\t<div class=\"elementor-widget-container\">\n\t\t\t\t\t\t\t\t\t<p data-start=\"462\" data-end=\"527\">Le secteur des d\u00e9tergents naturels et biologiques adh\u00e8re \u00e0 des principes de protection et de s\u00e9curit\u00e9 \u00e0 chaque \u00e9tape de la cha\u00eene d\u2019approvisionnement, depuis la production des mati\u00e8res premi\u00e8res jusqu\u2019\u00e0 la distribution des produits finis. Cette norme vise \u00e0 revitaliser les processus de production et de consommation, en veillant \u00e0 ce qu\u2019ils soient durables et respectueux de l\u2019environnement.<\/p>\t\t\t\t\t\t\t\t<\/div>\n\t\t\t\t<\/div>\n\t\t\t\t<div class=\"elementor-element elementor-element-28a72b4 elementor-widget-divider--view-line elementor-widget elementor-widget-divider\" data-id=\"28a72b4\" data-element_type=\"widget\" data-e-type=\"widget\" data-widget_type=\"divider.default\">\n\t\t\t\t<div class=\"elementor-widget-container\">\n\t\t\t\t\t\t\t<div class=\"elementor-divider\">\n\t\t\t<span class=\"elementor-divider-separator\">\n\t\t\t\t\t\t<\/span>\n\t\t<\/div>\n\t\t\t\t\t\t<\/div>\n\t\t\t\t<\/div>\n\t\t\t\t<\/div>\n\t\t<div class=\"elementor-element elementor-element-db66949 e-con-full e-flex e-con e-child\" data-id=\"db66949\" data-element_type=\"container\" data-e-type=\"container\">\n\t\t\t\t<div class=\"elementor-element elementor-element-9729ef1 elementor-widget elementor-widget-text-editor\" data-id=\"9729ef1\" data-element_type=\"widget\" data-e-type=\"widget\" data-widget_type=\"text-editor.default\">\n\t\t\t\t<div class=\"elementor-widget-container\">\n\t\t\t\t\t\t\t\t\t<p data-start=\"773\" data-end=\"815\"><strong data-start=\"957\" data-end=\"969\">Objectif<\/strong><br data-start=\"969\" data-end=\"972\" \/>Gr\u00e2ce \u00e0 son expertise dans les produits biologiques et durables, IFC Global a d\u00e9velopp\u00e9 la Certification des D\u00e9tergents Naturels et Biologiques afin de garantir aux consommateurs l\u2019acc\u00e8s \u00e0 des produits s\u00fbrs et fiables. Cette norme fournit un cadre pour la certification de produits de nettoyage respectueux de l\u2019environnement, contribuant ainsi \u00e0 un monde plus durable.<\/p>\t\t\t\t\t\t\t\t<\/div>\n\t\t\t\t<\/div>\n\t\t\t\t<div class=\"elementor-element elementor-element-9ec2eba elementor-widget-divider--view-line elementor-widget elementor-widget-divider\" data-id=\"9ec2eba\" data-element_type=\"widget\" data-e-type=\"widget\" data-widget_type=\"divider.default\">\n\t\t\t\t<div class=\"elementor-widget-container\">\n\t\t\t\t\t\t\t<div class=\"elementor-divider\">\n\t\t\t<span class=\"elementor-divider-separator\">\n\t\t\t\t\t\t<\/span>\n\t\t<\/div>\n\t\t\t\t\t\t<\/div>\n\t\t\t\t<\/div>\n\t\t\t\t<\/div>\n\t\t<div class=\"elementor-element elementor-element-96d9ba4 e-con-full e-flex e-con e-child\" data-id=\"96d9ba4\" data-element_type=\"container\" data-e-type=\"container\">\n\t\t\t\t<div class=\"elementor-element elementor-element-9e2dc24 elementor-widget elementor-widget-text-editor\" data-id=\"9e2dc24\" data-element_type=\"widget\" data-e-type=\"widget\" data-widget_type=\"text-editor.default\">\n\t\t\t\t<div class=\"elementor-widget-container\">\n\t\t\t\t\t\t\t\t\t<div class=\"pointer-events-none h-px w-px\" aria-hidden=\"true\" data-edge=\"true\"><strong data-start=\"1343\" data-end=\"1374\">Partenariat avec IFC Global<\/strong><\/div><article class=\"text-token-text-primary w-full\" dir=\"auto\" data-testid=\"conversation-turn-2\" data-scroll-anchor=\"true\"><div class=\"text-base my-auto mx-auto py-5 [--thread-content-margin:--spacing(4)] @[37rem]:[--thread-content-margin:--spacing(6)] @[72rem]:[--thread-content-margin:--spacing(16)] px-(--thread-content-margin)\"><div class=\"[--thread-content-max-width:32rem] @[34rem]:[--thread-content-max-width:40rem] @[64rem]:[--thread-content-max-width:48rem] mx-auto flex max-w-(--thread-content-max-width) flex-1 text-base gap-4 md:gap-5 lg:gap-6 group\/turn-messages focus-visible:outline-hidden\" tabindex=\"-1\"><div class=\"group\/conversation-turn relative flex w-full min-w-0 flex-col agent-turn\"><div class=\"relative flex-col gap-1 md:gap-3\"><div class=\"flex max-w-full flex-col grow\"><div class=\"min-h-8 text-message relative flex w-full flex-col items-end gap-2 text-start break-words whitespace-normal [.text-message+&amp;]:mt-5\" dir=\"auto\" data-message-author-role=\"assistant\" data-message-id=\"5e8cddb6-cee2-4c1f-97e3-dcaf42e85c82\" data-message-model-slug=\"gpt-4o\"><div class=\"flex w-full flex-col gap-1 empty:hidden first:pt-[3px]\"><div class=\"markdown prose dark:prose-invert w-full break-words light\"><p data-start=\"1343\" data-end=\"1509\">Certifiez vos produits selon la norme pour les d\u00e9tergents naturels et d\u00e9montrez votre engagement envers la qualit\u00e9 et la durabilit\u00e9.<\/p><p data-start=\"1511\" data-end=\"1541\" data-is-last-node=\"\" data-is-only-node=\"\"><strong data-start=\"1511\" data-end=\"1541\" data-is-last-node=\"\">Postulez d\u00e8s aujourd\u2019hui !<\/strong><\/p><\/div><\/div><\/div><\/div><\/div><\/div><\/div><\/div><\/article>\t\t\t\t\t\t\t\t<\/div>\n\t\t\t\t<\/div>\n\t\t\t\t<\/div>\n\t\t<div class=\"elementor-element elementor-element-ce05864 e-con-full e-flex e-con e-parent\" data-id=\"ce05864\" data-element_type=\"container\" data-e-type=\"container\">\n\t\t\t\t<div class=\"elementor-element elementor-element-1a17d95 elementor-widget elementor-widget-spacer\" data-id=\"1a17d95\" data-element_type=\"widget\" data-e-type=\"widget\" data-widget_type=\"spacer.default\">\n\t\t\t\t<div class=\"elementor-widget-container\">\n\t\t\t\t\t\t\t<div class=\"elementor-spacer\">\n\t\t\t<div class=\"elementor-spacer-inner\"><\/div>\n\t\t<\/div>\n\t\t\t\t\t\t<\/div>\n\t\t\t\t<\/div>\n\t\t\t\t<div class=\"elementor-element elementor-element-6a06517 elementor-widget__width-initial elementor-cta--skin-classic elementor-animated-content elementor-bg-transform elementor-bg-transform-zoom-in elementor-widget elementor-widget-call-to-action\" data-id=\"6a06517\" data-element_type=\"widget\" data-e-type=\"widget\" data-widget_type=\"call-to-action.default\">\n\t\t\t\t<div class=\"elementor-widget-container\">\n\t\t\t\t\t\t\t<div class=\"elementor-cta\">\n\t\t\t\t\t\t\t<div class=\"elementor-cta__content\">\n\t\t\t\t\n\t\t\t\t\t\t\t\t\t<h2 class=\"elementor-cta__title elementor-cta__content-item elementor-content-item\">\n\t\t\t\t\t\tVous N'avez Pas Encore Obtenu Votre Certificat !\t\t\t\t\t<\/h2>\n\t\t\t\t\n\t\t\t\t\t\t\t\t\t<div class=\"elementor-cta__description elementor-cta__content-item elementor-content-item\">\n\t\t\t\t\t\tPrenez contact avec nos experts pour commancer.\t\t\t\t\t<\/div>\n\t\t\t\t\n\t\t\t\t\t\t\t\t\t<div class=\"elementor-cta__button-wrapper elementor-cta__content-item elementor-content-item \">\n\t\t\t\t\t<a class=\"elementor-cta__button elementor-button elementor-size-\">\n\t\t\t\t\t\tcontactez-nous\t\t\t\t\t<\/a>\n\t\t\t\t\t<\/div>\n\t\t\t\t\t\t\t<\/div>\n\t\t\t\t\t\t<\/div>\n\t\t\t\t\t\t<\/div>\n\t\t\t\t<\/div>\n\t\t\t\t<\/div>\n\t\t\t\t<\/div>\n\t\t","protected":false},"excerpt":{"rendered":"<p>D\u00c9TERGENT NATUREL STANDARD Pourquoi la norme pour les d\u00e9tergents naturels ?La norme pour les d\u00e9tergents naturels a \u00e9t\u00e9 d\u00e9velopp\u00e9e pour soutenir le d\u00e9veloppement durable, en combinant progr\u00e8s \u00e9conomique, responsabilit\u00e9 sociale et \u00e9quilibre naturel de notre plan\u00e8te. En prenant en compte les avanc\u00e9es mondiales dans les produits de nettoyage m\u00e9nagers, cette norme s\u2019aligne avec l\u2019id\u00e9e d\u2019un&hellip;<\/p>\n","protected":false},"author":3,"featured_media":6083,"parent":0,"menu_order":0,"comment_status":"closed","ping_status":"closed","template":"","meta":{"footnotes":""},"class_list":["post-6241","page","type-page","status-publish","has-post-thumbnail","hentry"],"yoast_head":"<!-- This site is optimized with the Yoast SEO plugin v27.4 - https:\/\/yoast.com\/product\/yoast-seo-wordpress\/ -->\n<title>D\u00c9TERGENT NATUREL STANDARD - IFC Global.TN<\/title>\n<meta name=\"robots\" content=\"index, follow, max-snippet:-1, max-image-preview:large, max-video-preview:-1\" \/>\n<link rel=\"canonical\" href=\"https:\/\/www.ifc-globaltn.com\/index.php\/detergent-naturel-standard\/\" \/>\n<meta property=\"og:locale\" content=\"fr_FR\" \/>\n<meta property=\"og:type\" content=\"article\" \/>\n<meta property=\"og:title\" content=\"D\u00c9TERGENT NATUREL STANDARD - IFC Global.TN\" \/>\n<meta property=\"og:description\" content=\"D\u00c9TERGENT NATUREL STANDARD Pourquoi la norme pour les d\u00e9tergents naturels ?La norme pour les d\u00e9tergents naturels a \u00e9t\u00e9 d\u00e9velopp\u00e9e pour soutenir le d\u00e9veloppement durable, en combinant progr\u00e8s \u00e9conomique, responsabilit\u00e9 sociale et \u00e9quilibre naturel de notre plan\u00e8te. En prenant en compte les avanc\u00e9es mondiales dans les produits de nettoyage m\u00e9nagers, cette norme s\u2019aligne avec l\u2019id\u00e9e d\u2019un&hellip;\" \/>\n<meta property=\"og:url\" content=\"https:\/\/www.ifc-globaltn.com\/index.php\/detergent-naturel-standard\/\" \/>\n<meta property=\"og:site_name\" content=\"IFC Global.TN\" \/>\n<meta property=\"article:modified_time\" content=\"2025-06-10T13:39:30+00:00\" \/>\n<meta property=\"og:image\" content=\"https:\/\/www.ifc-globaltn.com\/wp-content\/uploads\/2025\/06\/hizmetlerimiz.jpg\" \/>\n\t<meta property=\"og:image:width\" content=\"1900\" \/>\n\t<meta property=\"og:image:height\" content=\"460\" \/>\n\t<meta property=\"og:image:type\" content=\"image\/jpeg\" \/>\n<meta name=\"twitter:card\" content=\"summary_large_image\" \/>\n<meta name=\"twitter:label1\" content=\"Dur\u00e9e de lecture estim\u00e9e\" \/>\n\t<meta name=\"twitter:data1\" content=\"2 minutes\" \/>\n<script type=\"application\/ld+json\" class=\"yoast-schema-graph\">{\"@context\":\"https:\\\/\\\/schema.org\",\"@graph\":[{\"@type\":\"WebPage\",\"@id\":\"https:\\\/\\\/www.ifc-globaltn.com\\\/index.php\\\/detergent-naturel-standard\\\/\",\"url\":\"https:\\\/\\\/www.ifc-globaltn.com\\\/index.php\\\/detergent-naturel-standard\\\/\",\"name\":\"D\u00c9TERGENT NATUREL STANDARD - IFC Global.TN\",\"isPartOf\":{\"@id\":\"https:\\\/\\\/www.ifc-globaltn.com\\\/#website\"},\"primaryImageOfPage\":{\"@id\":\"https:\\\/\\\/www.ifc-globaltn.com\\\/index.php\\\/detergent-naturel-standard\\\/#primaryimage\"},\"image\":{\"@id\":\"https:\\\/\\\/www.ifc-globaltn.com\\\/index.php\\\/detergent-naturel-standard\\\/#primaryimage\"},\"thumbnailUrl\":\"https:\\\/\\\/www.ifc-globaltn.com\\\/wp-content\\\/uploads\\\/2025\\\/06\\\/hizmetlerimiz.jpg\",\"datePublished\":\"2025-06-10T13:33:37+00:00\",\"dateModified\":\"2025-06-10T13:39:30+00:00\",\"breadcrumb\":{\"@id\":\"https:\\\/\\\/www.ifc-globaltn.com\\\/index.php\\\/detergent-naturel-standard\\\/#breadcrumb\"},\"inLanguage\":\"fr-FR\",\"potentialAction\":[{\"@type\":\"ReadAction\",\"target\":[\"https:\\\/\\\/www.ifc-globaltn.com\\\/index.php\\\/detergent-naturel-standard\\\/\"]}]},{\"@type\":\"ImageObject\",\"inLanguage\":\"fr-FR\",\"@id\":\"https:\\\/\\\/www.ifc-globaltn.com\\\/index.php\\\/detergent-naturel-standard\\\/#primaryimage\",\"url\":\"https:\\\/\\\/www.ifc-globaltn.com\\\/wp-content\\\/uploads\\\/2025\\\/06\\\/hizmetlerimiz.jpg\",\"contentUrl\":\"https:\\\/\\\/www.ifc-globaltn.com\\\/wp-content\\\/uploads\\\/2025\\\/06\\\/hizmetlerimiz.jpg\",\"width\":1900,\"height\":460},{\"@type\":\"BreadcrumbList\",\"@id\":\"https:\\\/\\\/www.ifc-globaltn.com\\\/index.php\\\/detergent-naturel-standard\\\/#breadcrumb\",\"itemListElement\":[{\"@type\":\"ListItem\",\"position\":1,\"name\":\"Accueil\",\"item\":\"https:\\\/\\\/www.ifc-globaltn.com\\\/\"},{\"@type\":\"ListItem\",\"position\":2,\"name\":\"D\u00c9TERGENT NATUREL STANDARD\"}]},{\"@type\":\"WebSite\",\"@id\":\"https:\\\/\\\/www.ifc-globaltn.com\\\/#website\",\"url\":\"https:\\\/\\\/www.ifc-globaltn.com\\\/\",\"name\":\"IFC Global.TN\",\"description\":\"Bienvenue sur IFC Global.TN Nous sommes la branche tunisienne officielle de IFC Global, un leader mondial dans le domaine des certifications ISO et des solutions de conformit\u00e9.\",\"publisher\":{\"@id\":\"https:\\\/\\\/www.ifc-globaltn.com\\\/#organization\"},\"potentialAction\":[{\"@type\":\"SearchAction\",\"target\":{\"@type\":\"EntryPoint\",\"urlTemplate\":\"https:\\\/\\\/www.ifc-globaltn.com\\\/?s={search_term_string}\"},\"query-input\":{\"@type\":\"PropertyValueSpecification\",\"valueRequired\":true,\"valueName\":\"search_term_string\"}}],\"inLanguage\":\"fr-FR\"},{\"@type\":\"Organization\",\"@id\":\"https:\\\/\\\/www.ifc-globaltn.com\\\/#organization\",\"name\":\"IFC Global.TN\",\"url\":\"https:\\\/\\\/www.ifc-globaltn.com\\\/\",\"logo\":{\"@type\":\"ImageObject\",\"inLanguage\":\"fr-FR\",\"@id\":\"https:\\\/\\\/www.ifc-globaltn.com\\\/#\\\/schema\\\/logo\\\/image\\\/\",\"url\":\"https:\\\/\\\/www.ifc-globaltn.com\\\/wp-content\\\/uploads\\\/2025\\\/01\\\/ifcgloballogo.png\",\"contentUrl\":\"https:\\\/\\\/www.ifc-globaltn.com\\\/wp-content\\\/uploads\\\/2025\\\/01\\\/ifcgloballogo.png\",\"width\":245,\"height\":90,\"caption\":\"IFC Global.TN\"},\"image\":{\"@id\":\"https:\\\/\\\/www.ifc-globaltn.com\\\/#\\\/schema\\\/logo\\\/image\\\/\"}}]}<\/script>\n<!-- \/ Yoast SEO plugin. -->","yoast_head_json":{"title":"D\u00c9TERGENT NATUREL STANDARD - IFC Global.TN","robots":{"index":"index","follow":"follow","max-snippet":"max-snippet:-1","max-image-preview":"max-image-preview:large","max-video-preview":"max-video-preview:-1"},"canonical":"https:\/\/www.ifc-globaltn.com\/index.php\/detergent-naturel-standard\/","og_locale":"fr_FR","og_type":"article","og_title":"D\u00c9TERGENT NATUREL STANDARD - IFC Global.TN","og_description":"D\u00c9TERGENT NATUREL STANDARD Pourquoi la norme pour les d\u00e9tergents naturels ?La norme pour les d\u00e9tergents naturels a \u00e9t\u00e9 d\u00e9velopp\u00e9e pour soutenir le d\u00e9veloppement durable, en combinant progr\u00e8s \u00e9conomique, responsabilit\u00e9 sociale et \u00e9quilibre naturel de notre plan\u00e8te. En prenant en compte les avanc\u00e9es mondiales dans les produits de nettoyage m\u00e9nagers, cette norme s\u2019aligne avec l\u2019id\u00e9e d\u2019un&hellip;","og_url":"https:\/\/www.ifc-globaltn.com\/index.php\/detergent-naturel-standard\/","og_site_name":"IFC Global.TN","article_modified_time":"2025-06-10T13:39:30+00:00","og_image":[{"width":1900,"height":460,"url":"https:\/\/www.ifc-globaltn.com\/wp-content\/uploads\/2025\/06\/hizmetlerimiz.jpg","type":"image\/jpeg"}],"twitter_card":"summary_large_image","twitter_misc":{"Dur\u00e9e de lecture estim\u00e9e":"2 minutes"},"schema":{"@context":"https:\/\/schema.org","@graph":[{"@type":"WebPage","@id":"https:\/\/www.ifc-globaltn.com\/index.php\/detergent-naturel-standard\/","url":"https:\/\/www.ifc-globaltn.com\/index.php\/detergent-naturel-standard\/","name":"D\u00c9TERGENT NATUREL STANDARD - IFC Global.TN","isPartOf":{"@id":"https:\/\/www.ifc-globaltn.com\/#website"},"primaryImageOfPage":{"@id":"https:\/\/www.ifc-globaltn.com\/index.php\/detergent-naturel-standard\/#primaryimage"},"image":{"@id":"https:\/\/www.ifc-globaltn.com\/index.php\/detergent-naturel-standard\/#primaryimage"},"thumbnailUrl":"https:\/\/www.ifc-globaltn.com\/wp-content\/uploads\/2025\/06\/hizmetlerimiz.jpg","datePublished":"2025-06-10T13:33:37+00:00","dateModified":"2025-06-10T13:39:30+00:00","breadcrumb":{"@id":"https:\/\/www.ifc-globaltn.com\/index.php\/detergent-naturel-standard\/#breadcrumb"},"inLanguage":"fr-FR","potentialAction":[{"@type":"ReadAction","target":["https:\/\/www.ifc-globaltn.com\/index.php\/detergent-naturel-standard\/"]}]},{"@type":"ImageObject","inLanguage":"fr-FR","@id":"https:\/\/www.ifc-globaltn.com\/index.php\/detergent-naturel-standard\/#primaryimage","url":"https:\/\/www.ifc-globaltn.com\/wp-content\/uploads\/2025\/06\/hizmetlerimiz.jpg","contentUrl":"https:\/\/www.ifc-globaltn.com\/wp-content\/uploads\/2025\/06\/hizmetlerimiz.jpg","width":1900,"height":460},{"@type":"BreadcrumbList","@id":"https:\/\/www.ifc-globaltn.com\/index.php\/detergent-naturel-standard\/#breadcrumb","itemListElement":[{"@type":"ListItem","position":1,"name":"Accueil","item":"https:\/\/www.ifc-globaltn.com\/"},{"@type":"ListItem","position":2,"name":"D\u00c9TERGENT NATUREL STANDARD"}]},{"@type":"WebSite","@id":"https:\/\/www.ifc-globaltn.com\/#website","url":"https:\/\/www.ifc-globaltn.com\/","name":"IFC Global.TN","description":"Bienvenue sur IFC Global.TN Nous sommes la branche tunisienne officielle de IFC Global, un leader mondial dans le domaine des certifications ISO et des solutions de conformit\u00e9.","publisher":{"@id":"https:\/\/www.ifc-globaltn.com\/#organization"},"potentialAction":[{"@type":"SearchAction","target":{"@type":"EntryPoint","urlTemplate":"https:\/\/www.ifc-globaltn.com\/?s={search_term_string}"},"query-input":{"@type":"PropertyValueSpecification","valueRequired":true,"valueName":"search_term_string"}}],"inLanguage":"fr-FR"},{"@type":"Organization","@id":"https:\/\/www.ifc-globaltn.com\/#organization","name":"IFC Global.TN","url":"https:\/\/www.ifc-globaltn.com\/","logo":{"@type":"ImageObject","inLanguage":"fr-FR","@id":"https:\/\/www.ifc-globaltn.com\/#\/schema\/logo\/image\/","url":"https:\/\/www.ifc-globaltn.com\/wp-content\/uploads\/2025\/01\/ifcgloballogo.png","contentUrl":"https:\/\/www.ifc-globaltn.com\/wp-content\/uploads\/2025\/01\/ifcgloballogo.png","width":245,"height":90,"caption":"IFC Global.TN"},"image":{"@id":"https:\/\/www.ifc-globaltn.com\/#\/schema\/logo\/image\/"}}]}},"_links":{"self":[{"href":"https:\/\/www.ifc-globaltn.com\/index.php\/wp-json\/wp\/v2\/pages\/6241","targetHints":{"allow":["GET"]}}],"collection":[{"href":"https:\/\/www.ifc-globaltn.com\/index.php\/wp-json\/wp\/v2\/pages"}],"about":[{"href":"https:\/\/www.ifc-globaltn.com\/index.php\/wp-json\/wp\/v2\/types\/page"}],"author":[{"embeddable":true,"href":"https:\/\/www.ifc-globaltn.com\/index.php\/wp-json\/wp\/v2\/users\/3"}],"replies":[{"embeddable":true,"href":"https:\/\/www.ifc-globaltn.com\/index.php\/wp-json\/wp\/v2\/comments?post=6241"}],"version-history":[{"count":7,"href":"https:\/\/www.ifc-globaltn.com\/index.php\/wp-json\/wp\/v2\/pages\/6241\/revisions"}],"predecessor-version":[{"id":6249,"href":"https:\/\/www.ifc-globaltn.com\/index.php\/wp-json\/wp\/v2\/pages\/6241\/revisions\/6249"}],"wp:featuredmedia":[{"embeddable":true,"href":"https:\/\/www.ifc-globaltn.com\/index.php\/wp-json\/wp\/v2\/media\/6083"}],"wp:attachment":[{"href":"https:\/\/www.ifc-globaltn.com\/index.php\/wp-json\/wp\/v2\/media?parent=6241"}],"curies":[{"name":"wp","href":"https:\/\/api.w.org\/{rel}","templated":true}]}}