{"id":6250,"date":"2025-06-11T16:05:33","date_gmt":"2025-06-11T14:05:33","guid":{"rendered":"https:\/\/www.ifc-globaltn.com\/?page_id=6250"},"modified":"2025-06-11T16:06:03","modified_gmt":"2025-06-11T14:06:03","slug":"fssc-22000","status":"publish","type":"page","link":"https:\/\/www.ifc-globaltn.com\/index.php\/fssc-22000\/","title":{"rendered":"FSSC 22000"},"content":{"rendered":"\t\t<div data-elementor-type=\"wp-page\" data-elementor-id=\"6250\" class=\"elementor elementor-6250\" data-elementor-post-type=\"page\">\n\t\t\t\t<div class=\"elementor-element elementor-element-cefc399 e-con-full e-flex e-con e-parent\" data-id=\"cefc399\" data-element_type=\"container\" data-e-type=\"container\">\n\t\t\t\t<div class=\"elementor-element elementor-element-d11e53e elementor-widget elementor-widget-heading\" data-id=\"d11e53e\" data-element_type=\"widget\" data-e-type=\"widget\" data-widget_type=\"heading.default\">\n\t\t\t\t<div class=\"elementor-widget-container\">\n\t\t\t\t\t<h3 class=\"elementor-heading-title elementor-size-default\"><b>FSSC 22000<\/b><\/h3>\t\t\t\t<\/div>\n\t\t\t\t<\/div>\n\t\t\t\t<div class=\"elementor-element elementor-element-ca109ba elementor-widget-divider--view-line elementor-widget elementor-widget-divider\" data-id=\"ca109ba\" data-element_type=\"widget\" data-e-type=\"widget\" data-widget_type=\"divider.default\">\n\t\t\t\t<div class=\"elementor-widget-container\">\n\t\t\t\t\t\t\t<div class=\"elementor-divider\">\n\t\t\t<span class=\"elementor-divider-separator\">\n\t\t\t\t\t\t<\/span>\n\t\t<\/div>\n\t\t\t\t\t\t<\/div>\n\t\t\t\t<\/div>\n\t\t\t\t<\/div>\n\t\t<div class=\"elementor-element elementor-element-0f020a1 e-con-full e-flex e-con e-parent\" data-id=\"0f020a1\" data-element_type=\"container\" data-e-type=\"container\">\n\t\t<div class=\"elementor-element elementor-element-b341c96 e-con-full e-flex e-con e-child\" data-id=\"b341c96\" data-element_type=\"container\" data-e-type=\"container\">\n\t\t\t\t<div class=\"elementor-element elementor-element-6eb879a elementor-widget elementor-widget-image\" data-id=\"6eb879a\" data-element_type=\"widget\" data-e-type=\"widget\" data-widget_type=\"image.default\">\n\t\t\t\t<div class=\"elementor-widget-container\">\n\t\t\t\t\t\t\t\t\t\t\t\t\t\t\t<img decoding=\"async\" width=\"300\" height=\"94\" src=\"https:\/\/www.ifc-globaltn.com\/wp-content\/uploads\/2025\/06\/fssc-22000-logo-2020-1-1-300x94.png\" class=\"attachment-medium size-medium wp-image-6065\" alt=\"\" srcset=\"https:\/\/www.ifc-globaltn.com\/wp-content\/uploads\/2025\/06\/fssc-22000-logo-2020-1-1-300x94.png 300w, https:\/\/www.ifc-globaltn.com\/wp-content\/uploads\/2025\/06\/fssc-22000-logo-2020-1-1-1024x322.png 1024w, https:\/\/www.ifc-globaltn.com\/wp-content\/uploads\/2025\/06\/fssc-22000-logo-2020-1-1-768x242.png 768w, https:\/\/www.ifc-globaltn.com\/wp-content\/uploads\/2025\/06\/fssc-22000-logo-2020-1-1.png 1211w\" sizes=\"(max-width: 300px) 100vw, 300px\" \/>\t\t\t\t\t\t\t\t\t\t\t\t\t\t\t<\/div>\n\t\t\t\t<\/div>\n\t\t\t\t<\/div>\n\t\t<div class=\"elementor-element elementor-element-c40f683 e-con-full e-flex e-con e-child\" data-id=\"c40f683\" data-element_type=\"container\" data-e-type=\"container\">\n\t\t\t\t<div class=\"elementor-element elementor-element-a453c41 elementor-widget elementor-widget-text-editor\" data-id=\"a453c41\" data-element_type=\"widget\" data-e-type=\"widget\" data-widget_type=\"text-editor.default\">\n\t\t\t\t<div class=\"elementor-widget-container\">\n\t\t\t\t\t\t\t\t\t<p data-start=\"67\" data-end=\"391\"><strong data-start=\"47\" data-end=\"72\">Pourquoi FSSC 22000 ?<\/strong><br data-start=\"72\" data-end=\"75\" \/>FSSC 22000 est un programme de certification reconnu \u00e0 l\u2019\u00e9chelle internationale, con\u00e7u pour toutes les organisations de la cha\u00eene d\u2019approvisionnement alimentaire. Il fournit un cadre syst\u00e9matique pour identifier et g\u00e9rer les risques li\u00e9s \u00e0 la s\u00e9curit\u00e9 alimentaire tout en assurant la conformit\u00e9 aux normes mondiales. Reconnue par la Global Food Safety Initiative (GFSI), la certification FSSC 22000 d\u00e9montre l\u2019engagement de votre organisation envers la s\u00e9curit\u00e9 alimentaire, la qualit\u00e9 et l\u2019am\u00e9lioration continue.<\/p>\t\t\t\t\t\t\t\t<\/div>\n\t\t\t\t<\/div>\n\t\t\t\t<\/div>\n\t\t\t\t<\/div>\n\t\t<div class=\"elementor-element elementor-element-5a5815f e-con-full e-flex e-con e-child\" data-id=\"5a5815f\" data-element_type=\"container\" data-e-type=\"container\">\n\t\t\t\t<div class=\"elementor-element elementor-element-62b2980 elementor-widget-divider--view-line elementor-widget elementor-widget-divider\" data-id=\"62b2980\" data-element_type=\"widget\" data-e-type=\"widget\" data-widget_type=\"divider.default\">\n\t\t\t\t<div class=\"elementor-widget-container\">\n\t\t\t\t\t\t\t<div class=\"elementor-divider\">\n\t\t\t<span class=\"elementor-divider-separator\">\n\t\t\t\t\t\t<\/span>\n\t\t<\/div>\n\t\t\t\t\t\t<\/div>\n\t\t\t\t<\/div>\n\t\t\t\t<div class=\"elementor-element elementor-element-8f18c1d elementor-widget elementor-widget-text-editor\" data-id=\"8f18c1d\" data-element_type=\"widget\" data-e-type=\"widget\" data-widget_type=\"text-editor.default\">\n\t\t\t\t<div class=\"elementor-widget-container\">\n\t\t\t\t\t\t\t\t\t<p data-start=\"590\" data-end=\"679\"><strong data-start=\"590\" data-end=\"608\">Avantages cl\u00e9s<\/strong><br data-start=\"608\" data-end=\"611\" \/>La certification FSSC 22000 offre de nombreux avantages, notamment :<\/p><p data-start=\"683\" data-end=\"807\"><strong data-start=\"683\" data-end=\"706\">Gestion des risques<\/strong> : Une approche structur\u00e9e pour identifier et ma\u00eetriser les risques li\u00e9s \u00e0 la s\u00e9curit\u00e9 alimentaire.<\/p><p data-start=\"810\" data-end=\"939\"><strong data-start=\"810\" data-end=\"837\">Reconnaissance mondiale<\/strong> : Accept\u00e9e par les principaux distributeurs et fournisseurs de services alimentaires dans le monde.<\/p><p data-start=\"942\" data-end=\"1033\"><strong data-start=\"942\" data-end=\"962\">Confiance accrue<\/strong> : Renforce la confiance des clients et am\u00e9liore l\u2019acc\u00e8s aux march\u00e9s.<\/p><p data-start=\"1036\" data-end=\"1174\"><strong data-start=\"1036\" data-end=\"1065\">Efficacit\u00e9 op\u00e9rationnelle<\/strong> : Favorise la coh\u00e9rence entre plusieurs sites et encourage l\u2019am\u00e9lioration continue des syst\u00e8mes de s\u00e9curit\u00e9.<\/p>\t\t\t\t\t\t\t\t<\/div>\n\t\t\t\t<\/div>\n\t\t\t\t<div class=\"elementor-element elementor-element-02ec99a elementor-widget-divider--view-line elementor-widget elementor-widget-divider\" data-id=\"02ec99a\" data-element_type=\"widget\" data-e-type=\"widget\" data-widget_type=\"divider.default\">\n\t\t\t\t<div class=\"elementor-widget-container\">\n\t\t\t\t\t\t\t<div class=\"elementor-divider\">\n\t\t\t<span class=\"elementor-divider-separator\">\n\t\t\t\t\t\t<\/span>\n\t\t<\/div>\n\t\t\t\t\t\t<\/div>\n\t\t\t\t<\/div>\n\t\t\t\t<\/div>\n\t\t<div class=\"elementor-element elementor-element-3e8a4a9 e-con-full e-flex e-con e-child\" data-id=\"3e8a4a9\" data-element_type=\"container\" data-e-type=\"container\">\n\t\t\t\t<div class=\"elementor-element elementor-element-4344e41 elementor-widget elementor-widget-text-editor\" data-id=\"4344e41\" data-element_type=\"widget\" data-e-type=\"widget\" data-widget_type=\"text-editor.default\">\n\t\t\t\t<div class=\"elementor-widget-container\">\n\t\t\t\t\t\t\t\t\t<p data-start=\"1176\" data-end=\"1309\"><strong>Version 6 Highlights<\/strong><br data-start=\"1208\" data-end=\"1211\" \/>La derni\u00e8re mise \u00e0 jour de FSSC 22000, Version 6, introduit des exigences renforc\u00e9es, telles que :<\/p><p data-start=\"1313\" data-end=\"1461\"><strong data-start=\"1313\" data-end=\"1343\">Nouveaux axes prioritaires<\/strong> : Culture de la s\u00e9curit\u00e9 et de la qualit\u00e9 alimentaire, surveillance de l\u2019environnement, et gestion des \u00e9quipements.<\/p><p data-start=\"1464\" data-end=\"1564\"><strong data-start=\"1464\" data-end=\"1487\">Contr\u00f4les renforc\u00e9s<\/strong> : Gestion des allerg\u00e8nes, pr\u00e9vention des dangers et r\u00e9duction des d\u00e9chets.<\/p><p data-start=\"1567\" data-end=\"1677\"><strong data-start=\"1567\" data-end=\"1597\">Champ d\u2019application \u00e9largi<\/strong> : Conception des produits, \u00e9tiquetage et exigences en mati\u00e8re de communication.<\/p>\t\t\t\t\t\t\t\t<\/div>\n\t\t\t\t<\/div>\n\t\t\t\t<div class=\"elementor-element elementor-element-5535725 elementor-widget-divider--view-line elementor-widget elementor-widget-divider\" data-id=\"5535725\" data-element_type=\"widget\" data-e-type=\"widget\" data-widget_type=\"divider.default\">\n\t\t\t\t<div class=\"elementor-widget-container\">\n\t\t\t\t\t\t\t<div class=\"elementor-divider\">\n\t\t\t<span class=\"elementor-divider-separator\">\n\t\t\t\t\t\t<\/span>\n\t\t<\/div>\n\t\t\t\t\t\t<\/div>\n\t\t\t\t<\/div>\n\t\t\t\t<\/div>\n\t\t<div class=\"elementor-element elementor-element-23d7d80 e-con-full e-flex e-con e-child\" data-id=\"23d7d80\" data-element_type=\"container\" data-e-type=\"container\">\n\t\t\t\t<div class=\"elementor-element elementor-element-9a21dd9 elementor-widget elementor-widget-text-editor\" data-id=\"9a21dd9\" data-element_type=\"widget\" data-e-type=\"widget\" data-widget_type=\"text-editor.default\">\n\t\t\t\t<div class=\"elementor-widget-container\">\n\t\t\t\t\t\t\t\t\t<div class=\"pointer-events-none h-px w-px\" aria-hidden=\"true\" data-edge=\"true\"><p data-start=\"1679\" data-end=\"1961\"><strong data-start=\"1679\" data-end=\"1712\">Pourquoi choisir IFC Global ?<\/strong><br data-start=\"1712\" data-end=\"1715\" \/>Chez IFC Global, nous vous accompagnons \u00e0 chaque \u00e9tape du processus de certification FSSC 22000. Nos services incluent l\u2019analyse des \u00e9carts, les audits de certification et un soutien continu pour garantir la conformit\u00e9 et l\u2019am\u00e9lioration continue.<\/p><p data-start=\"1963\" data-end=\"2122\" data-is-last-node=\"\" data-is-only-node=\"\"><strong data-start=\"1963\" data-end=\"1997\">Contactez-nous d\u00e8s aujourd\u2019hui<\/strong> pour commencer votre parcours vers la certification FSSC 22000 et d\u00e9montrer votre engagement envers la s\u00e9curit\u00e9 alimentaire.<\/p><\/div><article class=\"text-token-text-primary w-full\" dir=\"auto\" data-testid=\"conversation-turn-2\" data-scroll-anchor=\"true\"><div class=\"text-base my-auto mx-auto py-5 [--thread-content-margin:--spacing(4)] @[37rem]:[--thread-content-margin:--spacing(6)] @[72rem]:[--thread-content-margin:--spacing(16)] px-(--thread-content-margin)\"><div class=\"[--thread-content-max-width:32rem] @[34rem]:[--thread-content-max-width:40rem] @[64rem]:[--thread-content-max-width:48rem] mx-auto flex max-w-(--thread-content-max-width) flex-1 text-base gap-4 md:gap-5 lg:gap-6 group\/turn-messages focus-visible:outline-hidden\" tabindex=\"-1\"><div class=\"group\/conversation-turn relative flex w-full min-w-0 flex-col agent-turn\"><div class=\"relative flex-col gap-1 md:gap-3\"><div class=\"flex max-w-full flex-col grow\"><div class=\"min-h-8 text-message relative flex w-full flex-col items-end gap-2 text-start break-words whitespace-normal [.text-message+&amp;]:mt-5\" dir=\"auto\" data-message-author-role=\"assistant\" data-message-id=\"5e8cddb6-cee2-4c1f-97e3-dcaf42e85c82\" data-message-model-slug=\"gpt-4o\"><div class=\"flex w-full flex-col gap-1 empty:hidden first:pt-[3px]\"><div class=\"markdown prose dark:prose-invert w-full break-words light\">\u00a0<\/div><\/div><\/div><\/div><\/div><\/div><\/div><\/div><\/article>\t\t\t\t\t\t\t\t<\/div>\n\t\t\t\t<\/div>\n\t\t\t\t<\/div>\n\t\t<div class=\"elementor-element elementor-element-ea021d2 e-con-full e-flex e-con e-parent\" data-id=\"ea021d2\" data-element_type=\"container\" data-e-type=\"container\">\n\t\t\t\t<div class=\"elementor-element elementor-element-8cf3d90 elementor-widget elementor-widget-spacer\" data-id=\"8cf3d90\" data-element_type=\"widget\" data-e-type=\"widget\" data-widget_type=\"spacer.default\">\n\t\t\t\t<div class=\"elementor-widget-container\">\n\t\t\t\t\t\t\t<div class=\"elementor-spacer\">\n\t\t\t<div class=\"elementor-spacer-inner\"><\/div>\n\t\t<\/div>\n\t\t\t\t\t\t<\/div>\n\t\t\t\t<\/div>\n\t\t\t\t<div class=\"elementor-element elementor-element-c4a3ad4 elementor-widget__width-initial elementor-cta--skin-classic elementor-animated-content elementor-bg-transform elementor-bg-transform-zoom-in elementor-widget elementor-widget-call-to-action\" data-id=\"c4a3ad4\" data-element_type=\"widget\" data-e-type=\"widget\" data-widget_type=\"call-to-action.default\">\n\t\t\t\t<div class=\"elementor-widget-container\">\n\t\t\t\t\t\t\t<div class=\"elementor-cta\">\n\t\t\t\t\t\t\t<div class=\"elementor-cta__content\">\n\t\t\t\t\n\t\t\t\t\t\t\t\t\t<h2 class=\"elementor-cta__title elementor-cta__content-item elementor-content-item\">\n\t\t\t\t\t\tVous N'avez Pas Encore Obtenu Votre Certificat !\t\t\t\t\t<\/h2>\n\t\t\t\t\n\t\t\t\t\t\t\t\t\t<div class=\"elementor-cta__description elementor-cta__content-item elementor-content-item\">\n\t\t\t\t\t\tPrenez contact avec nos experts pour commancer.\t\t\t\t\t<\/div>\n\t\t\t\t\n\t\t\t\t\t\t\t\t\t<div class=\"elementor-cta__button-wrapper elementor-cta__content-item elementor-content-item \">\n\t\t\t\t\t<a class=\"elementor-cta__button elementor-button elementor-size-\">\n\t\t\t\t\t\tcontactez-nous\t\t\t\t\t<\/a>\n\t\t\t\t\t<\/div>\n\t\t\t\t\t\t\t<\/div>\n\t\t\t\t\t\t<\/div>\n\t\t\t\t\t\t<\/div>\n\t\t\t\t<\/div>\n\t\t\t\t<\/div>\n\t\t\t\t<\/div>\n\t\t","protected":false},"excerpt":{"rendered":"<p>FSSC 22000 Pourquoi FSSC 22000 ?FSSC 22000 est un programme de certification reconnu \u00e0 l\u2019\u00e9chelle internationale, con\u00e7u pour toutes les organisations de la cha\u00eene d\u2019approvisionnement alimentaire. Il fournit un cadre syst\u00e9matique pour identifier et g\u00e9rer les risques li\u00e9s \u00e0 la s\u00e9curit\u00e9 alimentaire tout en assurant la conformit\u00e9 aux normes mondiales. Reconnue par la Global Food&hellip;<\/p>\n","protected":false},"author":3,"featured_media":6083,"parent":0,"menu_order":0,"comment_status":"closed","ping_status":"closed","template":"","meta":{"footnotes":""},"class_list":["post-6250","page","type-page","status-publish","has-post-thumbnail","hentry"],"yoast_head":"<!-- This site is optimized with the Yoast SEO plugin v27.4 - https:\/\/yoast.com\/product\/yoast-seo-wordpress\/ -->\n<title>FSSC 22000 - IFC Global.TN<\/title>\n<meta name=\"robots\" content=\"index, follow, max-snippet:-1, max-image-preview:large, max-video-preview:-1\" \/>\n<link rel=\"canonical\" href=\"https:\/\/www.ifc-globaltn.com\/index.php\/fssc-22000\/\" \/>\n<meta property=\"og:locale\" content=\"fr_FR\" \/>\n<meta property=\"og:type\" content=\"article\" \/>\n<meta property=\"og:title\" content=\"FSSC 22000 - IFC Global.TN\" \/>\n<meta property=\"og:description\" content=\"FSSC 22000 Pourquoi FSSC 22000 ?FSSC 22000 est un programme de certification reconnu \u00e0 l\u2019\u00e9chelle internationale, con\u00e7u pour toutes les organisations de la cha\u00eene d\u2019approvisionnement alimentaire. Il fournit un cadre syst\u00e9matique pour identifier et g\u00e9rer les risques li\u00e9s \u00e0 la s\u00e9curit\u00e9 alimentaire tout en assurant la conformit\u00e9 aux normes mondiales. Reconnue par la Global Food&hellip;\" \/>\n<meta property=\"og:url\" content=\"https:\/\/www.ifc-globaltn.com\/index.php\/fssc-22000\/\" \/>\n<meta property=\"og:site_name\" content=\"IFC Global.TN\" \/>\n<meta property=\"article:modified_time\" content=\"2025-06-11T14:06:03+00:00\" \/>\n<meta property=\"og:image\" content=\"https:\/\/www.ifc-globaltn.com\/wp-content\/uploads\/2025\/06\/hizmetlerimiz.jpg\" \/>\n\t<meta property=\"og:image:width\" content=\"1900\" \/>\n\t<meta property=\"og:image:height\" content=\"460\" \/>\n\t<meta property=\"og:image:type\" content=\"image\/jpeg\" \/>\n<meta name=\"twitter:card\" content=\"summary_large_image\" \/>\n<meta name=\"twitter:label1\" content=\"Dur\u00e9e de lecture estim\u00e9e\" \/>\n\t<meta name=\"twitter:data1\" content=\"2 minutes\" \/>\n<script type=\"application\/ld+json\" class=\"yoast-schema-graph\">{\"@context\":\"https:\\\/\\\/schema.org\",\"@graph\":[{\"@type\":\"WebPage\",\"@id\":\"https:\\\/\\\/www.ifc-globaltn.com\\\/index.php\\\/fssc-22000\\\/\",\"url\":\"https:\\\/\\\/www.ifc-globaltn.com\\\/index.php\\\/fssc-22000\\\/\",\"name\":\"FSSC 22000 - IFC Global.TN\",\"isPartOf\":{\"@id\":\"https:\\\/\\\/www.ifc-globaltn.com\\\/#website\"},\"primaryImageOfPage\":{\"@id\":\"https:\\\/\\\/www.ifc-globaltn.com\\\/index.php\\\/fssc-22000\\\/#primaryimage\"},\"image\":{\"@id\":\"https:\\\/\\\/www.ifc-globaltn.com\\\/index.php\\\/fssc-22000\\\/#primaryimage\"},\"thumbnailUrl\":\"https:\\\/\\\/www.ifc-globaltn.com\\\/wp-content\\\/uploads\\\/2025\\\/06\\\/hizmetlerimiz.jpg\",\"datePublished\":\"2025-06-11T14:05:33+00:00\",\"dateModified\":\"2025-06-11T14:06:03+00:00\",\"breadcrumb\":{\"@id\":\"https:\\\/\\\/www.ifc-globaltn.com\\\/index.php\\\/fssc-22000\\\/#breadcrumb\"},\"inLanguage\":\"fr-FR\",\"potentialAction\":[{\"@type\":\"ReadAction\",\"target\":[\"https:\\\/\\\/www.ifc-globaltn.com\\\/index.php\\\/fssc-22000\\\/\"]}]},{\"@type\":\"ImageObject\",\"inLanguage\":\"fr-FR\",\"@id\":\"https:\\\/\\\/www.ifc-globaltn.com\\\/index.php\\\/fssc-22000\\\/#primaryimage\",\"url\":\"https:\\\/\\\/www.ifc-globaltn.com\\\/wp-content\\\/uploads\\\/2025\\\/06\\\/hizmetlerimiz.jpg\",\"contentUrl\":\"https:\\\/\\\/www.ifc-globaltn.com\\\/wp-content\\\/uploads\\\/2025\\\/06\\\/hizmetlerimiz.jpg\",\"width\":1900,\"height\":460},{\"@type\":\"BreadcrumbList\",\"@id\":\"https:\\\/\\\/www.ifc-globaltn.com\\\/index.php\\\/fssc-22000\\\/#breadcrumb\",\"itemListElement\":[{\"@type\":\"ListItem\",\"position\":1,\"name\":\"Accueil\",\"item\":\"https:\\\/\\\/www.ifc-globaltn.com\\\/\"},{\"@type\":\"ListItem\",\"position\":2,\"name\":\"FSSC 22000\"}]},{\"@type\":\"WebSite\",\"@id\":\"https:\\\/\\\/www.ifc-globaltn.com\\\/#website\",\"url\":\"https:\\\/\\\/www.ifc-globaltn.com\\\/\",\"name\":\"IFC Global.TN\",\"description\":\"Bienvenue sur IFC Global.TN Nous sommes la branche tunisienne officielle de IFC Global, un leader mondial dans le domaine des certifications ISO et des solutions de conformit\u00e9.\",\"publisher\":{\"@id\":\"https:\\\/\\\/www.ifc-globaltn.com\\\/#organization\"},\"potentialAction\":[{\"@type\":\"SearchAction\",\"target\":{\"@type\":\"EntryPoint\",\"urlTemplate\":\"https:\\\/\\\/www.ifc-globaltn.com\\\/?s={search_term_string}\"},\"query-input\":{\"@type\":\"PropertyValueSpecification\",\"valueRequired\":true,\"valueName\":\"search_term_string\"}}],\"inLanguage\":\"fr-FR\"},{\"@type\":\"Organization\",\"@id\":\"https:\\\/\\\/www.ifc-globaltn.com\\\/#organization\",\"name\":\"IFC Global.TN\",\"url\":\"https:\\\/\\\/www.ifc-globaltn.com\\\/\",\"logo\":{\"@type\":\"ImageObject\",\"inLanguage\":\"fr-FR\",\"@id\":\"https:\\\/\\\/www.ifc-globaltn.com\\\/#\\\/schema\\\/logo\\\/image\\\/\",\"url\":\"https:\\\/\\\/www.ifc-globaltn.com\\\/wp-content\\\/uploads\\\/2025\\\/01\\\/ifcgloballogo.png\",\"contentUrl\":\"https:\\\/\\\/www.ifc-globaltn.com\\\/wp-content\\\/uploads\\\/2025\\\/01\\\/ifcgloballogo.png\",\"width\":245,\"height\":90,\"caption\":\"IFC Global.TN\"},\"image\":{\"@id\":\"https:\\\/\\\/www.ifc-globaltn.com\\\/#\\\/schema\\\/logo\\\/image\\\/\"}}]}<\/script>\n<!-- \/ Yoast SEO plugin. -->","yoast_head_json":{"title":"FSSC 22000 - IFC Global.TN","robots":{"index":"index","follow":"follow","max-snippet":"max-snippet:-1","max-image-preview":"max-image-preview:large","max-video-preview":"max-video-preview:-1"},"canonical":"https:\/\/www.ifc-globaltn.com\/index.php\/fssc-22000\/","og_locale":"fr_FR","og_type":"article","og_title":"FSSC 22000 - IFC Global.TN","og_description":"FSSC 22000 Pourquoi FSSC 22000 ?FSSC 22000 est un programme de certification reconnu \u00e0 l\u2019\u00e9chelle internationale, con\u00e7u pour toutes les organisations de la cha\u00eene d\u2019approvisionnement alimentaire. Il fournit un cadre syst\u00e9matique pour identifier et g\u00e9rer les risques li\u00e9s \u00e0 la s\u00e9curit\u00e9 alimentaire tout en assurant la conformit\u00e9 aux normes mondiales. Reconnue par la Global Food&hellip;","og_url":"https:\/\/www.ifc-globaltn.com\/index.php\/fssc-22000\/","og_site_name":"IFC Global.TN","article_modified_time":"2025-06-11T14:06:03+00:00","og_image":[{"width":1900,"height":460,"url":"https:\/\/www.ifc-globaltn.com\/wp-content\/uploads\/2025\/06\/hizmetlerimiz.jpg","type":"image\/jpeg"}],"twitter_card":"summary_large_image","twitter_misc":{"Dur\u00e9e de lecture estim\u00e9e":"2 minutes"},"schema":{"@context":"https:\/\/schema.org","@graph":[{"@type":"WebPage","@id":"https:\/\/www.ifc-globaltn.com\/index.php\/fssc-22000\/","url":"https:\/\/www.ifc-globaltn.com\/index.php\/fssc-22000\/","name":"FSSC 22000 - IFC Global.TN","isPartOf":{"@id":"https:\/\/www.ifc-globaltn.com\/#website"},"primaryImageOfPage":{"@id":"https:\/\/www.ifc-globaltn.com\/index.php\/fssc-22000\/#primaryimage"},"image":{"@id":"https:\/\/www.ifc-globaltn.com\/index.php\/fssc-22000\/#primaryimage"},"thumbnailUrl":"https:\/\/www.ifc-globaltn.com\/wp-content\/uploads\/2025\/06\/hizmetlerimiz.jpg","datePublished":"2025-06-11T14:05:33+00:00","dateModified":"2025-06-11T14:06:03+00:00","breadcrumb":{"@id":"https:\/\/www.ifc-globaltn.com\/index.php\/fssc-22000\/#breadcrumb"},"inLanguage":"fr-FR","potentialAction":[{"@type":"ReadAction","target":["https:\/\/www.ifc-globaltn.com\/index.php\/fssc-22000\/"]}]},{"@type":"ImageObject","inLanguage":"fr-FR","@id":"https:\/\/www.ifc-globaltn.com\/index.php\/fssc-22000\/#primaryimage","url":"https:\/\/www.ifc-globaltn.com\/wp-content\/uploads\/2025\/06\/hizmetlerimiz.jpg","contentUrl":"https:\/\/www.ifc-globaltn.com\/wp-content\/uploads\/2025\/06\/hizmetlerimiz.jpg","width":1900,"height":460},{"@type":"BreadcrumbList","@id":"https:\/\/www.ifc-globaltn.com\/index.php\/fssc-22000\/#breadcrumb","itemListElement":[{"@type":"ListItem","position":1,"name":"Accueil","item":"https:\/\/www.ifc-globaltn.com\/"},{"@type":"ListItem","position":2,"name":"FSSC 22000"}]},{"@type":"WebSite","@id":"https:\/\/www.ifc-globaltn.com\/#website","url":"https:\/\/www.ifc-globaltn.com\/","name":"IFC Global.TN","description":"Bienvenue sur IFC Global.TN Nous sommes la branche tunisienne officielle de IFC Global, un leader mondial dans le domaine des certifications ISO et des solutions de conformit\u00e9.","publisher":{"@id":"https:\/\/www.ifc-globaltn.com\/#organization"},"potentialAction":[{"@type":"SearchAction","target":{"@type":"EntryPoint","urlTemplate":"https:\/\/www.ifc-globaltn.com\/?s={search_term_string}"},"query-input":{"@type":"PropertyValueSpecification","valueRequired":true,"valueName":"search_term_string"}}],"inLanguage":"fr-FR"},{"@type":"Organization","@id":"https:\/\/www.ifc-globaltn.com\/#organization","name":"IFC Global.TN","url":"https:\/\/www.ifc-globaltn.com\/","logo":{"@type":"ImageObject","inLanguage":"fr-FR","@id":"https:\/\/www.ifc-globaltn.com\/#\/schema\/logo\/image\/","url":"https:\/\/www.ifc-globaltn.com\/wp-content\/uploads\/2025\/01\/ifcgloballogo.png","contentUrl":"https:\/\/www.ifc-globaltn.com\/wp-content\/uploads\/2025\/01\/ifcgloballogo.png","width":245,"height":90,"caption":"IFC Global.TN"},"image":{"@id":"https:\/\/www.ifc-globaltn.com\/#\/schema\/logo\/image\/"}}]}},"_links":{"self":[{"href":"https:\/\/www.ifc-globaltn.com\/index.php\/wp-json\/wp\/v2\/pages\/6250","targetHints":{"allow":["GET"]}}],"collection":[{"href":"https:\/\/www.ifc-globaltn.com\/index.php\/wp-json\/wp\/v2\/pages"}],"about":[{"href":"https:\/\/www.ifc-globaltn.com\/index.php\/wp-json\/wp\/v2\/types\/page"}],"author":[{"embeddable":true,"href":"https:\/\/www.ifc-globaltn.com\/index.php\/wp-json\/wp\/v2\/users\/3"}],"replies":[{"embeddable":true,"href":"https:\/\/www.ifc-globaltn.com\/index.php\/wp-json\/wp\/v2\/comments?post=6250"}],"version-history":[{"count":5,"href":"https:\/\/www.ifc-globaltn.com\/index.php\/wp-json\/wp\/v2\/pages\/6250\/revisions"}],"predecessor-version":[{"id":6255,"href":"https:\/\/www.ifc-globaltn.com\/index.php\/wp-json\/wp\/v2\/pages\/6250\/revisions\/6255"}],"wp:featuredmedia":[{"embeddable":true,"href":"https:\/\/www.ifc-globaltn.com\/index.php\/wp-json\/wp\/v2\/media\/6083"}],"wp:attachment":[{"href":"https:\/\/www.ifc-globaltn.com\/index.php\/wp-json\/wp\/v2\/media?parent=6250"}],"curies":[{"name":"wp","href":"https:\/\/api.w.org\/{rel}","templated":true}]}}