{"id":6256,"date":"2025-06-11T16:15:25","date_gmt":"2025-06-11T14:15:25","guid":{"rendered":"https:\/\/www.ifc-globaltn.com\/?page_id=6256"},"modified":"2025-09-19T12:07:39","modified_gmt":"2025-09-19T11:07:39","slug":"fami-qs","status":"publish","type":"page","link":"https:\/\/www.ifc-globaltn.com\/index.php\/fami-qs\/","title":{"rendered":"FAMI-QS"},"content":{"rendered":"\t\t<div data-elementor-type=\"wp-page\" data-elementor-id=\"6256\" class=\"elementor elementor-6256\" data-elementor-post-type=\"page\">\n\t\t\t\t<div class=\"elementor-element elementor-element-bf40337 e-con-full e-flex e-con e-parent\" data-id=\"bf40337\" data-element_type=\"container\" data-e-type=\"container\">\n\t\t\t\t<div class=\"elementor-element elementor-element-22a90f9 elementor-widget elementor-widget-heading\" data-id=\"22a90f9\" data-element_type=\"widget\" data-e-type=\"widget\" data-widget_type=\"heading.default\">\n\t\t\t\t<div class=\"elementor-widget-container\">\n\t\t\t\t\t<h3 class=\"elementor-heading-title elementor-size-default\"><b>FAMI-QS<\/b><\/h3>\t\t\t\t<\/div>\n\t\t\t\t<\/div>\n\t\t\t\t<div class=\"elementor-element elementor-element-3f60514 elementor-widget-divider--view-line elementor-widget elementor-widget-divider\" data-id=\"3f60514\" data-element_type=\"widget\" data-e-type=\"widget\" data-widget_type=\"divider.default\">\n\t\t\t\t<div class=\"elementor-widget-container\">\n\t\t\t\t\t\t\t<div class=\"elementor-divider\">\n\t\t\t<span class=\"elementor-divider-separator\">\n\t\t\t\t\t\t<\/span>\n\t\t<\/div>\n\t\t\t\t\t\t<\/div>\n\t\t\t\t<\/div>\n\t\t\t\t<\/div>\n\t\t<div class=\"elementor-element elementor-element-1261608 e-con-full e-flex e-con e-parent\" data-id=\"1261608\" data-element_type=\"container\" data-e-type=\"container\">\n\t\t<div class=\"elementor-element elementor-element-c37ea37 e-con-full e-flex e-con e-child\" data-id=\"c37ea37\" data-element_type=\"container\" data-e-type=\"container\">\n\t\t\t\t<div class=\"elementor-element elementor-element-f4e48a4 elementor-widget elementor-widget-image\" data-id=\"f4e48a4\" data-element_type=\"widget\" data-e-type=\"widget\" data-widget_type=\"image.default\">\n\t\t\t\t<div class=\"elementor-widget-container\">\n\t\t\t\t\t\t\t\t\t\t\t\t\t\t\t<img decoding=\"async\" width=\"300\" height=\"108\" src=\"https:\/\/www.ifc-globaltn.com\/wp-content\/uploads\/2025\/06\/famiqs-logo-300x108.jpg\" class=\"attachment-medium size-medium wp-image-6064\" alt=\"\" srcset=\"https:\/\/www.ifc-globaltn.com\/wp-content\/uploads\/2025\/06\/famiqs-logo-300x108.jpg 300w, https:\/\/www.ifc-globaltn.com\/wp-content\/uploads\/2025\/06\/famiqs-logo-768x276.jpg 768w, https:\/\/www.ifc-globaltn.com\/wp-content\/uploads\/2025\/06\/famiqs-logo.jpg 1000w\" sizes=\"(max-width: 300px) 100vw, 300px\" \/>\t\t\t\t\t\t\t\t\t\t\t\t\t\t\t<\/div>\n\t\t\t\t<\/div>\n\t\t\t\t<\/div>\n\t\t<div class=\"elementor-element elementor-element-5f42e6d e-con-full e-flex e-con e-child\" data-id=\"5f42e6d\" data-element_type=\"container\" data-e-type=\"container\">\n\t\t\t\t<div class=\"elementor-element elementor-element-31e3c73 elementor-widget elementor-widget-text-editor\" data-id=\"31e3c73\" data-element_type=\"widget\" data-e-type=\"widget\" data-widget_type=\"text-editor.default\">\n\t\t\t\t<div class=\"elementor-widget-container\">\n\t\t\t\t\t\t\t\t\t<p data-start=\"47\" data-end=\"436\"><strong data-start=\"47\" data-end=\"69\">Pourquoi FAMI-QS ?<\/strong><br data-start=\"69\" data-end=\"72\" \/>FAMI-QS est un syst\u00e8me de certification reconnu \u00e0 l\u2019\u00e9chelle mondiale, destin\u00e9 \u00e0 garantir la s\u00e9curit\u00e9 et la tra\u00e7abilit\u00e9 des additifs pour l\u2019alimentation animale et des pr\u00e9m\u00e9langes. Il \u00e9tablit des normes de conformit\u00e9 aux exigences de qualit\u00e9 et aux r\u00e9glementations l\u00e9gales afin de pr\u00e9venir l\u2019introduction d\u2019aliments pour animaux non s\u00fbrs dans la cha\u00eene alimentaire.<\/p>\t\t\t\t\t\t\t\t<\/div>\n\t\t\t\t<\/div>\n\t\t\t\t<\/div>\n\t\t\t\t<\/div>\n\t\t<div class=\"elementor-element elementor-element-bd0158d e-con-full e-flex e-con e-child\" data-id=\"bd0158d\" data-element_type=\"container\" data-e-type=\"container\">\n\t\t\t\t<div class=\"elementor-element elementor-element-42362a5 elementor-widget-divider--view-line elementor-widget elementor-widget-divider\" data-id=\"42362a5\" data-element_type=\"widget\" data-e-type=\"widget\" data-widget_type=\"divider.default\">\n\t\t\t\t<div class=\"elementor-widget-container\">\n\t\t\t\t\t\t\t<div class=\"elementor-divider\">\n\t\t\t<span class=\"elementor-divider-separator\">\n\t\t\t\t\t\t<\/span>\n\t\t<\/div>\n\t\t\t\t\t\t<\/div>\n\t\t\t\t<\/div>\n\t\t\t\t<div class=\"elementor-element elementor-element-1bad04a elementor-widget elementor-widget-text-editor\" data-id=\"1bad04a\" data-element_type=\"widget\" data-e-type=\"widget\" data-widget_type=\"text-editor.default\">\n\t\t\t\t<div class=\"elementor-widget-container\">\n\t\t\t\t\t\t\t\t\t<p data-start=\"462\" data-end=\"527\">F<span style=\"background-color: rgba(255, 255, 255, 0); word-spacing: normal;\">AMI-QS se concentre sur la gestion des risques ainsi que sur l\u2019hygi\u00e8ne et la tra\u00e7abilit\u00e9 des aliments pour animaux. Il fournit des exigences sp\u00e9cifiques permettant de ma\u00eetriser les dangers avant que les produits destin\u00e9s \u00e0 l\u2019alimentation animale n\u2019atteignent le march\u00e9, assurant ainsi leur s\u00e9curit\u00e9 pour la consommation. Les fabricants et op\u00e9rateurs respectant ces exigences peuvent obtenir le certificat FAMI-QS, d\u00e9montrant leur engagement envers la qualit\u00e9 et la s\u00e9curit\u00e9.<\/span><\/p>\t\t\t\t\t\t\t\t<\/div>\n\t\t\t\t<\/div>\n\t\t\t\t<div class=\"elementor-element elementor-element-93b2b86 elementor-widget-divider--view-line elementor-widget elementor-widget-divider\" data-id=\"93b2b86\" data-element_type=\"widget\" data-e-type=\"widget\" data-widget_type=\"divider.default\">\n\t\t\t\t<div class=\"elementor-widget-container\">\n\t\t\t\t\t\t\t<div class=\"elementor-divider\">\n\t\t\t<span class=\"elementor-divider-separator\">\n\t\t\t\t\t\t<\/span>\n\t\t<\/div>\n\t\t\t\t\t\t<\/div>\n\t\t\t\t<\/div>\n\t\t\t\t<\/div>\n\t\t<div class=\"elementor-element elementor-element-2d50d66 e-con-full e-flex e-con e-child\" data-id=\"2d50d66\" data-element_type=\"container\" data-e-type=\"container\">\n\t\t\t\t<div class=\"elementor-element elementor-element-38c5b18 elementor-widget elementor-widget-text-editor\" data-id=\"38c5b18\" data-element_type=\"widget\" data-e-type=\"widget\" data-widget_type=\"text-editor.default\">\n\t\t\t\t<div class=\"elementor-widget-container\">\n\t\t\t\t\t\t\t\t\t<p data-start=\"915\" data-end=\"1348\"><strong data-start=\"915\" data-end=\"942\">Qu\u2019est-ce que FAMI-QS ?<\/strong><br data-start=\"942\" data-end=\"945\" \/>L\u2019objectif principal de la certification FAMI-QS est d\u2019emp\u00eacher l\u2019introduction d\u2019aliments pour animaux \u00e0 risque dans la cha\u00eene alimentaire. Elle garantit la conformit\u00e9 au R\u00e8glement sur l\u2019hygi\u00e8ne des aliments pour animaux (183\/2005\/CE), qui d\u00e9finit les normes d\u2019hygi\u00e8ne et de s\u00e9curit\u00e9 applicables aux mati\u00e8res premi\u00e8res, aux m\u00e9langes, et \u00e0 l\u2019ensemble de la cha\u00eene de production des aliments pour animaux.<\/p><p data-start=\"1350\" data-end=\"1488\">La certification FAMI-QS repose sur des audits rigoureux afin de s\u2019assurer du respect des exigences de qualit\u00e9 et des obligations l\u00e9gales.<\/p>\t\t\t\t\t\t\t\t<\/div>\n\t\t\t\t<\/div>\n\t\t\t\t<div class=\"elementor-element elementor-element-d57e5f8 elementor-widget-divider--view-line elementor-widget elementor-widget-divider\" data-id=\"d57e5f8\" data-element_type=\"widget\" data-e-type=\"widget\" data-widget_type=\"divider.default\">\n\t\t\t\t<div class=\"elementor-widget-container\">\n\t\t\t\t\t\t\t<div class=\"elementor-divider\">\n\t\t\t<span class=\"elementor-divider-separator\">\n\t\t\t\t\t\t<\/span>\n\t\t<\/div>\n\t\t\t\t\t\t<\/div>\n\t\t\t\t<\/div>\n\t\t\t\t<\/div>\n\t\t<div class=\"elementor-element elementor-element-744eeb4 e-con-full e-flex e-con e-child\" data-id=\"744eeb4\" data-element_type=\"container\" data-e-type=\"container\">\n\t\t\t\t<div class=\"elementor-element elementor-element-35ef0c0 elementor-widget elementor-widget-text-editor\" data-id=\"35ef0c0\" data-element_type=\"widget\" data-e-type=\"widget\" data-widget_type=\"text-editor.default\">\n\t\t\t\t<div class=\"elementor-widget-container\">\n\t\t\t\t\t\t\t\t\t<p data-start=\"1490\" data-end=\"1531\"><strong data-start=\"1490\" data-end=\"1531\">Avantages de la certification FAMI-QS<\/strong><\/p><p data-start=\"1535\" data-end=\"1646\"><strong data-start=\"1535\" data-end=\"1550\">Tra\u00e7abilit\u00e9<\/strong> : Assure une tra\u00e7abilit\u00e9 compl\u00e8te des produits tout au long de la cha\u00eene d\u2019approvisionnement.<\/p><p data-start=\"1649\" data-end=\"1742\"><strong data-start=\"1649\" data-end=\"1670\">Qualit\u00e9 am\u00e9lior\u00e9e<\/strong> : Am\u00e9liore la qualit\u00e9 des produits destin\u00e9s \u00e0 l\u2019alimentation animale.<\/p><p data-start=\"1745\" data-end=\"1820\"><strong data-start=\"1745\" data-end=\"1766\">Conformit\u00e9 l\u00e9gale<\/strong> : Garantit le respect des exigences r\u00e9glementaires.<\/p><p data-start=\"1823\" data-end=\"1927\"><strong data-start=\"1823\" data-end=\"1842\">Acc\u00e8s au march\u00e9<\/strong> : Facilite les \u00e9changes commerciaux et la mise sur le march\u00e9 des produits certifi\u00e9s.<\/p><p data-start=\"1929\" data-end=\"2217\">La certification FAMI-QS est soutenue par des audits ind\u00e9pendants et reconnue par des organismes de certification internationaux. Avec plus de 1 000 certificats d\u00e9livr\u00e9s dans plus de 50 pays, FAMI-QS contribue \u00e0 b\u00e2tir une cha\u00eene d\u2019approvisionnement en alimentation animale s\u00fbre et fiable.<\/p>\t\t\t\t\t\t\t\t<\/div>\n\t\t\t\t<\/div>\n\t\t\t\t<div class=\"elementor-element elementor-element-a4e385c elementor-widget-divider--view-line elementor-widget elementor-widget-divider\" data-id=\"a4e385c\" data-element_type=\"widget\" data-e-type=\"widget\" data-widget_type=\"divider.default\">\n\t\t\t\t<div class=\"elementor-widget-container\">\n\t\t\t\t\t\t\t<div class=\"elementor-divider\">\n\t\t\t<span class=\"elementor-divider-separator\">\n\t\t\t\t\t\t<\/span>\n\t\t<\/div>\n\t\t\t\t\t\t<\/div>\n\t\t\t\t<\/div>\n\t\t\t\t<\/div>\n\t\t<div class=\"elementor-element elementor-element-ffe00fd e-con-full e-flex e-con e-child\" data-id=\"ffe00fd\" data-element_type=\"container\" data-e-type=\"container\">\n\t\t\t\t<div class=\"elementor-element elementor-element-bf195fe elementor-widget elementor-widget-text-editor\" data-id=\"bf195fe\" data-element_type=\"widget\" data-e-type=\"widget\" data-widget_type=\"text-editor.default\">\n\t\t\t\t<div class=\"elementor-widget-container\">\n\t\t\t\t\t\t\t\t\t<div class=\"pointer-events-none h-px w-px\" aria-hidden=\"true\" data-edge=\"true\"><strong data-start=\"2219\" data-end=\"2259\">Objectif de la certification FAMI-QS<\/strong><br data-start=\"2259\" data-end=\"2262\">La norme FAMI-QS est align\u00e9e sur le r\u00e8glement 183\/2005\/CE de l\u2019Union europ\u00e9enne, couvrant les exigences en mati\u00e8re d\u2019hygi\u00e8ne et de s\u00e9curit\u00e9 pour les mati\u00e8res premi\u00e8res, les m\u00e9langes et l\u2019ensemble de la cha\u00eene de production des aliments pour animaux.<\/div>\t\t\t\t\t\t\t\t<\/div>\n\t\t\t\t<\/div>\n\t\t\t\t<div class=\"elementor-element elementor-element-df67183 elementor-widget-divider--view-line elementor-widget elementor-widget-divider\" data-id=\"df67183\" data-element_type=\"widget\" data-e-type=\"widget\" data-widget_type=\"divider.default\">\n\t\t\t\t<div class=\"elementor-widget-container\">\n\t\t\t\t\t\t\t<div class=\"elementor-divider\">\n\t\t\t<span class=\"elementor-divider-separator\">\n\t\t\t\t\t\t<\/span>\n\t\t<\/div>\n\t\t\t\t\t\t<\/div>\n\t\t\t\t<\/div>\n\t\t\t\t<\/div>\n\t\t<div class=\"elementor-element elementor-element-a55cb72 e-con-full e-flex e-con e-child\" data-id=\"a55cb72\" data-element_type=\"container\" data-e-type=\"container\">\n\t\t\t\t<div class=\"elementor-element elementor-element-6dd841b elementor-widget elementor-widget-text-editor\" data-id=\"6dd841b\" data-element_type=\"widget\" data-e-type=\"widget\" data-widget_type=\"text-editor.default\">\n\t\t\t\t<div class=\"elementor-widget-container\">\n\t\t\t\t\t\t\t\t\t<div class=\"pointer-events-none h-px w-px\" aria-hidden=\"true\" data-edge=\"true\"><p data-start=\"2513\" data-end=\"2560\"><strong data-start=\"2513\" data-end=\"2560\">Pourquoi choisir la certification FAMI-QS ?<\/strong><\/p><p data-start=\"2564\" data-end=\"2650\">Garantit la tra\u00e7abilit\u00e9 dans la cha\u00eene d\u2019approvisionnement des aliments pour animaux<\/p><p data-start=\"2653\" data-end=\"2721\">Renforce la qualit\u00e9 de la marque et la cr\u00e9dibilit\u00e9 de l\u2019entreprise<\/p><p data-start=\"2724\" data-end=\"2790\">Assure la conformit\u00e9 avec les lois et r\u00e9glementations en vigueur<\/p><p data-start=\"2793\" data-end=\"2863\" data-is-last-node=\"\">Simplifie les processus de commercialisation et d\u2019\u00e9changes commerciaux<\/p><\/div><article class=\"text-token-text-primary w-full\" dir=\"auto\" data-testid=\"conversation-turn-2\" data-scroll-anchor=\"true\"><div class=\"text-base my-auto mx-auto py-5 [--thread-content-margin:--spacing(4)] @[37rem]:[--thread-content-margin:--spacing(6)] @[72rem]:[--thread-content-margin:--spacing(16)] px-(--thread-content-margin)\"><div class=\"[--thread-content-max-width:32rem] @[34rem]:[--thread-content-max-width:40rem] @[64rem]:[--thread-content-max-width:48rem] mx-auto flex max-w-(--thread-content-max-width) flex-1 text-base gap-4 md:gap-5 lg:gap-6 group\/turn-messages focus-visible:outline-hidden\" tabindex=\"-1\"><div class=\"group\/conversation-turn relative flex w-full min-w-0 flex-col agent-turn\"><div class=\"relative flex-col gap-1 md:gap-3\"><div class=\"flex max-w-full flex-col grow\"><div class=\"min-h-8 text-message relative flex w-full flex-col items-end gap-2 text-start break-words whitespace-normal [.text-message+&amp;]:mt-5\" dir=\"auto\" data-message-author-role=\"assistant\" data-message-id=\"5e8cddb6-cee2-4c1f-97e3-dcaf42e85c82\" data-message-model-slug=\"gpt-4o\"><div class=\"flex w-full flex-col gap-1 empty:hidden first:pt-[3px]\">\u00a0<\/div><\/div><\/div><\/div><\/div><\/div><\/div><\/article>\t\t\t\t\t\t\t\t<\/div>\n\t\t\t\t<\/div>\n\t\t\t\t<\/div>\n\t\t<div class=\"elementor-element elementor-element-4181607 e-con-full e-flex e-con e-parent\" data-id=\"4181607\" data-element_type=\"container\" data-e-type=\"container\">\n\t\t\t\t<div class=\"elementor-element elementor-element-fc7622f elementor-widget elementor-widget-spacer\" data-id=\"fc7622f\" data-element_type=\"widget\" data-e-type=\"widget\" data-widget_type=\"spacer.default\">\n\t\t\t\t<div class=\"elementor-widget-container\">\n\t\t\t\t\t\t\t<div class=\"elementor-spacer\">\n\t\t\t<div class=\"elementor-spacer-inner\"><\/div>\n\t\t<\/div>\n\t\t\t\t\t\t<\/div>\n\t\t\t\t<\/div>\n\t\t\t\t<div class=\"elementor-element elementor-element-c088caf elementor-widget__width-initial elementor-cta--skin-classic elementor-animated-content elementor-bg-transform elementor-bg-transform-zoom-in elementor-widget elementor-widget-call-to-action\" data-id=\"c088caf\" data-element_type=\"widget\" data-e-type=\"widget\" data-widget_type=\"call-to-action.default\">\n\t\t\t\t<div class=\"elementor-widget-container\">\n\t\t\t\t\t\t\t<div class=\"elementor-cta\">\n\t\t\t\t\t\t\t<div class=\"elementor-cta__content\">\n\t\t\t\t\n\t\t\t\t\t\t\t\t\t<h2 class=\"elementor-cta__title elementor-cta__content-item elementor-content-item\">\n\t\t\t\t\t\tVous N'avez Pas Encore Obtenu Votre Certificat !\t\t\t\t\t<\/h2>\n\t\t\t\t\n\t\t\t\t\t\t\t\t\t<div class=\"elementor-cta__description elementor-cta__content-item elementor-content-item\">\n\t\t\t\t\t\tPrenez contact avec nos experts pour commancer.\t\t\t\t\t<\/div>\n\t\t\t\t\n\t\t\t\t\t\t\t\t\t<div class=\"elementor-cta__button-wrapper elementor-cta__content-item elementor-content-item \">\n\t\t\t\t\t<a class=\"elementor-cta__button elementor-button elementor-size-\" href=\"mailto:%20direction@ifc-globaltn.com\">\n\t\t\t\t\t\tcontactez-nous\t\t\t\t\t<\/a>\n\t\t\t\t\t<\/div>\n\t\t\t\t\t\t\t<\/div>\n\t\t\t\t\t\t<\/div>\n\t\t\t\t\t\t<\/div>\n\t\t\t\t<\/div>\n\t\t\t\t<\/div>\n\t\t\t\t<\/div>\n\t\t","protected":false},"excerpt":{"rendered":"<p>FAMI-QS Pourquoi FAMI-QS ?FAMI-QS est un syst\u00e8me de certification reconnu \u00e0 l\u2019\u00e9chelle mondiale, destin\u00e9 \u00e0 garantir la s\u00e9curit\u00e9 et la tra\u00e7abilit\u00e9 des additifs pour l\u2019alimentation animale et des pr\u00e9m\u00e9langes. Il \u00e9tablit des normes de conformit\u00e9 aux exigences de qualit\u00e9 et aux r\u00e9glementations l\u00e9gales afin de pr\u00e9venir l\u2019introduction d\u2019aliments pour animaux non s\u00fbrs dans la cha\u00eene&hellip;<\/p>\n","protected":false},"author":3,"featured_media":6083,"parent":0,"menu_order":0,"comment_status":"closed","ping_status":"closed","template":"","meta":{"footnotes":""},"class_list":["post-6256","page","type-page","status-publish","has-post-thumbnail","hentry"],"yoast_head":"<!-- This site is optimized with the Yoast SEO plugin v27.4 - https:\/\/yoast.com\/product\/yoast-seo-wordpress\/ -->\n<title>FAMI-QS en Tunisie<\/title>\n<meta name=\"description\" content=\"Assurez la qualit\u00e9 et la s\u00e9curit\u00e9 des additifs alimentaires avec la certification FAMI-QS, conforme aux normes internationales.\" \/>\n<meta name=\"robots\" content=\"index, follow, max-snippet:-1, max-image-preview:large, max-video-preview:-1\" \/>\n<link rel=\"canonical\" href=\"https:\/\/www.ifc-globaltn.com\/index.php\/fami-qs\/\" \/>\n<meta property=\"og:locale\" content=\"fr_FR\" \/>\n<meta property=\"og:type\" content=\"article\" \/>\n<meta property=\"og:title\" content=\"FAMI-QS en Tunisie\" \/>\n<meta property=\"og:description\" content=\"Assurez la qualit\u00e9 et la s\u00e9curit\u00e9 des additifs alimentaires avec la certification FAMI-QS, conforme aux normes internationales.\" \/>\n<meta property=\"og:url\" content=\"https:\/\/www.ifc-globaltn.com\/index.php\/fami-qs\/\" \/>\n<meta property=\"og:site_name\" content=\"IFC Global.TN\" \/>\n<meta property=\"article:modified_time\" content=\"2025-09-19T11:07:39+00:00\" \/>\n<meta property=\"og:image\" content=\"https:\/\/www.ifc-globaltn.com\/wp-content\/uploads\/2025\/06\/hizmetlerimiz.jpg\" \/>\n\t<meta property=\"og:image:width\" content=\"1900\" \/>\n\t<meta property=\"og:image:height\" content=\"460\" \/>\n\t<meta property=\"og:image:type\" content=\"image\/jpeg\" \/>\n<meta name=\"twitter:card\" content=\"summary_large_image\" \/>\n<meta name=\"twitter:label1\" content=\"Dur\u00e9e de lecture estim\u00e9e\" \/>\n\t<meta name=\"twitter:data1\" content=\"3 minutes\" \/>\n<script type=\"application\/ld+json\" class=\"yoast-schema-graph\">{\"@context\":\"https:\\\/\\\/schema.org\",\"@graph\":[{\"@type\":\"WebPage\",\"@id\":\"https:\\\/\\\/www.ifc-globaltn.com\\\/index.php\\\/fami-qs\\\/\",\"url\":\"https:\\\/\\\/www.ifc-globaltn.com\\\/index.php\\\/fami-qs\\\/\",\"name\":\"FAMI-QS en Tunisie\",\"isPartOf\":{\"@id\":\"https:\\\/\\\/www.ifc-globaltn.com\\\/#website\"},\"primaryImageOfPage\":{\"@id\":\"https:\\\/\\\/www.ifc-globaltn.com\\\/index.php\\\/fami-qs\\\/#primaryimage\"},\"image\":{\"@id\":\"https:\\\/\\\/www.ifc-globaltn.com\\\/index.php\\\/fami-qs\\\/#primaryimage\"},\"thumbnailUrl\":\"https:\\\/\\\/www.ifc-globaltn.com\\\/wp-content\\\/uploads\\\/2025\\\/06\\\/hizmetlerimiz.jpg\",\"datePublished\":\"2025-06-11T14:15:25+00:00\",\"dateModified\":\"2025-09-19T11:07:39+00:00\",\"description\":\"Assurez la qualit\u00e9 et la s\u00e9curit\u00e9 des additifs alimentaires avec la certification FAMI-QS, conforme aux normes internationales.\",\"breadcrumb\":{\"@id\":\"https:\\\/\\\/www.ifc-globaltn.com\\\/index.php\\\/fami-qs\\\/#breadcrumb\"},\"inLanguage\":\"fr-FR\",\"potentialAction\":[{\"@type\":\"ReadAction\",\"target\":[\"https:\\\/\\\/www.ifc-globaltn.com\\\/index.php\\\/fami-qs\\\/\"]}]},{\"@type\":\"ImageObject\",\"inLanguage\":\"fr-FR\",\"@id\":\"https:\\\/\\\/www.ifc-globaltn.com\\\/index.php\\\/fami-qs\\\/#primaryimage\",\"url\":\"https:\\\/\\\/www.ifc-globaltn.com\\\/wp-content\\\/uploads\\\/2025\\\/06\\\/hizmetlerimiz.jpg\",\"contentUrl\":\"https:\\\/\\\/www.ifc-globaltn.com\\\/wp-content\\\/uploads\\\/2025\\\/06\\\/hizmetlerimiz.jpg\",\"width\":1900,\"height\":460},{\"@type\":\"BreadcrumbList\",\"@id\":\"https:\\\/\\\/www.ifc-globaltn.com\\\/index.php\\\/fami-qs\\\/#breadcrumb\",\"itemListElement\":[{\"@type\":\"ListItem\",\"position\":1,\"name\":\"Accueil\",\"item\":\"https:\\\/\\\/www.ifc-globaltn.com\\\/\"},{\"@type\":\"ListItem\",\"position\":2,\"name\":\"FAMI-QS\"}]},{\"@type\":\"WebSite\",\"@id\":\"https:\\\/\\\/www.ifc-globaltn.com\\\/#website\",\"url\":\"https:\\\/\\\/www.ifc-globaltn.com\\\/\",\"name\":\"IFC Global.TN\",\"description\":\"Bienvenue sur IFC Global.TN Nous sommes la branche tunisienne officielle de IFC Global, un leader mondial dans le domaine des certifications ISO et des solutions de conformit\u00e9.\",\"publisher\":{\"@id\":\"https:\\\/\\\/www.ifc-globaltn.com\\\/#organization\"},\"potentialAction\":[{\"@type\":\"SearchAction\",\"target\":{\"@type\":\"EntryPoint\",\"urlTemplate\":\"https:\\\/\\\/www.ifc-globaltn.com\\\/?s={search_term_string}\"},\"query-input\":{\"@type\":\"PropertyValueSpecification\",\"valueRequired\":true,\"valueName\":\"search_term_string\"}}],\"inLanguage\":\"fr-FR\"},{\"@type\":\"Organization\",\"@id\":\"https:\\\/\\\/www.ifc-globaltn.com\\\/#organization\",\"name\":\"IFC Global.TN\",\"url\":\"https:\\\/\\\/www.ifc-globaltn.com\\\/\",\"logo\":{\"@type\":\"ImageObject\",\"inLanguage\":\"fr-FR\",\"@id\":\"https:\\\/\\\/www.ifc-globaltn.com\\\/#\\\/schema\\\/logo\\\/image\\\/\",\"url\":\"https:\\\/\\\/www.ifc-globaltn.com\\\/wp-content\\\/uploads\\\/2025\\\/01\\\/ifcgloballogo.png\",\"contentUrl\":\"https:\\\/\\\/www.ifc-globaltn.com\\\/wp-content\\\/uploads\\\/2025\\\/01\\\/ifcgloballogo.png\",\"width\":245,\"height\":90,\"caption\":\"IFC Global.TN\"},\"image\":{\"@id\":\"https:\\\/\\\/www.ifc-globaltn.com\\\/#\\\/schema\\\/logo\\\/image\\\/\"}}]}<\/script>\n<!-- \/ Yoast SEO plugin. -->","yoast_head_json":{"title":"FAMI-QS en Tunisie","description":"Assurez la qualit\u00e9 et la s\u00e9curit\u00e9 des additifs alimentaires avec la certification FAMI-QS, conforme aux normes internationales.","robots":{"index":"index","follow":"follow","max-snippet":"max-snippet:-1","max-image-preview":"max-image-preview:large","max-video-preview":"max-video-preview:-1"},"canonical":"https:\/\/www.ifc-globaltn.com\/index.php\/fami-qs\/","og_locale":"fr_FR","og_type":"article","og_title":"FAMI-QS en Tunisie","og_description":"Assurez la qualit\u00e9 et la s\u00e9curit\u00e9 des additifs alimentaires avec la certification FAMI-QS, conforme aux normes internationales.","og_url":"https:\/\/www.ifc-globaltn.com\/index.php\/fami-qs\/","og_site_name":"IFC Global.TN","article_modified_time":"2025-09-19T11:07:39+00:00","og_image":[{"width":1900,"height":460,"url":"https:\/\/www.ifc-globaltn.com\/wp-content\/uploads\/2025\/06\/hizmetlerimiz.jpg","type":"image\/jpeg"}],"twitter_card":"summary_large_image","twitter_misc":{"Dur\u00e9e de lecture estim\u00e9e":"3 minutes"},"schema":{"@context":"https:\/\/schema.org","@graph":[{"@type":"WebPage","@id":"https:\/\/www.ifc-globaltn.com\/index.php\/fami-qs\/","url":"https:\/\/www.ifc-globaltn.com\/index.php\/fami-qs\/","name":"FAMI-QS en Tunisie","isPartOf":{"@id":"https:\/\/www.ifc-globaltn.com\/#website"},"primaryImageOfPage":{"@id":"https:\/\/www.ifc-globaltn.com\/index.php\/fami-qs\/#primaryimage"},"image":{"@id":"https:\/\/www.ifc-globaltn.com\/index.php\/fami-qs\/#primaryimage"},"thumbnailUrl":"https:\/\/www.ifc-globaltn.com\/wp-content\/uploads\/2025\/06\/hizmetlerimiz.jpg","datePublished":"2025-06-11T14:15:25+00:00","dateModified":"2025-09-19T11:07:39+00:00","description":"Assurez la qualit\u00e9 et la s\u00e9curit\u00e9 des additifs alimentaires avec la certification FAMI-QS, conforme aux normes internationales.","breadcrumb":{"@id":"https:\/\/www.ifc-globaltn.com\/index.php\/fami-qs\/#breadcrumb"},"inLanguage":"fr-FR","potentialAction":[{"@type":"ReadAction","target":["https:\/\/www.ifc-globaltn.com\/index.php\/fami-qs\/"]}]},{"@type":"ImageObject","inLanguage":"fr-FR","@id":"https:\/\/www.ifc-globaltn.com\/index.php\/fami-qs\/#primaryimage","url":"https:\/\/www.ifc-globaltn.com\/wp-content\/uploads\/2025\/06\/hizmetlerimiz.jpg","contentUrl":"https:\/\/www.ifc-globaltn.com\/wp-content\/uploads\/2025\/06\/hizmetlerimiz.jpg","width":1900,"height":460},{"@type":"BreadcrumbList","@id":"https:\/\/www.ifc-globaltn.com\/index.php\/fami-qs\/#breadcrumb","itemListElement":[{"@type":"ListItem","position":1,"name":"Accueil","item":"https:\/\/www.ifc-globaltn.com\/"},{"@type":"ListItem","position":2,"name":"FAMI-QS"}]},{"@type":"WebSite","@id":"https:\/\/www.ifc-globaltn.com\/#website","url":"https:\/\/www.ifc-globaltn.com\/","name":"IFC Global.TN","description":"Bienvenue sur IFC Global.TN Nous sommes la branche tunisienne officielle de IFC Global, un leader mondial dans le domaine des certifications ISO et des solutions de conformit\u00e9.","publisher":{"@id":"https:\/\/www.ifc-globaltn.com\/#organization"},"potentialAction":[{"@type":"SearchAction","target":{"@type":"EntryPoint","urlTemplate":"https:\/\/www.ifc-globaltn.com\/?s={search_term_string}"},"query-input":{"@type":"PropertyValueSpecification","valueRequired":true,"valueName":"search_term_string"}}],"inLanguage":"fr-FR"},{"@type":"Organization","@id":"https:\/\/www.ifc-globaltn.com\/#organization","name":"IFC Global.TN","url":"https:\/\/www.ifc-globaltn.com\/","logo":{"@type":"ImageObject","inLanguage":"fr-FR","@id":"https:\/\/www.ifc-globaltn.com\/#\/schema\/logo\/image\/","url":"https:\/\/www.ifc-globaltn.com\/wp-content\/uploads\/2025\/01\/ifcgloballogo.png","contentUrl":"https:\/\/www.ifc-globaltn.com\/wp-content\/uploads\/2025\/01\/ifcgloballogo.png","width":245,"height":90,"caption":"IFC Global.TN"},"image":{"@id":"https:\/\/www.ifc-globaltn.com\/#\/schema\/logo\/image\/"}}]}},"_links":{"self":[{"href":"https:\/\/www.ifc-globaltn.com\/index.php\/wp-json\/wp\/v2\/pages\/6256","targetHints":{"allow":["GET"]}}],"collection":[{"href":"https:\/\/www.ifc-globaltn.com\/index.php\/wp-json\/wp\/v2\/pages"}],"about":[{"href":"https:\/\/www.ifc-globaltn.com\/index.php\/wp-json\/wp\/v2\/types\/page"}],"author":[{"embeddable":true,"href":"https:\/\/www.ifc-globaltn.com\/index.php\/wp-json\/wp\/v2\/users\/3"}],"replies":[{"embeddable":true,"href":"https:\/\/www.ifc-globaltn.com\/index.php\/wp-json\/wp\/v2\/comments?post=6256"}],"version-history":[{"count":7,"href":"https:\/\/www.ifc-globaltn.com\/index.php\/wp-json\/wp\/v2\/pages\/6256\/revisions"}],"predecessor-version":[{"id":7064,"href":"https:\/\/www.ifc-globaltn.com\/index.php\/wp-json\/wp\/v2\/pages\/6256\/revisions\/7064"}],"wp:featuredmedia":[{"embeddable":true,"href":"https:\/\/www.ifc-globaltn.com\/index.php\/wp-json\/wp\/v2\/media\/6083"}],"wp:attachment":[{"href":"https:\/\/www.ifc-globaltn.com\/index.php\/wp-json\/wp\/v2\/media?parent=6256"}],"curies":[{"name":"wp","href":"https:\/\/api.w.org\/{rel}","templated":true}]}}