{"id":6262,"date":"2025-06-11T16:18:37","date_gmt":"2025-06-11T14:18:37","guid":{"rendered":"https:\/\/www.ifc-globaltn.com\/?page_id=6262"},"modified":"2025-06-11T16:24:42","modified_gmt":"2025-06-11T14:24:42","slug":"recycled-claim-standard-rcs","status":"publish","type":"page","link":"https:\/\/www.ifc-globaltn.com\/index.php\/recycled-claim-standard-rcs\/","title":{"rendered":"RECYCLED CLAIM STANDARD (RCS)"},"content":{"rendered":"\t\t<div data-elementor-type=\"wp-page\" data-elementor-id=\"6262\" class=\"elementor elementor-6262\" data-elementor-post-type=\"page\">\n\t\t\t\t<div class=\"elementor-element elementor-element-74b302d e-con-full e-flex e-con e-parent\" data-id=\"74b302d\" data-element_type=\"container\" data-e-type=\"container\">\n\t\t\t\t<div class=\"elementor-element elementor-element-64f227a elementor-widget elementor-widget-heading\" data-id=\"64f227a\" data-element_type=\"widget\" data-e-type=\"widget\" data-widget_type=\"heading.default\">\n\t\t\t\t<div class=\"elementor-widget-container\">\n\t\t\t\t\t<h3 class=\"elementor-heading-title elementor-size-default\"><b>RECYCLED CLAIM STANDARD (RCS)\n<\/b><\/h3>\t\t\t\t<\/div>\n\t\t\t\t<\/div>\n\t\t\t\t<div class=\"elementor-element elementor-element-0d60423 elementor-widget-divider--view-line elementor-widget elementor-widget-divider\" data-id=\"0d60423\" data-element_type=\"widget\" data-e-type=\"widget\" data-widget_type=\"divider.default\">\n\t\t\t\t<div class=\"elementor-widget-container\">\n\t\t\t\t\t\t\t<div class=\"elementor-divider\">\n\t\t\t<span class=\"elementor-divider-separator\">\n\t\t\t\t\t\t<\/span>\n\t\t<\/div>\n\t\t\t\t\t\t<\/div>\n\t\t\t\t<\/div>\n\t\t\t\t<\/div>\n\t\t<div class=\"elementor-element elementor-element-cdd66e6 e-con-full e-flex e-con e-parent\" data-id=\"cdd66e6\" data-element_type=\"container\" data-e-type=\"container\">\n\t\t<div class=\"elementor-element elementor-element-3ee7160 e-con-full e-flex e-con e-child\" data-id=\"3ee7160\" data-element_type=\"container\" data-e-type=\"container\">\n\t\t\t\t<div class=\"elementor-element elementor-element-59f5eb5 elementor-widget elementor-widget-image\" data-id=\"59f5eb5\" data-element_type=\"widget\" data-e-type=\"widget\" data-widget_type=\"image.default\">\n\t\t\t\t<div class=\"elementor-widget-container\">\n\t\t\t\t\t\t\t\t\t\t\t\t\t\t\t<img fetchpriority=\"high\" decoding=\"async\" width=\"300\" height=\"300\" src=\"https:\/\/www.ifc-globaltn.com\/wp-content\/uploads\/2025\/06\/recycled-claim-standard-300x300.jpg\" class=\"attachment-medium size-medium wp-image-6073\" alt=\"\" srcset=\"https:\/\/www.ifc-globaltn.com\/wp-content\/uploads\/2025\/06\/recycled-claim-standard-300x300.jpg 300w, https:\/\/www.ifc-globaltn.com\/wp-content\/uploads\/2025\/06\/recycled-claim-standard-1024x1024.jpg 1024w, https:\/\/www.ifc-globaltn.com\/wp-content\/uploads\/2025\/06\/recycled-claim-standard-150x150.jpg 150w, https:\/\/www.ifc-globaltn.com\/wp-content\/uploads\/2025\/06\/recycled-claim-standard-768x769.jpg 768w, https:\/\/www.ifc-globaltn.com\/wp-content\/uploads\/2025\/06\/recycled-claim-standard.jpg 1080w\" sizes=\"(max-width: 300px) 100vw, 300px\" \/>\t\t\t\t\t\t\t\t\t\t\t\t\t\t\t<\/div>\n\t\t\t\t<\/div>\n\t\t\t\t<\/div>\n\t\t<div class=\"elementor-element elementor-element-befe8bb e-con-full e-flex e-con e-child\" data-id=\"befe8bb\" data-element_type=\"container\" data-e-type=\"container\">\n\t\t\t\t<div class=\"elementor-element elementor-element-9bcffef elementor-widget elementor-widget-text-editor\" data-id=\"9bcffef\" data-element_type=\"widget\" data-e-type=\"widget\" data-widget_type=\"text-editor.default\">\n\t\t\t\t<div class=\"elementor-widget-container\">\n\t\t\t\t\t\t\t\t\t<p data-start=\"47\" data-end=\"380\"><strong data-start=\"47\" data-end=\"74\">Pourquoi la norme RCS ?<\/strong><br data-start=\"74\" data-end=\"77\" \/>La norme <strong data-start=\"86\" data-end=\"119\">Recycled Claim Standard (RCS)<\/strong> est con\u00e7ue pour les produits contenant <strong data-start=\"159\" data-end=\"197\">au moins 5 % de mati\u00e8res recycl\u00e9es<\/strong>. Elle garantit que <strong data-start=\"217\" data-end=\"255\">toutes les \u00e9tapes de la production<\/strong>, du recyclage \u00e0 la vente finale, respectent les exigences de la norme. Pour obtenir la certification, il est n\u00e9cessaire de :<\/p><p data-start=\"384\" data-end=\"412\">Soumettre des d\u00e9clarations<\/p><p data-start=\"415\" data-end=\"457\">Rassembler des certificats de conformit\u00e9<\/p><p data-start=\"460\" data-end=\"534\">R\u00e9aliser des \u00e9valuations sur site dans les sites de production concern\u00e9s<\/p><p data-start=\"536\" data-end=\"681\">La norme RCS <strong data-start=\"549\" data-end=\"566\">ne traite pas<\/strong> des aspects sociaux ou environnementaux, ni de la qualit\u00e9 ou de la conformit\u00e9 l\u00e9gale des processus de fabrication.<\/p>\t\t\t\t\t\t\t\t<\/div>\n\t\t\t\t<\/div>\n\t\t\t\t<div class=\"elementor-element elementor-element-d7824de elementor-widget-divider--view-line elementor-widget elementor-widget-divider\" data-id=\"d7824de\" data-element_type=\"widget\" data-e-type=\"widget\" data-widget_type=\"divider.default\">\n\t\t\t\t<div class=\"elementor-widget-container\">\n\t\t\t\t\t\t\t<div class=\"elementor-divider\">\n\t\t\t<span class=\"elementor-divider-separator\">\n\t\t\t\t\t\t<\/span>\n\t\t<\/div>\n\t\t\t\t\t\t<\/div>\n\t\t\t\t<\/div>\n\t\t\t\t<\/div>\n\t\t\t\t<\/div>\n\t\t<div class=\"elementor-element elementor-element-2dd9adc e-con-full e-flex e-con e-child\" data-id=\"2dd9adc\" data-element_type=\"container\" data-e-type=\"container\">\n\t\t\t\t<div class=\"elementor-element elementor-element-13e53c8 elementor-widget elementor-widget-text-editor\" data-id=\"13e53c8\" data-element_type=\"widget\" data-e-type=\"widget\" data-widget_type=\"text-editor.default\">\n\t\t\t\t<div class=\"elementor-widget-container\">\n\t\t\t\t\t\t\t\t\t<p data-start=\"683\" data-end=\"1016\"><strong data-start=\"683\" data-end=\"715\">Qu\u2019est-ce que la norme RCS ?<\/strong><br data-start=\"715\" data-end=\"718\" \/>La norme RCS v\u00e9rifie la <strong data-start=\"742\" data-end=\"789\">pr\u00e9sence et la quantit\u00e9 de mati\u00e8re recycl\u00e9e<\/strong> dans un produit fini \u00e0 l\u2019aide d\u2019une <strong data-start=\"826\" data-end=\"883\">v\u00e9rification ind\u00e9pendante de la cha\u00eene de tra\u00e7abilit\u00e9<\/strong> par un tiers. Elle offre <strong data-start=\"909\" data-end=\"938\">transparence et coh\u00e9rence<\/strong> dans les d\u00e9clarations sur le contenu recycl\u00e9, permettant aux entreprises de :<\/p><p data-start=\"1020\" data-end=\"1073\">Confirmer la qualit\u00e9 et l\u2019authenticit\u00e9 des produits<\/p><p data-start=\"1076\" data-end=\"1134\">Assurer une communication honn\u00eate avec les consommateurs<\/p><p data-start=\"1137\" data-end=\"1262\">Certifier les \u00e9tapes de production, y compris l\u2019\u00e9grenage, le filage, le tissage, la teinture, l\u2019impression et la confection<\/p><p data-start=\"1264\" data-end=\"1469\">RCS agit comme un outil fiable <strong data-start=\"1295\" data-end=\"1331\">de professionnel \u00e0 professionnel<\/strong>, garantissant aux entreprises qu\u2019elles re\u00e7oivent bien ce pour quoi elles ont pay\u00e9, tout en pr\u00e9servant la <strong data-start=\"1437\" data-end=\"1468\">confiance des consommateurs<\/strong>.<\/p>\t\t\t\t\t\t\t\t<\/div>\n\t\t\t\t<\/div>\n\t\t\t\t<div class=\"elementor-element elementor-element-1e5b4bb elementor-widget-divider--view-line elementor-widget elementor-widget-divider\" data-id=\"1e5b4bb\" data-element_type=\"widget\" data-e-type=\"widget\" data-widget_type=\"divider.default\">\n\t\t\t\t<div class=\"elementor-widget-container\">\n\t\t\t\t\t\t\t<div class=\"elementor-divider\">\n\t\t\t<span class=\"elementor-divider-separator\">\n\t\t\t\t\t\t<\/span>\n\t\t<\/div>\n\t\t\t\t\t\t<\/div>\n\t\t\t\t<\/div>\n\t\t\t\t<\/div>\n\t\t<div class=\"elementor-element elementor-element-41df38f e-con-full e-flex e-con e-child\" data-id=\"41df38f\" data-element_type=\"container\" data-e-type=\"container\">\n\t\t\t\t<div class=\"elementor-element elementor-element-6eaedc1 elementor-widget elementor-widget-text-editor\" data-id=\"6eaedc1\" data-element_type=\"widget\" data-e-type=\"widget\" data-widget_type=\"text-editor.default\">\n\t\t\t\t<div class=\"elementor-widget-container\">\n\t\t\t\t\t\t\t\t\t<p data-start=\"1471\" data-end=\"1500\"><strong data-start=\"1471\" data-end=\"1500\">Avantages de la norme RCS<\/strong><\/p><p data-start=\"1504\" data-end=\"1633\">S\u2019aligne sur les d\u00e9finitions reconnues \u00e0 l\u2019\u00e9chelle internationale, notamment les normes ISO 14021 concernant le contenu recycl\u00e9<\/p><p data-start=\"1636\" data-end=\"1747\">Favorise la <strong data-start=\"1648\" data-end=\"1661\">coh\u00e9rence<\/strong>, la <strong data-start=\"1666\" data-end=\"1682\">transparence<\/strong> et <strong data-start=\"1686\" data-end=\"1701\">l\u2019int\u00e9grit\u00e9<\/strong> des d\u00e9clarations sur les mati\u00e8res recycl\u00e9es<\/p><p data-start=\"1750\" data-end=\"1835\">Garantit le respect de <strong data-start=\"1773\" data-end=\"1799\">m\u00e9thodologies strictes<\/strong> et reconnues \u00e0 l\u2019\u00e9chelle mondiale<\/p><p data-start=\"1837\" data-end=\"2117\">La norme RCS est <strong data-start=\"1854\" data-end=\"1868\">volontaire<\/strong> et <strong data-start=\"1872\" data-end=\"1944\">ne remplace pas les obligations l\u00e9gales ou r\u00e9glementaires nationales<\/strong>. Les organisations doivent d\u00e9montrer leur conformit\u00e9 \u00e0 l\u2019ensemble des lois applicables, notamment en mati\u00e8re de marketing, de droit du travail et de pratiques commerciales.<\/p>\t\t\t\t\t\t\t\t<\/div>\n\t\t\t\t<\/div>\n\t\t\t\t<div class=\"elementor-element elementor-element-21ee401 elementor-widget-divider--view-line elementor-widget elementor-widget-divider\" data-id=\"21ee401\" data-element_type=\"widget\" data-e-type=\"widget\" data-widget_type=\"divider.default\">\n\t\t\t\t<div class=\"elementor-widget-container\">\n\t\t\t\t\t\t\t<div class=\"elementor-divider\">\n\t\t\t<span class=\"elementor-divider-separator\">\n\t\t\t\t\t\t<\/span>\n\t\t<\/div>\n\t\t\t\t\t\t<\/div>\n\t\t\t\t<\/div>\n\t\t\t\t<\/div>\n\t\t<div class=\"elementor-element elementor-element-b5932df e-con-full e-flex e-con e-child\" data-id=\"b5932df\" data-element_type=\"container\" data-e-type=\"container\">\n\t\t\t\t<div class=\"elementor-element elementor-element-4d0e552 elementor-widget elementor-widget-text-editor\" data-id=\"4d0e552\" data-element_type=\"widget\" data-e-type=\"widget\" data-widget_type=\"text-editor.default\">\n\t\t\t\t<div class=\"elementor-widget-container\">\n\t\t\t\t\t\t\t\t\t<div class=\"pointer-events-none h-px w-px\" aria-hidden=\"true\" data-edge=\"true\"><article class=\"text-token-text-primary w-full\" dir=\"auto\" data-testid=\"conversation-turn-8\" data-scroll-anchor=\"true\"><div class=\"text-base my-auto mx-auto py-5 [--thread-content-margin:--spacing(4)] @[37rem]:[--thread-content-margin:--spacing(6)] @[72rem]:[--thread-content-margin:--spacing(16)] px-(--thread-content-margin)\"><div class=\"[--thread-content-max-width:32rem] @[34rem]:[--thread-content-max-width:40rem] @[64rem]:[--thread-content-max-width:48rem] mx-auto flex max-w-(--thread-content-max-width) flex-1 text-base gap-4 md:gap-5 lg:gap-6 group\/turn-messages focus-visible:outline-hidden\" tabindex=\"-1\"><div class=\"group\/conversation-turn relative flex w-full min-w-0 flex-col agent-turn\"><div class=\"relative flex-col gap-1 md:gap-3\"><div class=\"flex max-w-full flex-col grow\"><div class=\"min-h-8 text-message relative flex w-full flex-col items-end gap-2 text-start break-words whitespace-normal [.text-message+&amp;]:mt-5\" dir=\"auto\" data-message-author-role=\"assistant\" data-message-id=\"f62130bc-9c3b-4055-af08-2ea1316b2ff4\" data-message-model-slug=\"gpt-4o\"><div class=\"flex w-full flex-col gap-1 empty:hidden first:pt-[3px]\"><div class=\"markdown prose dark:prose-invert w-full break-words light\"><p data-start=\"2119\" data-end=\"2388\"><strong data-start=\"2119\" data-end=\"2161\">Comment obtenir la certification RCS ?<\/strong><br data-start=\"2161\" data-end=\"2164\" \/>La certification RCS ne peut \u00eatre d\u00e9livr\u00e9e que par des <strong data-start=\"2219\" data-end=\"2259\">organismes certificateurs accr\u00e9dit\u00e9s<\/strong>. Les entreprises doivent se pr\u00e9parer en <strong data-start=\"2300\" data-end=\"2355\">satisfaisant \u00e0 toutes les exigences de la norme RCS<\/strong> avant de soumettre leur demande.<\/p><p data-start=\"2390\" data-end=\"2700\">Pour les organisations souhaitant se faire accompagner, <strong data-start=\"2446\" data-end=\"2494\">travailler avec des consultants exp\u00e9riment\u00e9s<\/strong> peut faciliter les \u00e9tapes de pr\u00e9paration et de certification. <strong data-start=\"2557\" data-end=\"2571\">IFC Global<\/strong> propose une expertise sp\u00e9cialis\u00e9e pour aider les entreprises \u00e0 atteindre la conformit\u00e9 RCS, garantissant transparence et succ\u00e8s.<\/p><p data-start=\"2702\" data-end=\"2795\" data-is-last-node=\"\" data-is-only-node=\"\"><strong data-start=\"2702\" data-end=\"2742\">Contactez IFC Global d\u00e8s aujourd\u2019hui<\/strong> pour faire le premier pas vers la certification RCS.<\/p><\/div><\/div><\/div><\/div><\/div><\/div><\/div><\/div><\/article><\/div>\t\t\t\t\t\t\t\t<\/div>\n\t\t\t\t<\/div>\n\t\t\t\t<\/div>\n\t\t<div class=\"elementor-element elementor-element-32d1a31 e-con-full e-flex e-con e-parent\" data-id=\"32d1a31\" data-element_type=\"container\" data-e-type=\"container\">\n\t\t\t\t<div class=\"elementor-element elementor-element-ded4923 elementor-widget elementor-widget-spacer\" data-id=\"ded4923\" data-element_type=\"widget\" data-e-type=\"widget\" data-widget_type=\"spacer.default\">\n\t\t\t\t<div class=\"elementor-widget-container\">\n\t\t\t\t\t\t\t<div class=\"elementor-spacer\">\n\t\t\t<div class=\"elementor-spacer-inner\"><\/div>\n\t\t<\/div>\n\t\t\t\t\t\t<\/div>\n\t\t\t\t<\/div>\n\t\t\t\t<div class=\"elementor-element elementor-element-73d5e93 elementor-widget__width-initial elementor-cta--skin-classic elementor-animated-content elementor-bg-transform elementor-bg-transform-zoom-in elementor-widget elementor-widget-call-to-action\" data-id=\"73d5e93\" data-element_type=\"widget\" data-e-type=\"widget\" data-widget_type=\"call-to-action.default\">\n\t\t\t\t<div class=\"elementor-widget-container\">\n\t\t\t\t\t\t\t<div class=\"elementor-cta\">\n\t\t\t\t\t\t\t<div class=\"elementor-cta__content\">\n\t\t\t\t\n\t\t\t\t\t\t\t\t\t<h2 class=\"elementor-cta__title elementor-cta__content-item elementor-content-item\">\n\t\t\t\t\t\tVous N'avez Pas Encore Obtenu Votre Certificat !\t\t\t\t\t<\/h2>\n\t\t\t\t\n\t\t\t\t\t\t\t\t\t<div class=\"elementor-cta__description elementor-cta__content-item elementor-content-item\">\n\t\t\t\t\t\tPrenez contact avec nos experts pour commancer.\t\t\t\t\t<\/div>\n\t\t\t\t\n\t\t\t\t\t\t\t\t\t<div class=\"elementor-cta__button-wrapper elementor-cta__content-item elementor-content-item \">\n\t\t\t\t\t<a class=\"elementor-cta__button elementor-button elementor-size-\">\n\t\t\t\t\t\tcontactez-nous\t\t\t\t\t<\/a>\n\t\t\t\t\t<\/div>\n\t\t\t\t\t\t\t<\/div>\n\t\t\t\t\t\t<\/div>\n\t\t\t\t\t\t<\/div>\n\t\t\t\t<\/div>\n\t\t\t\t<\/div>\n\t\t\t\t<\/div>\n\t\t","protected":false},"excerpt":{"rendered":"<p>RECYCLED CLAIM STANDARD (RCS) Pourquoi la norme RCS ?La norme Recycled Claim Standard (RCS) est con\u00e7ue pour les produits contenant au moins 5 % de mati\u00e8res recycl\u00e9es. Elle garantit que toutes les \u00e9tapes de la production, du recyclage \u00e0 la vente finale, respectent les exigences de la norme. Pour obtenir la certification, il est n\u00e9cessaire&hellip;<\/p>\n","protected":false},"author":3,"featured_media":6083,"parent":0,"menu_order":0,"comment_status":"closed","ping_status":"closed","template":"","meta":{"footnotes":""},"class_list":["post-6262","page","type-page","status-publish","has-post-thumbnail","hentry"],"yoast_head":"<!-- This site is optimized with the Yoast SEO plugin v27.4 - https:\/\/yoast.com\/product\/yoast-seo-wordpress\/ -->\n<title>RECYCLED CLAIM STANDARD (RCS) - IFC Global.TN<\/title>\n<meta name=\"robots\" content=\"index, follow, max-snippet:-1, max-image-preview:large, max-video-preview:-1\" \/>\n<link rel=\"canonical\" href=\"https:\/\/www.ifc-globaltn.com\/index.php\/recycled-claim-standard-rcs\/\" \/>\n<meta property=\"og:locale\" content=\"fr_FR\" \/>\n<meta property=\"og:type\" content=\"article\" \/>\n<meta property=\"og:title\" content=\"RECYCLED CLAIM STANDARD (RCS) - IFC Global.TN\" \/>\n<meta property=\"og:description\" content=\"RECYCLED CLAIM STANDARD (RCS) Pourquoi la norme RCS ?La norme Recycled Claim Standard (RCS) est con\u00e7ue pour les produits contenant au moins 5 % de mati\u00e8res recycl\u00e9es. Elle garantit que toutes les \u00e9tapes de la production, du recyclage \u00e0 la vente finale, respectent les exigences de la norme. Pour obtenir la certification, il est n\u00e9cessaire&hellip;\" \/>\n<meta property=\"og:url\" content=\"https:\/\/www.ifc-globaltn.com\/index.php\/recycled-claim-standard-rcs\/\" \/>\n<meta property=\"og:site_name\" content=\"IFC Global.TN\" \/>\n<meta property=\"article:modified_time\" content=\"2025-06-11T14:24:42+00:00\" \/>\n<meta property=\"og:image\" content=\"https:\/\/www.ifc-globaltn.com\/wp-content\/uploads\/2025\/06\/hizmetlerimiz.jpg\" \/>\n\t<meta property=\"og:image:width\" content=\"1900\" \/>\n\t<meta property=\"og:image:height\" content=\"460\" \/>\n\t<meta property=\"og:image:type\" content=\"image\/jpeg\" \/>\n<meta name=\"twitter:card\" content=\"summary_large_image\" \/>\n<meta name=\"twitter:label1\" content=\"Dur\u00e9e de lecture estim\u00e9e\" \/>\n\t<meta name=\"twitter:data1\" content=\"3 minutes\" \/>\n<script type=\"application\/ld+json\" class=\"yoast-schema-graph\">{\"@context\":\"https:\\\/\\\/schema.org\",\"@graph\":[{\"@type\":\"WebPage\",\"@id\":\"https:\\\/\\\/www.ifc-globaltn.com\\\/index.php\\\/recycled-claim-standard-rcs\\\/\",\"url\":\"https:\\\/\\\/www.ifc-globaltn.com\\\/index.php\\\/recycled-claim-standard-rcs\\\/\",\"name\":\"RECYCLED CLAIM STANDARD (RCS) - IFC Global.TN\",\"isPartOf\":{\"@id\":\"https:\\\/\\\/www.ifc-globaltn.com\\\/#website\"},\"primaryImageOfPage\":{\"@id\":\"https:\\\/\\\/www.ifc-globaltn.com\\\/index.php\\\/recycled-claim-standard-rcs\\\/#primaryimage\"},\"image\":{\"@id\":\"https:\\\/\\\/www.ifc-globaltn.com\\\/index.php\\\/recycled-claim-standard-rcs\\\/#primaryimage\"},\"thumbnailUrl\":\"https:\\\/\\\/www.ifc-globaltn.com\\\/wp-content\\\/uploads\\\/2025\\\/06\\\/hizmetlerimiz.jpg\",\"datePublished\":\"2025-06-11T14:18:37+00:00\",\"dateModified\":\"2025-06-11T14:24:42+00:00\",\"breadcrumb\":{\"@id\":\"https:\\\/\\\/www.ifc-globaltn.com\\\/index.php\\\/recycled-claim-standard-rcs\\\/#breadcrumb\"},\"inLanguage\":\"fr-FR\",\"potentialAction\":[{\"@type\":\"ReadAction\",\"target\":[\"https:\\\/\\\/www.ifc-globaltn.com\\\/index.php\\\/recycled-claim-standard-rcs\\\/\"]}]},{\"@type\":\"ImageObject\",\"inLanguage\":\"fr-FR\",\"@id\":\"https:\\\/\\\/www.ifc-globaltn.com\\\/index.php\\\/recycled-claim-standard-rcs\\\/#primaryimage\",\"url\":\"https:\\\/\\\/www.ifc-globaltn.com\\\/wp-content\\\/uploads\\\/2025\\\/06\\\/hizmetlerimiz.jpg\",\"contentUrl\":\"https:\\\/\\\/www.ifc-globaltn.com\\\/wp-content\\\/uploads\\\/2025\\\/06\\\/hizmetlerimiz.jpg\",\"width\":1900,\"height\":460},{\"@type\":\"BreadcrumbList\",\"@id\":\"https:\\\/\\\/www.ifc-globaltn.com\\\/index.php\\\/recycled-claim-standard-rcs\\\/#breadcrumb\",\"itemListElement\":[{\"@type\":\"ListItem\",\"position\":1,\"name\":\"Accueil\",\"item\":\"https:\\\/\\\/www.ifc-globaltn.com\\\/\"},{\"@type\":\"ListItem\",\"position\":2,\"name\":\"RECYCLED CLAIM STANDARD (RCS)\"}]},{\"@type\":\"WebSite\",\"@id\":\"https:\\\/\\\/www.ifc-globaltn.com\\\/#website\",\"url\":\"https:\\\/\\\/www.ifc-globaltn.com\\\/\",\"name\":\"IFC Global.TN\",\"description\":\"Bienvenue sur IFC Global.TN Nous sommes la branche tunisienne officielle de IFC Global, un leader mondial dans le domaine des certifications ISO et des solutions de conformit\u00e9.\",\"publisher\":{\"@id\":\"https:\\\/\\\/www.ifc-globaltn.com\\\/#organization\"},\"potentialAction\":[{\"@type\":\"SearchAction\",\"target\":{\"@type\":\"EntryPoint\",\"urlTemplate\":\"https:\\\/\\\/www.ifc-globaltn.com\\\/?s={search_term_string}\"},\"query-input\":{\"@type\":\"PropertyValueSpecification\",\"valueRequired\":true,\"valueName\":\"search_term_string\"}}],\"inLanguage\":\"fr-FR\"},{\"@type\":\"Organization\",\"@id\":\"https:\\\/\\\/www.ifc-globaltn.com\\\/#organization\",\"name\":\"IFC Global.TN\",\"url\":\"https:\\\/\\\/www.ifc-globaltn.com\\\/\",\"logo\":{\"@type\":\"ImageObject\",\"inLanguage\":\"fr-FR\",\"@id\":\"https:\\\/\\\/www.ifc-globaltn.com\\\/#\\\/schema\\\/logo\\\/image\\\/\",\"url\":\"https:\\\/\\\/www.ifc-globaltn.com\\\/wp-content\\\/uploads\\\/2025\\\/01\\\/ifcgloballogo.png\",\"contentUrl\":\"https:\\\/\\\/www.ifc-globaltn.com\\\/wp-content\\\/uploads\\\/2025\\\/01\\\/ifcgloballogo.png\",\"width\":245,\"height\":90,\"caption\":\"IFC Global.TN\"},\"image\":{\"@id\":\"https:\\\/\\\/www.ifc-globaltn.com\\\/#\\\/schema\\\/logo\\\/image\\\/\"}}]}<\/script>\n<!-- \/ Yoast SEO plugin. -->","yoast_head_json":{"title":"RECYCLED CLAIM STANDARD (RCS) - IFC Global.TN","robots":{"index":"index","follow":"follow","max-snippet":"max-snippet:-1","max-image-preview":"max-image-preview:large","max-video-preview":"max-video-preview:-1"},"canonical":"https:\/\/www.ifc-globaltn.com\/index.php\/recycled-claim-standard-rcs\/","og_locale":"fr_FR","og_type":"article","og_title":"RECYCLED CLAIM STANDARD (RCS) - IFC Global.TN","og_description":"RECYCLED CLAIM STANDARD (RCS) Pourquoi la norme RCS ?La norme Recycled Claim Standard (RCS) est con\u00e7ue pour les produits contenant au moins 5 % de mati\u00e8res recycl\u00e9es. Elle garantit que toutes les \u00e9tapes de la production, du recyclage \u00e0 la vente finale, respectent les exigences de la norme. Pour obtenir la certification, il est n\u00e9cessaire&hellip;","og_url":"https:\/\/www.ifc-globaltn.com\/index.php\/recycled-claim-standard-rcs\/","og_site_name":"IFC Global.TN","article_modified_time":"2025-06-11T14:24:42+00:00","og_image":[{"width":1900,"height":460,"url":"https:\/\/www.ifc-globaltn.com\/wp-content\/uploads\/2025\/06\/hizmetlerimiz.jpg","type":"image\/jpeg"}],"twitter_card":"summary_large_image","twitter_misc":{"Dur\u00e9e de lecture estim\u00e9e":"3 minutes"},"schema":{"@context":"https:\/\/schema.org","@graph":[{"@type":"WebPage","@id":"https:\/\/www.ifc-globaltn.com\/index.php\/recycled-claim-standard-rcs\/","url":"https:\/\/www.ifc-globaltn.com\/index.php\/recycled-claim-standard-rcs\/","name":"RECYCLED CLAIM STANDARD (RCS) - IFC Global.TN","isPartOf":{"@id":"https:\/\/www.ifc-globaltn.com\/#website"},"primaryImageOfPage":{"@id":"https:\/\/www.ifc-globaltn.com\/index.php\/recycled-claim-standard-rcs\/#primaryimage"},"image":{"@id":"https:\/\/www.ifc-globaltn.com\/index.php\/recycled-claim-standard-rcs\/#primaryimage"},"thumbnailUrl":"https:\/\/www.ifc-globaltn.com\/wp-content\/uploads\/2025\/06\/hizmetlerimiz.jpg","datePublished":"2025-06-11T14:18:37+00:00","dateModified":"2025-06-11T14:24:42+00:00","breadcrumb":{"@id":"https:\/\/www.ifc-globaltn.com\/index.php\/recycled-claim-standard-rcs\/#breadcrumb"},"inLanguage":"fr-FR","potentialAction":[{"@type":"ReadAction","target":["https:\/\/www.ifc-globaltn.com\/index.php\/recycled-claim-standard-rcs\/"]}]},{"@type":"ImageObject","inLanguage":"fr-FR","@id":"https:\/\/www.ifc-globaltn.com\/index.php\/recycled-claim-standard-rcs\/#primaryimage","url":"https:\/\/www.ifc-globaltn.com\/wp-content\/uploads\/2025\/06\/hizmetlerimiz.jpg","contentUrl":"https:\/\/www.ifc-globaltn.com\/wp-content\/uploads\/2025\/06\/hizmetlerimiz.jpg","width":1900,"height":460},{"@type":"BreadcrumbList","@id":"https:\/\/www.ifc-globaltn.com\/index.php\/recycled-claim-standard-rcs\/#breadcrumb","itemListElement":[{"@type":"ListItem","position":1,"name":"Accueil","item":"https:\/\/www.ifc-globaltn.com\/"},{"@type":"ListItem","position":2,"name":"RECYCLED CLAIM STANDARD (RCS)"}]},{"@type":"WebSite","@id":"https:\/\/www.ifc-globaltn.com\/#website","url":"https:\/\/www.ifc-globaltn.com\/","name":"IFC Global.TN","description":"Bienvenue sur IFC Global.TN Nous sommes la branche tunisienne officielle de IFC Global, un leader mondial dans le domaine des certifications ISO et des solutions de conformit\u00e9.","publisher":{"@id":"https:\/\/www.ifc-globaltn.com\/#organization"},"potentialAction":[{"@type":"SearchAction","target":{"@type":"EntryPoint","urlTemplate":"https:\/\/www.ifc-globaltn.com\/?s={search_term_string}"},"query-input":{"@type":"PropertyValueSpecification","valueRequired":true,"valueName":"search_term_string"}}],"inLanguage":"fr-FR"},{"@type":"Organization","@id":"https:\/\/www.ifc-globaltn.com\/#organization","name":"IFC Global.TN","url":"https:\/\/www.ifc-globaltn.com\/","logo":{"@type":"ImageObject","inLanguage":"fr-FR","@id":"https:\/\/www.ifc-globaltn.com\/#\/schema\/logo\/image\/","url":"https:\/\/www.ifc-globaltn.com\/wp-content\/uploads\/2025\/01\/ifcgloballogo.png","contentUrl":"https:\/\/www.ifc-globaltn.com\/wp-content\/uploads\/2025\/01\/ifcgloballogo.png","width":245,"height":90,"caption":"IFC Global.TN"},"image":{"@id":"https:\/\/www.ifc-globaltn.com\/#\/schema\/logo\/image\/"}}]}},"_links":{"self":[{"href":"https:\/\/www.ifc-globaltn.com\/index.php\/wp-json\/wp\/v2\/pages\/6262","targetHints":{"allow":["GET"]}}],"collection":[{"href":"https:\/\/www.ifc-globaltn.com\/index.php\/wp-json\/wp\/v2\/pages"}],"about":[{"href":"https:\/\/www.ifc-globaltn.com\/index.php\/wp-json\/wp\/v2\/types\/page"}],"author":[{"embeddable":true,"href":"https:\/\/www.ifc-globaltn.com\/index.php\/wp-json\/wp\/v2\/users\/3"}],"replies":[{"embeddable":true,"href":"https:\/\/www.ifc-globaltn.com\/index.php\/wp-json\/wp\/v2\/comments?post=6262"}],"version-history":[{"count":5,"href":"https:\/\/www.ifc-globaltn.com\/index.php\/wp-json\/wp\/v2\/pages\/6262\/revisions"}],"predecessor-version":[{"id":6267,"href":"https:\/\/www.ifc-globaltn.com\/index.php\/wp-json\/wp\/v2\/pages\/6262\/revisions\/6267"}],"wp:featuredmedia":[{"embeddable":true,"href":"https:\/\/www.ifc-globaltn.com\/index.php\/wp-json\/wp\/v2\/media\/6083"}],"wp:attachment":[{"href":"https:\/\/www.ifc-globaltn.com\/index.php\/wp-json\/wp\/v2\/media?parent=6262"}],"curies":[{"name":"wp","href":"https:\/\/api.w.org\/{rel}","templated":true}]}}