{"id":6268,"date":"2025-06-11T16:26:33","date_gmt":"2025-06-11T14:26:33","guid":{"rendered":"https:\/\/www.ifc-globaltn.com\/?page_id=6268"},"modified":"2025-06-11T16:32:56","modified_gmt":"2025-06-11T14:32:56","slug":"organic-content-standard-ocs","status":"publish","type":"page","link":"https:\/\/www.ifc-globaltn.com\/index.php\/organic-content-standard-ocs\/","title":{"rendered":"ORGANIC CONTENT STANDARD (OCS)"},"content":{"rendered":"\t\t<div data-elementor-type=\"wp-page\" data-elementor-id=\"6268\" class=\"elementor elementor-6268\" data-elementor-post-type=\"page\">\n\t\t\t\t<div class=\"elementor-element elementor-element-a2bab44 e-con-full e-flex e-con e-parent\" data-id=\"a2bab44\" data-element_type=\"container\" data-e-type=\"container\">\n\t\t\t\t<div class=\"elementor-element elementor-element-f8da3e1 elementor-widget elementor-widget-heading\" data-id=\"f8da3e1\" data-element_type=\"widget\" data-e-type=\"widget\" data-widget_type=\"heading.default\">\n\t\t\t\t<div class=\"elementor-widget-container\">\n\t\t\t\t\t<h3 class=\"elementor-heading-title elementor-size-default\"><b>ORGANIC CONTENT STANDARD (OCS)\n<\/b><\/h3>\t\t\t\t<\/div>\n\t\t\t\t<\/div>\n\t\t\t\t<div class=\"elementor-element elementor-element-0e20a4a elementor-widget-divider--view-line elementor-widget elementor-widget-divider\" data-id=\"0e20a4a\" data-element_type=\"widget\" data-e-type=\"widget\" data-widget_type=\"divider.default\">\n\t\t\t\t<div class=\"elementor-widget-container\">\n\t\t\t\t\t\t\t<div class=\"elementor-divider\">\n\t\t\t<span class=\"elementor-divider-separator\">\n\t\t\t\t\t\t<\/span>\n\t\t<\/div>\n\t\t\t\t\t\t<\/div>\n\t\t\t\t<\/div>\n\t\t\t\t<\/div>\n\t\t<div class=\"elementor-element elementor-element-4e1e282 e-con-full e-flex e-con e-parent\" data-id=\"4e1e282\" data-element_type=\"container\" data-e-type=\"container\">\n\t\t<div class=\"elementor-element elementor-element-bb1d394 e-con-full e-flex e-con e-child\" data-id=\"bb1d394\" data-element_type=\"container\" data-e-type=\"container\">\n\t\t\t\t<div class=\"elementor-element elementor-element-d977405 elementor-widget elementor-widget-image\" data-id=\"d977405\" data-element_type=\"widget\" data-e-type=\"widget\" data-widget_type=\"image.default\">\n\t\t\t\t<div class=\"elementor-widget-container\">\n\t\t\t\t\t\t\t\t\t\t\t\t\t\t\t<img fetchpriority=\"high\" decoding=\"async\" width=\"300\" height=\"300\" src=\"https:\/\/www.ifc-globaltn.com\/wp-content\/uploads\/2025\/06\/organic-content-standard-300x300.jpg\" class=\"attachment-medium size-medium wp-image-6072\" alt=\"\" srcset=\"https:\/\/www.ifc-globaltn.com\/wp-content\/uploads\/2025\/06\/organic-content-standard-300x300.jpg 300w, https:\/\/www.ifc-globaltn.com\/wp-content\/uploads\/2025\/06\/organic-content-standard-1024x1024.jpg 1024w, https:\/\/www.ifc-globaltn.com\/wp-content\/uploads\/2025\/06\/organic-content-standard-150x150.jpg 150w, https:\/\/www.ifc-globaltn.com\/wp-content\/uploads\/2025\/06\/organic-content-standard-768x769.jpg 768w, https:\/\/www.ifc-globaltn.com\/wp-content\/uploads\/2025\/06\/organic-content-standard.jpg 1080w\" sizes=\"(max-width: 300px) 100vw, 300px\" \/>\t\t\t\t\t\t\t\t\t\t\t\t\t\t\t<\/div>\n\t\t\t\t<\/div>\n\t\t\t\t<\/div>\n\t\t<div class=\"elementor-element elementor-element-0ea41cd e-con-full e-flex e-con e-child\" data-id=\"0ea41cd\" data-element_type=\"container\" data-e-type=\"container\">\n\t\t\t\t<div class=\"elementor-element elementor-element-6b94917 elementor-widget elementor-widget-text-editor\" data-id=\"6b94917\" data-element_type=\"widget\" data-e-type=\"widget\" data-widget_type=\"text-editor.default\">\n\t\t\t\t<div class=\"elementor-widget-container\">\n\t\t\t\t\t\t\t\t\t<p data-start=\"67\" data-end=\"391\"><strong data-start=\"47\" data-end=\"74\">Pourquoi la norme OCS ?<\/strong><br data-start=\"74\" data-end=\"77\" \/>La norme <strong data-start=\"86\" data-end=\"120\">Organic Content Standard (OCS)<\/strong> est une norme <strong data-start=\"135\" data-end=\"179\">volontaire reconnue \u00e0 l\u2019\u00e9chelle mondiale<\/strong> qui d\u00e9finit les crit\u00e8res de certification par des tiers des <strong data-start=\"240\" data-end=\"264\">mati\u00e8res biologiques<\/strong> et de leur <strong data-start=\"276\" data-end=\"301\">cha\u00eene de tra\u00e7abilit\u00e9<\/strong>.<\/p>\t\t\t\t\t\t\t\t<\/div>\n\t\t\t\t<\/div>\n\t\t\t\t<div class=\"elementor-element elementor-element-fde6573 elementor-widget-divider--view-line elementor-widget elementor-widget-divider\" data-id=\"fde6573\" data-element_type=\"widget\" data-e-type=\"widget\" data-widget_type=\"divider.default\">\n\t\t\t\t<div class=\"elementor-widget-container\">\n\t\t\t\t\t\t\t<div class=\"elementor-divider\">\n\t\t\t<span class=\"elementor-divider-separator\">\n\t\t\t\t\t\t<\/span>\n\t\t<\/div>\n\t\t\t\t\t\t<\/div>\n\t\t\t\t<\/div>\n\t\t\t\t<div class=\"elementor-element elementor-element-5ef946b elementor-widget elementor-widget-text-editor\" data-id=\"5ef946b\" data-element_type=\"widget\" data-e-type=\"widget\" data-widget_type=\"text-editor.default\">\n\t\t\t\t<div class=\"elementor-widget-container\">\n\t\t\t\t\t\t\t\t\t<p><strong data-start=\"304\" data-end=\"336\">Qu\u2019est-ce que la norme OCS ?<\/strong><br data-start=\"336\" data-end=\"339\" \/>La certification OCS v\u00e9rifie les produits contenant des mati\u00e8res biologiques \u00e0 travers une <strong data-start=\"430\" data-end=\"480\">\u00e9valuation ind\u00e9pendante effectu\u00e9e par un tiers<\/strong>. Les produits certifi\u00e9s portent l\u2019un des deux labels OCS, ce qui leur permet d\u2019\u00eatre vendus en toute confiance sur <strong data-start=\"595\" data-end=\"628\">divers march\u00e9s internationaux<\/strong>.<\/p>\t\t\t\t\t\t\t\t<\/div>\n\t\t\t\t<\/div>\n\t\t\t\t<\/div>\n\t\t\t\t<\/div>\n\t\t<div class=\"elementor-element elementor-element-8dc9ba2 e-con-full e-flex e-con e-child\" data-id=\"8dc9ba2\" data-element_type=\"container\" data-e-type=\"container\">\n\t\t\t\t<div class=\"elementor-element elementor-element-279ed9b elementor-widget-divider--view-line elementor-widget elementor-widget-divider\" data-id=\"279ed9b\" data-element_type=\"widget\" data-e-type=\"widget\" data-widget_type=\"divider.default\">\n\t\t\t\t<div class=\"elementor-widget-container\">\n\t\t\t\t\t\t\t<div class=\"elementor-divider\">\n\t\t\t<span class=\"elementor-divider-separator\">\n\t\t\t\t\t\t<\/span>\n\t\t<\/div>\n\t\t\t\t\t\t<\/div>\n\t\t\t\t<\/div>\n\t\t\t\t<div class=\"elementor-element elementor-element-868b526 elementor-widget elementor-widget-text-editor\" data-id=\"868b526\" data-element_type=\"widget\" data-e-type=\"widget\" data-widget_type=\"text-editor.default\">\n\t\t\t\t<div class=\"elementor-widget-container\">\n\t\t\t\t\t\t\t\t\t<p data-start=\"631\" data-end=\"660\"><strong data-start=\"631\" data-end=\"660\">Avantages de la norme OCS<\/strong><\/p><p data-start=\"664\" data-end=\"784\">Se concentre sur la <strong data-start=\"684\" data-end=\"722\">v\u00e9rification du contenu biologique<\/strong>, ind\u00e9pendamment de la certification des mati\u00e8res premi\u00e8res.<\/p><p data-start=\"787\" data-end=\"943\"><strong data-start=\"787\" data-end=\"803\">N\u2019inclut pas<\/strong> les intrants du proc\u00e9d\u00e9 (par exemple, produits chimiques), les impacts environnementaux, les conditions sociales ou la conformit\u00e9 l\u00e9gale.<\/p><p data-start=\"946\" data-end=\"1090\">S\u2019adresse principalement aux <strong data-start=\"975\" data-end=\"1030\">transformateurs, fabricants, marques, distributeurs<\/strong> et organisations engag\u00e9es dans les initiatives biologiques.<\/p>\t\t\t\t\t\t\t\t<\/div>\n\t\t\t\t<\/div>\n\t\t\t\t<div class=\"elementor-element elementor-element-01c5fa2 elementor-widget-divider--view-line elementor-widget elementor-widget-divider\" data-id=\"01c5fa2\" data-element_type=\"widget\" data-e-type=\"widget\" data-widget_type=\"divider.default\">\n\t\t\t\t<div class=\"elementor-widget-container\">\n\t\t\t\t\t\t\t<div class=\"elementor-divider\">\n\t\t\t<span class=\"elementor-divider-separator\">\n\t\t\t\t\t\t<\/span>\n\t\t<\/div>\n\t\t\t\t\t\t<\/div>\n\t\t\t\t<\/div>\n\t\t\t\t<\/div>\n\t\t<div class=\"elementor-element elementor-element-c4eae73 e-con-full e-flex e-con e-child\" data-id=\"c4eae73\" data-element_type=\"container\" data-e-type=\"container\">\n\t\t\t\t<div class=\"elementor-element elementor-element-7514e39 elementor-widget elementor-widget-text-editor\" data-id=\"7514e39\" data-element_type=\"widget\" data-e-type=\"widget\" data-widget_type=\"text-editor.default\">\n\t\t\t\t<div class=\"elementor-widget-container\">\n\t\t\t\t\t\t\t\t\t<p data-start=\"773\" data-end=\"815\"><strong data-start=\"1092\" data-end=\"1120\">Objectif de la norme OCS<\/strong><br data-start=\"1120\" data-end=\"1123\" \/>D\u00e9velopp\u00e9e par <strong data-start=\"1138\" data-end=\"1158\">Textile Exchange<\/strong>, la norme OCS vise \u00e0 garantir la <strong data-start=\"1192\" data-end=\"1251\">transparence des d\u00e9clarations sur le contenu biologique<\/strong>, tout en respectant les lois et r\u00e9glementations nationales. Il revient aux organisations certifi\u00e9es de <strong data-start=\"1355\" data-end=\"1415\">d\u00e9montrer leur conformit\u00e9 \u00e0 toutes les exigences l\u00e9gales<\/strong>, y compris en mati\u00e8re d\u2019emploi et de pratiques commerciales.<\/p>\t\t\t\t\t\t\t\t<\/div>\n\t\t\t\t<\/div>\n\t\t\t\t<div class=\"elementor-element elementor-element-9a791a5 elementor-widget-divider--view-line elementor-widget elementor-widget-divider\" data-id=\"9a791a5\" data-element_type=\"widget\" data-e-type=\"widget\" data-widget_type=\"divider.default\">\n\t\t\t\t<div class=\"elementor-widget-container\">\n\t\t\t\t\t\t\t<div class=\"elementor-divider\">\n\t\t\t<span class=\"elementor-divider-separator\">\n\t\t\t\t\t\t<\/span>\n\t\t<\/div>\n\t\t\t\t\t\t<\/div>\n\t\t\t\t<\/div>\n\t\t\t\t<\/div>\n\t\t<div class=\"elementor-element elementor-element-62b140f e-con-full e-flex e-con e-child\" data-id=\"62b140f\" data-element_type=\"container\" data-e-type=\"container\">\n\t\t\t\t<div class=\"elementor-element elementor-element-d9769c7 elementor-widget elementor-widget-text-editor\" data-id=\"d9769c7\" data-element_type=\"widget\" data-e-type=\"widget\" data-widget_type=\"text-editor.default\">\n\t\t\t\t<div class=\"elementor-widget-container\">\n\t\t\t\t\t\t\t\t\t<div class=\"pointer-events-none h-px w-px\" aria-hidden=\"true\" data-edge=\"true\"><p data-start=\"1478\" data-end=\"1769\"><strong data-start=\"1478\" data-end=\"1509\">Partenariat avec IFC Global<\/strong><br data-start=\"1509\" data-end=\"1512\">\nChez <strong data-start=\"1517\" data-end=\"1531\">IFC Global<\/strong>, nous proposons des services de <strong data-start=\"1564\" data-end=\"1607\">conseil et de certification sp\u00e9cialis\u00e9s<\/strong> pour aider votre entreprise \u00e0 obtenir la certification OCS, en garantissant l\u2019<strong data-start=\"1686\" data-end=\"1724\">int\u00e9grit\u00e9 des mati\u00e8res biologiques<\/strong> et en r\u00e9pondant aux <strong data-start=\"1745\" data-end=\"1768\">exigences du march\u00e9<\/strong>.<\/p>\n<p data-start=\"1771\" data-end=\"1856\" data-is-last-node=\"\" data-is-only-node=\"\"><strong data-start=\"1771\" data-end=\"1805\">Contactez-nous d\u00e8s aujourd\u2019hui<\/strong> pour entamer votre processus de certification OCS.<\/p><\/div><article class=\"text-token-text-primary w-full\" dir=\"auto\" data-testid=\"conversation-turn-2\" data-scroll-anchor=\"true\"><div class=\"text-base my-auto mx-auto py-5 [--thread-content-margin:--spacing(4)] @[37rem]:[--thread-content-margin:--spacing(6)] @[72rem]:[--thread-content-margin:--spacing(16)] px-(--thread-content-margin)\"><div class=\"[--thread-content-max-width:32rem] @[34rem]:[--thread-content-max-width:40rem] @[64rem]:[--thread-content-max-width:48rem] mx-auto flex max-w-(--thread-content-max-width) flex-1 text-base gap-4 md:gap-5 lg:gap-6 group\/turn-messages focus-visible:outline-hidden\" tabindex=\"-1\"><div class=\"group\/conversation-turn relative flex w-full min-w-0 flex-col agent-turn\"><div class=\"relative flex-col gap-1 md:gap-3\"><div class=\"flex max-w-full flex-col grow\"><div class=\"min-h-8 text-message relative flex w-full flex-col items-end gap-2 text-start break-words whitespace-normal [.text-message+&amp;]:mt-5\" dir=\"auto\" data-message-author-role=\"assistant\" data-message-id=\"5e8cddb6-cee2-4c1f-97e3-dcaf42e85c82\" data-message-model-slug=\"gpt-4o\"><div class=\"flex w-full flex-col gap-1 empty:hidden first:pt-[3px]\"><div class=\"markdown prose dark:prose-invert w-full break-words light\">\n<\/div>\n<\/div>\n<\/div>\n<\/div>\n<\/div>\n<\/div>\n<\/div>\n<\/div>\n<\/article>\t\t\t\t\t\t\t\t<\/div>\n\t\t\t\t<\/div>\n\t\t\t\t<\/div>\n\t\t<div class=\"elementor-element elementor-element-1d9f2cb e-con-full e-flex e-con e-parent\" data-id=\"1d9f2cb\" data-element_type=\"container\" data-e-type=\"container\">\n\t\t\t\t<div class=\"elementor-element elementor-element-7f18c7f elementor-widget elementor-widget-spacer\" data-id=\"7f18c7f\" data-element_type=\"widget\" data-e-type=\"widget\" data-widget_type=\"spacer.default\">\n\t\t\t\t<div class=\"elementor-widget-container\">\n\t\t\t\t\t\t\t<div class=\"elementor-spacer\">\n\t\t\t<div class=\"elementor-spacer-inner\"><\/div>\n\t\t<\/div>\n\t\t\t\t\t\t<\/div>\n\t\t\t\t<\/div>\n\t\t\t\t<div class=\"elementor-element elementor-element-e3fcbf0 elementor-widget__width-initial elementor-cta--skin-classic elementor-animated-content elementor-bg-transform elementor-bg-transform-zoom-in elementor-widget elementor-widget-call-to-action\" data-id=\"e3fcbf0\" data-element_type=\"widget\" data-e-type=\"widget\" data-widget_type=\"call-to-action.default\">\n\t\t\t\t<div class=\"elementor-widget-container\">\n\t\t\t\t\t\t\t<div class=\"elementor-cta\">\n\t\t\t\t\t\t\t<div class=\"elementor-cta__content\">\n\t\t\t\t\n\t\t\t\t\t\t\t\t\t<h2 class=\"elementor-cta__title elementor-cta__content-item elementor-content-item\">\n\t\t\t\t\t\tVous N'avez Pas Encore Obtenu Votre Certificat !\t\t\t\t\t<\/h2>\n\t\t\t\t\n\t\t\t\t\t\t\t\t\t<div class=\"elementor-cta__description elementor-cta__content-item elementor-content-item\">\n\t\t\t\t\t\tPrenez contact avec nos experts pour commancer.\t\t\t\t\t<\/div>\n\t\t\t\t\n\t\t\t\t\t\t\t\t\t<div class=\"elementor-cta__button-wrapper elementor-cta__content-item elementor-content-item \">\n\t\t\t\t\t<a class=\"elementor-cta__button elementor-button elementor-size-\">\n\t\t\t\t\t\tcontactez-nous\t\t\t\t\t<\/a>\n\t\t\t\t\t<\/div>\n\t\t\t\t\t\t\t<\/div>\n\t\t\t\t\t\t<\/div>\n\t\t\t\t\t\t<\/div>\n\t\t\t\t<\/div>\n\t\t\t\t<\/div>\n\t\t\t\t<\/div>\n\t\t","protected":false},"excerpt":{"rendered":"<p>ORGANIC CONTENT STANDARD (OCS) Pourquoi la norme OCS ?La norme Organic Content Standard (OCS) est une norme volontaire reconnue \u00e0 l\u2019\u00e9chelle mondiale qui d\u00e9finit les crit\u00e8res de certification par des tiers des mati\u00e8res biologiques et de leur cha\u00eene de tra\u00e7abilit\u00e9. Qu\u2019est-ce que la norme OCS ?La certification OCS v\u00e9rifie les produits contenant des mati\u00e8res biologiques&hellip;<\/p>\n","protected":false},"author":3,"featured_media":6083,"parent":0,"menu_order":0,"comment_status":"closed","ping_status":"closed","template":"","meta":{"footnotes":""},"class_list":["post-6268","page","type-page","status-publish","has-post-thumbnail","hentry"],"yoast_head":"<!-- This site is optimized with the Yoast SEO plugin v27.4 - https:\/\/yoast.com\/product\/yoast-seo-wordpress\/ -->\n<title>ORGANIC CONTENT STANDARD (OCS) - IFC Global.TN<\/title>\n<meta name=\"robots\" content=\"index, follow, max-snippet:-1, max-image-preview:large, max-video-preview:-1\" \/>\n<link rel=\"canonical\" href=\"https:\/\/www.ifc-globaltn.com\/index.php\/organic-content-standard-ocs\/\" \/>\n<meta property=\"og:locale\" content=\"fr_FR\" \/>\n<meta property=\"og:type\" content=\"article\" \/>\n<meta property=\"og:title\" content=\"ORGANIC CONTENT STANDARD (OCS) - IFC Global.TN\" \/>\n<meta property=\"og:description\" content=\"ORGANIC CONTENT STANDARD (OCS) Pourquoi la norme OCS ?La norme Organic Content Standard (OCS) est une norme volontaire reconnue \u00e0 l\u2019\u00e9chelle mondiale qui d\u00e9finit les crit\u00e8res de certification par des tiers des mati\u00e8res biologiques et de leur cha\u00eene de tra\u00e7abilit\u00e9. Qu\u2019est-ce que la norme OCS ?La certification OCS v\u00e9rifie les produits contenant des mati\u00e8res biologiques&hellip;\" \/>\n<meta property=\"og:url\" content=\"https:\/\/www.ifc-globaltn.com\/index.php\/organic-content-standard-ocs\/\" \/>\n<meta property=\"og:site_name\" content=\"IFC Global.TN\" \/>\n<meta property=\"article:modified_time\" content=\"2025-06-11T14:32:56+00:00\" \/>\n<meta property=\"og:image\" content=\"https:\/\/www.ifc-globaltn.com\/wp-content\/uploads\/2025\/06\/hizmetlerimiz.jpg\" \/>\n\t<meta property=\"og:image:width\" content=\"1900\" \/>\n\t<meta property=\"og:image:height\" content=\"460\" \/>\n\t<meta property=\"og:image:type\" content=\"image\/jpeg\" \/>\n<meta name=\"twitter:card\" content=\"summary_large_image\" \/>\n<meta name=\"twitter:label1\" content=\"Dur\u00e9e de lecture estim\u00e9e\" \/>\n\t<meta name=\"twitter:data1\" content=\"2 minutes\" \/>\n<script type=\"application\/ld+json\" class=\"yoast-schema-graph\">{\"@context\":\"https:\\\/\\\/schema.org\",\"@graph\":[{\"@type\":\"WebPage\",\"@id\":\"https:\\\/\\\/www.ifc-globaltn.com\\\/index.php\\\/organic-content-standard-ocs\\\/\",\"url\":\"https:\\\/\\\/www.ifc-globaltn.com\\\/index.php\\\/organic-content-standard-ocs\\\/\",\"name\":\"ORGANIC CONTENT STANDARD (OCS) - IFC Global.TN\",\"isPartOf\":{\"@id\":\"https:\\\/\\\/www.ifc-globaltn.com\\\/#website\"},\"primaryImageOfPage\":{\"@id\":\"https:\\\/\\\/www.ifc-globaltn.com\\\/index.php\\\/organic-content-standard-ocs\\\/#primaryimage\"},\"image\":{\"@id\":\"https:\\\/\\\/www.ifc-globaltn.com\\\/index.php\\\/organic-content-standard-ocs\\\/#primaryimage\"},\"thumbnailUrl\":\"https:\\\/\\\/www.ifc-globaltn.com\\\/wp-content\\\/uploads\\\/2025\\\/06\\\/hizmetlerimiz.jpg\",\"datePublished\":\"2025-06-11T14:26:33+00:00\",\"dateModified\":\"2025-06-11T14:32:56+00:00\",\"breadcrumb\":{\"@id\":\"https:\\\/\\\/www.ifc-globaltn.com\\\/index.php\\\/organic-content-standard-ocs\\\/#breadcrumb\"},\"inLanguage\":\"fr-FR\",\"potentialAction\":[{\"@type\":\"ReadAction\",\"target\":[\"https:\\\/\\\/www.ifc-globaltn.com\\\/index.php\\\/organic-content-standard-ocs\\\/\"]}]},{\"@type\":\"ImageObject\",\"inLanguage\":\"fr-FR\",\"@id\":\"https:\\\/\\\/www.ifc-globaltn.com\\\/index.php\\\/organic-content-standard-ocs\\\/#primaryimage\",\"url\":\"https:\\\/\\\/www.ifc-globaltn.com\\\/wp-content\\\/uploads\\\/2025\\\/06\\\/hizmetlerimiz.jpg\",\"contentUrl\":\"https:\\\/\\\/www.ifc-globaltn.com\\\/wp-content\\\/uploads\\\/2025\\\/06\\\/hizmetlerimiz.jpg\",\"width\":1900,\"height\":460},{\"@type\":\"BreadcrumbList\",\"@id\":\"https:\\\/\\\/www.ifc-globaltn.com\\\/index.php\\\/organic-content-standard-ocs\\\/#breadcrumb\",\"itemListElement\":[{\"@type\":\"ListItem\",\"position\":1,\"name\":\"Accueil\",\"item\":\"https:\\\/\\\/www.ifc-globaltn.com\\\/\"},{\"@type\":\"ListItem\",\"position\":2,\"name\":\"ORGANIC CONTENT STANDARD (OCS)\"}]},{\"@type\":\"WebSite\",\"@id\":\"https:\\\/\\\/www.ifc-globaltn.com\\\/#website\",\"url\":\"https:\\\/\\\/www.ifc-globaltn.com\\\/\",\"name\":\"IFC Global.TN\",\"description\":\"Bienvenue sur IFC Global.TN Nous sommes la branche tunisienne officielle de IFC Global, un leader mondial dans le domaine des certifications ISO et des solutions de conformit\u00e9.\",\"publisher\":{\"@id\":\"https:\\\/\\\/www.ifc-globaltn.com\\\/#organization\"},\"potentialAction\":[{\"@type\":\"SearchAction\",\"target\":{\"@type\":\"EntryPoint\",\"urlTemplate\":\"https:\\\/\\\/www.ifc-globaltn.com\\\/?s={search_term_string}\"},\"query-input\":{\"@type\":\"PropertyValueSpecification\",\"valueRequired\":true,\"valueName\":\"search_term_string\"}}],\"inLanguage\":\"fr-FR\"},{\"@type\":\"Organization\",\"@id\":\"https:\\\/\\\/www.ifc-globaltn.com\\\/#organization\",\"name\":\"IFC Global.TN\",\"url\":\"https:\\\/\\\/www.ifc-globaltn.com\\\/\",\"logo\":{\"@type\":\"ImageObject\",\"inLanguage\":\"fr-FR\",\"@id\":\"https:\\\/\\\/www.ifc-globaltn.com\\\/#\\\/schema\\\/logo\\\/image\\\/\",\"url\":\"https:\\\/\\\/www.ifc-globaltn.com\\\/wp-content\\\/uploads\\\/2025\\\/01\\\/ifcgloballogo.png\",\"contentUrl\":\"https:\\\/\\\/www.ifc-globaltn.com\\\/wp-content\\\/uploads\\\/2025\\\/01\\\/ifcgloballogo.png\",\"width\":245,\"height\":90,\"caption\":\"IFC Global.TN\"},\"image\":{\"@id\":\"https:\\\/\\\/www.ifc-globaltn.com\\\/#\\\/schema\\\/logo\\\/image\\\/\"}}]}<\/script>\n<!-- \/ Yoast SEO plugin. -->","yoast_head_json":{"title":"ORGANIC CONTENT STANDARD (OCS) - IFC Global.TN","robots":{"index":"index","follow":"follow","max-snippet":"max-snippet:-1","max-image-preview":"max-image-preview:large","max-video-preview":"max-video-preview:-1"},"canonical":"https:\/\/www.ifc-globaltn.com\/index.php\/organic-content-standard-ocs\/","og_locale":"fr_FR","og_type":"article","og_title":"ORGANIC CONTENT STANDARD (OCS) - IFC Global.TN","og_description":"ORGANIC CONTENT STANDARD (OCS) Pourquoi la norme OCS ?La norme Organic Content Standard (OCS) est une norme volontaire reconnue \u00e0 l\u2019\u00e9chelle mondiale qui d\u00e9finit les crit\u00e8res de certification par des tiers des mati\u00e8res biologiques et de leur cha\u00eene de tra\u00e7abilit\u00e9. Qu\u2019est-ce que la norme OCS ?La certification OCS v\u00e9rifie les produits contenant des mati\u00e8res biologiques&hellip;","og_url":"https:\/\/www.ifc-globaltn.com\/index.php\/organic-content-standard-ocs\/","og_site_name":"IFC Global.TN","article_modified_time":"2025-06-11T14:32:56+00:00","og_image":[{"width":1900,"height":460,"url":"https:\/\/www.ifc-globaltn.com\/wp-content\/uploads\/2025\/06\/hizmetlerimiz.jpg","type":"image\/jpeg"}],"twitter_card":"summary_large_image","twitter_misc":{"Dur\u00e9e de lecture estim\u00e9e":"2 minutes"},"schema":{"@context":"https:\/\/schema.org","@graph":[{"@type":"WebPage","@id":"https:\/\/www.ifc-globaltn.com\/index.php\/organic-content-standard-ocs\/","url":"https:\/\/www.ifc-globaltn.com\/index.php\/organic-content-standard-ocs\/","name":"ORGANIC CONTENT STANDARD (OCS) - IFC Global.TN","isPartOf":{"@id":"https:\/\/www.ifc-globaltn.com\/#website"},"primaryImageOfPage":{"@id":"https:\/\/www.ifc-globaltn.com\/index.php\/organic-content-standard-ocs\/#primaryimage"},"image":{"@id":"https:\/\/www.ifc-globaltn.com\/index.php\/organic-content-standard-ocs\/#primaryimage"},"thumbnailUrl":"https:\/\/www.ifc-globaltn.com\/wp-content\/uploads\/2025\/06\/hizmetlerimiz.jpg","datePublished":"2025-06-11T14:26:33+00:00","dateModified":"2025-06-11T14:32:56+00:00","breadcrumb":{"@id":"https:\/\/www.ifc-globaltn.com\/index.php\/organic-content-standard-ocs\/#breadcrumb"},"inLanguage":"fr-FR","potentialAction":[{"@type":"ReadAction","target":["https:\/\/www.ifc-globaltn.com\/index.php\/organic-content-standard-ocs\/"]}]},{"@type":"ImageObject","inLanguage":"fr-FR","@id":"https:\/\/www.ifc-globaltn.com\/index.php\/organic-content-standard-ocs\/#primaryimage","url":"https:\/\/www.ifc-globaltn.com\/wp-content\/uploads\/2025\/06\/hizmetlerimiz.jpg","contentUrl":"https:\/\/www.ifc-globaltn.com\/wp-content\/uploads\/2025\/06\/hizmetlerimiz.jpg","width":1900,"height":460},{"@type":"BreadcrumbList","@id":"https:\/\/www.ifc-globaltn.com\/index.php\/organic-content-standard-ocs\/#breadcrumb","itemListElement":[{"@type":"ListItem","position":1,"name":"Accueil","item":"https:\/\/www.ifc-globaltn.com\/"},{"@type":"ListItem","position":2,"name":"ORGANIC CONTENT STANDARD (OCS)"}]},{"@type":"WebSite","@id":"https:\/\/www.ifc-globaltn.com\/#website","url":"https:\/\/www.ifc-globaltn.com\/","name":"IFC Global.TN","description":"Bienvenue sur IFC Global.TN Nous sommes la branche tunisienne officielle de IFC Global, un leader mondial dans le domaine des certifications ISO et des solutions de conformit\u00e9.","publisher":{"@id":"https:\/\/www.ifc-globaltn.com\/#organization"},"potentialAction":[{"@type":"SearchAction","target":{"@type":"EntryPoint","urlTemplate":"https:\/\/www.ifc-globaltn.com\/?s={search_term_string}"},"query-input":{"@type":"PropertyValueSpecification","valueRequired":true,"valueName":"search_term_string"}}],"inLanguage":"fr-FR"},{"@type":"Organization","@id":"https:\/\/www.ifc-globaltn.com\/#organization","name":"IFC Global.TN","url":"https:\/\/www.ifc-globaltn.com\/","logo":{"@type":"ImageObject","inLanguage":"fr-FR","@id":"https:\/\/www.ifc-globaltn.com\/#\/schema\/logo\/image\/","url":"https:\/\/www.ifc-globaltn.com\/wp-content\/uploads\/2025\/01\/ifcgloballogo.png","contentUrl":"https:\/\/www.ifc-globaltn.com\/wp-content\/uploads\/2025\/01\/ifcgloballogo.png","width":245,"height":90,"caption":"IFC Global.TN"},"image":{"@id":"https:\/\/www.ifc-globaltn.com\/#\/schema\/logo\/image\/"}}]}},"_links":{"self":[{"href":"https:\/\/www.ifc-globaltn.com\/index.php\/wp-json\/wp\/v2\/pages\/6268","targetHints":{"allow":["GET"]}}],"collection":[{"href":"https:\/\/www.ifc-globaltn.com\/index.php\/wp-json\/wp\/v2\/pages"}],"about":[{"href":"https:\/\/www.ifc-globaltn.com\/index.php\/wp-json\/wp\/v2\/types\/page"}],"author":[{"embeddable":true,"href":"https:\/\/www.ifc-globaltn.com\/index.php\/wp-json\/wp\/v2\/users\/3"}],"replies":[{"embeddable":true,"href":"https:\/\/www.ifc-globaltn.com\/index.php\/wp-json\/wp\/v2\/comments?post=6268"}],"version-history":[{"count":5,"href":"https:\/\/www.ifc-globaltn.com\/index.php\/wp-json\/wp\/v2\/pages\/6268\/revisions"}],"predecessor-version":[{"id":6273,"href":"https:\/\/www.ifc-globaltn.com\/index.php\/wp-json\/wp\/v2\/pages\/6268\/revisions\/6273"}],"wp:featuredmedia":[{"embeddable":true,"href":"https:\/\/www.ifc-globaltn.com\/index.php\/wp-json\/wp\/v2\/media\/6083"}],"wp:attachment":[{"href":"https:\/\/www.ifc-globaltn.com\/index.php\/wp-json\/wp\/v2\/media?parent=6268"}],"curies":[{"name":"wp","href":"https:\/\/api.w.org\/{rel}","templated":true}]}}