{"id":6291,"date":"2025-06-11T16:51:39","date_gmt":"2025-06-11T14:51:39","guid":{"rendered":"https:\/\/www.ifc-globaltn.com\/?page_id=6291"},"modified":"2025-06-11T16:54:10","modified_gmt":"2025-06-11T14:54:10","slug":"organic-agriculture","status":"publish","type":"page","link":"https:\/\/www.ifc-globaltn.com\/index.php\/organic-agriculture\/","title":{"rendered":"ORGANIC AGRICULTURE"},"content":{"rendered":"\t\t<div data-elementor-type=\"wp-page\" data-elementor-id=\"6291\" class=\"elementor elementor-6291\" data-elementor-post-type=\"page\">\n\t\t\t\t<div class=\"elementor-element elementor-element-06464be e-con-full e-flex e-con e-parent\" data-id=\"06464be\" data-element_type=\"container\" data-e-type=\"container\">\n\t\t\t\t<div class=\"elementor-element elementor-element-78a19a0 elementor-widget elementor-widget-heading\" data-id=\"78a19a0\" data-element_type=\"widget\" data-e-type=\"widget\" data-widget_type=\"heading.default\">\n\t\t\t\t<div class=\"elementor-widget-container\">\n\t\t\t\t\t<h3 class=\"elementor-heading-title elementor-size-default\"><b>ORGANIC AGRICULTURE<\/b><\/h3>\t\t\t\t<\/div>\n\t\t\t\t<\/div>\n\t\t\t\t<div class=\"elementor-element elementor-element-26d36eb elementor-widget-divider--view-line elementor-widget elementor-widget-divider\" data-id=\"26d36eb\" data-element_type=\"widget\" data-e-type=\"widget\" data-widget_type=\"divider.default\">\n\t\t\t\t<div class=\"elementor-widget-container\">\n\t\t\t\t\t\t\t<div class=\"elementor-divider\">\n\t\t\t<span class=\"elementor-divider-separator\">\n\t\t\t\t\t\t<\/span>\n\t\t<\/div>\n\t\t\t\t\t\t<\/div>\n\t\t\t\t<\/div>\n\t\t\t\t<\/div>\n\t\t<div class=\"elementor-element elementor-element-b130d61 e-con-full e-flex e-con e-parent\" data-id=\"b130d61\" data-element_type=\"container\" data-e-type=\"container\">\n\t\t<div class=\"elementor-element elementor-element-0284ee5 e-con-full e-flex e-con e-child\" data-id=\"0284ee5\" data-element_type=\"container\" data-e-type=\"container\">\n\t\t\t\t<div class=\"elementor-element elementor-element-55fb93c elementor-widget elementor-widget-image\" data-id=\"55fb93c\" data-element_type=\"widget\" data-e-type=\"widget\" data-widget_type=\"image.default\">\n\t\t\t\t<div class=\"elementor-widget-container\">\n\t\t\t\t\t\t\t\t\t\t\t\t\t\t\t<img decoding=\"async\" src=\"https:\/\/www.ifc-globaltn.com\/wp-content\/uploads\/elementor\/thumbs\/organic-agriculture-1-r6yheugrjett6gks5ps30nridlfcosbtxyrk60jf5m.jpg\" title=\"organic-agriculture\" alt=\"organic-agriculture\" loading=\"lazy\" \/>\t\t\t\t\t\t\t\t\t\t\t\t\t\t\t<\/div>\n\t\t\t\t<\/div>\n\t\t\t\t<\/div>\n\t\t<div class=\"elementor-element elementor-element-c00c832 e-con-full e-flex e-con e-child\" data-id=\"c00c832\" data-element_type=\"container\" data-e-type=\"container\">\n\t\t\t\t<div class=\"elementor-element elementor-element-2a3fe77 elementor-widget elementor-widget-text-editor\" data-id=\"2a3fe77\" data-element_type=\"widget\" data-e-type=\"widget\" data-widget_type=\"text-editor.default\">\n\t\t\t\t<div class=\"elementor-widget-container\">\n\t\t\t\t\t\t\t\t\t<p data-start=\"67\" data-end=\"391\"><strong data-start=\"47\" data-end=\"86\">Pourquoi l\u2019Agriculture Biologique ?<\/strong><br data-start=\"86\" data-end=\"89\" \/>L\u2019agriculture biologique garantit que <strong data-start=\"127\" data-end=\"174\">chaque \u00e9tape de la production est contr\u00f4l\u00e9e<\/strong> et que le produit final est <strong data-start=\"203\" data-end=\"215\">certifi\u00e9<\/strong>. Elle est r\u00e9alis\u00e9e sous la <strong data-start=\"243\" data-end=\"312\">surveillance stricte d\u2019organismes de contr\u00f4le et de certification<\/strong>, assurant le respect des normes de l\u2019agriculture biologique.<\/p>\t\t\t\t\t\t\t\t<\/div>\n\t\t\t\t<\/div>\n\t\t\t\t<div class=\"elementor-element elementor-element-55b2157 elementor-widget-divider--view-line elementor-widget elementor-widget-divider\" data-id=\"55b2157\" data-element_type=\"widget\" data-e-type=\"widget\" data-widget_type=\"divider.default\">\n\t\t\t\t<div class=\"elementor-widget-container\">\n\t\t\t\t\t\t\t<div class=\"elementor-divider\">\n\t\t\t<span class=\"elementor-divider-separator\">\n\t\t\t\t\t\t<\/span>\n\t\t<\/div>\n\t\t\t\t\t\t<\/div>\n\t\t\t\t<\/div>\n\t\t\t\t<div class=\"elementor-element elementor-element-1748c2d elementor-widget elementor-widget-text-editor\" data-id=\"1748c2d\" data-element_type=\"widget\" data-e-type=\"widget\" data-widget_type=\"text-editor.default\">\n\t\t\t\t<div class=\"elementor-widget-container\">\n\t\t\t\t\t\t\t\t\t<p data-start=\"67\" data-end=\"391\"><strong data-start=\"375\" data-end=\"419\">Qu\u2019est-ce que l\u2019Agriculture Biologique ?<\/strong><br data-start=\"419\" data-end=\"422\" \/>L\u2019agriculture biologique est une m\u00e9thode de production <strong data-start=\"477\" data-end=\"506\">respectueuse de la nature<\/strong>, con\u00e7ue pour <strong data-start=\"520\" data-end=\"572\">r\u00e9duire au minimum les dommages environnementaux<\/strong>, tels que l\u2019\u00e9rosion des sols, la salinisation et la pollution de l\u2019air, de l\u2019eau et du sol.\u00a0<\/p>\t\t\t\t\t\t\t\t<\/div>\n\t\t\t\t<\/div>\n\t\t\t\t<\/div>\n\t\t\t\t<\/div>\n\t\t<div class=\"elementor-element elementor-element-3497819 e-con-full e-flex e-con e-child\" data-id=\"3497819\" data-element_type=\"container\" data-e-type=\"container\">\n\t\t\t\t<div class=\"elementor-element elementor-element-a2e708d elementor-widget elementor-widget-text-editor\" data-id=\"a2e708d\" data-element_type=\"widget\" data-e-type=\"widget\" data-widget_type=\"text-editor.default\">\n\t\t\t\t<div class=\"elementor-widget-container\">\n\t\t\t\t\t\t\t\t\t<p data-start=\"462\" data-end=\"527\">Elle\u00a0<strong data-start=\"670\" data-end=\"732\">\u00e9vite les produits chimiques de synth\u00e8se et les pesticides<\/strong>, et privil\u00e9gie des techniques agricoles durables visant \u00e0\u00a0<strong data-start=\"791\" data-end=\"819\">prot\u00e9ger les \u00e9cosyst\u00e8mes<\/strong>\u00a0et \u00e0 favoriser une agriculture saine sur le long terme.<\/p>\t\t\t\t\t\t\t\t<\/div>\n\t\t\t\t<\/div>\n\t\t\t\t<div class=\"elementor-element elementor-element-00b2f52 elementor-widget-divider--view-line elementor-widget elementor-widget-divider\" data-id=\"00b2f52\" data-element_type=\"widget\" data-e-type=\"widget\" data-widget_type=\"divider.default\">\n\t\t\t\t<div class=\"elementor-widget-container\">\n\t\t\t\t\t\t\t<div class=\"elementor-divider\">\n\t\t\t<span class=\"elementor-divider-separator\">\n\t\t\t\t\t\t<\/span>\n\t\t<\/div>\n\t\t\t\t\t\t<\/div>\n\t\t\t\t<\/div>\n\t\t\t\t<\/div>\n\t\t<div class=\"elementor-element elementor-element-91ededd e-con-full e-flex e-con e-child\" data-id=\"91ededd\" data-element_type=\"container\" data-e-type=\"container\">\n\t\t\t\t<div class=\"elementor-element elementor-element-894561a elementor-widget elementor-widget-text-editor\" data-id=\"894561a\" data-element_type=\"widget\" data-e-type=\"widget\" data-widget_type=\"text-editor.default\">\n\t\t\t\t<div class=\"elementor-widget-container\">\n\t\t\t\t\t\t\t\t\t<p data-start=\"877\" data-end=\"918\"><strong data-start=\"877\" data-end=\"918\">Avantages de l\u2019Agriculture Biologique<\/strong><\/p><p data-start=\"922\" data-end=\"1050\"><strong data-start=\"922\" data-end=\"945\">Produits plus sains<\/strong> : L\u2019agriculture biologique offre des produits <strong data-start=\"992\" data-end=\"1047\">propres, sans OGM, sans hormones et sans pesticides<\/strong>.<\/p><p data-start=\"1053\" data-end=\"1258\"><strong data-start=\"1053\" data-end=\"1069\">Transparence<\/strong> : Les produits sont <strong data-start=\"1090\" data-end=\"1141\">enregistr\u00e9s, suivis et inspect\u00e9s \u00e0 chaque \u00e9tape<\/strong>, de la r\u00e9colte \u00e0 la livraison. Les consommateurs peuvent <strong data-start=\"1199\" data-end=\"1230\">retracer qui, o\u00f9 et comment<\/strong> le produit a \u00e9t\u00e9 cultiv\u00e9.<\/p><p data-start=\"1261\" data-end=\"1390\"><strong data-start=\"1261\" data-end=\"1282\">S\u00e9curit\u00e9 v\u00e9rifi\u00e9e<\/strong> : Des <strong data-start=\"1289\" data-end=\"1316\">analyses en laboratoire<\/strong> garantissent que les produits sont <strong data-start=\"1352\" data-end=\"1387\">sains et s\u00fbrs \u00e0 la consommation<\/strong>.<\/p><p data-start=\"1393\" data-end=\"1531\"><strong data-start=\"1393\" data-end=\"1416\">Sant\u00e9 communautaire<\/strong> : Prot\u00e8ge les <strong data-start=\"1431\" data-end=\"1482\">agriculteurs, leurs familles et les communaut\u00e9s<\/strong> de l\u2019exposition aux produits chimiques nocifs.<\/p><p data-start=\"1534\" data-end=\"1696\"><strong data-start=\"1534\" data-end=\"1555\">Impact \u00e9conomique<\/strong> : En r\u00e9duisant les probl\u00e8mes de sant\u00e9 li\u00e9s aux pesticides, elle contribue \u00e0 une population plus saine et a un <strong data-start=\"1666\" data-end=\"1695\">impact \u00e9conomique positif<\/strong>.<\/p>\t\t\t\t\t\t\t\t<\/div>\n\t\t\t\t<\/div>\n\t\t\t\t<div class=\"elementor-element elementor-element-b17bd35 elementor-widget-divider--view-line elementor-widget elementor-widget-divider\" data-id=\"b17bd35\" data-element_type=\"widget\" data-e-type=\"widget\" data-widget_type=\"divider.default\">\n\t\t\t\t<div class=\"elementor-widget-container\">\n\t\t\t\t\t\t\t<div class=\"elementor-divider\">\n\t\t\t<span class=\"elementor-divider-separator\">\n\t\t\t\t\t\t<\/span>\n\t\t<\/div>\n\t\t\t\t\t\t<\/div>\n\t\t\t\t<\/div>\n\t\t\t\t<\/div>\n\t\t<div class=\"elementor-element elementor-element-4a18da3 e-con-full e-flex e-con e-child\" data-id=\"4a18da3\" data-element_type=\"container\" data-e-type=\"container\">\n\t\t\t\t<div class=\"elementor-element elementor-element-1c78de0 elementor-widget elementor-widget-text-editor\" data-id=\"1c78de0\" data-element_type=\"widget\" data-e-type=\"widget\" data-widget_type=\"text-editor.default\">\n\t\t\t\t<div class=\"elementor-widget-container\">\n\t\t\t\t\t\t\t\t\t<p data-start=\"773\" data-end=\"815\"><strong data-start=\"1698\" data-end=\"1738\">Objectif de l\u2019Agriculture Biologique<\/strong><br data-start=\"1738\" data-end=\"1741\" \/>L\u2019agriculture biologique met l\u2019accent sur la <strong data-start=\"1786\" data-end=\"1812\">durabilit\u00e9 et la sant\u00e9<\/strong> en <strong data-start=\"1816\" data-end=\"1894\">\u00e9liminant l\u2019utilisation de produits chimiques de synth\u00e8se et de pesticides<\/strong>. Cette pratique prot\u00e8ge <strong data-start=\"1919\" data-end=\"1938\">l\u2019environnement<\/strong> tout en am\u00e9liorant le <strong data-start=\"1961\" data-end=\"2031\">bien-\u00eatre des agriculteurs, de leurs familles et des consommateurs<\/strong>. En favorisant des <strong data-start=\"2051\" data-end=\"2077\">\u00e9cosyst\u00e8mes plus sains<\/strong> et en r\u00e9duisant les probl\u00e8mes de sant\u00e9 co\u00fbteux, l\u2019agriculture biologique b\u00e9n\u00e9ficie \u00e0 la fois \u00e0 la nature et \u00e0 la soci\u00e9t\u00e9 dans son ensemble.<\/p>\t\t\t\t\t\t\t\t<\/div>\n\t\t\t\t<\/div>\n\t\t\t\t<div class=\"elementor-element elementor-element-daeaf91 elementor-widget-divider--view-line elementor-widget elementor-widget-divider\" data-id=\"daeaf91\" data-element_type=\"widget\" data-e-type=\"widget\" data-widget_type=\"divider.default\">\n\t\t\t\t<div class=\"elementor-widget-container\">\n\t\t\t\t\t\t\t<div class=\"elementor-divider\">\n\t\t\t<span class=\"elementor-divider-separator\">\n\t\t\t\t\t\t<\/span>\n\t\t<\/div>\n\t\t\t\t\t\t<\/div>\n\t\t\t\t<\/div>\n\t\t\t\t<\/div>\n\t\t<div class=\"elementor-element elementor-element-ac60426 e-con-full e-flex e-con e-child\" data-id=\"ac60426\" data-element_type=\"container\" data-e-type=\"container\">\n\t\t\t\t<div class=\"elementor-element elementor-element-cbe90a4 elementor-widget elementor-widget-text-editor\" data-id=\"cbe90a4\" data-element_type=\"widget\" data-e-type=\"widget\" data-widget_type=\"text-editor.default\">\n\t\t\t\t<div class=\"elementor-widget-container\">\n\t\t\t\t\t\t\t\t\t<div class=\"pointer-events-none h-px w-px\" aria-hidden=\"true\" data-edge=\"true\"><p data-start=\"2219\" data-end=\"2525\"><strong data-start=\"2219\" data-end=\"2250\">Partenariat avec IFC Global<\/strong><br data-start=\"2250\" data-end=\"2253\">\nChez <strong data-start=\"2258\" data-end=\"2272\">IFC Global<\/strong>, nous proposons des <strong data-start=\"2293\" data-end=\"2334\">services de certification sp\u00e9cialis\u00e9s<\/strong> pour accompagner et v\u00e9rifier les pratiques de l\u2019agriculture biologique, en veillant \u00e0 ce que vos produits r\u00e9pondent aux <strong data-start=\"2455\" data-end=\"2486\">normes biologiques strictes<\/strong> et aux <strong data-start=\"2494\" data-end=\"2524\">attentes des consommateurs<\/strong>.<\/p>\n<p data-start=\"2527\" data-end=\"2635\" data-is-last-node=\"\" data-is-only-node=\"\"><strong data-start=\"2527\" data-end=\"2561\">Contactez-nous d\u00e8s aujourd\u2019hui<\/strong> pour d\u00e9marrer votre processus de certification en agriculture biologique.<\/p><\/div><article class=\"text-token-text-primary w-full\" dir=\"auto\" data-testid=\"conversation-turn-2\" data-scroll-anchor=\"true\"><div class=\"text-base my-auto mx-auto py-5 [--thread-content-margin:--spacing(4)] @[37rem]:[--thread-content-margin:--spacing(6)] @[72rem]:[--thread-content-margin:--spacing(16)] px-(--thread-content-margin)\"><div class=\"[--thread-content-max-width:32rem] @[34rem]:[--thread-content-max-width:40rem] @[64rem]:[--thread-content-max-width:48rem] mx-auto flex max-w-(--thread-content-max-width) flex-1 text-base gap-4 md:gap-5 lg:gap-6 group\/turn-messages focus-visible:outline-hidden\" tabindex=\"-1\"><div class=\"group\/conversation-turn relative flex w-full min-w-0 flex-col agent-turn\"><div class=\"relative flex-col gap-1 md:gap-3\"><div class=\"flex max-w-full flex-col grow\"><div class=\"min-h-8 text-message relative flex w-full flex-col items-end gap-2 text-start break-words whitespace-normal [.text-message+&amp;]:mt-5\" dir=\"auto\" data-message-author-role=\"assistant\" data-message-id=\"5e8cddb6-cee2-4c1f-97e3-dcaf42e85c82\" data-message-model-slug=\"gpt-4o\"><div class=\"flex w-full flex-col gap-1 empty:hidden first:pt-[3px]\"><div class=\"markdown prose dark:prose-invert w-full break-words light\">\n<\/div>\n<\/div>\n<\/div>\n<\/div>\n<\/div>\n<\/div>\n<\/div>\n<\/div>\n<\/article>\t\t\t\t\t\t\t\t<\/div>\n\t\t\t\t<\/div>\n\t\t\t\t<\/div>\n\t\t<div class=\"elementor-element elementor-element-65f1943 e-con-full e-flex e-con e-parent\" data-id=\"65f1943\" data-element_type=\"container\" data-e-type=\"container\">\n\t\t\t\t<div class=\"elementor-element elementor-element-ab7b74f elementor-widget elementor-widget-spacer\" data-id=\"ab7b74f\" data-element_type=\"widget\" data-e-type=\"widget\" data-widget_type=\"spacer.default\">\n\t\t\t\t<div class=\"elementor-widget-container\">\n\t\t\t\t\t\t\t<div class=\"elementor-spacer\">\n\t\t\t<div class=\"elementor-spacer-inner\"><\/div>\n\t\t<\/div>\n\t\t\t\t\t\t<\/div>\n\t\t\t\t<\/div>\n\t\t\t\t<div class=\"elementor-element elementor-element-41d32b1 elementor-widget__width-initial elementor-cta--skin-classic elementor-animated-content elementor-bg-transform elementor-bg-transform-zoom-in elementor-widget elementor-widget-call-to-action\" data-id=\"41d32b1\" data-element_type=\"widget\" data-e-type=\"widget\" data-widget_type=\"call-to-action.default\">\n\t\t\t\t<div class=\"elementor-widget-container\">\n\t\t\t\t\t\t\t<div class=\"elementor-cta\">\n\t\t\t\t\t\t\t<div class=\"elementor-cta__content\">\n\t\t\t\t\n\t\t\t\t\t\t\t\t\t<h2 class=\"elementor-cta__title elementor-cta__content-item elementor-content-item\">\n\t\t\t\t\t\tVous N'avez Pas Encore Obtenu Votre Certificat !\t\t\t\t\t<\/h2>\n\t\t\t\t\n\t\t\t\t\t\t\t\t\t<div class=\"elementor-cta__description elementor-cta__content-item elementor-content-item\">\n\t\t\t\t\t\tPrenez contact avec nos experts pour commancer.\t\t\t\t\t<\/div>\n\t\t\t\t\n\t\t\t\t\t\t\t\t\t<div class=\"elementor-cta__button-wrapper elementor-cta__content-item elementor-content-item \">\n\t\t\t\t\t<a class=\"elementor-cta__button elementor-button elementor-size-\">\n\t\t\t\t\t\tcontactez-nous\t\t\t\t\t<\/a>\n\t\t\t\t\t<\/div>\n\t\t\t\t\t\t\t<\/div>\n\t\t\t\t\t\t<\/div>\n\t\t\t\t\t\t<\/div>\n\t\t\t\t<\/div>\n\t\t\t\t<\/div>\n\t\t\t\t<\/div>\n\t\t","protected":false},"excerpt":{"rendered":"<p>ORGANIC AGRICULTURE Pourquoi l\u2019Agriculture Biologique ?L\u2019agriculture biologique garantit que chaque \u00e9tape de la production est contr\u00f4l\u00e9e et que le produit final est certifi\u00e9. Elle est r\u00e9alis\u00e9e sous la surveillance stricte d\u2019organismes de contr\u00f4le et de certification, assurant le respect des normes de l\u2019agriculture biologique. Qu\u2019est-ce que l\u2019Agriculture Biologique ?L\u2019agriculture biologique est une m\u00e9thode de production&hellip;<\/p>\n","protected":false},"author":3,"featured_media":6083,"parent":0,"menu_order":0,"comment_status":"closed","ping_status":"closed","template":"","meta":{"footnotes":""},"class_list":["post-6291","page","type-page","status-publish","has-post-thumbnail","hentry"],"yoast_head":"<!-- This site is optimized with the Yoast SEO plugin v27.4 - https:\/\/yoast.com\/product\/yoast-seo-wordpress\/ -->\n<title>ORGANIC AGRICULTURE - IFC Global.TN<\/title>\n<meta name=\"robots\" content=\"index, follow, max-snippet:-1, max-image-preview:large, max-video-preview:-1\" \/>\n<link rel=\"canonical\" href=\"https:\/\/www.ifc-globaltn.com\/index.php\/organic-agriculture\/\" \/>\n<meta property=\"og:locale\" content=\"fr_FR\" \/>\n<meta property=\"og:type\" content=\"article\" \/>\n<meta property=\"og:title\" content=\"ORGANIC AGRICULTURE - IFC Global.TN\" \/>\n<meta property=\"og:description\" content=\"ORGANIC AGRICULTURE Pourquoi l\u2019Agriculture Biologique ?L\u2019agriculture biologique garantit que chaque \u00e9tape de la production est contr\u00f4l\u00e9e et que le produit final est certifi\u00e9. Elle est r\u00e9alis\u00e9e sous la surveillance stricte d\u2019organismes de contr\u00f4le et de certification, assurant le respect des normes de l\u2019agriculture biologique. Qu\u2019est-ce que l\u2019Agriculture Biologique ?L\u2019agriculture biologique est une m\u00e9thode de production&hellip;\" \/>\n<meta property=\"og:url\" content=\"https:\/\/www.ifc-globaltn.com\/index.php\/organic-agriculture\/\" \/>\n<meta property=\"og:site_name\" content=\"IFC Global.TN\" \/>\n<meta property=\"article:modified_time\" content=\"2025-06-11T14:54:10+00:00\" \/>\n<meta property=\"og:image\" content=\"https:\/\/www.ifc-globaltn.com\/wp-content\/uploads\/2025\/06\/hizmetlerimiz.jpg\" \/>\n\t<meta property=\"og:image:width\" content=\"1900\" \/>\n\t<meta property=\"og:image:height\" content=\"460\" \/>\n\t<meta property=\"og:image:type\" content=\"image\/jpeg\" \/>\n<meta name=\"twitter:card\" content=\"summary_large_image\" \/>\n<meta name=\"twitter:label1\" content=\"Dur\u00e9e de lecture estim\u00e9e\" \/>\n\t<meta name=\"twitter:data1\" content=\"3 minutes\" \/>\n<script type=\"application\/ld+json\" class=\"yoast-schema-graph\">{\"@context\":\"https:\\\/\\\/schema.org\",\"@graph\":[{\"@type\":\"WebPage\",\"@id\":\"https:\\\/\\\/www.ifc-globaltn.com\\\/index.php\\\/organic-agriculture\\\/\",\"url\":\"https:\\\/\\\/www.ifc-globaltn.com\\\/index.php\\\/organic-agriculture\\\/\",\"name\":\"ORGANIC AGRICULTURE - IFC Global.TN\",\"isPartOf\":{\"@id\":\"https:\\\/\\\/www.ifc-globaltn.com\\\/#website\"},\"primaryImageOfPage\":{\"@id\":\"https:\\\/\\\/www.ifc-globaltn.com\\\/index.php\\\/organic-agriculture\\\/#primaryimage\"},\"image\":{\"@id\":\"https:\\\/\\\/www.ifc-globaltn.com\\\/index.php\\\/organic-agriculture\\\/#primaryimage\"},\"thumbnailUrl\":\"https:\\\/\\\/www.ifc-globaltn.com\\\/wp-content\\\/uploads\\\/2025\\\/06\\\/hizmetlerimiz.jpg\",\"datePublished\":\"2025-06-11T14:51:39+00:00\",\"dateModified\":\"2025-06-11T14:54:10+00:00\",\"breadcrumb\":{\"@id\":\"https:\\\/\\\/www.ifc-globaltn.com\\\/index.php\\\/organic-agriculture\\\/#breadcrumb\"},\"inLanguage\":\"fr-FR\",\"potentialAction\":[{\"@type\":\"ReadAction\",\"target\":[\"https:\\\/\\\/www.ifc-globaltn.com\\\/index.php\\\/organic-agriculture\\\/\"]}]},{\"@type\":\"ImageObject\",\"inLanguage\":\"fr-FR\",\"@id\":\"https:\\\/\\\/www.ifc-globaltn.com\\\/index.php\\\/organic-agriculture\\\/#primaryimage\",\"url\":\"https:\\\/\\\/www.ifc-globaltn.com\\\/wp-content\\\/uploads\\\/2025\\\/06\\\/hizmetlerimiz.jpg\",\"contentUrl\":\"https:\\\/\\\/www.ifc-globaltn.com\\\/wp-content\\\/uploads\\\/2025\\\/06\\\/hizmetlerimiz.jpg\",\"width\":1900,\"height\":460},{\"@type\":\"BreadcrumbList\",\"@id\":\"https:\\\/\\\/www.ifc-globaltn.com\\\/index.php\\\/organic-agriculture\\\/#breadcrumb\",\"itemListElement\":[{\"@type\":\"ListItem\",\"position\":1,\"name\":\"Accueil\",\"item\":\"https:\\\/\\\/www.ifc-globaltn.com\\\/\"},{\"@type\":\"ListItem\",\"position\":2,\"name\":\"ORGANIC AGRICULTURE\"}]},{\"@type\":\"WebSite\",\"@id\":\"https:\\\/\\\/www.ifc-globaltn.com\\\/#website\",\"url\":\"https:\\\/\\\/www.ifc-globaltn.com\\\/\",\"name\":\"IFC Global.TN\",\"description\":\"Bienvenue sur IFC Global.TN Nous sommes la branche tunisienne officielle de IFC Global, un leader mondial dans le domaine des certifications ISO et des solutions de conformit\u00e9.\",\"publisher\":{\"@id\":\"https:\\\/\\\/www.ifc-globaltn.com\\\/#organization\"},\"potentialAction\":[{\"@type\":\"SearchAction\",\"target\":{\"@type\":\"EntryPoint\",\"urlTemplate\":\"https:\\\/\\\/www.ifc-globaltn.com\\\/?s={search_term_string}\"},\"query-input\":{\"@type\":\"PropertyValueSpecification\",\"valueRequired\":true,\"valueName\":\"search_term_string\"}}],\"inLanguage\":\"fr-FR\"},{\"@type\":\"Organization\",\"@id\":\"https:\\\/\\\/www.ifc-globaltn.com\\\/#organization\",\"name\":\"IFC Global.TN\",\"url\":\"https:\\\/\\\/www.ifc-globaltn.com\\\/\",\"logo\":{\"@type\":\"ImageObject\",\"inLanguage\":\"fr-FR\",\"@id\":\"https:\\\/\\\/www.ifc-globaltn.com\\\/#\\\/schema\\\/logo\\\/image\\\/\",\"url\":\"https:\\\/\\\/www.ifc-globaltn.com\\\/wp-content\\\/uploads\\\/2025\\\/01\\\/ifcgloballogo.png\",\"contentUrl\":\"https:\\\/\\\/www.ifc-globaltn.com\\\/wp-content\\\/uploads\\\/2025\\\/01\\\/ifcgloballogo.png\",\"width\":245,\"height\":90,\"caption\":\"IFC Global.TN\"},\"image\":{\"@id\":\"https:\\\/\\\/www.ifc-globaltn.com\\\/#\\\/schema\\\/logo\\\/image\\\/\"}}]}<\/script>\n<!-- \/ Yoast SEO plugin. -->","yoast_head_json":{"title":"ORGANIC AGRICULTURE - IFC Global.TN","robots":{"index":"index","follow":"follow","max-snippet":"max-snippet:-1","max-image-preview":"max-image-preview:large","max-video-preview":"max-video-preview:-1"},"canonical":"https:\/\/www.ifc-globaltn.com\/index.php\/organic-agriculture\/","og_locale":"fr_FR","og_type":"article","og_title":"ORGANIC AGRICULTURE - IFC Global.TN","og_description":"ORGANIC AGRICULTURE Pourquoi l\u2019Agriculture Biologique ?L\u2019agriculture biologique garantit que chaque \u00e9tape de la production est contr\u00f4l\u00e9e et que le produit final est certifi\u00e9. Elle est r\u00e9alis\u00e9e sous la surveillance stricte d\u2019organismes de contr\u00f4le et de certification, assurant le respect des normes de l\u2019agriculture biologique. Qu\u2019est-ce que l\u2019Agriculture Biologique ?L\u2019agriculture biologique est une m\u00e9thode de production&hellip;","og_url":"https:\/\/www.ifc-globaltn.com\/index.php\/organic-agriculture\/","og_site_name":"IFC Global.TN","article_modified_time":"2025-06-11T14:54:10+00:00","og_image":[{"width":1900,"height":460,"url":"https:\/\/www.ifc-globaltn.com\/wp-content\/uploads\/2025\/06\/hizmetlerimiz.jpg","type":"image\/jpeg"}],"twitter_card":"summary_large_image","twitter_misc":{"Dur\u00e9e de lecture estim\u00e9e":"3 minutes"},"schema":{"@context":"https:\/\/schema.org","@graph":[{"@type":"WebPage","@id":"https:\/\/www.ifc-globaltn.com\/index.php\/organic-agriculture\/","url":"https:\/\/www.ifc-globaltn.com\/index.php\/organic-agriculture\/","name":"ORGANIC AGRICULTURE - IFC Global.TN","isPartOf":{"@id":"https:\/\/www.ifc-globaltn.com\/#website"},"primaryImageOfPage":{"@id":"https:\/\/www.ifc-globaltn.com\/index.php\/organic-agriculture\/#primaryimage"},"image":{"@id":"https:\/\/www.ifc-globaltn.com\/index.php\/organic-agriculture\/#primaryimage"},"thumbnailUrl":"https:\/\/www.ifc-globaltn.com\/wp-content\/uploads\/2025\/06\/hizmetlerimiz.jpg","datePublished":"2025-06-11T14:51:39+00:00","dateModified":"2025-06-11T14:54:10+00:00","breadcrumb":{"@id":"https:\/\/www.ifc-globaltn.com\/index.php\/organic-agriculture\/#breadcrumb"},"inLanguage":"fr-FR","potentialAction":[{"@type":"ReadAction","target":["https:\/\/www.ifc-globaltn.com\/index.php\/organic-agriculture\/"]}]},{"@type":"ImageObject","inLanguage":"fr-FR","@id":"https:\/\/www.ifc-globaltn.com\/index.php\/organic-agriculture\/#primaryimage","url":"https:\/\/www.ifc-globaltn.com\/wp-content\/uploads\/2025\/06\/hizmetlerimiz.jpg","contentUrl":"https:\/\/www.ifc-globaltn.com\/wp-content\/uploads\/2025\/06\/hizmetlerimiz.jpg","width":1900,"height":460},{"@type":"BreadcrumbList","@id":"https:\/\/www.ifc-globaltn.com\/index.php\/organic-agriculture\/#breadcrumb","itemListElement":[{"@type":"ListItem","position":1,"name":"Accueil","item":"https:\/\/www.ifc-globaltn.com\/"},{"@type":"ListItem","position":2,"name":"ORGANIC AGRICULTURE"}]},{"@type":"WebSite","@id":"https:\/\/www.ifc-globaltn.com\/#website","url":"https:\/\/www.ifc-globaltn.com\/","name":"IFC Global.TN","description":"Bienvenue sur IFC Global.TN Nous sommes la branche tunisienne officielle de IFC Global, un leader mondial dans le domaine des certifications ISO et des solutions de conformit\u00e9.","publisher":{"@id":"https:\/\/www.ifc-globaltn.com\/#organization"},"potentialAction":[{"@type":"SearchAction","target":{"@type":"EntryPoint","urlTemplate":"https:\/\/www.ifc-globaltn.com\/?s={search_term_string}"},"query-input":{"@type":"PropertyValueSpecification","valueRequired":true,"valueName":"search_term_string"}}],"inLanguage":"fr-FR"},{"@type":"Organization","@id":"https:\/\/www.ifc-globaltn.com\/#organization","name":"IFC Global.TN","url":"https:\/\/www.ifc-globaltn.com\/","logo":{"@type":"ImageObject","inLanguage":"fr-FR","@id":"https:\/\/www.ifc-globaltn.com\/#\/schema\/logo\/image\/","url":"https:\/\/www.ifc-globaltn.com\/wp-content\/uploads\/2025\/01\/ifcgloballogo.png","contentUrl":"https:\/\/www.ifc-globaltn.com\/wp-content\/uploads\/2025\/01\/ifcgloballogo.png","width":245,"height":90,"caption":"IFC Global.TN"},"image":{"@id":"https:\/\/www.ifc-globaltn.com\/#\/schema\/logo\/image\/"}}]}},"_links":{"self":[{"href":"https:\/\/www.ifc-globaltn.com\/index.php\/wp-json\/wp\/v2\/pages\/6291","targetHints":{"allow":["GET"]}}],"collection":[{"href":"https:\/\/www.ifc-globaltn.com\/index.php\/wp-json\/wp\/v2\/pages"}],"about":[{"href":"https:\/\/www.ifc-globaltn.com\/index.php\/wp-json\/wp\/v2\/types\/page"}],"author":[{"embeddable":true,"href":"https:\/\/www.ifc-globaltn.com\/index.php\/wp-json\/wp\/v2\/users\/3"}],"replies":[{"embeddable":true,"href":"https:\/\/www.ifc-globaltn.com\/index.php\/wp-json\/wp\/v2\/comments?post=6291"}],"version-history":[{"count":5,"href":"https:\/\/www.ifc-globaltn.com\/index.php\/wp-json\/wp\/v2\/pages\/6291\/revisions"}],"predecessor-version":[{"id":6296,"href":"https:\/\/www.ifc-globaltn.com\/index.php\/wp-json\/wp\/v2\/pages\/6291\/revisions\/6296"}],"wp:featuredmedia":[{"embeddable":true,"href":"https:\/\/www.ifc-globaltn.com\/index.php\/wp-json\/wp\/v2\/media\/6083"}],"wp:attachment":[{"href":"https:\/\/www.ifc-globaltn.com\/index.php\/wp-json\/wp\/v2\/media?parent=6291"}],"curies":[{"name":"wp","href":"https:\/\/api.w.org\/{rel}","templated":true}]}}