{"id":6297,"date":"2025-06-11T17:06:49","date_gmt":"2025-06-11T15:06:49","guid":{"rendered":"https:\/\/www.ifc-globaltn.com\/?page_id=6297"},"modified":"2025-09-19T12:30:53","modified_gmt":"2025-09-19T11:30:53","slug":"globalgap","status":"publish","type":"page","link":"https:\/\/www.ifc-globaltn.com\/index.php\/globalgap\/","title":{"rendered":"GLOBALGAP"},"content":{"rendered":"\t\t<div data-elementor-type=\"wp-page\" data-elementor-id=\"6297\" class=\"elementor elementor-6297\" data-elementor-post-type=\"page\">\n\t\t\t\t<div class=\"elementor-element elementor-element-6177511 e-con-full e-flex e-con e-parent\" data-id=\"6177511\" data-element_type=\"container\" data-e-type=\"container\">\n\t\t\t\t<div class=\"elementor-element elementor-element-f1a4f4d elementor-widget elementor-widget-heading\" data-id=\"f1a4f4d\" data-element_type=\"widget\" data-e-type=\"widget\" data-widget_type=\"heading.default\">\n\t\t\t\t<div class=\"elementor-widget-container\">\n\t\t\t\t\t<h3 class=\"elementor-heading-title elementor-size-default\"><b>GLOBALGAP<\/b><\/h3>\t\t\t\t<\/div>\n\t\t\t\t<\/div>\n\t\t\t\t<div class=\"elementor-element elementor-element-d9e1e89 elementor-widget-divider--view-line elementor-widget elementor-widget-divider\" data-id=\"d9e1e89\" data-element_type=\"widget\" data-e-type=\"widget\" data-widget_type=\"divider.default\">\n\t\t\t\t<div class=\"elementor-widget-container\">\n\t\t\t\t\t\t\t<div class=\"elementor-divider\">\n\t\t\t<span class=\"elementor-divider-separator\">\n\t\t\t\t\t\t<\/span>\n\t\t<\/div>\n\t\t\t\t\t\t<\/div>\n\t\t\t\t<\/div>\n\t\t\t\t<\/div>\n\t\t<div class=\"elementor-element elementor-element-e6a2706 e-con-full e-flex e-con e-parent\" data-id=\"e6a2706\" data-element_type=\"container\" data-e-type=\"container\">\n\t\t<div class=\"elementor-element elementor-element-7168af3 e-con-full e-flex e-con e-child\" data-id=\"7168af3\" data-element_type=\"container\" data-e-type=\"container\">\n\t\t\t\t<div class=\"elementor-element elementor-element-2e7a337 elementor-widget elementor-widget-image\" data-id=\"2e7a337\" data-element_type=\"widget\" data-e-type=\"widget\" data-widget_type=\"image.default\">\n\t\t\t\t<div class=\"elementor-widget-container\">\n\t\t\t\t\t\t\t\t\t\t\t\t\t\t\t<img decoding=\"async\" src=\"https:\/\/www.ifc-globaltn.com\/wp-content\/uploads\/elementor\/thumbs\/global-gap-1-r6yhetixcksiuum5b7dgg601s7jzh383lu42oqktbu.jpg\" title=\"global-gap\" alt=\"global-gap\" loading=\"lazy\" \/>\t\t\t\t\t\t\t\t\t\t\t\t\t\t\t<\/div>\n\t\t\t\t<\/div>\n\t\t\t\t<\/div>\n\t\t<div class=\"elementor-element elementor-element-987b3d8 e-con-full e-flex e-con e-child\" data-id=\"987b3d8\" data-element_type=\"container\" data-e-type=\"container\">\n\t\t\t\t<div class=\"elementor-element elementor-element-2bbced3 elementor-widget elementor-widget-text-editor\" data-id=\"2bbced3\" data-element_type=\"widget\" data-e-type=\"widget\" data-widget_type=\"text-editor.default\">\n\t\t\t\t<div class=\"elementor-widget-container\">\n\t\t\t\t\t\t\t\t\t<p data-start=\"51\" data-end=\"84\"><strong data-start=\"55\" data-end=\"82\">Pourquoi GLOBALGAP ?<\/strong>\u00c0 mesure que la population mondiale cro\u00eet et que les habitudes alimentaires \u00e9voluent, <strong data-start=\"171\" data-end=\"240\">assurer la s\u00e9curit\u00e9 alimentaire et la durabilit\u00e9 environnementale<\/strong> devient essentiel. La <strong data-start=\"263\" data-end=\"293\">certification GLOBALGAP<\/strong>\u00a0r\u00e9pond \u00e0 ces enjeux en promouvant les <strong data-start=\"332\" data-end=\"368\">Bonnes Pratiques Agricoles (BPA)<\/strong> qui garantissent la <strong data-start=\"389\" data-end=\"429\">s\u00e9curit\u00e9, la durabilit\u00e9 et l\u2019hygi\u00e8ne<\/strong> des produits tout en respectant l\u2019<strong data-start=\"464\" data-end=\"488\">\u00e9quilibre \u00e9cologique<\/strong>.<\/p>\t\t\t\t\t\t\t\t<\/div>\n\t\t\t\t<\/div>\n\t\t\t\t<\/div>\n\t\t\t\t<\/div>\n\t\t<div class=\"elementor-element elementor-element-34f4cf1 e-con-full e-flex e-con e-child\" data-id=\"34f4cf1\" data-element_type=\"container\" data-e-type=\"container\">\n\t\t\t\t<div class=\"elementor-element elementor-element-a2283c7 elementor-widget elementor-widget-text-editor\" data-id=\"a2283c7\" data-element_type=\"widget\" data-e-type=\"widget\" data-widget_type=\"text-editor.default\">\n\t\t\t\t<div class=\"elementor-widget-container\">\n\t\t\t\t\t\t\t\t\t<p data-start=\"462\" data-end=\"527\">Les consommateurs d\u2019aujourd\u2019hui exigent la certitude que leur nourriture est\u00a0<span style=\"font-weight: bold;\" data-start=\"568\" data-end=\"601\">exempte de substances nocives<\/span>, produite de mani\u00e8re\u00a0<span style=\"font-weight: bold;\" data-start=\"623\" data-end=\"637\">hygi\u00e9nique<\/span>, et manipul\u00e9e selon des m\u00e9thodes\u00a0<span style=\"font-weight: bold;\" data-start=\"671\" data-end=\"707\">respectueuses de l\u2019environnement<\/span>. La certification GLOBALGAP r\u00e9pond \u00e0 ces attentes, ayant un <span style=\"font-weight: bold;\" data-start=\"771\" data-end=\"826\">impact direct sur la sant\u00e9 publique et le bien-\u00eatre<\/span>.<\/p>\t\t\t\t\t\t\t\t<\/div>\n\t\t\t\t<\/div>\n\t\t\t\t<div class=\"elementor-element elementor-element-6081b24 elementor-widget-divider--view-line elementor-widget elementor-widget-divider\" data-id=\"6081b24\" data-element_type=\"widget\" data-e-type=\"widget\" data-widget_type=\"divider.default\">\n\t\t\t\t<div class=\"elementor-widget-container\">\n\t\t\t\t\t\t\t<div class=\"elementor-divider\">\n\t\t\t<span class=\"elementor-divider-separator\">\n\t\t\t\t\t\t<\/span>\n\t\t<\/div>\n\t\t\t\t\t\t<\/div>\n\t\t\t\t<\/div>\n\t\t\t\t<\/div>\n\t\t<div class=\"elementor-element elementor-element-6f38367 e-con-full e-flex e-con e-child\" data-id=\"6f38367\" data-element_type=\"container\" data-e-type=\"container\">\n\t\t\t\t<div class=\"elementor-element elementor-element-f0693ff elementor-widget elementor-widget-text-editor\" data-id=\"f0693ff\" data-element_type=\"widget\" data-e-type=\"widget\" data-widget_type=\"text-editor.default\">\n\t\t\t\t<div class=\"elementor-widget-container\">\n\t\t\t\t\t\t\t\t\t<p data-start=\"834\" data-end=\"872\"><strong data-start=\"838\" data-end=\"870\">Qu\u2019est-ce que GLOBALGAP ?<br \/><\/strong><strong data-start=\"873\" data-end=\"889\">GLOBALGAP<\/strong>, anciennement <strong data-start=\"904\" data-end=\"916\">EUREPGAP<\/strong>, est une norme mondialement reconnue, cr\u00e9\u00e9e en 1997 par le <strong data-start=\"976\" data-end=\"1019\">Groupe de travail Euro-Retailer Produce<\/strong>. Elle garantit :<\/p><p data-start=\"1040\" data-end=\"1105\">La <strong data-start=\"1043\" data-end=\"1078\">s\u00e9curit\u00e9 des produits agricoles<\/strong> de la ferme \u00e0 l\u2019assiette<\/p><p data-start=\"1108\" data-end=\"1207\">La conformit\u00e9 aux <strong data-start=\"1126\" data-end=\"1153\">principes de durabilit\u00e9<\/strong> et aux exigences des <strong data-start=\"1175\" data-end=\"1205\">Bonnes Pratiques Agricoles<\/strong><\/p><p data-start=\"1210\" data-end=\"1301\">L\u2019am\u00e9lioration de la <strong data-start=\"1231\" data-end=\"1255\">qualit\u00e9 des aliments<\/strong> conform\u00e9ment aux <strong data-start=\"1273\" data-end=\"1299\">normes internationales<\/strong><\/p><p data-start=\"1303\" data-end=\"1478\">Les distributeurs proposant des produits certifi\u00e9s GLOBALGAP s\u2019engagent \u00e0 fournir \u00e0 leurs clients des produits <strong data-start=\"1417\" data-end=\"1477\">s\u00fbrs, de haute qualit\u00e9 et respectueux de l\u2019environnement<\/strong>.<\/p>\t\t\t\t\t\t\t\t<\/div>\n\t\t\t\t<\/div>\n\t\t\t\t<div class=\"elementor-element elementor-element-fc85fec elementor-widget-divider--view-line elementor-widget elementor-widget-divider\" data-id=\"fc85fec\" data-element_type=\"widget\" data-e-type=\"widget\" data-widget_type=\"divider.default\">\n\t\t\t\t<div class=\"elementor-widget-container\">\n\t\t\t\t\t\t\t<div class=\"elementor-divider\">\n\t\t\t<span class=\"elementor-divider-separator\">\n\t\t\t\t\t\t<\/span>\n\t\t<\/div>\n\t\t\t\t\t\t<\/div>\n\t\t\t\t<\/div>\n\t\t\t\t<\/div>\n\t\t<div class=\"elementor-element elementor-element-1efa63e e-con-full e-flex e-con e-child\" data-id=\"1efa63e\" data-element_type=\"container\" data-e-type=\"container\">\n\t\t\t\t<div class=\"elementor-element elementor-element-43f001a elementor-widget elementor-widget-text-editor\" data-id=\"43f001a\" data-element_type=\"widget\" data-e-type=\"widget\" data-widget_type=\"text-editor.default\">\n\t\t\t\t<div class=\"elementor-widget-container\">\n\t\t\t\t\t\t\t\t\t<p data-start=\"1485\" data-end=\"1535\"><strong data-start=\"1489\" data-end=\"1535\">Avantages de la certification GLOBALGAP<\/strong><\/p><p data-start=\"1539\" data-end=\"1750\"><strong data-start=\"1539\" data-end=\"1558\">Acc\u00e8s au march\u00e9<\/strong> : Condition pr\u00e9alable \u00e0 l\u2019exportation de fruits et l\u00e9gumes frais vers l\u2019Union Europ\u00e9enne, la certification GLOBALGAP agit comme un <strong data-start=\"1693\" data-end=\"1747\">\u00ab passeport \u00bb pour les producteurs et exportateurs<\/strong>.<\/p><p data-start=\"1753\" data-end=\"1951\"><strong data-start=\"1753\" data-end=\"1784\">Confiance des consommateurs<\/strong> : Montre que les produits sont <strong data-start=\"1816\" data-end=\"1876\">s\u00fbrs sur les plans microbiologique, physique et chimique<\/strong>, produits de mani\u00e8re <strong data-start=\"1898\" data-end=\"1909\">durable<\/strong> et conformes aux exigences <strong data-start=\"1937\" data-end=\"1948\">l\u00e9gales<\/strong>.<\/p><p data-start=\"1954\" data-end=\"2133\"><strong data-start=\"1954\" data-end=\"1994\">Cr\u00e9dibilit\u00e9 aupr\u00e8s des distributeurs<\/strong> : R\u00e9pond aux <strong data-start=\"2008\" data-end=\"2046\">exigences des grands distributeurs<\/strong>, qui exigent la certification GLOBALGAP comme preuve de <strong data-start=\"2106\" data-end=\"2132\">fiabilit\u00e9 des produits<\/strong>.<\/p>\t\t\t\t\t\t\t\t<\/div>\n\t\t\t\t<\/div>\n\t\t\t\t<div class=\"elementor-element elementor-element-36d774d elementor-widget-divider--view-line elementor-widget elementor-widget-divider\" data-id=\"36d774d\" data-element_type=\"widget\" data-e-type=\"widget\" data-widget_type=\"divider.default\">\n\t\t\t\t<div class=\"elementor-widget-container\">\n\t\t\t\t\t\t\t<div class=\"elementor-divider\">\n\t\t\t<span class=\"elementor-divider-separator\">\n\t\t\t\t\t\t<\/span>\n\t\t<\/div>\n\t\t\t\t\t\t<\/div>\n\t\t\t\t<\/div>\n\t\t\t\t<\/div>\n\t\t<div class=\"elementor-element elementor-element-b211b3e e-con-full e-flex e-con e-child\" data-id=\"b211b3e\" data-element_type=\"container\" data-e-type=\"container\">\n\t\t\t\t<div class=\"elementor-element elementor-element-c28f940 elementor-widget elementor-widget-text-editor\" data-id=\"c28f940\" data-element_type=\"widget\" data-e-type=\"widget\" data-widget_type=\"text-editor.default\">\n\t\t\t\t<div class=\"elementor-widget-container\">\n\t\t\t\t\t\t\t\t\t<div class=\"pointer-events-none h-px w-px\" aria-hidden=\"true\" data-edge=\"true\"><p data-start=\"2140\" data-end=\"2174\"><strong data-start=\"2144\" data-end=\"2172\">Objectif de GLOBALGAP<br \/><\/strong>Les normes GLOBALGAP d\u00e9finissent les <strong data-start=\"2215\" data-end=\"2267\">exigences minimales de s\u00e9curit\u00e9 et de durabilit\u00e9<\/strong> pour la production agricole. Elles assurent que :<\/p><p data-start=\"2321\" data-end=\"2375\">Les produits sont <strong data-start=\"2339\" data-end=\"2373\">exempts de contaminants nocifs<\/strong><\/p><p data-start=\"2378\" data-end=\"2473\">Les processus de production ne <strong data-start=\"2409\" data-end=\"2442\">nuisent pas \u00e0 l\u2019environnement<\/strong> ni \u00e0 l\u2019<strong data-start=\"2450\" data-end=\"2471\">\u00e9quilibre naturel<\/strong><\/p><p data-start=\"2476\" data-end=\"2537\">Les exigences <strong data-start=\"2490\" data-end=\"2519\">l\u00e9gales et r\u00e9glementaires<\/strong> sont respect\u00e9es<\/p><p data-start=\"2540\" data-end=\"2604\">La <strong data-start=\"2543\" data-end=\"2584\">sant\u00e9 et la s\u00e9curit\u00e9 des travailleurs<\/strong> sont une priorit\u00e9<\/p><\/div>\t\t\t\t\t\t\t\t<\/div>\n\t\t\t\t<\/div>\n\t\t\t\t<\/div>\n\t\t<div class=\"elementor-element elementor-element-da452ce e-con-full e-flex e-con e-child\" data-id=\"da452ce\" data-element_type=\"container\" data-e-type=\"container\">\n\t\t\t\t<div class=\"elementor-element elementor-element-6b0d9de elementor-widget-divider--view-line elementor-widget elementor-widget-divider\" data-id=\"6b0d9de\" data-element_type=\"widget\" data-e-type=\"widget\" data-widget_type=\"divider.default\">\n\t\t\t\t<div class=\"elementor-widget-container\">\n\t\t\t\t\t\t\t<div class=\"elementor-divider\">\n\t\t\t<span class=\"elementor-divider-separator\">\n\t\t\t\t\t\t<\/span>\n\t\t<\/div>\n\t\t\t\t\t\t<\/div>\n\t\t\t\t<\/div>\n\t\t\t\t<div class=\"elementor-element elementor-element-62135dd elementor-widget elementor-widget-text-editor\" data-id=\"62135dd\" data-element_type=\"widget\" data-e-type=\"widget\" data-widget_type=\"text-editor.default\">\n\t\t\t\t<div class=\"elementor-widget-container\">\n\t\t\t\t\t\t\t\t\t<div class=\"pointer-events-none h-px w-px\" aria-hidden=\"true\" data-edge=\"true\"><p data-start=\"2611\" data-end=\"2648\"><strong data-start=\"2615\" data-end=\"2646\">Partenariat avec IFC Global<br \/><\/strong>Chez <strong data-start=\"2654\" data-end=\"2668\">IFC Global<\/strong>, nous proposons un <strong data-start=\"2688\" data-end=\"2713\">accompagnement expert<\/strong> et des <strong data-start=\"2721\" data-end=\"2750\">services de certification<\/strong> pour vous aider \u00e0 obtenir la certification GLOBALGAP, en assurant que vos produits r\u00e9pondent aux <strong data-start=\"2851\" data-end=\"2877\">normes internationales<\/strong> et aux <strong data-start=\"2885\" data-end=\"2915\">attentes des consommateurs<\/strong>.<\/p><p data-start=\"2918\" data-end=\"3012\" data-is-last-node=\"\" data-is-only-node=\"\"><strong data-start=\"2918\" data-end=\"2952\">Contactez-nous d\u00e8s aujourd\u2019hui<\/strong> pour d\u00e9marrer votre processus de certification GLOBALGAP<\/p><\/div>\t\t\t\t\t\t\t\t<\/div>\n\t\t\t\t<\/div>\n\t\t\t\t<\/div>\n\t\t<div class=\"elementor-element elementor-element-8f62562 e-con-full e-flex e-con e-parent\" data-id=\"8f62562\" data-element_type=\"container\" data-e-type=\"container\">\n\t\t\t\t<div class=\"elementor-element elementor-element-ad7af2f elementor-widget elementor-widget-spacer\" data-id=\"ad7af2f\" data-element_type=\"widget\" data-e-type=\"widget\" data-widget_type=\"spacer.default\">\n\t\t\t\t<div class=\"elementor-widget-container\">\n\t\t\t\t\t\t\t<div class=\"elementor-spacer\">\n\t\t\t<div class=\"elementor-spacer-inner\"><\/div>\n\t\t<\/div>\n\t\t\t\t\t\t<\/div>\n\t\t\t\t<\/div>\n\t\t\t\t<div class=\"elementor-element elementor-element-f5e915a elementor-widget__width-initial elementor-cta--skin-classic elementor-animated-content elementor-bg-transform elementor-bg-transform-zoom-in elementor-widget elementor-widget-call-to-action\" data-id=\"f5e915a\" data-element_type=\"widget\" data-e-type=\"widget\" data-widget_type=\"call-to-action.default\">\n\t\t\t\t<div class=\"elementor-widget-container\">\n\t\t\t\t\t\t\t<div class=\"elementor-cta\">\n\t\t\t\t\t\t\t<div class=\"elementor-cta__content\">\n\t\t\t\t\n\t\t\t\t\t\t\t\t\t<h2 class=\"elementor-cta__title elementor-cta__content-item elementor-content-item\">\n\t\t\t\t\t\tVous N'avez Pas Encore Obtenu Votre Certificat !\t\t\t\t\t<\/h2>\n\t\t\t\t\n\t\t\t\t\t\t\t\t\t<div class=\"elementor-cta__description elementor-cta__content-item elementor-content-item\">\n\t\t\t\t\t\tPrenez contact avec nos experts pour commancer.\t\t\t\t\t<\/div>\n\t\t\t\t\n\t\t\t\t\t\t\t\t\t<div class=\"elementor-cta__button-wrapper elementor-cta__content-item elementor-content-item \">\n\t\t\t\t\t<a class=\"elementor-cta__button elementor-button elementor-size-\" href=\"mailto:%20direction@ifc-globaltn.com\">\n\t\t\t\t\t\tcontactez-nous\t\t\t\t\t<\/a>\n\t\t\t\t\t<\/div>\n\t\t\t\t\t\t\t<\/div>\n\t\t\t\t\t\t<\/div>\n\t\t\t\t\t\t<\/div>\n\t\t\t\t<\/div>\n\t\t\t\t<\/div>\n\t\t\t\t<\/div>\n\t\t","protected":false},"excerpt":{"rendered":"<p>GLOBALGAP Pourquoi GLOBALGAP ?\u00c0 mesure que la population mondiale cro\u00eet et que les habitudes alimentaires \u00e9voluent, assurer la s\u00e9curit\u00e9 alimentaire et la durabilit\u00e9 environnementale devient essentiel. La certification GLOBALGAP\u00a0r\u00e9pond \u00e0 ces enjeux en promouvant les Bonnes Pratiques Agricoles (BPA) qui garantissent la s\u00e9curit\u00e9, la durabilit\u00e9 et l\u2019hygi\u00e8ne des produits tout en respectant l\u2019\u00e9quilibre \u00e9cologique. Les&hellip;<\/p>\n","protected":false},"author":3,"featured_media":6083,"parent":0,"menu_order":0,"comment_status":"closed","ping_status":"closed","template":"","meta":{"footnotes":""},"class_list":["post-6297","page","type-page","status-publish","has-post-thumbnail","hentry"],"yoast_head":"<!-- This site is optimized with the Yoast SEO plugin v27.4 - https:\/\/yoast.com\/product\/yoast-seo-wordpress\/ -->\n<title>Certification GLOBALGAP en Tunisie<\/title>\n<meta name=\"description\" content=\"Assurez la qualit\u00e9 et la s\u00e9curit\u00e9 de vos produits agricoles avec la certification GLOBALGAP, conforme aux normes internationales.\" \/>\n<meta name=\"robots\" content=\"index, follow, max-snippet:-1, max-image-preview:large, max-video-preview:-1\" \/>\n<link rel=\"canonical\" href=\"https:\/\/www.ifc-globaltn.com\/index.php\/globalgap\/\" \/>\n<meta property=\"og:locale\" content=\"fr_FR\" \/>\n<meta property=\"og:type\" content=\"article\" \/>\n<meta property=\"og:title\" content=\"Certification GLOBALGAP en Tunisie\" \/>\n<meta property=\"og:description\" content=\"Assurez la qualit\u00e9 et la s\u00e9curit\u00e9 de vos produits agricoles avec la certification GLOBALGAP, conforme aux normes internationales.\" \/>\n<meta property=\"og:url\" content=\"https:\/\/www.ifc-globaltn.com\/index.php\/globalgap\/\" \/>\n<meta property=\"og:site_name\" content=\"IFC Global.TN\" \/>\n<meta property=\"article:modified_time\" content=\"2025-09-19T11:30:53+00:00\" \/>\n<meta property=\"og:image\" content=\"https:\/\/www.ifc-globaltn.com\/wp-content\/uploads\/2025\/06\/hizmetlerimiz.jpg\" \/>\n\t<meta property=\"og:image:width\" content=\"1900\" \/>\n\t<meta property=\"og:image:height\" content=\"460\" \/>\n\t<meta property=\"og:image:type\" content=\"image\/jpeg\" \/>\n<meta name=\"twitter:card\" content=\"summary_large_image\" \/>\n<meta name=\"twitter:label1\" content=\"Dur\u00e9e de lecture estim\u00e9e\" \/>\n\t<meta name=\"twitter:data1\" content=\"3 minutes\" \/>\n<script type=\"application\/ld+json\" class=\"yoast-schema-graph\">{\"@context\":\"https:\\\/\\\/schema.org\",\"@graph\":[{\"@type\":\"WebPage\",\"@id\":\"https:\\\/\\\/www.ifc-globaltn.com\\\/index.php\\\/globalgap\\\/\",\"url\":\"https:\\\/\\\/www.ifc-globaltn.com\\\/index.php\\\/globalgap\\\/\",\"name\":\"Certification GLOBALGAP en Tunisie\",\"isPartOf\":{\"@id\":\"https:\\\/\\\/www.ifc-globaltn.com\\\/#website\"},\"primaryImageOfPage\":{\"@id\":\"https:\\\/\\\/www.ifc-globaltn.com\\\/index.php\\\/globalgap\\\/#primaryimage\"},\"image\":{\"@id\":\"https:\\\/\\\/www.ifc-globaltn.com\\\/index.php\\\/globalgap\\\/#primaryimage\"},\"thumbnailUrl\":\"https:\\\/\\\/www.ifc-globaltn.com\\\/wp-content\\\/uploads\\\/2025\\\/06\\\/hizmetlerimiz.jpg\",\"datePublished\":\"2025-06-11T15:06:49+00:00\",\"dateModified\":\"2025-09-19T11:30:53+00:00\",\"description\":\"Assurez la qualit\u00e9 et la s\u00e9curit\u00e9 de vos produits agricoles avec la certification GLOBALGAP, conforme aux normes internationales.\",\"breadcrumb\":{\"@id\":\"https:\\\/\\\/www.ifc-globaltn.com\\\/index.php\\\/globalgap\\\/#breadcrumb\"},\"inLanguage\":\"fr-FR\",\"potentialAction\":[{\"@type\":\"ReadAction\",\"target\":[\"https:\\\/\\\/www.ifc-globaltn.com\\\/index.php\\\/globalgap\\\/\"]}]},{\"@type\":\"ImageObject\",\"inLanguage\":\"fr-FR\",\"@id\":\"https:\\\/\\\/www.ifc-globaltn.com\\\/index.php\\\/globalgap\\\/#primaryimage\",\"url\":\"https:\\\/\\\/www.ifc-globaltn.com\\\/wp-content\\\/uploads\\\/2025\\\/06\\\/hizmetlerimiz.jpg\",\"contentUrl\":\"https:\\\/\\\/www.ifc-globaltn.com\\\/wp-content\\\/uploads\\\/2025\\\/06\\\/hizmetlerimiz.jpg\",\"width\":1900,\"height\":460},{\"@type\":\"BreadcrumbList\",\"@id\":\"https:\\\/\\\/www.ifc-globaltn.com\\\/index.php\\\/globalgap\\\/#breadcrumb\",\"itemListElement\":[{\"@type\":\"ListItem\",\"position\":1,\"name\":\"Accueil\",\"item\":\"https:\\\/\\\/www.ifc-globaltn.com\\\/\"},{\"@type\":\"ListItem\",\"position\":2,\"name\":\"GLOBALGAP\"}]},{\"@type\":\"WebSite\",\"@id\":\"https:\\\/\\\/www.ifc-globaltn.com\\\/#website\",\"url\":\"https:\\\/\\\/www.ifc-globaltn.com\\\/\",\"name\":\"IFC Global.TN\",\"description\":\"Bienvenue sur IFC Global.TN Nous sommes la branche tunisienne officielle de IFC Global, un leader mondial dans le domaine des certifications ISO et des solutions de conformit\u00e9.\",\"publisher\":{\"@id\":\"https:\\\/\\\/www.ifc-globaltn.com\\\/#organization\"},\"potentialAction\":[{\"@type\":\"SearchAction\",\"target\":{\"@type\":\"EntryPoint\",\"urlTemplate\":\"https:\\\/\\\/www.ifc-globaltn.com\\\/?s={search_term_string}\"},\"query-input\":{\"@type\":\"PropertyValueSpecification\",\"valueRequired\":true,\"valueName\":\"search_term_string\"}}],\"inLanguage\":\"fr-FR\"},{\"@type\":\"Organization\",\"@id\":\"https:\\\/\\\/www.ifc-globaltn.com\\\/#organization\",\"name\":\"IFC Global.TN\",\"url\":\"https:\\\/\\\/www.ifc-globaltn.com\\\/\",\"logo\":{\"@type\":\"ImageObject\",\"inLanguage\":\"fr-FR\",\"@id\":\"https:\\\/\\\/www.ifc-globaltn.com\\\/#\\\/schema\\\/logo\\\/image\\\/\",\"url\":\"https:\\\/\\\/www.ifc-globaltn.com\\\/wp-content\\\/uploads\\\/2025\\\/01\\\/ifcgloballogo.png\",\"contentUrl\":\"https:\\\/\\\/www.ifc-globaltn.com\\\/wp-content\\\/uploads\\\/2025\\\/01\\\/ifcgloballogo.png\",\"width\":245,\"height\":90,\"caption\":\"IFC Global.TN\"},\"image\":{\"@id\":\"https:\\\/\\\/www.ifc-globaltn.com\\\/#\\\/schema\\\/logo\\\/image\\\/\"}}]}<\/script>\n<!-- \/ Yoast SEO plugin. -->","yoast_head_json":{"title":"Certification GLOBALGAP en Tunisie","description":"Assurez la qualit\u00e9 et la s\u00e9curit\u00e9 de vos produits agricoles avec la certification GLOBALGAP, conforme aux normes internationales.","robots":{"index":"index","follow":"follow","max-snippet":"max-snippet:-1","max-image-preview":"max-image-preview:large","max-video-preview":"max-video-preview:-1"},"canonical":"https:\/\/www.ifc-globaltn.com\/index.php\/globalgap\/","og_locale":"fr_FR","og_type":"article","og_title":"Certification GLOBALGAP en Tunisie","og_description":"Assurez la qualit\u00e9 et la s\u00e9curit\u00e9 de vos produits agricoles avec la certification GLOBALGAP, conforme aux normes internationales.","og_url":"https:\/\/www.ifc-globaltn.com\/index.php\/globalgap\/","og_site_name":"IFC Global.TN","article_modified_time":"2025-09-19T11:30:53+00:00","og_image":[{"width":1900,"height":460,"url":"https:\/\/www.ifc-globaltn.com\/wp-content\/uploads\/2025\/06\/hizmetlerimiz.jpg","type":"image\/jpeg"}],"twitter_card":"summary_large_image","twitter_misc":{"Dur\u00e9e de lecture estim\u00e9e":"3 minutes"},"schema":{"@context":"https:\/\/schema.org","@graph":[{"@type":"WebPage","@id":"https:\/\/www.ifc-globaltn.com\/index.php\/globalgap\/","url":"https:\/\/www.ifc-globaltn.com\/index.php\/globalgap\/","name":"Certification GLOBALGAP en Tunisie","isPartOf":{"@id":"https:\/\/www.ifc-globaltn.com\/#website"},"primaryImageOfPage":{"@id":"https:\/\/www.ifc-globaltn.com\/index.php\/globalgap\/#primaryimage"},"image":{"@id":"https:\/\/www.ifc-globaltn.com\/index.php\/globalgap\/#primaryimage"},"thumbnailUrl":"https:\/\/www.ifc-globaltn.com\/wp-content\/uploads\/2025\/06\/hizmetlerimiz.jpg","datePublished":"2025-06-11T15:06:49+00:00","dateModified":"2025-09-19T11:30:53+00:00","description":"Assurez la qualit\u00e9 et la s\u00e9curit\u00e9 de vos produits agricoles avec la certification GLOBALGAP, conforme aux normes internationales.","breadcrumb":{"@id":"https:\/\/www.ifc-globaltn.com\/index.php\/globalgap\/#breadcrumb"},"inLanguage":"fr-FR","potentialAction":[{"@type":"ReadAction","target":["https:\/\/www.ifc-globaltn.com\/index.php\/globalgap\/"]}]},{"@type":"ImageObject","inLanguage":"fr-FR","@id":"https:\/\/www.ifc-globaltn.com\/index.php\/globalgap\/#primaryimage","url":"https:\/\/www.ifc-globaltn.com\/wp-content\/uploads\/2025\/06\/hizmetlerimiz.jpg","contentUrl":"https:\/\/www.ifc-globaltn.com\/wp-content\/uploads\/2025\/06\/hizmetlerimiz.jpg","width":1900,"height":460},{"@type":"BreadcrumbList","@id":"https:\/\/www.ifc-globaltn.com\/index.php\/globalgap\/#breadcrumb","itemListElement":[{"@type":"ListItem","position":1,"name":"Accueil","item":"https:\/\/www.ifc-globaltn.com\/"},{"@type":"ListItem","position":2,"name":"GLOBALGAP"}]},{"@type":"WebSite","@id":"https:\/\/www.ifc-globaltn.com\/#website","url":"https:\/\/www.ifc-globaltn.com\/","name":"IFC Global.TN","description":"Bienvenue sur IFC Global.TN Nous sommes la branche tunisienne officielle de IFC Global, un leader mondial dans le domaine des certifications ISO et des solutions de conformit\u00e9.","publisher":{"@id":"https:\/\/www.ifc-globaltn.com\/#organization"},"potentialAction":[{"@type":"SearchAction","target":{"@type":"EntryPoint","urlTemplate":"https:\/\/www.ifc-globaltn.com\/?s={search_term_string}"},"query-input":{"@type":"PropertyValueSpecification","valueRequired":true,"valueName":"search_term_string"}}],"inLanguage":"fr-FR"},{"@type":"Organization","@id":"https:\/\/www.ifc-globaltn.com\/#organization","name":"IFC Global.TN","url":"https:\/\/www.ifc-globaltn.com\/","logo":{"@type":"ImageObject","inLanguage":"fr-FR","@id":"https:\/\/www.ifc-globaltn.com\/#\/schema\/logo\/image\/","url":"https:\/\/www.ifc-globaltn.com\/wp-content\/uploads\/2025\/01\/ifcgloballogo.png","contentUrl":"https:\/\/www.ifc-globaltn.com\/wp-content\/uploads\/2025\/01\/ifcgloballogo.png","width":245,"height":90,"caption":"IFC Global.TN"},"image":{"@id":"https:\/\/www.ifc-globaltn.com\/#\/schema\/logo\/image\/"}}]}},"_links":{"self":[{"href":"https:\/\/www.ifc-globaltn.com\/index.php\/wp-json\/wp\/v2\/pages\/6297","targetHints":{"allow":["GET"]}}],"collection":[{"href":"https:\/\/www.ifc-globaltn.com\/index.php\/wp-json\/wp\/v2\/pages"}],"about":[{"href":"https:\/\/www.ifc-globaltn.com\/index.php\/wp-json\/wp\/v2\/types\/page"}],"author":[{"embeddable":true,"href":"https:\/\/www.ifc-globaltn.com\/index.php\/wp-json\/wp\/v2\/users\/3"}],"replies":[{"embeddable":true,"href":"https:\/\/www.ifc-globaltn.com\/index.php\/wp-json\/wp\/v2\/comments?post=6297"}],"version-history":[{"count":10,"href":"https:\/\/www.ifc-globaltn.com\/index.php\/wp-json\/wp\/v2\/pages\/6297\/revisions"}],"predecessor-version":[{"id":7071,"href":"https:\/\/www.ifc-globaltn.com\/index.php\/wp-json\/wp\/v2\/pages\/6297\/revisions\/7071"}],"wp:featuredmedia":[{"embeddable":true,"href":"https:\/\/www.ifc-globaltn.com\/index.php\/wp-json\/wp\/v2\/media\/6083"}],"wp:attachment":[{"href":"https:\/\/www.ifc-globaltn.com\/index.php\/wp-json\/wp\/v2\/media?parent=6297"}],"curies":[{"name":"wp","href":"https:\/\/api.w.org\/{rel}","templated":true}]}}