{"id":6528,"date":"2025-06-24T23:05:45","date_gmt":"2025-06-24T22:05:45","guid":{"rendered":"https:\/\/www.ifc-globaltn.com\/?page_id=6528"},"modified":"2025-09-18T09:21:10","modified_gmt":"2025-09-18T08:21:10","slug":"accreditations","status":"publish","type":"page","link":"https:\/\/www.ifc-globaltn.com\/index.php\/accreditations\/","title":{"rendered":"ACCR\u00c9DITATIONS"},"content":{"rendered":"\t\t<div data-elementor-type=\"wp-page\" data-elementor-id=\"6528\" class=\"elementor elementor-6528\" data-elementor-post-type=\"page\">\n\t\t\t\t<div class=\"elementor-element elementor-element-23173d1 e-grid e-con-full e-con e-parent\" data-id=\"23173d1\" data-element_type=\"container\" data-e-type=\"container\">\n\t\t\t\t<div class=\"elementor-element elementor-element-5b914eb elementor-position-top elementor-widget elementor-widget-image-box\" data-id=\"5b914eb\" data-element_type=\"widget\" data-e-type=\"widget\" data-widget_type=\"image-box.default\">\n\t\t\t\t<div class=\"elementor-widget-container\">\n\t\t\t\t\t<div class=\"elementor-image-box-wrapper\"><figure class=\"elementor-image-box-img\"><a href=\"https:\/\/www.ifc-globaltn.com\/index.php\/uaf-fondation-unifiee-daccreditation\/\" tabindex=\"-1\"><img decoding=\"async\" src=\"https:\/\/www.ifc-globaltn.com\/wp-content\/uploads\/elementor\/thumbs\/uaf-r7srrrdqq8xtj0gnsuyillmmp9czzrpwnduepfdzv4.png\" title=\"uaf\" alt=\"uaf\" loading=\"lazy\" \/><\/a><\/figure><div class=\"elementor-image-box-content\"><p class=\"elementor-image-box-description\"><b><a href=\"https:\/\/www.ifc-globaltn.com\/index.php\/uaf-fondation-unifiee-daccreditation\/\" style=\"color:#3c3b3b\">UAF (UNITED ACCREDITATION FOUNDATION)\n<\/a><\/b>\n<\/p><\/div><\/div>\t\t\t\t<\/div>\n\t\t\t\t<\/div>\n\t\t\t\t<div class=\"elementor-element elementor-element-9d3ddbc elementor-position-top elementor-widget elementor-widget-image-box\" data-id=\"9d3ddbc\" data-element_type=\"widget\" data-e-type=\"widget\" data-widget_type=\"image-box.default\">\n\t\t\t\t<div class=\"elementor-widget-container\">\n\t\t\t\t\t<div class=\"elementor-image-box-wrapper\"><figure class=\"elementor-image-box-img\"><a href=\"https:\/\/www.ifc-globaltn.com\/index.php\/ioas-service-international-daccreditation-biologique\/\" tabindex=\"-1\"><img decoding=\"async\" src=\"https:\/\/www.ifc-globaltn.com\/wp-content\/uploads\/elementor\/thumbs\/ioas-accreditation-r7srrsbkx2z3umfandd563e3an8d7gtmzihw6pclow.png\" title=\"ioas-accreditation\" alt=\"ioas-accreditation\" loading=\"lazy\" \/><\/a><\/figure><div class=\"elementor-image-box-content\"><p class=\"elementor-image-box-description\"><b><a href=\"https:\/\/www.ifc-globaltn.com\/index.php\/ioas-service-international-daccreditation-biologique\/\" style=\"color:#3c3b3b\">IOAS (INTERNATIONAL ORGANIC ACCREDITATION SERVICE)\n<\/a><\/b>\n<\/p><\/div><\/div>\t\t\t\t<\/div>\n\t\t\t\t<\/div>\n\t\t\t\t<div class=\"elementor-element elementor-element-e8e29e5 elementor-position-top elementor-widget elementor-widget-image-box\" data-id=\"e8e29e5\" data-element_type=\"widget\" data-e-type=\"widget\" data-widget_type=\"image-box.default\">\n\t\t\t\t<div class=\"elementor-widget-container\">\n\t\t\t\t\t<div class=\"elementor-image-box-wrapper\"><figure class=\"elementor-image-box-img\"><a href=\"https:\/\/www.ifc-globaltn.com\/index.php\/hak-agence-daccreditation-halal\/\" tabindex=\"-1\"><img decoding=\"async\" src=\"https:\/\/www.ifc-globaltn.com\/wp-content\/uploads\/elementor\/thumbs\/halal-r7srrt9f3x0e68dxhvrrql5jw13qf5xdbn5dnzb7io.png\" title=\"halal\" alt=\"halal\" loading=\"lazy\" \/><\/a><\/figure><div class=\"elementor-image-box-content\"><p class=\"elementor-image-box-description\"><b><a href=\"https:\/\/www.ifc-globaltn.com\/index.php\/hak-agence-daccreditation-halal\/\" style=\"color:#3c3b3b\">HAK (HALAL ACCREDITATION AGENCY)\n<\/a><\/b>\n<\/p><\/div><\/div>\t\t\t\t<\/div>\n\t\t\t\t<\/div>\n\t\t\t\t<\/div>\n\t\t<div class=\"elementor-element elementor-element-207af7b e-flex e-con-boxed e-con e-parent\" data-id=\"207af7b\" data-element_type=\"container\" data-e-type=\"container\">\n\t\t\t\t\t<div class=\"e-con-inner\">\n\t\t\t\t<div class=\"elementor-element elementor-element-e1cc74b elementor-widget elementor-widget-spacer\" data-id=\"e1cc74b\" data-element_type=\"widget\" data-e-type=\"widget\" data-widget_type=\"spacer.default\">\n\t\t\t\t<div class=\"elementor-widget-container\">\n\t\t\t\t\t\t\t<div class=\"elementor-spacer\">\n\t\t\t<div class=\"elementor-spacer-inner\"><\/div>\n\t\t<\/div>\n\t\t\t\t\t\t<\/div>\n\t\t\t\t<\/div>\n\t\t\t\t<div class=\"elementor-element elementor-element-03b0451 elementor-widget elementor-widget-html\" data-id=\"03b0451\" data-element_type=\"widget\" data-e-type=\"widget\" data-widget_type=\"html.default\">\n\t\t\t\t<div class=\"elementor-widget-container\">\n\t\t\t\t\t<div class=\"container\">\r\n    <div class=\"row\">\r\n        <div class=\"col-md-12\">\r\n            <div class=\"slogan-v2\">\r\n                <div class=\"slogan-content\">\r\n                    <div class=\"message\">\r\n                      <h2> Vous N'avez Pas Encore Obtenu Votre Certificat !\u200b<\/h2>\r\n                      <p>Prenez contact avec nos experts pour commancer.\u200b<\/p>\r\n                    <\/div>\r\n                    <div class=\"button-left\">\r\n                        <a href=\"https:\/\/www.ifc-globaltn.com\/index.php\/contact\/\" title=\"contactez-nous\">\r\n                          contactez-nous\r\n                        <\/a>\r\n                    <\/div>\r\n                <\/div>\r\n            <\/div>\r\n        <\/div>\r\n    <\/div>\r\n<\/div>\r\n\t\t\t\t<\/div>\n\t\t\t\t<\/div>\n\t\t\t\t\t<\/div>\n\t\t\t\t<\/div>\n\t\t\t\t<\/div>\n\t\t","protected":false},"excerpt":{"rendered":"<p>UAF (UNITED ACCREDITATION FOUNDATION) IOAS (INTERNATIONAL ORGANIC ACCREDITATION SERVICE) HAK (HALAL ACCREDITATION AGENCY) Vous N&rsquo;avez Pas Encore Obtenu Votre Certificat !\u200b Prenez contact avec nos experts pour commancer.\u200b contactez-nous<\/p>\n","protected":false},"author":3,"featured_media":6533,"parent":0,"menu_order":0,"comment_status":"closed","ping_status":"closed","template":"","meta":{"footnotes":""},"class_list":["post-6528","page","type-page","status-publish","has-post-thumbnail","hentry"],"yoast_head":"<!-- This site is optimized with the Yoast SEO plugin v27.4 - https:\/\/yoast.com\/product\/yoast-seo-wordpress\/ -->\n<title>Accr\u00e9ditations - IFC Global Tunisie<\/title>\n<meta name=\"description\" content=\"IFC Global Tunisie d\u00e9tient plusieurs accr\u00e9ditations nationales et internationales, garantissant la fiabilit\u00e9 et la comp\u00e9tence.\" \/>\n<meta name=\"robots\" content=\"index, follow, max-snippet:-1, max-image-preview:large, max-video-preview:-1\" \/>\n<link rel=\"canonical\" href=\"https:\/\/www.ifc-globaltn.com\/index.php\/accreditations\/\" \/>\n<meta property=\"og:locale\" content=\"fr_FR\" \/>\n<meta property=\"og:type\" content=\"article\" \/>\n<meta property=\"og:title\" content=\"Accr\u00e9ditations - IFC Global Tunisie\" \/>\n<meta property=\"og:description\" content=\"IFC Global Tunisie d\u00e9tient plusieurs accr\u00e9ditations nationales et internationales, garantissant la fiabilit\u00e9 et la comp\u00e9tence.\" \/>\n<meta property=\"og:url\" content=\"https:\/\/www.ifc-globaltn.com\/index.php\/accreditations\/\" \/>\n<meta property=\"og:site_name\" content=\"IFC Global.TN\" \/>\n<meta property=\"article:modified_time\" content=\"2025-09-18T08:21:10+00:00\" \/>\n<meta property=\"og:image\" content=\"https:\/\/www.ifc-globaltn.com\/wp-content\/uploads\/2025\/06\/akrediteasyonlar.png\" \/>\n\t<meta property=\"og:image:width\" content=\"1920\" \/>\n\t<meta property=\"og:image:height\" content=\"300\" \/>\n\t<meta property=\"og:image:type\" content=\"image\/png\" \/>\n<meta name=\"twitter:card\" content=\"summary_large_image\" \/>\n<meta name=\"twitter:label1\" content=\"Dur\u00e9e de lecture estim\u00e9e\" \/>\n\t<meta name=\"twitter:data1\" content=\"1 minute\" \/>\n<script type=\"application\/ld+json\" class=\"yoast-schema-graph\">{\"@context\":\"https:\\\/\\\/schema.org\",\"@graph\":[{\"@type\":\"WebPage\",\"@id\":\"https:\\\/\\\/www.ifc-globaltn.com\\\/index.php\\\/accreditations\\\/\",\"url\":\"https:\\\/\\\/www.ifc-globaltn.com\\\/index.php\\\/accreditations\\\/\",\"name\":\"Accr\u00e9ditations - IFC Global Tunisie\",\"isPartOf\":{\"@id\":\"https:\\\/\\\/www.ifc-globaltn.com\\\/#website\"},\"primaryImageOfPage\":{\"@id\":\"https:\\\/\\\/www.ifc-globaltn.com\\\/index.php\\\/accreditations\\\/#primaryimage\"},\"image\":{\"@id\":\"https:\\\/\\\/www.ifc-globaltn.com\\\/index.php\\\/accreditations\\\/#primaryimage\"},\"thumbnailUrl\":\"https:\\\/\\\/www.ifc-globaltn.com\\\/wp-content\\\/uploads\\\/2025\\\/06\\\/akrediteasyonlar.png\",\"datePublished\":\"2025-06-24T22:05:45+00:00\",\"dateModified\":\"2025-09-18T08:21:10+00:00\",\"description\":\"IFC Global Tunisie d\u00e9tient plusieurs accr\u00e9ditations nationales et internationales, garantissant la fiabilit\u00e9 et la comp\u00e9tence.\",\"breadcrumb\":{\"@id\":\"https:\\\/\\\/www.ifc-globaltn.com\\\/index.php\\\/accreditations\\\/#breadcrumb\"},\"inLanguage\":\"fr-FR\",\"potentialAction\":[{\"@type\":\"ReadAction\",\"target\":[\"https:\\\/\\\/www.ifc-globaltn.com\\\/index.php\\\/accreditations\\\/\"]}]},{\"@type\":\"ImageObject\",\"inLanguage\":\"fr-FR\",\"@id\":\"https:\\\/\\\/www.ifc-globaltn.com\\\/index.php\\\/accreditations\\\/#primaryimage\",\"url\":\"https:\\\/\\\/www.ifc-globaltn.com\\\/wp-content\\\/uploads\\\/2025\\\/06\\\/akrediteasyonlar.png\",\"contentUrl\":\"https:\\\/\\\/www.ifc-globaltn.com\\\/wp-content\\\/uploads\\\/2025\\\/06\\\/akrediteasyonlar.png\",\"width\":1920,\"height\":300},{\"@type\":\"BreadcrumbList\",\"@id\":\"https:\\\/\\\/www.ifc-globaltn.com\\\/index.php\\\/accreditations\\\/#breadcrumb\",\"itemListElement\":[{\"@type\":\"ListItem\",\"position\":1,\"name\":\"Accueil\",\"item\":\"https:\\\/\\\/www.ifc-globaltn.com\\\/\"},{\"@type\":\"ListItem\",\"position\":2,\"name\":\"ACCR\u00c9DITATIONS\"}]},{\"@type\":\"WebSite\",\"@id\":\"https:\\\/\\\/www.ifc-globaltn.com\\\/#website\",\"url\":\"https:\\\/\\\/www.ifc-globaltn.com\\\/\",\"name\":\"IFC Global.TN\",\"description\":\"Bienvenue sur IFC Global.TN Nous sommes la branche tunisienne officielle de IFC Global, un leader mondial dans le domaine des certifications ISO et des solutions de conformit\u00e9.\",\"publisher\":{\"@id\":\"https:\\\/\\\/www.ifc-globaltn.com\\\/#organization\"},\"potentialAction\":[{\"@type\":\"SearchAction\",\"target\":{\"@type\":\"EntryPoint\",\"urlTemplate\":\"https:\\\/\\\/www.ifc-globaltn.com\\\/?s={search_term_string}\"},\"query-input\":{\"@type\":\"PropertyValueSpecification\",\"valueRequired\":true,\"valueName\":\"search_term_string\"}}],\"inLanguage\":\"fr-FR\"},{\"@type\":\"Organization\",\"@id\":\"https:\\\/\\\/www.ifc-globaltn.com\\\/#organization\",\"name\":\"IFC Global.TN\",\"url\":\"https:\\\/\\\/www.ifc-globaltn.com\\\/\",\"logo\":{\"@type\":\"ImageObject\",\"inLanguage\":\"fr-FR\",\"@id\":\"https:\\\/\\\/www.ifc-globaltn.com\\\/#\\\/schema\\\/logo\\\/image\\\/\",\"url\":\"https:\\\/\\\/www.ifc-globaltn.com\\\/wp-content\\\/uploads\\\/2025\\\/01\\\/ifcgloballogo.png\",\"contentUrl\":\"https:\\\/\\\/www.ifc-globaltn.com\\\/wp-content\\\/uploads\\\/2025\\\/01\\\/ifcgloballogo.png\",\"width\":245,\"height\":90,\"caption\":\"IFC Global.TN\"},\"image\":{\"@id\":\"https:\\\/\\\/www.ifc-globaltn.com\\\/#\\\/schema\\\/logo\\\/image\\\/\"}}]}<\/script>\n<!-- \/ Yoast SEO plugin. -->","yoast_head_json":{"title":"Accr\u00e9ditations - IFC Global Tunisie","description":"IFC Global Tunisie d\u00e9tient plusieurs accr\u00e9ditations nationales et internationales, garantissant la fiabilit\u00e9 et la comp\u00e9tence.","robots":{"index":"index","follow":"follow","max-snippet":"max-snippet:-1","max-image-preview":"max-image-preview:large","max-video-preview":"max-video-preview:-1"},"canonical":"https:\/\/www.ifc-globaltn.com\/index.php\/accreditations\/","og_locale":"fr_FR","og_type":"article","og_title":"Accr\u00e9ditations - IFC Global Tunisie","og_description":"IFC Global Tunisie d\u00e9tient plusieurs accr\u00e9ditations nationales et internationales, garantissant la fiabilit\u00e9 et la comp\u00e9tence.","og_url":"https:\/\/www.ifc-globaltn.com\/index.php\/accreditations\/","og_site_name":"IFC Global.TN","article_modified_time":"2025-09-18T08:21:10+00:00","og_image":[{"width":1920,"height":300,"url":"https:\/\/www.ifc-globaltn.com\/wp-content\/uploads\/2025\/06\/akrediteasyonlar.png","type":"image\/png"}],"twitter_card":"summary_large_image","twitter_misc":{"Dur\u00e9e de lecture estim\u00e9e":"1 minute"},"schema":{"@context":"https:\/\/schema.org","@graph":[{"@type":"WebPage","@id":"https:\/\/www.ifc-globaltn.com\/index.php\/accreditations\/","url":"https:\/\/www.ifc-globaltn.com\/index.php\/accreditations\/","name":"Accr\u00e9ditations - IFC Global Tunisie","isPartOf":{"@id":"https:\/\/www.ifc-globaltn.com\/#website"},"primaryImageOfPage":{"@id":"https:\/\/www.ifc-globaltn.com\/index.php\/accreditations\/#primaryimage"},"image":{"@id":"https:\/\/www.ifc-globaltn.com\/index.php\/accreditations\/#primaryimage"},"thumbnailUrl":"https:\/\/www.ifc-globaltn.com\/wp-content\/uploads\/2025\/06\/akrediteasyonlar.png","datePublished":"2025-06-24T22:05:45+00:00","dateModified":"2025-09-18T08:21:10+00:00","description":"IFC Global Tunisie d\u00e9tient plusieurs accr\u00e9ditations nationales et internationales, garantissant la fiabilit\u00e9 et la comp\u00e9tence.","breadcrumb":{"@id":"https:\/\/www.ifc-globaltn.com\/index.php\/accreditations\/#breadcrumb"},"inLanguage":"fr-FR","potentialAction":[{"@type":"ReadAction","target":["https:\/\/www.ifc-globaltn.com\/index.php\/accreditations\/"]}]},{"@type":"ImageObject","inLanguage":"fr-FR","@id":"https:\/\/www.ifc-globaltn.com\/index.php\/accreditations\/#primaryimage","url":"https:\/\/www.ifc-globaltn.com\/wp-content\/uploads\/2025\/06\/akrediteasyonlar.png","contentUrl":"https:\/\/www.ifc-globaltn.com\/wp-content\/uploads\/2025\/06\/akrediteasyonlar.png","width":1920,"height":300},{"@type":"BreadcrumbList","@id":"https:\/\/www.ifc-globaltn.com\/index.php\/accreditations\/#breadcrumb","itemListElement":[{"@type":"ListItem","position":1,"name":"Accueil","item":"https:\/\/www.ifc-globaltn.com\/"},{"@type":"ListItem","position":2,"name":"ACCR\u00c9DITATIONS"}]},{"@type":"WebSite","@id":"https:\/\/www.ifc-globaltn.com\/#website","url":"https:\/\/www.ifc-globaltn.com\/","name":"IFC Global.TN","description":"Bienvenue sur IFC Global.TN Nous sommes la branche tunisienne officielle de IFC Global, un leader mondial dans le domaine des certifications ISO et des solutions de conformit\u00e9.","publisher":{"@id":"https:\/\/www.ifc-globaltn.com\/#organization"},"potentialAction":[{"@type":"SearchAction","target":{"@type":"EntryPoint","urlTemplate":"https:\/\/www.ifc-globaltn.com\/?s={search_term_string}"},"query-input":{"@type":"PropertyValueSpecification","valueRequired":true,"valueName":"search_term_string"}}],"inLanguage":"fr-FR"},{"@type":"Organization","@id":"https:\/\/www.ifc-globaltn.com\/#organization","name":"IFC Global.TN","url":"https:\/\/www.ifc-globaltn.com\/","logo":{"@type":"ImageObject","inLanguage":"fr-FR","@id":"https:\/\/www.ifc-globaltn.com\/#\/schema\/logo\/image\/","url":"https:\/\/www.ifc-globaltn.com\/wp-content\/uploads\/2025\/01\/ifcgloballogo.png","contentUrl":"https:\/\/www.ifc-globaltn.com\/wp-content\/uploads\/2025\/01\/ifcgloballogo.png","width":245,"height":90,"caption":"IFC Global.TN"},"image":{"@id":"https:\/\/www.ifc-globaltn.com\/#\/schema\/logo\/image\/"}}]}},"_links":{"self":[{"href":"https:\/\/www.ifc-globaltn.com\/index.php\/wp-json\/wp\/v2\/pages\/6528","targetHints":{"allow":["GET"]}}],"collection":[{"href":"https:\/\/www.ifc-globaltn.com\/index.php\/wp-json\/wp\/v2\/pages"}],"about":[{"href":"https:\/\/www.ifc-globaltn.com\/index.php\/wp-json\/wp\/v2\/types\/page"}],"author":[{"embeddable":true,"href":"https:\/\/www.ifc-globaltn.com\/index.php\/wp-json\/wp\/v2\/users\/3"}],"replies":[{"embeddable":true,"href":"https:\/\/www.ifc-globaltn.com\/index.php\/wp-json\/wp\/v2\/comments?post=6528"}],"version-history":[{"count":13,"href":"https:\/\/www.ifc-globaltn.com\/index.php\/wp-json\/wp\/v2\/pages\/6528\/revisions"}],"predecessor-version":[{"id":6610,"href":"https:\/\/www.ifc-globaltn.com\/index.php\/wp-json\/wp\/v2\/pages\/6528\/revisions\/6610"}],"wp:featuredmedia":[{"embeddable":true,"href":"https:\/\/www.ifc-globaltn.com\/index.php\/wp-json\/wp\/v2\/media\/6533"}],"wp:attachment":[{"href":"https:\/\/www.ifc-globaltn.com\/index.php\/wp-json\/wp\/v2\/media?parent=6528"}],"curies":[{"name":"wp","href":"https:\/\/api.w.org\/{rel}","templated":true}]}}