{"id":6600,"date":"2025-06-27T21:21:21","date_gmt":"2025-06-27T20:21:21","guid":{"rendered":"https:\/\/www.ifc-globaltn.com\/?page_id=6600"},"modified":"2025-07-14T12:01:58","modified_gmt":"2025-07-14T11:01:58","slug":"hak-agence-daccreditation-halal","status":"publish","type":"page","link":"https:\/\/www.ifc-globaltn.com\/index.php\/hak-agence-daccreditation-halal\/","title":{"rendered":"HAK (Agence d\u2019Accr\u00e9ditation Halal)"},"content":{"rendered":"\t\t<div data-elementor-type=\"wp-page\" data-elementor-id=\"6600\" class=\"elementor elementor-6600\" data-elementor-post-type=\"page\">\n\t\t\t\t<div class=\"elementor-element elementor-element-82a8b4d e-con-full e-flex e-con e-parent\" data-id=\"82a8b4d\" data-element_type=\"container\" data-e-type=\"container\">\n\t\t\t\t<div class=\"elementor-element elementor-element-75c4651 elementor-widget__width-initial elementor-widget elementor-widget-heading\" data-id=\"75c4651\" data-element_type=\"widget\" data-e-type=\"widget\" data-widget_type=\"heading.default\">\n\t\t\t\t<div class=\"elementor-widget-container\">\n\t\t\t\t\t<h3 class=\"elementor-heading-title elementor-size-default\"><b>HAK (Agence d\u2019Accr\u00e9ditation Halal)\n<\/b><\/h3>\t\t\t\t<\/div>\n\t\t\t\t<\/div>\n\t\t\t\t<div class=\"elementor-element elementor-element-a40454a elementor-widget-divider--view-line elementor-widget elementor-widget-divider\" data-id=\"a40454a\" data-element_type=\"widget\" data-e-type=\"widget\" data-widget_type=\"divider.default\">\n\t\t\t\t<div class=\"elementor-widget-container\">\n\t\t\t\t\t\t\t<div class=\"elementor-divider\">\n\t\t\t<span class=\"elementor-divider-separator\">\n\t\t\t\t\t\t<\/span>\n\t\t<\/div>\n\t\t\t\t\t\t<\/div>\n\t\t\t\t<\/div>\n\t\t\t\t<\/div>\n\t\t<div class=\"elementor-element elementor-element-6f65600 e-con-full e-flex e-con e-parent\" data-id=\"6f65600\" data-element_type=\"container\" data-e-type=\"container\">\n\t\t<div class=\"elementor-element elementor-element-7695eba e-con-full e-flex e-con e-child\" data-id=\"7695eba\" data-element_type=\"container\" data-e-type=\"container\">\n\t\t\t\t<div class=\"elementor-element elementor-element-53d7b09 elementor-widget elementor-widget-image\" data-id=\"53d7b09\" data-element_type=\"widget\" data-e-type=\"widget\" data-widget_type=\"image.default\">\n\t\t\t\t<div class=\"elementor-widget-container\">\n\t\t\t\t\t\t\t\t\t\t\t\t\t\t\t<img decoding=\"async\" width=\"200\" height=\"200\" src=\"https:\/\/www.ifc-globaltn.com\/wp-content\/uploads\/2025\/06\/halal.png\" class=\"attachment-medium size-medium wp-image-6532\" alt=\"\" srcset=\"https:\/\/www.ifc-globaltn.com\/wp-content\/uploads\/2025\/06\/halal.png 200w, https:\/\/www.ifc-globaltn.com\/wp-content\/uploads\/2025\/06\/halal-150x150.png 150w\" sizes=\"(max-width: 200px) 100vw, 200px\" \/>\t\t\t\t\t\t\t\t\t\t\t\t\t\t\t<\/div>\n\t\t\t\t<\/div>\n\t\t\t\t<\/div>\n\t\t<div class=\"elementor-element elementor-element-575326e e-con-full e-flex e-con e-child\" data-id=\"575326e\" data-element_type=\"container\" data-e-type=\"container\">\n\t\t\t\t<div class=\"elementor-element elementor-element-d8efe1b elementor-widget elementor-widget-text-editor\" data-id=\"d8efe1b\" data-element_type=\"widget\" data-e-type=\"widget\" data-widget_type=\"text-editor.default\">\n\t\t\t\t<div class=\"elementor-widget-container\">\n\t\t\t\t\t\t\t\t\t<h3 data-start=\"97\" data-end=\"181\"><strong data-start=\"101\" data-end=\"181\">Accr\u00e9ditation HAK d\u2019IFC Global : des services de certification Halal fiables<\/strong><\/h3><p>\u00a0<\/p><p data-start=\"183\" data-end=\"634\">Chez <strong data-start=\"188\" data-end=\"202\">IFC Global<\/strong>, nous sommes fiers d\u2019\u00eatre accr\u00e9dit\u00e9s par la <strong data-start=\"247\" data-end=\"283\">HAK (Halal Accreditation Agency)<\/strong>, un organisme d\u2019accr\u00e9ditation reconnu \u00e0 l\u2019\u00e9chelle mondiale, garantissant la qualit\u00e9, l\u2019impartialit\u00e9 et la fiabilit\u00e9 des certifications Halal.<br data-start=\"425\" data-end=\"428\" \/>Notre accr\u00e9ditation HAK t\u00e9moigne de notre engagement \u00e0 aider les entreprises \u00e0 se conformer aux normes Halal internationales, en respectant les exigences islamiques et les attentes des industries mondiales.<\/p>\t\t\t\t\t\t\t\t<\/div>\n\t\t\t\t<\/div>\n\t\t\t\t<\/div>\n\t\t\t\t<\/div>\n\t\t<div class=\"elementor-element elementor-element-fc45760 e-con-full e-flex e-con e-child\" data-id=\"fc45760\" data-element_type=\"container\" data-e-type=\"container\">\n\t\t\t\t<div class=\"elementor-element elementor-element-5d0b34b elementor-widget elementor-widget-text-editor\" data-id=\"5d0b34b\" data-element_type=\"widget\" data-e-type=\"widget\" data-widget_type=\"text-editor.default\">\n\t\t\t\t<div class=\"elementor-widget-container\">\n\t\t\t\t\t\t\t\t\t<h3 data-start=\"641\" data-end=\"683\"><strong data-start=\"645\" data-end=\"683\">Que signifie l\u2019accr\u00e9ditation HAK ?<\/strong><\/h3><p data-start=\"685\" data-end=\"956\">L\u2019accr\u00e9ditation HAK certifie qu\u2019<strong data-start=\"717\" data-end=\"731\">IFC Global<\/strong> respecte les exigences de la norme <strong data-start=\"767\" data-end=\"784\">ISO\/IEC 17021<\/strong> pour la certification des syst\u00e8mes de management Halal.<br data-start=\"840\" data-end=\"843\" \/>Elle garantit la <strong data-start=\"860\" data-end=\"905\">cr\u00e9dibilit\u00e9, l\u2019int\u00e9grit\u00e9 et la comp\u00e9tence<\/strong> de notre organisme en mati\u00e8re de conformit\u00e9 Halal.<\/p><p data-start=\"958\" data-end=\"1183\">Gr\u00e2ce \u00e0 cette reconnaissance, les entreprises peuvent obtenir une <strong data-start=\"1024\" data-end=\"1074\">certification Halal reconnue \u00e0 l\u2019international<\/strong>, prouvant que leurs produits et proc\u00e9d\u00e9s respectent les lois alimentaires islamiques et les normes \u00e9thiques.<\/p><p data-start=\"1185\" data-end=\"1340\">Cette accr\u00e9ditation permet aux entreprises <strong data-start=\"1231\" data-end=\"1271\">d\u2019acc\u00e9der aux march\u00e9s Halal mondiaux<\/strong> tout en assurant <strong data-start=\"1289\" data-end=\"1339\">la transparence, la conformit\u00e9 et la confiance<\/strong>.<\/p>\t\t\t\t\t\t\t\t<\/div>\n\t\t\t\t<\/div>\n\t\t\t\t<div class=\"elementor-element elementor-element-c93e07c elementor-widget-divider--view-line elementor-widget elementor-widget-divider\" data-id=\"c93e07c\" data-element_type=\"widget\" data-e-type=\"widget\" data-widget_type=\"divider.default\">\n\t\t\t\t<div class=\"elementor-widget-container\">\n\t\t\t\t\t\t\t<div class=\"elementor-divider\">\n\t\t\t<span class=\"elementor-divider-separator\">\n\t\t\t\t\t\t<\/span>\n\t\t<\/div>\n\t\t\t\t\t\t<\/div>\n\t\t\t\t<\/div>\n\t\t\t\t<\/div>\n\t\t<div class=\"elementor-element elementor-element-a4a4456 e-con-full e-flex e-con e-child\" data-id=\"a4a4456\" data-element_type=\"container\" data-e-type=\"container\">\n\t\t\t\t<div class=\"elementor-element elementor-element-035dcdc elementor-widget elementor-widget-text-editor\" data-id=\"035dcdc\" data-element_type=\"widget\" data-e-type=\"widget\" data-widget_type=\"text-editor.default\">\n\t\t\t\t<div class=\"elementor-widget-container\">\n\t\t\t\t\t\t\t\t\t<h3 data-start=\"1347\" data-end=\"1428\"><strong data-start=\"1351\" data-end=\"1428\">Pourquoi choisir IFC Global pour une certification Halal accr\u00e9dit\u00e9e HAK ?<\/strong><\/h3><p data-start=\"1432\" data-end=\"1542\"><strong data-start=\"1434\" data-end=\"1467\">Reconnaissance internationale<\/strong> \u2013 Acc\u00e9dez aux march\u00e9s Halal mondiaux gr\u00e2ce \u00e0 une certification reconnue.<\/p><p data-start=\"1545\" data-end=\"1675\"><strong data-start=\"1547\" data-end=\"1575\">Conformit\u00e9 r\u00e9glementaire<\/strong> \u2013 R\u00e9pondez aux exigences en mati\u00e8re de s\u00e9curit\u00e9 alimentaire, de cosm\u00e9tiques et de produits Halal.<\/p><p data-start=\"1678\" data-end=\"1784\"><strong data-start=\"1680\" data-end=\"1705\">Expansion commerciale<\/strong> \u2013 Renforcez votre position sur un march\u00e9 Halal mondial en pleine croissance.<\/p><p data-start=\"1787\" data-end=\"1907\"><strong data-start=\"1789\" data-end=\"1820\">Confiance des consommateurs<\/strong> \u2013 Prouvez \u00e0 vos clients et partenaires commerciaux votre conformit\u00e9 Halal authentique.<\/p>\t\t\t\t\t\t\t\t<\/div>\n\t\t\t\t<\/div>\n\t\t\t\t<div class=\"elementor-element elementor-element-6943d85 elementor-widget-divider--view-line elementor-widget elementor-widget-divider\" data-id=\"6943d85\" data-element_type=\"widget\" data-e-type=\"widget\" data-widget_type=\"divider.default\">\n\t\t\t\t<div class=\"elementor-widget-container\">\n\t\t\t\t\t\t\t<div class=\"elementor-divider\">\n\t\t\t<span class=\"elementor-divider-separator\">\n\t\t\t\t\t\t<\/span>\n\t\t<\/div>\n\t\t\t\t\t\t<\/div>\n\t\t\t\t<\/div>\n\t\t\t\t<\/div>\n\t\t<div class=\"elementor-element elementor-element-86b341f e-con-full e-flex e-con e-child\" data-id=\"86b341f\" data-element_type=\"container\" data-e-type=\"container\">\n\t\t\t\t<div class=\"elementor-element elementor-element-3007e94 elementor-widget elementor-widget-text-editor\" data-id=\"3007e94\" data-element_type=\"widget\" data-e-type=\"widget\" data-widget_type=\"text-editor.default\">\n\t\t\t\t<div class=\"elementor-widget-container\">\n\t\t\t\t\t\t\t\t\t<h3 data-start=\"2607\" data-end=\"2639\">V\u00e9rifiez notre accr\u00e9ditation<\/h3>\n<p>Vous pouvez consulter notre accr\u00e9ditation HAK directement sur le site officiel de HAK :<\/p>\n<p style=\"text-align: left; margin: 10px 0;\">\n  <span style=\"background-color: #e74c3c; color: white; padding: 12px; display: inline-block;\">\n    <a style=\"color: black;\" href=\"https:\/\/english.hak.gov.tr\/data\/6347c11013b876ac4cc5e8f8\/IFC%20GLOBAL_2022-015_ingilizce.pdf\" target=\"_blank\" rel=\"noopener noreferrer\">\n      <strong>Cliquez ici pour v\u00e9rifier l\u2019accr\u00e9ditation HAK d\u2019IFC Global<\/strong>\n    <\/a>\n  <\/span>\n<\/p>\n\t\t\t\t\t\t\t\t<\/div>\n\t\t\t\t<\/div>\n\t\t\t\t<div class=\"elementor-element elementor-element-2c7bb13 elementor-widget-divider--view-line elementor-widget elementor-widget-divider\" data-id=\"2c7bb13\" data-element_type=\"widget\" data-e-type=\"widget\" data-widget_type=\"divider.default\">\n\t\t\t\t<div class=\"elementor-widget-container\">\n\t\t\t\t\t\t\t<div class=\"elementor-divider\">\n\t\t\t<span class=\"elementor-divider-separator\">\n\t\t\t\t\t\t<\/span>\n\t\t<\/div>\n\t\t\t\t\t\t<\/div>\n\t\t\t\t<\/div>\n\t\t\t\t<\/div>\n\t\t<div class=\"elementor-element elementor-element-226cb8d e-con-full e-flex e-con e-child\" data-id=\"226cb8d\" data-element_type=\"container\" data-e-type=\"container\">\n\t\t\t\t<div class=\"elementor-element elementor-element-0508588 elementor-widget elementor-widget-text-editor\" data-id=\"0508588\" data-element_type=\"widget\" data-e-type=\"widget\" data-widget_type=\"text-editor.default\">\n\t\t\t\t<div class=\"elementor-widget-container\">\n\t\t\t\t\t\t\t\t\t<h3 data-start=\"2114\" data-end=\"2171\"><strong data-start=\"2118\" data-end=\"2171\">Obtenez votre certification Halal avec IFC Global<\/strong><\/h3><p data-start=\"2173\" data-end=\"2478\">Gr\u00e2ce \u00e0 la certification Halal accr\u00e9dit\u00e9e HAK d\u2019IFC Global, vous pouvez garantir la conformit\u00e9 de vos produits, gagner la confiance des consommateurs et vous d\u00e9velopper sereinement sur les march\u00e9s Halal internationaux.<br data-start=\"2391\" data-end=\"2394\" \/><strong data-start=\"2394\" data-end=\"2478\">Contactez-nous d\u00e8s aujourd\u2019hui pour commencer votre processus de certification !<\/strong><\/p>\t\t\t\t\t\t\t\t<\/div>\n\t\t\t\t<\/div>\n\t\t\t\t<\/div>\n\t\t<div class=\"elementor-element elementor-element-3c52ffd e-con-full e-flex e-con e-parent\" data-id=\"3c52ffd\" data-element_type=\"container\" data-e-type=\"container\">\n\t\t\t\t<div class=\"elementor-element elementor-element-c2199ab elementor-widget elementor-widget-spacer\" data-id=\"c2199ab\" data-element_type=\"widget\" data-e-type=\"widget\" data-widget_type=\"spacer.default\">\n\t\t\t\t<div class=\"elementor-widget-container\">\n\t\t\t\t\t\t\t<div class=\"elementor-spacer\">\n\t\t\t<div class=\"elementor-spacer-inner\"><\/div>\n\t\t<\/div>\n\t\t\t\t\t\t<\/div>\n\t\t\t\t<\/div>\n\t\t\t\t<\/div>\n\t\t<div class=\"elementor-element elementor-element-85260c2 e-flex e-con-boxed e-con e-parent\" data-id=\"85260c2\" data-element_type=\"container\" data-e-type=\"container\">\n\t\t\t\t\t<div class=\"e-con-inner\">\n\t\t\t\t<div class=\"elementor-element elementor-element-4a6fcd3 elementor-widget elementor-widget-html\" data-id=\"4a6fcd3\" data-element_type=\"widget\" data-e-type=\"widget\" data-widget_type=\"html.default\">\n\t\t\t\t<div class=\"elementor-widget-container\">\n\t\t\t\t\t<div class=\"container\">\r\n    <div class=\"row\">\r\n        <div class=\"col-md-12\">\r\n            <div class=\"slogan-v2\">\r\n                <div class=\"slogan-content\">\r\n                    <div class=\"message\">\r\n                      <h2> Vous N'avez Pas Encore Obtenu Votre Certificat !\u200b<\/h2>\r\n                      <p>Prenez contact avec nos experts pour commancer.\u200b<\/p>\r\n                    <\/div>\r\n                    <div class=\"button-left\">\r\n                        <a href=\"https:\/\/www.ifc-globaltn.com\/index.php\/contact\/\" title=\"contactez-nous\">\r\n                          contactez-nous\r\n                        <\/a>\r\n                    <\/div>\r\n                <\/div>\r\n            <\/div>\r\n        <\/div>\r\n    <\/div>\r\n<\/div>\r\n\t\t\t\t<\/div>\n\t\t\t\t<\/div>\n\t\t\t\t\t<\/div>\n\t\t\t\t<\/div>\n\t\t\t\t<\/div>\n\t\t","protected":false},"excerpt":{"rendered":"<p>HAK (Agence d\u2019Accr\u00e9ditation Halal) Accr\u00e9ditation HAK d\u2019IFC Global : des services de certification Halal fiables \u00a0 Chez IFC Global, nous sommes fiers d\u2019\u00eatre accr\u00e9dit\u00e9s par la HAK (Halal Accreditation Agency), un organisme d\u2019accr\u00e9ditation reconnu \u00e0 l\u2019\u00e9chelle mondiale, garantissant la qualit\u00e9, l\u2019impartialit\u00e9 et la fiabilit\u00e9 des certifications Halal.Notre accr\u00e9ditation HAK t\u00e9moigne de notre engagement \u00e0 aider&hellip;<\/p>\n","protected":false},"author":3,"featured_media":6533,"parent":0,"menu_order":0,"comment_status":"closed","ping_status":"closed","template":"","meta":{"footnotes":""},"class_list":["post-6600","page","type-page","status-publish","has-post-thumbnail","hentry"],"yoast_head":"<!-- This site is optimized with the Yoast SEO plugin v27.4 - https:\/\/yoast.com\/product\/yoast-seo-wordpress\/ -->\n<title>HAK Agence d\u2019Accr\u00e9ditation Halal - IFC Global Tunisie<\/title>\n<meta name=\"description\" content=\"IFC Global Tunisie vous pr\u00e9sente HAK, agence d\u2019accr\u00e9ditation halal reconnue, et vous accompagne dans vos d\u00e9marches de certification halal.\" \/>\n<meta name=\"robots\" content=\"index, follow, max-snippet:-1, max-image-preview:large, max-video-preview:-1\" \/>\n<link rel=\"canonical\" href=\"https:\/\/www.ifc-globaltn.com\/index.php\/hak-agence-daccreditation-halal\/\" \/>\n<meta property=\"og:locale\" content=\"fr_FR\" \/>\n<meta property=\"og:type\" content=\"article\" \/>\n<meta property=\"og:title\" content=\"HAK Agence d\u2019Accr\u00e9ditation Halal - IFC Global Tunisie\" \/>\n<meta property=\"og:description\" content=\"IFC Global Tunisie vous pr\u00e9sente HAK, agence d\u2019accr\u00e9ditation halal reconnue, et vous accompagne dans vos d\u00e9marches de certification halal.\" \/>\n<meta property=\"og:url\" content=\"https:\/\/www.ifc-globaltn.com\/index.php\/hak-agence-daccreditation-halal\/\" \/>\n<meta property=\"og:site_name\" content=\"IFC Global.TN\" \/>\n<meta property=\"article:modified_time\" content=\"2025-07-14T11:01:58+00:00\" \/>\n<meta property=\"og:image\" content=\"https:\/\/www.ifc-globaltn.com\/wp-content\/uploads\/2025\/06\/akrediteasyonlar.png\" \/>\n\t<meta property=\"og:image:width\" content=\"1920\" \/>\n\t<meta property=\"og:image:height\" content=\"300\" \/>\n\t<meta property=\"og:image:type\" content=\"image\/png\" \/>\n<meta name=\"twitter:card\" content=\"summary_large_image\" \/>\n<meta name=\"twitter:label1\" content=\"Dur\u00e9e de lecture estim\u00e9e\" \/>\n\t<meta name=\"twitter:data1\" content=\"3 minutes\" \/>\n<script type=\"application\/ld+json\" class=\"yoast-schema-graph\">{\"@context\":\"https:\\\/\\\/schema.org\",\"@graph\":[{\"@type\":\"WebPage\",\"@id\":\"https:\\\/\\\/www.ifc-globaltn.com\\\/index.php\\\/hak-agence-daccreditation-halal\\\/\",\"url\":\"https:\\\/\\\/www.ifc-globaltn.com\\\/index.php\\\/hak-agence-daccreditation-halal\\\/\",\"name\":\"HAK Agence d\u2019Accr\u00e9ditation Halal - IFC Global Tunisie\",\"isPartOf\":{\"@id\":\"https:\\\/\\\/www.ifc-globaltn.com\\\/#website\"},\"primaryImageOfPage\":{\"@id\":\"https:\\\/\\\/www.ifc-globaltn.com\\\/index.php\\\/hak-agence-daccreditation-halal\\\/#primaryimage\"},\"image\":{\"@id\":\"https:\\\/\\\/www.ifc-globaltn.com\\\/index.php\\\/hak-agence-daccreditation-halal\\\/#primaryimage\"},\"thumbnailUrl\":\"https:\\\/\\\/www.ifc-globaltn.com\\\/wp-content\\\/uploads\\\/2025\\\/06\\\/akrediteasyonlar.png\",\"datePublished\":\"2025-06-27T20:21:21+00:00\",\"dateModified\":\"2025-07-14T11:01:58+00:00\",\"description\":\"IFC Global Tunisie vous pr\u00e9sente HAK, agence d\u2019accr\u00e9ditation halal reconnue, et vous accompagne dans vos d\u00e9marches de certification halal.\",\"breadcrumb\":{\"@id\":\"https:\\\/\\\/www.ifc-globaltn.com\\\/index.php\\\/hak-agence-daccreditation-halal\\\/#breadcrumb\"},\"inLanguage\":\"fr-FR\",\"potentialAction\":[{\"@type\":\"ReadAction\",\"target\":[\"https:\\\/\\\/www.ifc-globaltn.com\\\/index.php\\\/hak-agence-daccreditation-halal\\\/\"]}]},{\"@type\":\"ImageObject\",\"inLanguage\":\"fr-FR\",\"@id\":\"https:\\\/\\\/www.ifc-globaltn.com\\\/index.php\\\/hak-agence-daccreditation-halal\\\/#primaryimage\",\"url\":\"https:\\\/\\\/www.ifc-globaltn.com\\\/wp-content\\\/uploads\\\/2025\\\/06\\\/akrediteasyonlar.png\",\"contentUrl\":\"https:\\\/\\\/www.ifc-globaltn.com\\\/wp-content\\\/uploads\\\/2025\\\/06\\\/akrediteasyonlar.png\",\"width\":1920,\"height\":300},{\"@type\":\"BreadcrumbList\",\"@id\":\"https:\\\/\\\/www.ifc-globaltn.com\\\/index.php\\\/hak-agence-daccreditation-halal\\\/#breadcrumb\",\"itemListElement\":[{\"@type\":\"ListItem\",\"position\":1,\"name\":\"Accueil\",\"item\":\"https:\\\/\\\/www.ifc-globaltn.com\\\/\"},{\"@type\":\"ListItem\",\"position\":2,\"name\":\"HAK (Agence d\u2019Accr\u00e9ditation Halal)\"}]},{\"@type\":\"WebSite\",\"@id\":\"https:\\\/\\\/www.ifc-globaltn.com\\\/#website\",\"url\":\"https:\\\/\\\/www.ifc-globaltn.com\\\/\",\"name\":\"IFC Global.TN\",\"description\":\"Bienvenue sur IFC Global.TN Nous sommes la branche tunisienne officielle de IFC Global, un leader mondial dans le domaine des certifications ISO et des solutions de conformit\u00e9.\",\"publisher\":{\"@id\":\"https:\\\/\\\/www.ifc-globaltn.com\\\/#organization\"},\"potentialAction\":[{\"@type\":\"SearchAction\",\"target\":{\"@type\":\"EntryPoint\",\"urlTemplate\":\"https:\\\/\\\/www.ifc-globaltn.com\\\/?s={search_term_string}\"},\"query-input\":{\"@type\":\"PropertyValueSpecification\",\"valueRequired\":true,\"valueName\":\"search_term_string\"}}],\"inLanguage\":\"fr-FR\"},{\"@type\":\"Organization\",\"@id\":\"https:\\\/\\\/www.ifc-globaltn.com\\\/#organization\",\"name\":\"IFC Global.TN\",\"url\":\"https:\\\/\\\/www.ifc-globaltn.com\\\/\",\"logo\":{\"@type\":\"ImageObject\",\"inLanguage\":\"fr-FR\",\"@id\":\"https:\\\/\\\/www.ifc-globaltn.com\\\/#\\\/schema\\\/logo\\\/image\\\/\",\"url\":\"https:\\\/\\\/www.ifc-globaltn.com\\\/wp-content\\\/uploads\\\/2025\\\/01\\\/ifcgloballogo.png\",\"contentUrl\":\"https:\\\/\\\/www.ifc-globaltn.com\\\/wp-content\\\/uploads\\\/2025\\\/01\\\/ifcgloballogo.png\",\"width\":245,\"height\":90,\"caption\":\"IFC Global.TN\"},\"image\":{\"@id\":\"https:\\\/\\\/www.ifc-globaltn.com\\\/#\\\/schema\\\/logo\\\/image\\\/\"}}]}<\/script>\n<!-- \/ Yoast SEO plugin. -->","yoast_head_json":{"title":"HAK Agence d\u2019Accr\u00e9ditation Halal - IFC Global Tunisie","description":"IFC Global Tunisie vous pr\u00e9sente HAK, agence d\u2019accr\u00e9ditation halal reconnue, et vous accompagne dans vos d\u00e9marches de certification halal.","robots":{"index":"index","follow":"follow","max-snippet":"max-snippet:-1","max-image-preview":"max-image-preview:large","max-video-preview":"max-video-preview:-1"},"canonical":"https:\/\/www.ifc-globaltn.com\/index.php\/hak-agence-daccreditation-halal\/","og_locale":"fr_FR","og_type":"article","og_title":"HAK Agence d\u2019Accr\u00e9ditation Halal - IFC Global Tunisie","og_description":"IFC Global Tunisie vous pr\u00e9sente HAK, agence d\u2019accr\u00e9ditation halal reconnue, et vous accompagne dans vos d\u00e9marches de certification halal.","og_url":"https:\/\/www.ifc-globaltn.com\/index.php\/hak-agence-daccreditation-halal\/","og_site_name":"IFC Global.TN","article_modified_time":"2025-07-14T11:01:58+00:00","og_image":[{"width":1920,"height":300,"url":"https:\/\/www.ifc-globaltn.com\/wp-content\/uploads\/2025\/06\/akrediteasyonlar.png","type":"image\/png"}],"twitter_card":"summary_large_image","twitter_misc":{"Dur\u00e9e de lecture estim\u00e9e":"3 minutes"},"schema":{"@context":"https:\/\/schema.org","@graph":[{"@type":"WebPage","@id":"https:\/\/www.ifc-globaltn.com\/index.php\/hak-agence-daccreditation-halal\/","url":"https:\/\/www.ifc-globaltn.com\/index.php\/hak-agence-daccreditation-halal\/","name":"HAK Agence d\u2019Accr\u00e9ditation Halal - IFC Global Tunisie","isPartOf":{"@id":"https:\/\/www.ifc-globaltn.com\/#website"},"primaryImageOfPage":{"@id":"https:\/\/www.ifc-globaltn.com\/index.php\/hak-agence-daccreditation-halal\/#primaryimage"},"image":{"@id":"https:\/\/www.ifc-globaltn.com\/index.php\/hak-agence-daccreditation-halal\/#primaryimage"},"thumbnailUrl":"https:\/\/www.ifc-globaltn.com\/wp-content\/uploads\/2025\/06\/akrediteasyonlar.png","datePublished":"2025-06-27T20:21:21+00:00","dateModified":"2025-07-14T11:01:58+00:00","description":"IFC Global Tunisie vous pr\u00e9sente HAK, agence d\u2019accr\u00e9ditation halal reconnue, et vous accompagne dans vos d\u00e9marches de certification halal.","breadcrumb":{"@id":"https:\/\/www.ifc-globaltn.com\/index.php\/hak-agence-daccreditation-halal\/#breadcrumb"},"inLanguage":"fr-FR","potentialAction":[{"@type":"ReadAction","target":["https:\/\/www.ifc-globaltn.com\/index.php\/hak-agence-daccreditation-halal\/"]}]},{"@type":"ImageObject","inLanguage":"fr-FR","@id":"https:\/\/www.ifc-globaltn.com\/index.php\/hak-agence-daccreditation-halal\/#primaryimage","url":"https:\/\/www.ifc-globaltn.com\/wp-content\/uploads\/2025\/06\/akrediteasyonlar.png","contentUrl":"https:\/\/www.ifc-globaltn.com\/wp-content\/uploads\/2025\/06\/akrediteasyonlar.png","width":1920,"height":300},{"@type":"BreadcrumbList","@id":"https:\/\/www.ifc-globaltn.com\/index.php\/hak-agence-daccreditation-halal\/#breadcrumb","itemListElement":[{"@type":"ListItem","position":1,"name":"Accueil","item":"https:\/\/www.ifc-globaltn.com\/"},{"@type":"ListItem","position":2,"name":"HAK (Agence d\u2019Accr\u00e9ditation Halal)"}]},{"@type":"WebSite","@id":"https:\/\/www.ifc-globaltn.com\/#website","url":"https:\/\/www.ifc-globaltn.com\/","name":"IFC Global.TN","description":"Bienvenue sur IFC Global.TN Nous sommes la branche tunisienne officielle de IFC Global, un leader mondial dans le domaine des certifications ISO et des solutions de conformit\u00e9.","publisher":{"@id":"https:\/\/www.ifc-globaltn.com\/#organization"},"potentialAction":[{"@type":"SearchAction","target":{"@type":"EntryPoint","urlTemplate":"https:\/\/www.ifc-globaltn.com\/?s={search_term_string}"},"query-input":{"@type":"PropertyValueSpecification","valueRequired":true,"valueName":"search_term_string"}}],"inLanguage":"fr-FR"},{"@type":"Organization","@id":"https:\/\/www.ifc-globaltn.com\/#organization","name":"IFC Global.TN","url":"https:\/\/www.ifc-globaltn.com\/","logo":{"@type":"ImageObject","inLanguage":"fr-FR","@id":"https:\/\/www.ifc-globaltn.com\/#\/schema\/logo\/image\/","url":"https:\/\/www.ifc-globaltn.com\/wp-content\/uploads\/2025\/01\/ifcgloballogo.png","contentUrl":"https:\/\/www.ifc-globaltn.com\/wp-content\/uploads\/2025\/01\/ifcgloballogo.png","width":245,"height":90,"caption":"IFC Global.TN"},"image":{"@id":"https:\/\/www.ifc-globaltn.com\/#\/schema\/logo\/image\/"}}]}},"_links":{"self":[{"href":"https:\/\/www.ifc-globaltn.com\/index.php\/wp-json\/wp\/v2\/pages\/6600","targetHints":{"allow":["GET"]}}],"collection":[{"href":"https:\/\/www.ifc-globaltn.com\/index.php\/wp-json\/wp\/v2\/pages"}],"about":[{"href":"https:\/\/www.ifc-globaltn.com\/index.php\/wp-json\/wp\/v2\/types\/page"}],"author":[{"embeddable":true,"href":"https:\/\/www.ifc-globaltn.com\/index.php\/wp-json\/wp\/v2\/users\/3"}],"replies":[{"embeddable":true,"href":"https:\/\/www.ifc-globaltn.com\/index.php\/wp-json\/wp\/v2\/comments?post=6600"}],"version-history":[{"count":10,"href":"https:\/\/www.ifc-globaltn.com\/index.php\/wp-json\/wp\/v2\/pages\/6600\/revisions"}],"predecessor-version":[{"id":6704,"href":"https:\/\/www.ifc-globaltn.com\/index.php\/wp-json\/wp\/v2\/pages\/6600\/revisions\/6704"}],"wp:featuredmedia":[{"embeddable":true,"href":"https:\/\/www.ifc-globaltn.com\/index.php\/wp-json\/wp\/v2\/media\/6533"}],"wp:attachment":[{"href":"https:\/\/www.ifc-globaltn.com\/index.php\/wp-json\/wp\/v2\/media?parent=6600"}],"curies":[{"name":"wp","href":"https:\/\/api.w.org\/{rel}","templated":true}]}}