{"id":6615,"date":"2025-06-27T22:08:54","date_gmt":"2025-06-27T21:08:54","guid":{"rendered":"https:\/\/www.ifc-globaltn.com\/?page_id=6615"},"modified":"2025-07-14T12:03:16","modified_gmt":"2025-07-14T11:03:16","slug":"fssc-food-safety-system-certification","status":"publish","type":"page","link":"https:\/\/www.ifc-globaltn.com\/index.php\/fssc-food-safety-system-certification\/","title":{"rendered":"FSSC (FOOD SAFETY SYSTEM CERTIFICATION)"},"content":{"rendered":"\t\t<div data-elementor-type=\"wp-page\" data-elementor-id=\"6615\" class=\"elementor elementor-6615\" data-elementor-post-type=\"page\">\n\t\t\t\t<div class=\"elementor-element elementor-element-fc3da07 e-con-full e-flex e-con e-parent\" data-id=\"fc3da07\" data-element_type=\"container\" data-e-type=\"container\">\n\t\t\t\t<div class=\"elementor-element elementor-element-ceebfea elementor-widget__width-initial elementor-widget elementor-widget-heading\" data-id=\"ceebfea\" data-element_type=\"widget\" data-e-type=\"widget\" data-widget_type=\"heading.default\">\n\t\t\t\t<div class=\"elementor-widget-container\">\n\t\t\t\t\t<h3 class=\"elementor-heading-title elementor-size-default\">FSSC (FOOD SAFETY SYSTEM CERTIFICATION)<\/h3>\t\t\t\t<\/div>\n\t\t\t\t<\/div>\n\t\t\t\t<div class=\"elementor-element elementor-element-69fccab elementor-widget-divider--view-line elementor-widget elementor-widget-divider\" data-id=\"69fccab\" data-element_type=\"widget\" data-e-type=\"widget\" data-widget_type=\"divider.default\">\n\t\t\t\t<div class=\"elementor-widget-container\">\n\t\t\t\t\t\t\t<div class=\"elementor-divider\">\n\t\t\t<span class=\"elementor-divider-separator\">\n\t\t\t\t\t\t<\/span>\n\t\t<\/div>\n\t\t\t\t\t\t<\/div>\n\t\t\t\t<\/div>\n\t\t\t\t<\/div>\n\t\t<div class=\"elementor-element elementor-element-73886d3 e-con-full e-flex e-con e-parent\" data-id=\"73886d3\" data-element_type=\"container\" data-e-type=\"container\">\n\t\t<div class=\"elementor-element elementor-element-0ef16df e-con-full e-flex e-con e-child\" data-id=\"0ef16df\" data-element_type=\"container\" data-e-type=\"container\">\n\t\t\t\t<div class=\"elementor-element elementor-element-98b1e5c elementor-widget elementor-widget-image\" data-id=\"98b1e5c\" data-element_type=\"widget\" data-e-type=\"widget\" data-widget_type=\"image.default\">\n\t\t\t\t<div class=\"elementor-widget-container\">\n\t\t\t\t\t\t\t\t\t\t\t\t\t\t\t<img decoding=\"async\" width=\"200\" height=\"200\" src=\"https:\/\/www.ifc-globaltn.com\/wp-content\/uploads\/2025\/06\/fssc.png\" class=\"attachment-medium size-medium wp-image-6551\" alt=\"\" srcset=\"https:\/\/www.ifc-globaltn.com\/wp-content\/uploads\/2025\/06\/fssc.png 200w, https:\/\/www.ifc-globaltn.com\/wp-content\/uploads\/2025\/06\/fssc-150x150.png 150w\" sizes=\"(max-width: 200px) 100vw, 200px\" \/>\t\t\t\t\t\t\t\t\t\t\t\t\t\t\t<\/div>\n\t\t\t\t<\/div>\n\t\t\t\t<\/div>\n\t\t<div class=\"elementor-element elementor-element-c58066a e-con-full e-flex e-con e-child\" data-id=\"c58066a\" data-element_type=\"container\" data-e-type=\"container\">\n\t\t\t\t<div class=\"elementor-element elementor-element-74ac2e5 elementor-widget elementor-widget-text-editor\" data-id=\"74ac2e5\" data-element_type=\"widget\" data-e-type=\"widget\" data-widget_type=\"text-editor.default\">\n\t\t\t\t<div class=\"elementor-widget-container\">\n\t\t\t\t\t\t\t\t\t<h3 data-start=\"106\" data-end=\"144\"><strong data-start=\"110\" data-end=\"144\">Autorisation FSSC d\u2019IFC Global<\/strong><\/h3><p data-start=\"146\" data-end=\"682\"><strong data-start=\"146\" data-end=\"160\">IFC Global<\/strong> est un organisme de certification officiellement autoris\u00e9 pour le <strong data-start=\"227\" data-end=\"276\">FSSC (Food Safety System Certification) 22000<\/strong>, un sch\u00e9ma de certification de la s\u00e9curit\u00e9 des aliments reconnu \u00e0 l\u2019\u00e9chelle mondiale.<br data-start=\"362\" data-end=\"365\" \/>En tant que prestataire agr\u00e9\u00e9 par la FSSC, nous aidons les entreprises \u00e0 se conformer aux normes internationales en mati\u00e8re de syst\u00e8mes de management de la s\u00e9curit\u00e9 des denr\u00e9es alimentaires (FSMS), leur permettant de r\u00e9pondre aux exigences r\u00e9glementaires, aux attentes du secteur et aux demandes des march\u00e9s mondiaux.<\/p>\t\t\t\t\t\t\t\t<\/div>\n\t\t\t\t<\/div>\n\t\t\t\t<\/div>\n\t\t\t\t<\/div>\n\t\t<div class=\"elementor-element elementor-element-fc2a702 e-con-full e-flex e-con e-child\" data-id=\"fc2a702\" data-element_type=\"container\" data-e-type=\"container\">\n\t\t\t\t<div class=\"elementor-element elementor-element-5964ac7 elementor-widget elementor-widget-text-editor\" data-id=\"5964ac7\" data-element_type=\"widget\" data-e-type=\"widget\" data-widget_type=\"text-editor.default\">\n\t\t\t\t<div class=\"elementor-widget-container\">\n\t\t\t\t\t\t\t\t\t<h3 data-start=\"689\" data-end=\"740\"><strong data-start=\"693\" data-end=\"740\">Qu\u2019est-ce que la certification FSSC 22000 ?<\/strong><\/h3><p data-start=\"742\" data-end=\"950\">La <strong data-start=\"745\" data-end=\"759\">FSSC 22000<\/strong> est un sch\u00e9ma de certification de la s\u00e9curit\u00e9 alimentaire reconnu par le <strong data-start=\"833\" data-end=\"873\">GFSI (Global Food Safety Initiative)<\/strong>. Bas\u00e9 sur la norme ISO 22000, ce r\u00e9f\u00e9rentiel offre un cadre complet pour :<\/p><p data-start=\"953\" data-end=\"995\">les fabricants de produits alimentaires,<\/p><p data-start=\"998\" data-end=\"1029\">les producteurs d\u2019emballages,<\/p><p data-start=\"1032\" data-end=\"1073\">les fabricants d\u2019aliments pour animaux,<\/p><p data-start=\"1076\" data-end=\"1105\">la restauration collective,<\/p><p data-start=\"1108\" data-end=\"1153\">la distribution et les services alimentaires.<\/p><p data-start=\"1155\" data-end=\"1312\">Il int\u00e8gre <strong data-start=\"1166\" data-end=\"1222\">s\u00e9curit\u00e9 alimentaire, qualit\u00e9 et gestion des risques<\/strong> afin d&rsquo;assurer une production et une distribution alimentaire s\u00fbres \u00e0 l\u2019\u00e9chelle mondiale.<\/p>\t\t\t\t\t\t\t\t<\/div>\n\t\t\t\t<\/div>\n\t\t\t\t<div class=\"elementor-element elementor-element-7c9a67b elementor-widget-divider--view-line elementor-widget elementor-widget-divider\" data-id=\"7c9a67b\" data-element_type=\"widget\" data-e-type=\"widget\" data-widget_type=\"divider.default\">\n\t\t\t\t<div class=\"elementor-widget-container\">\n\t\t\t\t\t\t\t<div class=\"elementor-divider\">\n\t\t\t<span class=\"elementor-divider-separator\">\n\t\t\t\t\t\t<\/span>\n\t\t<\/div>\n\t\t\t\t\t\t<\/div>\n\t\t\t\t<\/div>\n\t\t\t\t<\/div>\n\t\t<div class=\"elementor-element elementor-element-46a265d e-con-full e-flex e-con e-child\" data-id=\"46a265d\" data-element_type=\"container\" data-e-type=\"container\">\n\t\t\t\t<div class=\"elementor-element elementor-element-5874af6 elementor-widget elementor-widget-text-editor\" data-id=\"5874af6\" data-element_type=\"widget\" data-e-type=\"widget\" data-widget_type=\"text-editor.default\">\n\t\t\t\t<div class=\"elementor-widget-container\">\n\t\t\t\t\t\t\t\t\t<h3 data-start=\"1319\" data-end=\"1389\"><strong data-start=\"1323\" data-end=\"1389\">Pourquoi choisir IFC Global pour la certification FSSC 22000 ?<\/strong><\/h3><p data-start=\"1393\" data-end=\"1523\"><strong data-start=\"1395\" data-end=\"1441\">Organisme officiellement autoris\u00e9 par FSSC<\/strong> \u2013 Reconnu pour la r\u00e9alisation d\u2019audits et l\u2019\u00e9mission de certificats FSSC 22000.<\/p><p data-start=\"1526\" data-end=\"1645\"><strong data-start=\"1528\" data-end=\"1561\">Reconnaissance internationale<\/strong> \u2013 Facilite l\u2019acc\u00e8s aux march\u00e9s mondiaux et la satisfaction des exigences clients.<\/p><p data-start=\"1648\" data-end=\"1761\"><strong data-start=\"1650\" data-end=\"1679\">Processus d\u2019audit complet<\/strong> \u2013 Garantit la conformit\u00e9 aux normes r\u00e9glementaires et aux exigences du secteur.<\/p><p data-start=\"1764\" data-end=\"1877\"><strong data-start=\"1766\" data-end=\"1787\">Auditeurs experts<\/strong> \u2013 Offrent un accompagnement technique et des conseils \u00e0 chaque \u00e9tape de la certification.<\/p>\t\t\t\t\t\t\t\t<\/div>\n\t\t\t\t<\/div>\n\t\t\t\t<div class=\"elementor-element elementor-element-bf81e94 elementor-widget-divider--view-line elementor-widget elementor-widget-divider\" data-id=\"bf81e94\" data-element_type=\"widget\" data-e-type=\"widget\" data-widget_type=\"divider.default\">\n\t\t\t\t<div class=\"elementor-widget-container\">\n\t\t\t\t\t\t\t<div class=\"elementor-divider\">\n\t\t\t<span class=\"elementor-divider-separator\">\n\t\t\t\t\t\t<\/span>\n\t\t<\/div>\n\t\t\t\t\t\t<\/div>\n\t\t\t\t<\/div>\n\t\t\t\t<\/div>\n\t\t<div class=\"elementor-element elementor-element-ccbc11b e-con-full e-flex e-con e-child\" data-id=\"ccbc11b\" data-element_type=\"container\" data-e-type=\"container\">\n\t\t\t\t<div class=\"elementor-element elementor-element-8b57940 elementor-widget elementor-widget-text-editor\" data-id=\"8b57940\" data-element_type=\"widget\" data-e-type=\"widget\" data-widget_type=\"text-editor.default\">\n\t\t\t\t<div class=\"elementor-widget-container\">\n\t\t\t\t\t\t\t\t\t<h3 data-start=\"2607\" data-end=\"2639\">V\u00e9rifiez notre autorisation<\/h3>\n<p data-start=\"2641\" data-end=\"2810\">Vous pouvez v\u00e9rifier l\u2019autorisation FSSC d\u2019IFC Global directement sur le site officiel de la FSSC :<\/p>\n<p style=\"text-align: left; margin: 10px 0;\">\n  <span style=\"background-color: #2ecc71; color: white; padding: 12px; display: inline-block;\">\n    <a style=\"color: black;\" href=\"https:\/\/www.fssc.com\/trust\/certification-bodies\/ifc-global\/\" target=\"_blank\" rel=\"noopener noreferrer\">\n      <strong>Cliquez ici pour v\u00e9rifier l\u2019autorisation FSSC d\u2019IFC Global<\/strong>\n    <\/a>\n  <\/span>\n<\/p>\n\t\t\t\t\t\t\t\t<\/div>\n\t\t\t\t<\/div>\n\t\t\t\t<div class=\"elementor-element elementor-element-f0a24d6 elementor-widget-divider--view-line elementor-widget elementor-widget-divider\" data-id=\"f0a24d6\" data-element_type=\"widget\" data-e-type=\"widget\" data-widget_type=\"divider.default\">\n\t\t\t\t<div class=\"elementor-widget-container\">\n\t\t\t\t\t\t\t<div class=\"elementor-divider\">\n\t\t\t<span class=\"elementor-divider-separator\">\n\t\t\t\t\t\t<\/span>\n\t\t<\/div>\n\t\t\t\t\t\t<\/div>\n\t\t\t\t<\/div>\n\t\t\t\t<\/div>\n\t\t<div class=\"elementor-element elementor-element-53d5d0a e-con-full e-flex e-con e-child\" data-id=\"53d5d0a\" data-element_type=\"container\" data-e-type=\"container\">\n\t\t\t\t<div class=\"elementor-element elementor-element-e72b728 elementor-widget elementor-widget-text-editor\" data-id=\"e72b728\" data-element_type=\"widget\" data-e-type=\"widget\" data-widget_type=\"text-editor.default\">\n\t\t\t\t<div class=\"elementor-widget-container\">\n\t\t\t\t\t\t\t\t\t<h3 data-start=\"2095\" data-end=\"2157\"><strong data-start=\"2099\" data-end=\"2157\">Obtenez votre certification FSSC 22000 avec IFC Global<\/strong><\/h3><p data-start=\"2159\" data-end=\"2424\">Renforcez votre syst\u00e8me de management de la s\u00e9curit\u00e9 alimentaire, am\u00e9liorez votre conformit\u00e9 r\u00e9glementaire et gagnez la confiance des consommateurs avec la certification FSSC 22000.<br data-start=\"2340\" data-end=\"2343\" \/><strong data-start=\"2343\" data-end=\"2377\">Contactez-nous d\u00e8s aujourd\u2019hui<\/strong> pour d\u00e9marrer votre parcours de certification.<\/p>\t\t\t\t\t\t\t\t<\/div>\n\t\t\t\t<\/div>\n\t\t\t\t<\/div>\n\t\t<div class=\"elementor-element elementor-element-704df9a e-con-full e-flex e-con e-parent\" data-id=\"704df9a\" data-element_type=\"container\" data-e-type=\"container\">\n\t\t\t\t<div class=\"elementor-element elementor-element-4804e43 elementor-widget elementor-widget-spacer\" data-id=\"4804e43\" data-element_type=\"widget\" data-e-type=\"widget\" data-widget_type=\"spacer.default\">\n\t\t\t\t<div class=\"elementor-widget-container\">\n\t\t\t\t\t\t\t<div class=\"elementor-spacer\">\n\t\t\t<div class=\"elementor-spacer-inner\"><\/div>\n\t\t<\/div>\n\t\t\t\t\t\t<\/div>\n\t\t\t\t<\/div>\n\t\t\t\t<\/div>\n\t\t<div class=\"elementor-element elementor-element-f516040 e-flex e-con-boxed e-con e-parent\" data-id=\"f516040\" data-element_type=\"container\" data-e-type=\"container\">\n\t\t\t\t\t<div class=\"e-con-inner\">\n\t\t\t\t<div class=\"elementor-element elementor-element-aa0c87c elementor-widget elementor-widget-html\" data-id=\"aa0c87c\" data-element_type=\"widget\" data-e-type=\"widget\" data-widget_type=\"html.default\">\n\t\t\t\t<div class=\"elementor-widget-container\">\n\t\t\t\t\t<div class=\"container\">\r\n    <div class=\"row\">\r\n        <div class=\"col-md-12\">\r\n            <div class=\"slogan-v2\">\r\n                <div class=\"slogan-content\">\r\n                    <div class=\"message\">\r\n                      <h2> Vous N'avez Pas Encore Obtenu Votre Certificat !\u200b<\/h2>\r\n                      <p>Prenez contact avec nos experts pour commancer.\u200b<\/p>\r\n                    <\/div>\r\n                    <div class=\"button-left\">\r\n                        <a href=\"https:\/\/www.ifc-globaltn.com\/index.php\/contact\/\" title=\"contactez-nous\">\r\n                          contactez-nous\r\n                        <\/a>\r\n                    <\/div>\r\n                <\/div>\r\n            <\/div>\r\n        <\/div>\r\n    <\/div>\r\n<\/div>\r\n\t\t\t\t<\/div>\n\t\t\t\t<\/div>\n\t\t\t\t\t<\/div>\n\t\t\t\t<\/div>\n\t\t\t\t<\/div>\n\t\t","protected":false},"excerpt":{"rendered":"<p>FSSC (FOOD SAFETY SYSTEM CERTIFICATION) Autorisation FSSC d\u2019IFC Global IFC Global est un organisme de certification officiellement autoris\u00e9 pour le FSSC (Food Safety System Certification) 22000, un sch\u00e9ma de certification de la s\u00e9curit\u00e9 des aliments reconnu \u00e0 l\u2019\u00e9chelle mondiale.En tant que prestataire agr\u00e9\u00e9 par la FSSC, nous aidons les entreprises \u00e0 se conformer aux normes&hellip;<\/p>\n","protected":false},"author":3,"featured_media":6533,"parent":0,"menu_order":0,"comment_status":"closed","ping_status":"closed","template":"","meta":{"footnotes":""},"class_list":["post-6615","page","type-page","status-publish","has-post-thumbnail","hentry"],"yoast_head":"<!-- This site is optimized with the Yoast SEO plugin v27.4 - https:\/\/yoast.com\/product\/yoast-seo-wordpress\/ -->\n<title>FSSC Food Safety System Certification - IFC Global Tunisie<\/title>\n<meta name=\"description\" content=\"IFC Global Tunisie vous accompagne dans la FSSC Food Safety System Certification pour garantir la s\u00e9curit\u00e9 et la conformit\u00e9 alimentaire.\" \/>\n<meta name=\"robots\" content=\"index, follow, max-snippet:-1, max-image-preview:large, max-video-preview:-1\" \/>\n<link rel=\"canonical\" href=\"https:\/\/www.ifc-globaltn.com\/index.php\/fssc-food-safety-system-certification\/\" \/>\n<meta property=\"og:locale\" content=\"fr_FR\" \/>\n<meta property=\"og:type\" content=\"article\" \/>\n<meta property=\"og:title\" content=\"FSSC Food Safety System Certification - IFC Global Tunisie\" \/>\n<meta property=\"og:description\" content=\"IFC Global Tunisie vous accompagne dans la FSSC Food Safety System Certification pour garantir la s\u00e9curit\u00e9 et la conformit\u00e9 alimentaire.\" \/>\n<meta property=\"og:url\" content=\"https:\/\/www.ifc-globaltn.com\/index.php\/fssc-food-safety-system-certification\/\" \/>\n<meta property=\"og:site_name\" content=\"IFC Global.TN\" \/>\n<meta property=\"article:modified_time\" content=\"2025-07-14T11:03:16+00:00\" \/>\n<meta property=\"og:image\" content=\"https:\/\/www.ifc-globaltn.com\/wp-content\/uploads\/2025\/06\/akrediteasyonlar.png\" \/>\n\t<meta property=\"og:image:width\" content=\"1920\" \/>\n\t<meta property=\"og:image:height\" content=\"300\" \/>\n\t<meta property=\"og:image:type\" content=\"image\/png\" \/>\n<meta name=\"twitter:card\" content=\"summary_large_image\" \/>\n<meta name=\"twitter:label1\" content=\"Dur\u00e9e de lecture estim\u00e9e\" \/>\n\t<meta name=\"twitter:data1\" content=\"3 minutes\" \/>\n<script type=\"application\/ld+json\" class=\"yoast-schema-graph\">{\"@context\":\"https:\\\/\\\/schema.org\",\"@graph\":[{\"@type\":\"WebPage\",\"@id\":\"https:\\\/\\\/www.ifc-globaltn.com\\\/index.php\\\/fssc-food-safety-system-certification\\\/\",\"url\":\"https:\\\/\\\/www.ifc-globaltn.com\\\/index.php\\\/fssc-food-safety-system-certification\\\/\",\"name\":\"FSSC Food Safety System Certification - IFC Global Tunisie\",\"isPartOf\":{\"@id\":\"https:\\\/\\\/www.ifc-globaltn.com\\\/#website\"},\"primaryImageOfPage\":{\"@id\":\"https:\\\/\\\/www.ifc-globaltn.com\\\/index.php\\\/fssc-food-safety-system-certification\\\/#primaryimage\"},\"image\":{\"@id\":\"https:\\\/\\\/www.ifc-globaltn.com\\\/index.php\\\/fssc-food-safety-system-certification\\\/#primaryimage\"},\"thumbnailUrl\":\"https:\\\/\\\/www.ifc-globaltn.com\\\/wp-content\\\/uploads\\\/2025\\\/06\\\/akrediteasyonlar.png\",\"datePublished\":\"2025-06-27T21:08:54+00:00\",\"dateModified\":\"2025-07-14T11:03:16+00:00\",\"description\":\"IFC Global Tunisie vous accompagne dans la FSSC Food Safety System Certification pour garantir la s\u00e9curit\u00e9 et la conformit\u00e9 alimentaire.\",\"breadcrumb\":{\"@id\":\"https:\\\/\\\/www.ifc-globaltn.com\\\/index.php\\\/fssc-food-safety-system-certification\\\/#breadcrumb\"},\"inLanguage\":\"fr-FR\",\"potentialAction\":[{\"@type\":\"ReadAction\",\"target\":[\"https:\\\/\\\/www.ifc-globaltn.com\\\/index.php\\\/fssc-food-safety-system-certification\\\/\"]}]},{\"@type\":\"ImageObject\",\"inLanguage\":\"fr-FR\",\"@id\":\"https:\\\/\\\/www.ifc-globaltn.com\\\/index.php\\\/fssc-food-safety-system-certification\\\/#primaryimage\",\"url\":\"https:\\\/\\\/www.ifc-globaltn.com\\\/wp-content\\\/uploads\\\/2025\\\/06\\\/akrediteasyonlar.png\",\"contentUrl\":\"https:\\\/\\\/www.ifc-globaltn.com\\\/wp-content\\\/uploads\\\/2025\\\/06\\\/akrediteasyonlar.png\",\"width\":1920,\"height\":300},{\"@type\":\"BreadcrumbList\",\"@id\":\"https:\\\/\\\/www.ifc-globaltn.com\\\/index.php\\\/fssc-food-safety-system-certification\\\/#breadcrumb\",\"itemListElement\":[{\"@type\":\"ListItem\",\"position\":1,\"name\":\"Accueil\",\"item\":\"https:\\\/\\\/www.ifc-globaltn.com\\\/\"},{\"@type\":\"ListItem\",\"position\":2,\"name\":\"FSSC (FOOD SAFETY SYSTEM CERTIFICATION)\"}]},{\"@type\":\"WebSite\",\"@id\":\"https:\\\/\\\/www.ifc-globaltn.com\\\/#website\",\"url\":\"https:\\\/\\\/www.ifc-globaltn.com\\\/\",\"name\":\"IFC Global.TN\",\"description\":\"Bienvenue sur IFC Global.TN Nous sommes la branche tunisienne officielle de IFC Global, un leader mondial dans le domaine des certifications ISO et des solutions de conformit\u00e9.\",\"publisher\":{\"@id\":\"https:\\\/\\\/www.ifc-globaltn.com\\\/#organization\"},\"potentialAction\":[{\"@type\":\"SearchAction\",\"target\":{\"@type\":\"EntryPoint\",\"urlTemplate\":\"https:\\\/\\\/www.ifc-globaltn.com\\\/?s={search_term_string}\"},\"query-input\":{\"@type\":\"PropertyValueSpecification\",\"valueRequired\":true,\"valueName\":\"search_term_string\"}}],\"inLanguage\":\"fr-FR\"},{\"@type\":\"Organization\",\"@id\":\"https:\\\/\\\/www.ifc-globaltn.com\\\/#organization\",\"name\":\"IFC Global.TN\",\"url\":\"https:\\\/\\\/www.ifc-globaltn.com\\\/\",\"logo\":{\"@type\":\"ImageObject\",\"inLanguage\":\"fr-FR\",\"@id\":\"https:\\\/\\\/www.ifc-globaltn.com\\\/#\\\/schema\\\/logo\\\/image\\\/\",\"url\":\"https:\\\/\\\/www.ifc-globaltn.com\\\/wp-content\\\/uploads\\\/2025\\\/01\\\/ifcgloballogo.png\",\"contentUrl\":\"https:\\\/\\\/www.ifc-globaltn.com\\\/wp-content\\\/uploads\\\/2025\\\/01\\\/ifcgloballogo.png\",\"width\":245,\"height\":90,\"caption\":\"IFC Global.TN\"},\"image\":{\"@id\":\"https:\\\/\\\/www.ifc-globaltn.com\\\/#\\\/schema\\\/logo\\\/image\\\/\"}}]}<\/script>\n<!-- \/ Yoast SEO plugin. -->","yoast_head_json":{"title":"FSSC Food Safety System Certification - IFC Global Tunisie","description":"IFC Global Tunisie vous accompagne dans la FSSC Food Safety System Certification pour garantir la s\u00e9curit\u00e9 et la conformit\u00e9 alimentaire.","robots":{"index":"index","follow":"follow","max-snippet":"max-snippet:-1","max-image-preview":"max-image-preview:large","max-video-preview":"max-video-preview:-1"},"canonical":"https:\/\/www.ifc-globaltn.com\/index.php\/fssc-food-safety-system-certification\/","og_locale":"fr_FR","og_type":"article","og_title":"FSSC Food Safety System Certification - IFC Global Tunisie","og_description":"IFC Global Tunisie vous accompagne dans la FSSC Food Safety System Certification pour garantir la s\u00e9curit\u00e9 et la conformit\u00e9 alimentaire.","og_url":"https:\/\/www.ifc-globaltn.com\/index.php\/fssc-food-safety-system-certification\/","og_site_name":"IFC Global.TN","article_modified_time":"2025-07-14T11:03:16+00:00","og_image":[{"width":1920,"height":300,"url":"https:\/\/www.ifc-globaltn.com\/wp-content\/uploads\/2025\/06\/akrediteasyonlar.png","type":"image\/png"}],"twitter_card":"summary_large_image","twitter_misc":{"Dur\u00e9e de lecture estim\u00e9e":"3 minutes"},"schema":{"@context":"https:\/\/schema.org","@graph":[{"@type":"WebPage","@id":"https:\/\/www.ifc-globaltn.com\/index.php\/fssc-food-safety-system-certification\/","url":"https:\/\/www.ifc-globaltn.com\/index.php\/fssc-food-safety-system-certification\/","name":"FSSC Food Safety System Certification - IFC Global Tunisie","isPartOf":{"@id":"https:\/\/www.ifc-globaltn.com\/#website"},"primaryImageOfPage":{"@id":"https:\/\/www.ifc-globaltn.com\/index.php\/fssc-food-safety-system-certification\/#primaryimage"},"image":{"@id":"https:\/\/www.ifc-globaltn.com\/index.php\/fssc-food-safety-system-certification\/#primaryimage"},"thumbnailUrl":"https:\/\/www.ifc-globaltn.com\/wp-content\/uploads\/2025\/06\/akrediteasyonlar.png","datePublished":"2025-06-27T21:08:54+00:00","dateModified":"2025-07-14T11:03:16+00:00","description":"IFC Global Tunisie vous accompagne dans la FSSC Food Safety System Certification pour garantir la s\u00e9curit\u00e9 et la conformit\u00e9 alimentaire.","breadcrumb":{"@id":"https:\/\/www.ifc-globaltn.com\/index.php\/fssc-food-safety-system-certification\/#breadcrumb"},"inLanguage":"fr-FR","potentialAction":[{"@type":"ReadAction","target":["https:\/\/www.ifc-globaltn.com\/index.php\/fssc-food-safety-system-certification\/"]}]},{"@type":"ImageObject","inLanguage":"fr-FR","@id":"https:\/\/www.ifc-globaltn.com\/index.php\/fssc-food-safety-system-certification\/#primaryimage","url":"https:\/\/www.ifc-globaltn.com\/wp-content\/uploads\/2025\/06\/akrediteasyonlar.png","contentUrl":"https:\/\/www.ifc-globaltn.com\/wp-content\/uploads\/2025\/06\/akrediteasyonlar.png","width":1920,"height":300},{"@type":"BreadcrumbList","@id":"https:\/\/www.ifc-globaltn.com\/index.php\/fssc-food-safety-system-certification\/#breadcrumb","itemListElement":[{"@type":"ListItem","position":1,"name":"Accueil","item":"https:\/\/www.ifc-globaltn.com\/"},{"@type":"ListItem","position":2,"name":"FSSC (FOOD SAFETY SYSTEM CERTIFICATION)"}]},{"@type":"WebSite","@id":"https:\/\/www.ifc-globaltn.com\/#website","url":"https:\/\/www.ifc-globaltn.com\/","name":"IFC Global.TN","description":"Bienvenue sur IFC Global.TN Nous sommes la branche tunisienne officielle de IFC Global, un leader mondial dans le domaine des certifications ISO et des solutions de conformit\u00e9.","publisher":{"@id":"https:\/\/www.ifc-globaltn.com\/#organization"},"potentialAction":[{"@type":"SearchAction","target":{"@type":"EntryPoint","urlTemplate":"https:\/\/www.ifc-globaltn.com\/?s={search_term_string}"},"query-input":{"@type":"PropertyValueSpecification","valueRequired":true,"valueName":"search_term_string"}}],"inLanguage":"fr-FR"},{"@type":"Organization","@id":"https:\/\/www.ifc-globaltn.com\/#organization","name":"IFC Global.TN","url":"https:\/\/www.ifc-globaltn.com\/","logo":{"@type":"ImageObject","inLanguage":"fr-FR","@id":"https:\/\/www.ifc-globaltn.com\/#\/schema\/logo\/image\/","url":"https:\/\/www.ifc-globaltn.com\/wp-content\/uploads\/2025\/01\/ifcgloballogo.png","contentUrl":"https:\/\/www.ifc-globaltn.com\/wp-content\/uploads\/2025\/01\/ifcgloballogo.png","width":245,"height":90,"caption":"IFC Global.TN"},"image":{"@id":"https:\/\/www.ifc-globaltn.com\/#\/schema\/logo\/image\/"}}]}},"_links":{"self":[{"href":"https:\/\/www.ifc-globaltn.com\/index.php\/wp-json\/wp\/v2\/pages\/6615","targetHints":{"allow":["GET"]}}],"collection":[{"href":"https:\/\/www.ifc-globaltn.com\/index.php\/wp-json\/wp\/v2\/pages"}],"about":[{"href":"https:\/\/www.ifc-globaltn.com\/index.php\/wp-json\/wp\/v2\/types\/page"}],"author":[{"embeddable":true,"href":"https:\/\/www.ifc-globaltn.com\/index.php\/wp-json\/wp\/v2\/users\/3"}],"replies":[{"embeddable":true,"href":"https:\/\/www.ifc-globaltn.com\/index.php\/wp-json\/wp\/v2\/comments?post=6615"}],"version-history":[{"count":13,"href":"https:\/\/www.ifc-globaltn.com\/index.php\/wp-json\/wp\/v2\/pages\/6615\/revisions"}],"predecessor-version":[{"id":6707,"href":"https:\/\/www.ifc-globaltn.com\/index.php\/wp-json\/wp\/v2\/pages\/6615\/revisions\/6707"}],"wp:featuredmedia":[{"embeddable":true,"href":"https:\/\/www.ifc-globaltn.com\/index.php\/wp-json\/wp\/v2\/media\/6533"}],"wp:attachment":[{"href":"https:\/\/www.ifc-globaltn.com\/index.php\/wp-json\/wp\/v2\/media?parent=6615"}],"curies":[{"name":"wp","href":"https:\/\/api.w.org\/{rel}","templated":true}]}}