{"id":6625,"date":"2025-06-27T22:18:18","date_gmt":"2025-06-27T21:18:18","guid":{"rendered":"https:\/\/www.ifc-globaltn.com\/?page_id=6625"},"modified":"2025-07-14T12:04:18","modified_gmt":"2025-07-14T11:04:18","slug":"fami-qs-feed-additives-and-premixtures-quality-system","status":"publish","type":"page","link":"https:\/\/www.ifc-globaltn.com\/index.php\/fami-qs-feed-additives-and-premixtures-quality-system\/","title":{"rendered":"FAMI-QS (FEED ADDITIVES AND PREMIXTURES QUALITY SYSTEM)"},"content":{"rendered":"\t\t<div data-elementor-type=\"wp-page\" data-elementor-id=\"6625\" class=\"elementor elementor-6625\" data-elementor-post-type=\"page\">\n\t\t\t\t<div class=\"elementor-element elementor-element-eedd9fd e-con-full e-flex e-con e-parent\" data-id=\"eedd9fd\" data-element_type=\"container\" data-e-type=\"container\">\n\t\t\t\t<div class=\"elementor-element elementor-element-cc2127c elementor-widget__width-initial elementor-widget elementor-widget-heading\" data-id=\"cc2127c\" data-element_type=\"widget\" data-e-type=\"widget\" data-widget_type=\"heading.default\">\n\t\t\t\t<div class=\"elementor-widget-container\">\n\t\t\t\t\t<h3 class=\"elementor-heading-title elementor-size-default\">FAMI-QS (FEED ADDITIVES AND PREMIXTURES QUALITY SYSTEM)\n<\/h3>\t\t\t\t<\/div>\n\t\t\t\t<\/div>\n\t\t\t\t<div class=\"elementor-element elementor-element-91f2d76 elementor-widget-divider--view-line elementor-widget elementor-widget-divider\" data-id=\"91f2d76\" data-element_type=\"widget\" data-e-type=\"widget\" data-widget_type=\"divider.default\">\n\t\t\t\t<div class=\"elementor-widget-container\">\n\t\t\t\t\t\t\t<div class=\"elementor-divider\">\n\t\t\t<span class=\"elementor-divider-separator\">\n\t\t\t\t\t\t<\/span>\n\t\t<\/div>\n\t\t\t\t\t\t<\/div>\n\t\t\t\t<\/div>\n\t\t\t\t<\/div>\n\t\t<div class=\"elementor-element elementor-element-00df639 e-con-full e-flex e-con e-parent\" data-id=\"00df639\" data-element_type=\"container\" data-e-type=\"container\">\n\t\t<div class=\"elementor-element elementor-element-a5dcf7f e-con-full e-flex e-con e-child\" data-id=\"a5dcf7f\" data-element_type=\"container\" data-e-type=\"container\">\n\t\t\t\t<div class=\"elementor-element elementor-element-afd3801 elementor-widget elementor-widget-image\" data-id=\"afd3801\" data-element_type=\"widget\" data-e-type=\"widget\" data-widget_type=\"image.default\">\n\t\t\t\t<div class=\"elementor-widget-container\">\n\t\t\t\t\t\t\t\t\t\t\t\t\t\t\t<img decoding=\"async\" width=\"200\" height=\"200\" src=\"https:\/\/www.ifc-globaltn.com\/wp-content\/uploads\/2025\/06\/fami-qs.png\" class=\"attachment-medium size-medium wp-image-6550\" alt=\"\" srcset=\"https:\/\/www.ifc-globaltn.com\/wp-content\/uploads\/2025\/06\/fami-qs.png 200w, https:\/\/www.ifc-globaltn.com\/wp-content\/uploads\/2025\/06\/fami-qs-150x150.png 150w\" sizes=\"(max-width: 200px) 100vw, 200px\" \/>\t\t\t\t\t\t\t\t\t\t\t\t\t\t\t<\/div>\n\t\t\t\t<\/div>\n\t\t\t\t<\/div>\n\t\t<div class=\"elementor-element elementor-element-7b6e26e e-con-full e-flex e-con e-child\" data-id=\"7b6e26e\" data-element_type=\"container\" data-e-type=\"container\">\n\t\t\t\t<div class=\"elementor-element elementor-element-728c774 elementor-widget elementor-widget-text-editor\" data-id=\"728c774\" data-element_type=\"widget\" data-e-type=\"widget\" data-widget_type=\"text-editor.default\">\n\t\t\t\t<div class=\"elementor-widget-container\">\n\t\t\t\t\t\t\t\t\t<h3 data-start=\"116\" data-end=\"157\"><strong data-start=\"120\" data-end=\"157\">Autorisation FAMI-QS d\u2019IFC Global<\/strong><\/h3><p data-start=\"159\" data-end=\"710\"><strong data-start=\"159\" data-end=\"173\">IFC Global<\/strong> est un organisme de certification officiellement autoris\u00e9 pour le r\u00e9f\u00e9rentiel <strong data-start=\"252\" data-end=\"263\">FAMI-QS<\/strong>, le principal syst\u00e8me de management de la qualit\u00e9 et de la s\u00e9curit\u00e9 des aliments pour le secteur des additifs pour l\u2019alimentation animale et des ingr\u00e9dients sp\u00e9cialis\u00e9s.<br data-start=\"433\" data-end=\"436\" \/>En tant qu\u2019organisme reconnu par FAMI-QS, nous accompagnons les entreprises dans la mise en conformit\u00e9 avec les r\u00e9glementations europ\u00e9ennes et internationales relatives \u00e0 la s\u00e9curit\u00e9 des aliments pour animaux, en garantissant l\u2019int\u00e9grit\u00e9 des produits et l\u2019acc\u00e8s aux march\u00e9s.<\/p>\t\t\t\t\t\t\t\t<\/div>\n\t\t\t\t<\/div>\n\t\t\t\t<\/div>\n\t\t\t\t<\/div>\n\t\t<div class=\"elementor-element elementor-element-1678246 e-con-full e-flex e-con e-child\" data-id=\"1678246\" data-element_type=\"container\" data-e-type=\"container\">\n\t\t\t\t<div class=\"elementor-element elementor-element-b33ad3e elementor-widget elementor-widget-text-editor\" data-id=\"b33ad3e\" data-element_type=\"widget\" data-e-type=\"widget\" data-widget_type=\"text-editor.default\">\n\t\t\t\t<div class=\"elementor-widget-container\">\n\t\t\t\t\t\t\t\t\t<h3 data-start=\"717\" data-end=\"748\"><strong data-start=\"721\" data-end=\"748\">Qu\u2019est-ce que FAMI-QS ?<\/strong><\/h3><p data-start=\"750\" data-end=\"1000\"><strong data-start=\"750\" data-end=\"761\">FAMI-QS<\/strong> est un sch\u00e9ma de certification reconnu \u00e0 l\u2019\u00e9chelle mondiale, con\u00e7u pour les entreprises impliqu\u00e9es dans la <strong data-start=\"869\" data-end=\"983\">production, le commerce et la distribution d\u2019additifs et d\u2019ingr\u00e9dients sp\u00e9cialis\u00e9s pour l\u2019alimentation animale<\/strong>.<br data-start=\"984\" data-end=\"987\" \/>Il garantit :<\/p><p data-start=\"1004\" data-end=\"1104\">La conformit\u00e9 aux r\u00e9glementations en mati\u00e8re de s\u00e9curit\u00e9 et de qualit\u00e9 des aliments pour animaux<\/p><p data-start=\"1107\" data-end=\"1192\">La gestion des risques tout au long de la cha\u00eene de production et de distribution<\/p><p data-start=\"1195\" data-end=\"1261\">La tra\u00e7abilit\u00e9 et l\u2019int\u00e9grit\u00e9 de la cha\u00eene d\u2019approvisionnement<\/p><p data-start=\"1264\" data-end=\"1370\">L\u2019alignement sur les exigences l\u00e9gales telles que les r\u00e9glementations de l\u2019UE sur l\u2019alimentation animale<\/p>\t\t\t\t\t\t\t\t<\/div>\n\t\t\t\t<\/div>\n\t\t\t\t<div class=\"elementor-element elementor-element-a2cf6a0 elementor-widget-divider--view-line elementor-widget elementor-widget-divider\" data-id=\"a2cf6a0\" data-element_type=\"widget\" data-e-type=\"widget\" data-widget_type=\"divider.default\">\n\t\t\t\t<div class=\"elementor-widget-container\">\n\t\t\t\t\t\t\t<div class=\"elementor-divider\">\n\t\t\t<span class=\"elementor-divider-separator\">\n\t\t\t\t\t\t<\/span>\n\t\t<\/div>\n\t\t\t\t\t\t<\/div>\n\t\t\t\t<\/div>\n\t\t\t\t<\/div>\n\t\t<div class=\"elementor-element elementor-element-a96ca8b e-con-full e-flex e-con e-child\" data-id=\"a96ca8b\" data-element_type=\"container\" data-e-type=\"container\">\n\t\t\t\t<div class=\"elementor-element elementor-element-b3d0489 elementor-widget elementor-widget-text-editor\" data-id=\"b3d0489\" data-element_type=\"widget\" data-e-type=\"widget\" data-widget_type=\"text-editor.default\">\n\t\t\t\t<div class=\"elementor-widget-container\">\n\t\t\t\t\t\t\t\t\t<h3 data-start=\"1377\" data-end=\"1444\"><strong data-start=\"1381\" data-end=\"1444\">Pourquoi choisir IFC Global pour la certification FAMI-QS ?<\/strong><\/h3><p data-start=\"1448\" data-end=\"1580\"><strong data-start=\"1450\" data-end=\"1499\">Organisme officiellement autoris\u00e9 par FAMI-QS<\/strong> \u2013 Reconnu pour la conduite d\u2019audits et la d\u00e9livrance de certifications FAMI-QS<\/p><p data-start=\"1583\" data-end=\"1719\"><strong data-start=\"1585\" data-end=\"1615\">Acc\u00e8s aux march\u00e9s mondiaux<\/strong> \u2013 Permet de satisfaire aux exigences internationales en mati\u00e8re de s\u00e9curit\u00e9 des aliments pour animaux<\/p><p data-start=\"1722\" data-end=\"1836\"><strong data-start=\"1724\" data-end=\"1775\">Expertise en s\u00e9curit\u00e9 des aliments pour animaux<\/strong> \u2013 Processus de certification rigoureux, pr\u00e9cis et efficace<\/p><p data-start=\"1839\" data-end=\"1971\"><strong data-start=\"1841\" data-end=\"1869\">Conformit\u00e9 r\u00e9glementaire<\/strong> \u2013 Accompagnement dans la conformit\u00e9 aux normes europ\u00e9ennes et aux standards internationaux du secteur<\/p>\t\t\t\t\t\t\t\t<\/div>\n\t\t\t\t<\/div>\n\t\t\t\t<div class=\"elementor-element elementor-element-96f9571 elementor-widget-divider--view-line elementor-widget elementor-widget-divider\" data-id=\"96f9571\" data-element_type=\"widget\" data-e-type=\"widget\" data-widget_type=\"divider.default\">\n\t\t\t\t<div class=\"elementor-widget-container\">\n\t\t\t\t\t\t\t<div class=\"elementor-divider\">\n\t\t\t<span class=\"elementor-divider-separator\">\n\t\t\t\t\t\t<\/span>\n\t\t<\/div>\n\t\t\t\t\t\t<\/div>\n\t\t\t\t<\/div>\n\t\t\t\t<\/div>\n\t\t<div class=\"elementor-element elementor-element-2f2875a e-con-full e-flex e-con e-child\" data-id=\"2f2875a\" data-element_type=\"container\" data-e-type=\"container\">\n\t\t\t\t<div class=\"elementor-element elementor-element-22a8eec elementor-widget elementor-widget-text-editor\" data-id=\"22a8eec\" data-element_type=\"widget\" data-e-type=\"widget\" data-widget_type=\"text-editor.default\">\n\t\t\t\t<div class=\"elementor-widget-container\">\n\t\t\t\t\t\t\t\t\t<h3 data-start=\"2607\" data-end=\"2639\">V\u00e9rifiez notre autorisation<\/h3>\n<p data-start=\"2641\" data-end=\"2810\">Vous pouvez v\u00e9rifier l\u2019autorisation FAMI-QS d\u2019IFC Global directement sur le site officiel de FAMI-QS :<\/p>\n<p style=\"text-align: left; margin: 10px 0;\">\n  <span style=\"background-color: #f39c12; color: white; padding: 12px; display: inline-block;\">\n    <a style=\"color: black;\" href=\"https:\/\/fami-qs.org\/certified-organisations\/certification-bodies\/\" target=\"_blank\" rel=\"noopener noreferrer\">\n      <strong>Cliquez ici pour v\u00e9rifier l\u2019autorisation FAMI-QS d\u2019IFC Global<\/strong>\n    <\/a>\n  <\/span>\n<\/p>\n\t\t\t\t\t\t\t\t<\/div>\n\t\t\t\t<\/div>\n\t\t\t\t<div class=\"elementor-element elementor-element-adf54d4 elementor-widget-divider--view-line elementor-widget elementor-widget-divider\" data-id=\"adf54d4\" data-element_type=\"widget\" data-e-type=\"widget\" data-widget_type=\"divider.default\">\n\t\t\t\t<div class=\"elementor-widget-container\">\n\t\t\t\t\t\t\t<div class=\"elementor-divider\">\n\t\t\t<span class=\"elementor-divider-separator\">\n\t\t\t\t\t\t<\/span>\n\t\t<\/div>\n\t\t\t\t\t\t<\/div>\n\t\t\t\t<\/div>\n\t\t\t\t<\/div>\n\t\t<div class=\"elementor-element elementor-element-7c37ea0 e-con-full e-flex e-con e-child\" data-id=\"7c37ea0\" data-element_type=\"container\" data-e-type=\"container\">\n\t\t\t\t<div class=\"elementor-element elementor-element-5da6d5e elementor-widget elementor-widget-text-editor\" data-id=\"5da6d5e\" data-element_type=\"widget\" data-e-type=\"widget\" data-widget_type=\"text-editor.default\">\n\t\t\t\t<div class=\"elementor-widget-container\">\n\t\t\t\t\t\t\t\t\t<h3 data-start=\"2195\" data-end=\"2254\"><strong data-start=\"2199\" data-end=\"2254\">Obtenez votre certification FAMI-QS avec IFC Global<\/strong><\/h3><p data-start=\"2256\" data-end=\"2585\">Assurez la conformit\u00e9 de vos produits avec les exigences de s\u00e9curit\u00e9 des aliments pour animaux, renforcez la cr\u00e9dibilit\u00e9 de votre cha\u00eene d\u2019approvisionnement et d\u00e9veloppez-vous sur les march\u00e9s internationaux gr\u00e2ce \u00e0 la certification FAMI-QS.<br data-start=\"2496\" data-end=\"2499\" \/><strong data-start=\"2499\" data-end=\"2585\">Contactez IFC Global d\u00e8s aujourd\u2019hui pour lancer votre processus de certification.<\/strong><\/p>\t\t\t\t\t\t\t\t<\/div>\n\t\t\t\t<\/div>\n\t\t\t\t<\/div>\n\t\t<div class=\"elementor-element elementor-element-4b11d85 e-con-full e-flex e-con e-parent\" data-id=\"4b11d85\" data-element_type=\"container\" data-e-type=\"container\">\n\t\t\t\t<div class=\"elementor-element elementor-element-2b7dc0b elementor-widget elementor-widget-spacer\" data-id=\"2b7dc0b\" data-element_type=\"widget\" data-e-type=\"widget\" data-widget_type=\"spacer.default\">\n\t\t\t\t<div class=\"elementor-widget-container\">\n\t\t\t\t\t\t\t<div class=\"elementor-spacer\">\n\t\t\t<div class=\"elementor-spacer-inner\"><\/div>\n\t\t<\/div>\n\t\t\t\t\t\t<\/div>\n\t\t\t\t<\/div>\n\t\t\t\t<\/div>\n\t\t<div class=\"elementor-element elementor-element-1ea6502 e-flex e-con-boxed e-con e-parent\" data-id=\"1ea6502\" data-element_type=\"container\" data-e-type=\"container\">\n\t\t\t\t\t<div class=\"e-con-inner\">\n\t\t\t\t<div class=\"elementor-element elementor-element-e7f1c5b elementor-widget elementor-widget-html\" data-id=\"e7f1c5b\" data-element_type=\"widget\" data-e-type=\"widget\" data-widget_type=\"html.default\">\n\t\t\t\t<div class=\"elementor-widget-container\">\n\t\t\t\t\t<div class=\"container\">\r\n    <div class=\"row\">\r\n        <div class=\"col-md-12\">\r\n            <div class=\"slogan-v2\">\r\n                <div class=\"slogan-content\">\r\n                    <div class=\"message\">\r\n                      <h2> Vous N'avez Pas Encore Obtenu Votre Certificat !\u200b<\/h2>\r\n                      <p>Prenez contact avec nos experts pour commancer.\u200b<\/p>\r\n                    <\/div>\r\n                    <div class=\"button-left\">\r\n                        <a href=\"https:\/\/www.ifc-globaltn.com\/index.php\/contact\/\" title=\"contactez-nous\">\r\n                          contactez-nous\r\n                        <\/a>\r\n                    <\/div>\r\n                <\/div>\r\n            <\/div>\r\n        <\/div>\r\n    <\/div>\r\n<\/div>\r\n\t\t\t\t<\/div>\n\t\t\t\t<\/div>\n\t\t\t\t\t<\/div>\n\t\t\t\t<\/div>\n\t\t\t\t<\/div>\n\t\t","protected":false},"excerpt":{"rendered":"<p>FAMI-QS (FEED ADDITIVES AND PREMIXTURES QUALITY SYSTEM) Autorisation FAMI-QS d\u2019IFC Global IFC Global est un organisme de certification officiellement autoris\u00e9 pour le r\u00e9f\u00e9rentiel FAMI-QS, le principal syst\u00e8me de management de la qualit\u00e9 et de la s\u00e9curit\u00e9 des aliments pour le secteur des additifs pour l\u2019alimentation animale et des ingr\u00e9dients sp\u00e9cialis\u00e9s.En tant qu\u2019organisme reconnu par FAMI-QS,&hellip;<\/p>\n","protected":false},"author":3,"featured_media":6533,"parent":0,"menu_order":0,"comment_status":"closed","ping_status":"closed","template":"","meta":{"footnotes":""},"class_list":["post-6625","page","type-page","status-publish","has-post-thumbnail","hentry"],"yoast_head":"<!-- This site is optimized with the Yoast SEO plugin v27.4 - https:\/\/yoast.com\/product\/yoast-seo-wordpress\/ -->\n<title>FAMI-QS Feed Additives and Premixtures Quality System - IFC Global Tunisie<\/title>\n<meta name=\"description\" content=\"IFC Global Tunisie vous accompagne dans la certification FAMI-QS pour garantir la qualit\u00e9 et la s\u00e9curit\u00e9 des additifs et pr\u00e9m\u00e9langes alimentaires.\" \/>\n<meta name=\"robots\" content=\"index, follow, max-snippet:-1, max-image-preview:large, max-video-preview:-1\" \/>\n<link rel=\"canonical\" href=\"https:\/\/www.ifc-globaltn.com\/index.php\/fami-qs-feed-additives-and-premixtures-quality-system\/\" \/>\n<meta property=\"og:locale\" content=\"fr_FR\" \/>\n<meta property=\"og:type\" content=\"article\" \/>\n<meta property=\"og:title\" content=\"FAMI-QS Feed Additives and Premixtures Quality System - IFC Global Tunisie\" \/>\n<meta property=\"og:description\" content=\"IFC Global Tunisie vous accompagne dans la certification FAMI-QS pour garantir la qualit\u00e9 et la s\u00e9curit\u00e9 des additifs et pr\u00e9m\u00e9langes alimentaires.\" \/>\n<meta property=\"og:url\" content=\"https:\/\/www.ifc-globaltn.com\/index.php\/fami-qs-feed-additives-and-premixtures-quality-system\/\" \/>\n<meta property=\"og:site_name\" content=\"IFC Global.TN\" \/>\n<meta property=\"article:modified_time\" content=\"2025-07-14T11:04:18+00:00\" \/>\n<meta property=\"og:image\" content=\"https:\/\/www.ifc-globaltn.com\/wp-content\/uploads\/2025\/06\/akrediteasyonlar.png\" \/>\n\t<meta property=\"og:image:width\" content=\"1920\" \/>\n\t<meta property=\"og:image:height\" content=\"300\" \/>\n\t<meta property=\"og:image:type\" content=\"image\/png\" \/>\n<meta name=\"twitter:card\" content=\"summary_large_image\" \/>\n<meta name=\"twitter:label1\" content=\"Dur\u00e9e de lecture estim\u00e9e\" \/>\n\t<meta name=\"twitter:data1\" content=\"3 minutes\" \/>\n<script type=\"application\/ld+json\" class=\"yoast-schema-graph\">{\"@context\":\"https:\\\/\\\/schema.org\",\"@graph\":[{\"@type\":\"WebPage\",\"@id\":\"https:\\\/\\\/www.ifc-globaltn.com\\\/index.php\\\/fami-qs-feed-additives-and-premixtures-quality-system\\\/\",\"url\":\"https:\\\/\\\/www.ifc-globaltn.com\\\/index.php\\\/fami-qs-feed-additives-and-premixtures-quality-system\\\/\",\"name\":\"FAMI-QS Feed Additives and Premixtures Quality System - IFC Global Tunisie\",\"isPartOf\":{\"@id\":\"https:\\\/\\\/www.ifc-globaltn.com\\\/#website\"},\"primaryImageOfPage\":{\"@id\":\"https:\\\/\\\/www.ifc-globaltn.com\\\/index.php\\\/fami-qs-feed-additives-and-premixtures-quality-system\\\/#primaryimage\"},\"image\":{\"@id\":\"https:\\\/\\\/www.ifc-globaltn.com\\\/index.php\\\/fami-qs-feed-additives-and-premixtures-quality-system\\\/#primaryimage\"},\"thumbnailUrl\":\"https:\\\/\\\/www.ifc-globaltn.com\\\/wp-content\\\/uploads\\\/2025\\\/06\\\/akrediteasyonlar.png\",\"datePublished\":\"2025-06-27T21:18:18+00:00\",\"dateModified\":\"2025-07-14T11:04:18+00:00\",\"description\":\"IFC Global Tunisie vous accompagne dans la certification FAMI-QS pour garantir la qualit\u00e9 et la s\u00e9curit\u00e9 des additifs et pr\u00e9m\u00e9langes alimentaires.\",\"breadcrumb\":{\"@id\":\"https:\\\/\\\/www.ifc-globaltn.com\\\/index.php\\\/fami-qs-feed-additives-and-premixtures-quality-system\\\/#breadcrumb\"},\"inLanguage\":\"fr-FR\",\"potentialAction\":[{\"@type\":\"ReadAction\",\"target\":[\"https:\\\/\\\/www.ifc-globaltn.com\\\/index.php\\\/fami-qs-feed-additives-and-premixtures-quality-system\\\/\"]}]},{\"@type\":\"ImageObject\",\"inLanguage\":\"fr-FR\",\"@id\":\"https:\\\/\\\/www.ifc-globaltn.com\\\/index.php\\\/fami-qs-feed-additives-and-premixtures-quality-system\\\/#primaryimage\",\"url\":\"https:\\\/\\\/www.ifc-globaltn.com\\\/wp-content\\\/uploads\\\/2025\\\/06\\\/akrediteasyonlar.png\",\"contentUrl\":\"https:\\\/\\\/www.ifc-globaltn.com\\\/wp-content\\\/uploads\\\/2025\\\/06\\\/akrediteasyonlar.png\",\"width\":1920,\"height\":300},{\"@type\":\"BreadcrumbList\",\"@id\":\"https:\\\/\\\/www.ifc-globaltn.com\\\/index.php\\\/fami-qs-feed-additives-and-premixtures-quality-system\\\/#breadcrumb\",\"itemListElement\":[{\"@type\":\"ListItem\",\"position\":1,\"name\":\"Accueil\",\"item\":\"https:\\\/\\\/www.ifc-globaltn.com\\\/\"},{\"@type\":\"ListItem\",\"position\":2,\"name\":\"FAMI-QS (FEED ADDITIVES AND PREMIXTURES QUALITY SYSTEM)\"}]},{\"@type\":\"WebSite\",\"@id\":\"https:\\\/\\\/www.ifc-globaltn.com\\\/#website\",\"url\":\"https:\\\/\\\/www.ifc-globaltn.com\\\/\",\"name\":\"IFC Global.TN\",\"description\":\"Bienvenue sur IFC Global.TN Nous sommes la branche tunisienne officielle de IFC Global, un leader mondial dans le domaine des certifications ISO et des solutions de conformit\u00e9.\",\"publisher\":{\"@id\":\"https:\\\/\\\/www.ifc-globaltn.com\\\/#organization\"},\"potentialAction\":[{\"@type\":\"SearchAction\",\"target\":{\"@type\":\"EntryPoint\",\"urlTemplate\":\"https:\\\/\\\/www.ifc-globaltn.com\\\/?s={search_term_string}\"},\"query-input\":{\"@type\":\"PropertyValueSpecification\",\"valueRequired\":true,\"valueName\":\"search_term_string\"}}],\"inLanguage\":\"fr-FR\"},{\"@type\":\"Organization\",\"@id\":\"https:\\\/\\\/www.ifc-globaltn.com\\\/#organization\",\"name\":\"IFC Global.TN\",\"url\":\"https:\\\/\\\/www.ifc-globaltn.com\\\/\",\"logo\":{\"@type\":\"ImageObject\",\"inLanguage\":\"fr-FR\",\"@id\":\"https:\\\/\\\/www.ifc-globaltn.com\\\/#\\\/schema\\\/logo\\\/image\\\/\",\"url\":\"https:\\\/\\\/www.ifc-globaltn.com\\\/wp-content\\\/uploads\\\/2025\\\/01\\\/ifcgloballogo.png\",\"contentUrl\":\"https:\\\/\\\/www.ifc-globaltn.com\\\/wp-content\\\/uploads\\\/2025\\\/01\\\/ifcgloballogo.png\",\"width\":245,\"height\":90,\"caption\":\"IFC Global.TN\"},\"image\":{\"@id\":\"https:\\\/\\\/www.ifc-globaltn.com\\\/#\\\/schema\\\/logo\\\/image\\\/\"}}]}<\/script>\n<!-- \/ Yoast SEO plugin. -->","yoast_head_json":{"title":"FAMI-QS Feed Additives and Premixtures Quality System - IFC Global Tunisie","description":"IFC Global Tunisie vous accompagne dans la certification FAMI-QS pour garantir la qualit\u00e9 et la s\u00e9curit\u00e9 des additifs et pr\u00e9m\u00e9langes alimentaires.","robots":{"index":"index","follow":"follow","max-snippet":"max-snippet:-1","max-image-preview":"max-image-preview:large","max-video-preview":"max-video-preview:-1"},"canonical":"https:\/\/www.ifc-globaltn.com\/index.php\/fami-qs-feed-additives-and-premixtures-quality-system\/","og_locale":"fr_FR","og_type":"article","og_title":"FAMI-QS Feed Additives and Premixtures Quality System - IFC Global Tunisie","og_description":"IFC Global Tunisie vous accompagne dans la certification FAMI-QS pour garantir la qualit\u00e9 et la s\u00e9curit\u00e9 des additifs et pr\u00e9m\u00e9langes alimentaires.","og_url":"https:\/\/www.ifc-globaltn.com\/index.php\/fami-qs-feed-additives-and-premixtures-quality-system\/","og_site_name":"IFC Global.TN","article_modified_time":"2025-07-14T11:04:18+00:00","og_image":[{"width":1920,"height":300,"url":"https:\/\/www.ifc-globaltn.com\/wp-content\/uploads\/2025\/06\/akrediteasyonlar.png","type":"image\/png"}],"twitter_card":"summary_large_image","twitter_misc":{"Dur\u00e9e de lecture estim\u00e9e":"3 minutes"},"schema":{"@context":"https:\/\/schema.org","@graph":[{"@type":"WebPage","@id":"https:\/\/www.ifc-globaltn.com\/index.php\/fami-qs-feed-additives-and-premixtures-quality-system\/","url":"https:\/\/www.ifc-globaltn.com\/index.php\/fami-qs-feed-additives-and-premixtures-quality-system\/","name":"FAMI-QS Feed Additives and Premixtures Quality System - IFC Global Tunisie","isPartOf":{"@id":"https:\/\/www.ifc-globaltn.com\/#website"},"primaryImageOfPage":{"@id":"https:\/\/www.ifc-globaltn.com\/index.php\/fami-qs-feed-additives-and-premixtures-quality-system\/#primaryimage"},"image":{"@id":"https:\/\/www.ifc-globaltn.com\/index.php\/fami-qs-feed-additives-and-premixtures-quality-system\/#primaryimage"},"thumbnailUrl":"https:\/\/www.ifc-globaltn.com\/wp-content\/uploads\/2025\/06\/akrediteasyonlar.png","datePublished":"2025-06-27T21:18:18+00:00","dateModified":"2025-07-14T11:04:18+00:00","description":"IFC Global Tunisie vous accompagne dans la certification FAMI-QS pour garantir la qualit\u00e9 et la s\u00e9curit\u00e9 des additifs et pr\u00e9m\u00e9langes alimentaires.","breadcrumb":{"@id":"https:\/\/www.ifc-globaltn.com\/index.php\/fami-qs-feed-additives-and-premixtures-quality-system\/#breadcrumb"},"inLanguage":"fr-FR","potentialAction":[{"@type":"ReadAction","target":["https:\/\/www.ifc-globaltn.com\/index.php\/fami-qs-feed-additives-and-premixtures-quality-system\/"]}]},{"@type":"ImageObject","inLanguage":"fr-FR","@id":"https:\/\/www.ifc-globaltn.com\/index.php\/fami-qs-feed-additives-and-premixtures-quality-system\/#primaryimage","url":"https:\/\/www.ifc-globaltn.com\/wp-content\/uploads\/2025\/06\/akrediteasyonlar.png","contentUrl":"https:\/\/www.ifc-globaltn.com\/wp-content\/uploads\/2025\/06\/akrediteasyonlar.png","width":1920,"height":300},{"@type":"BreadcrumbList","@id":"https:\/\/www.ifc-globaltn.com\/index.php\/fami-qs-feed-additives-and-premixtures-quality-system\/#breadcrumb","itemListElement":[{"@type":"ListItem","position":1,"name":"Accueil","item":"https:\/\/www.ifc-globaltn.com\/"},{"@type":"ListItem","position":2,"name":"FAMI-QS (FEED ADDITIVES AND PREMIXTURES QUALITY SYSTEM)"}]},{"@type":"WebSite","@id":"https:\/\/www.ifc-globaltn.com\/#website","url":"https:\/\/www.ifc-globaltn.com\/","name":"IFC Global.TN","description":"Bienvenue sur IFC Global.TN Nous sommes la branche tunisienne officielle de IFC Global, un leader mondial dans le domaine des certifications ISO et des solutions de conformit\u00e9.","publisher":{"@id":"https:\/\/www.ifc-globaltn.com\/#organization"},"potentialAction":[{"@type":"SearchAction","target":{"@type":"EntryPoint","urlTemplate":"https:\/\/www.ifc-globaltn.com\/?s={search_term_string}"},"query-input":{"@type":"PropertyValueSpecification","valueRequired":true,"valueName":"search_term_string"}}],"inLanguage":"fr-FR"},{"@type":"Organization","@id":"https:\/\/www.ifc-globaltn.com\/#organization","name":"IFC Global.TN","url":"https:\/\/www.ifc-globaltn.com\/","logo":{"@type":"ImageObject","inLanguage":"fr-FR","@id":"https:\/\/www.ifc-globaltn.com\/#\/schema\/logo\/image\/","url":"https:\/\/www.ifc-globaltn.com\/wp-content\/uploads\/2025\/01\/ifcgloballogo.png","contentUrl":"https:\/\/www.ifc-globaltn.com\/wp-content\/uploads\/2025\/01\/ifcgloballogo.png","width":245,"height":90,"caption":"IFC Global.TN"},"image":{"@id":"https:\/\/www.ifc-globaltn.com\/#\/schema\/logo\/image\/"}}]}},"_links":{"self":[{"href":"https:\/\/www.ifc-globaltn.com\/index.php\/wp-json\/wp\/v2\/pages\/6625","targetHints":{"allow":["GET"]}}],"collection":[{"href":"https:\/\/www.ifc-globaltn.com\/index.php\/wp-json\/wp\/v2\/pages"}],"about":[{"href":"https:\/\/www.ifc-globaltn.com\/index.php\/wp-json\/wp\/v2\/types\/page"}],"author":[{"embeddable":true,"href":"https:\/\/www.ifc-globaltn.com\/index.php\/wp-json\/wp\/v2\/users\/3"}],"replies":[{"embeddable":true,"href":"https:\/\/www.ifc-globaltn.com\/index.php\/wp-json\/wp\/v2\/comments?post=6625"}],"version-history":[{"count":13,"href":"https:\/\/www.ifc-globaltn.com\/index.php\/wp-json\/wp\/v2\/pages\/6625\/revisions"}],"predecessor-version":[{"id":6710,"href":"https:\/\/www.ifc-globaltn.com\/index.php\/wp-json\/wp\/v2\/pages\/6625\/revisions\/6710"}],"wp:featuredmedia":[{"embeddable":true,"href":"https:\/\/www.ifc-globaltn.com\/index.php\/wp-json\/wp\/v2\/media\/6533"}],"wp:attachment":[{"href":"https:\/\/www.ifc-globaltn.com\/index.php\/wp-json\/wp\/v2\/media?parent=6625"}],"curies":[{"name":"wp","href":"https:\/\/api.w.org\/{rel}","templated":true}]}}