{"id":6637,"date":"2025-06-27T22:25:22","date_gmt":"2025-06-27T21:25:22","guid":{"rendered":"https:\/\/www.ifc-globaltn.com\/?page_id=6637"},"modified":"2025-07-14T12:04:59","modified_gmt":"2025-07-14T11:04:59","slug":"textile-exchange","status":"publish","type":"page","link":"https:\/\/www.ifc-globaltn.com\/index.php\/textile-exchange\/","title":{"rendered":"TEXTILE EXCHANGE"},"content":{"rendered":"\t\t<div data-elementor-type=\"wp-page\" data-elementor-id=\"6637\" class=\"elementor elementor-6637\" data-elementor-post-type=\"page\">\n\t\t\t\t<div class=\"elementor-element elementor-element-a9b1d5a e-con-full e-flex e-con e-parent\" data-id=\"a9b1d5a\" data-element_type=\"container\" data-e-type=\"container\">\n\t\t\t\t<div class=\"elementor-element elementor-element-e6b6760 elementor-widget__width-initial elementor-widget elementor-widget-heading\" data-id=\"e6b6760\" data-element_type=\"widget\" data-e-type=\"widget\" data-widget_type=\"heading.default\">\n\t\t\t\t<div class=\"elementor-widget-container\">\n\t\t\t\t\t<h3 class=\"elementor-heading-title elementor-size-default\">TEXTILE EXCHANGE<\/h3>\t\t\t\t<\/div>\n\t\t\t\t<\/div>\n\t\t\t\t<div class=\"elementor-element elementor-element-d888e52 elementor-widget-divider--view-line elementor-widget elementor-widget-divider\" data-id=\"d888e52\" data-element_type=\"widget\" data-e-type=\"widget\" data-widget_type=\"divider.default\">\n\t\t\t\t<div class=\"elementor-widget-container\">\n\t\t\t\t\t\t\t<div class=\"elementor-divider\">\n\t\t\t<span class=\"elementor-divider-separator\">\n\t\t\t\t\t\t<\/span>\n\t\t<\/div>\n\t\t\t\t\t\t<\/div>\n\t\t\t\t<\/div>\n\t\t\t\t<\/div>\n\t\t<div class=\"elementor-element elementor-element-53b269a e-con-full e-flex e-con e-parent\" data-id=\"53b269a\" data-element_type=\"container\" data-e-type=\"container\">\n\t\t<div class=\"elementor-element elementor-element-a2d7435 e-con-full e-flex e-con e-child\" data-id=\"a2d7435\" data-element_type=\"container\" data-e-type=\"container\">\n\t\t\t\t<div class=\"elementor-element elementor-element-d71d024 elementor-widget elementor-widget-image\" data-id=\"d71d024\" data-element_type=\"widget\" data-e-type=\"widget\" data-widget_type=\"image.default\">\n\t\t\t\t<div class=\"elementor-widget-container\">\n\t\t\t\t\t\t\t\t\t\t\t\t\t\t\t<img decoding=\"async\" width=\"200\" height=\"200\" src=\"https:\/\/www.ifc-globaltn.com\/wp-content\/uploads\/2025\/06\/textile-exchange.png\" class=\"attachment-medium size-medium wp-image-6549\" alt=\"\" srcset=\"https:\/\/www.ifc-globaltn.com\/wp-content\/uploads\/2025\/06\/textile-exchange.png 200w, https:\/\/www.ifc-globaltn.com\/wp-content\/uploads\/2025\/06\/textile-exchange-150x150.png 150w\" sizes=\"(max-width: 200px) 100vw, 200px\" \/>\t\t\t\t\t\t\t\t\t\t\t\t\t\t\t<\/div>\n\t\t\t\t<\/div>\n\t\t\t\t<\/div>\n\t\t<div class=\"elementor-element elementor-element-85cbb5e e-con-full e-flex e-con e-child\" data-id=\"85cbb5e\" data-element_type=\"container\" data-e-type=\"container\">\n\t\t\t\t<div class=\"elementor-element elementor-element-a1628fe elementor-widget elementor-widget-text-editor\" data-id=\"a1628fe\" data-element_type=\"widget\" data-e-type=\"widget\" data-widget_type=\"text-editor.default\">\n\t\t\t\t<div class=\"elementor-widget-container\">\n\t\t\t\t\t\t\t\t\t<h3 data-start=\"125\" data-end=\"175\"><strong data-start=\"129\" data-end=\"175\">Autorisation Textile Exchange d\u2019IFC Global<\/strong><\/h3><p data-start=\"177\" data-end=\"321\"><strong data-start=\"177\" data-end=\"191\">IFC Global<\/strong> est un organisme de certification officiellement autoris\u00e9 pour les standards de durabilit\u00e9 de <strong data-start=\"286\" data-end=\"306\">Textile Exchange<\/strong>, notamment :<\/p><p data-start=\"324\" data-end=\"360\"><strong data-start=\"324\" data-end=\"358\">GRS (Global Recycled Standard)<\/strong><\/p><p data-start=\"363\" data-end=\"399\"><strong data-start=\"363\" data-end=\"397\">OCS (Organic Content Standard)<\/strong><\/p><p data-start=\"402\" data-end=\"437\"><strong data-start=\"402\" data-end=\"435\">RCS (Recycled Claim Standard)<\/strong><\/p><p data-start=\"440\" data-end=\"477\"><strong data-start=\"440\" data-end=\"475\">RWS (Responsible Wool Standard)<\/strong><\/p><p data-start=\"479\" data-end=\"718\">En tant que prestataire approuv\u00e9 par Textile Exchange, nous accompagnons les entreprises du secteur textile et de la mode dans leur conformit\u00e9 aux exigences mondiales en mati\u00e8re de durabilit\u00e9, de tra\u00e7abilit\u00e9 et d\u2019approvisionnement \u00e9thique.<\/p>\t\t\t\t\t\t\t\t<\/div>\n\t\t\t\t<\/div>\n\t\t\t\t<\/div>\n\t\t\t\t<\/div>\n\t\t<div class=\"elementor-element elementor-element-af5bb41 e-con-full e-flex e-con e-child\" data-id=\"af5bb41\" data-element_type=\"container\" data-e-type=\"container\">\n\t\t\t\t<div class=\"elementor-element elementor-element-a4ae781 elementor-widget elementor-widget-text-editor\" data-id=\"a4ae781\" data-element_type=\"widget\" data-e-type=\"widget\" data-widget_type=\"text-editor.default\">\n\t\t\t\t<div class=\"elementor-widget-container\">\n\t\t\t\t\t\t\t\t\t<h3 data-start=\"725\" data-end=\"782\"><strong data-start=\"729\" data-end=\"782\">Qu\u2019est-ce que la certification Textile Exchange ?<\/strong><\/h3><p data-start=\"784\" data-end=\"1070\"><strong data-start=\"784\" data-end=\"804\">Textile Exchange<\/strong> est une organisation mondialement reconnue qui d\u00e9finit des standards de durabilit\u00e9 pour l\u2019industrie textile, en garantissant une production, un approvisionnement et un traitement des mati\u00e8res premi\u00e8res responsables.<br data-start=\"1020\" data-end=\"1023\" \/>Les standards que nous certifions comprennent :<\/p><p data-start=\"1074\" data-end=\"1269\"><strong data-start=\"1076\" data-end=\"1110\">Global Recycled Standard (GRS)<\/strong> \u2013 V\u00e9rifie la teneur en mati\u00e8res recycl\u00e9es tout en assurant le respect de crit\u00e8res environnementaux et sociaux tout au long de la cha\u00eene d\u2019approvisionnement.<\/p><p data-start=\"1272\" data-end=\"1416\"><strong data-start=\"1274\" data-end=\"1308\">Organic Content Standard (OCS)<\/strong> \u2013 Confirme la pr\u00e9sence et la tra\u00e7abilit\u00e9 des mati\u00e8res biologiques depuis la ferme jusqu\u2019au produit final.<\/p><p data-start=\"1419\" data-end=\"1574\"><strong data-start=\"1421\" data-end=\"1454\">Recycled Claim Standard (RCS)<\/strong> \u2013 Assure le suivi rigoureux et la v\u00e9rification des mati\u00e8res premi\u00e8res recycl\u00e9es utilis\u00e9es dans les produits textiles.<\/p><p data-start=\"1577\" data-end=\"1749\"><strong data-start=\"1579\" data-end=\"1614\">Responsible Wool Standard (RWS)<\/strong> \u2013 Garantit des pratiques \u00e9thiques et durables dans la production de laine, en prot\u00e9geant le bien-\u00eatre animal et la gestion des terres.<\/p>\t\t\t\t\t\t\t\t<\/div>\n\t\t\t\t<\/div>\n\t\t\t\t<div class=\"elementor-element elementor-element-0a82000 elementor-widget-divider--view-line elementor-widget elementor-widget-divider\" data-id=\"0a82000\" data-element_type=\"widget\" data-e-type=\"widget\" data-widget_type=\"divider.default\">\n\t\t\t\t<div class=\"elementor-widget-container\">\n\t\t\t\t\t\t\t<div class=\"elementor-divider\">\n\t\t\t<span class=\"elementor-divider-separator\">\n\t\t\t\t\t\t<\/span>\n\t\t<\/div>\n\t\t\t\t\t\t<\/div>\n\t\t\t\t<\/div>\n\t\t\t\t<\/div>\n\t\t<div class=\"elementor-element elementor-element-50da7de e-con-full e-flex e-con e-child\" data-id=\"50da7de\" data-element_type=\"container\" data-e-type=\"container\">\n\t\t\t\t<div class=\"elementor-element elementor-element-b6f9aba elementor-widget elementor-widget-text-editor\" data-id=\"b6f9aba\" data-element_type=\"widget\" data-e-type=\"widget\" data-widget_type=\"text-editor.default\">\n\t\t\t\t<div class=\"elementor-widget-container\">\n\t\t\t\t\t\t\t\t\t<h3 data-start=\"1756\" data-end=\"1833\"><strong data-start=\"1760\" data-end=\"1833\">Pourquoi choisir IFC Global pour une certification Textile Exchange ?<\/strong><\/h3><p data-start=\"1837\" data-end=\"1992\"><strong data-start=\"1839\" data-end=\"1897\">Organisme officiellement autoris\u00e9 par Textile Exchange<\/strong> \u2013 Reconnu pour la conduite d\u2019audits et la d\u00e9livrance des certifications GRS, OCS, RCS et RWS<\/p><p data-start=\"1995\" data-end=\"2123\"><strong data-start=\"1997\" data-end=\"2033\">Acc\u00e8s aux march\u00e9s internationaux<\/strong> \u2013 Aide les entreprises \u00e0 r\u00e9pondre aux exigences globales de durabilit\u00e9 et de conformit\u00e9<\/p><p data-start=\"2126\" data-end=\"2253\"><strong data-start=\"2128\" data-end=\"2171\">Cha\u00eene d\u2019approvisionnement transparente<\/strong> \u2013 Garantit la tra\u00e7abilit\u00e9 et l\u2019int\u00e9grit\u00e9 de la mati\u00e8re premi\u00e8re au produit fini<\/p><p data-start=\"2256\" data-end=\"2423\"><strong data-start=\"2258\" data-end=\"2286\">Leadership en durabilit\u00e9<\/strong> \u2013 Soutient les marques dans la r\u00e9duction de leur impact environnemental et l\u2019am\u00e9lioration de leurs pratiques d\u2019approvisionnement \u00e9thique<\/p>\t\t\t\t\t\t\t\t<\/div>\n\t\t\t\t<\/div>\n\t\t\t\t<div class=\"elementor-element elementor-element-0ce41bd elementor-widget-divider--view-line elementor-widget elementor-widget-divider\" data-id=\"0ce41bd\" data-element_type=\"widget\" data-e-type=\"widget\" data-widget_type=\"divider.default\">\n\t\t\t\t<div class=\"elementor-widget-container\">\n\t\t\t\t\t\t\t<div class=\"elementor-divider\">\n\t\t\t<span class=\"elementor-divider-separator\">\n\t\t\t\t\t\t<\/span>\n\t\t<\/div>\n\t\t\t\t\t\t<\/div>\n\t\t\t\t<\/div>\n\t\t\t\t<\/div>\n\t\t<div class=\"elementor-element elementor-element-31f63d3 e-con-full e-flex e-con e-child\" data-id=\"31f63d3\" data-element_type=\"container\" data-e-type=\"container\">\n\t\t\t\t<div class=\"elementor-element elementor-element-48fad5b elementor-widget elementor-widget-text-editor\" data-id=\"48fad5b\" data-element_type=\"widget\" data-e-type=\"widget\" data-widget_type=\"text-editor.default\">\n\t\t\t\t<div class=\"elementor-widget-container\">\n\t\t\t\t\t\t\t\t\t<h3 data-start=\"2607\" data-end=\"2639\">V\u00e9rifiez notre autorisation<\/h3>\n<p data-start=\"2641\" data-end=\"2810\">Vous pouvez v\u00e9rifier l\u2019autorisation d\u2019IFC Global sur le site officiel de Textile Exchange :<\/p>\n<p style=\"text-align: left; margin: 10px 0;\">\n  <span style=\"background-color: #3498db; color: white; padding: 12px; display: inline-block;\">\n    <a style=\"color: black;\" href=\"https:\/\/textileexchange.org\/certification-bodies\/\" target=\"_blank\" rel=\"noopener noreferrer\">\n      <strong>Cliquez ici pour v\u00e9rifier l\u2019autorisation Textile Exchange d\u2019IFC Global<\/strong>\n    <\/a>\n  <\/span>\n<\/p>\n\t\t\t\t\t\t\t\t<\/div>\n\t\t\t\t<\/div>\n\t\t\t\t<div class=\"elementor-element elementor-element-c792d97 elementor-widget-divider--view-line elementor-widget elementor-widget-divider\" data-id=\"c792d97\" data-element_type=\"widget\" data-e-type=\"widget\" data-widget_type=\"divider.default\">\n\t\t\t\t<div class=\"elementor-widget-container\">\n\t\t\t\t\t\t\t<div class=\"elementor-divider\">\n\t\t\t<span class=\"elementor-divider-separator\">\n\t\t\t\t\t\t<\/span>\n\t\t<\/div>\n\t\t\t\t\t\t<\/div>\n\t\t\t\t<\/div>\n\t\t\t\t<\/div>\n\t\t<div class=\"elementor-element elementor-element-b4d0c20 e-con-full e-flex e-con e-child\" data-id=\"b4d0c20\" data-element_type=\"container\" data-e-type=\"container\">\n\t\t\t\t<div class=\"elementor-element elementor-element-c0c0440 elementor-widget elementor-widget-text-editor\" data-id=\"c0c0440\" data-element_type=\"widget\" data-e-type=\"widget\" data-widget_type=\"text-editor.default\">\n\t\t\t\t<div class=\"elementor-widget-container\">\n\t\t\t\t\t\t\t\t\t<h3 data-start=\"2645\" data-end=\"2713\"><strong data-start=\"2649\" data-end=\"2713\">Obtenez votre certification Textile Exchange avec IFC Global<\/strong><\/h3><p>\u00a0<\/p><p data-start=\"2715\" data-end=\"2984\">D\u00e9montrez votre engagement en faveur de la durabilit\u00e9, de la responsabilit\u00e9 \u00e9thique et de la transparence de votre cha\u00eene d\u2019approvisionnement gr\u00e2ce \u00e0 la certification Textile Exchange.<br data-start=\"2899\" data-end=\"2902\" \/><strong data-start=\"2902\" data-end=\"2936\">Contactez-nous d\u00e8s aujourd\u2019hui<\/strong> pour commencer votre parcours de certification.<\/p>\t\t\t\t\t\t\t\t<\/div>\n\t\t\t\t<\/div>\n\t\t\t\t<\/div>\n\t\t<div class=\"elementor-element elementor-element-e22f374 e-con-full e-flex e-con e-parent\" data-id=\"e22f374\" data-element_type=\"container\" data-e-type=\"container\">\n\t\t\t\t<div class=\"elementor-element elementor-element-8df8bbd elementor-widget elementor-widget-spacer\" data-id=\"8df8bbd\" data-element_type=\"widget\" data-e-type=\"widget\" data-widget_type=\"spacer.default\">\n\t\t\t\t<div class=\"elementor-widget-container\">\n\t\t\t\t\t\t\t<div class=\"elementor-spacer\">\n\t\t\t<div class=\"elementor-spacer-inner\"><\/div>\n\t\t<\/div>\n\t\t\t\t\t\t<\/div>\n\t\t\t\t<\/div>\n\t\t\t\t<\/div>\n\t\t<div class=\"elementor-element elementor-element-a8bc76b e-flex e-con-boxed e-con e-parent\" data-id=\"a8bc76b\" data-element_type=\"container\" data-e-type=\"container\">\n\t\t\t\t\t<div class=\"e-con-inner\">\n\t\t\t\t<div class=\"elementor-element elementor-element-e0b0186 elementor-widget elementor-widget-html\" data-id=\"e0b0186\" data-element_type=\"widget\" data-e-type=\"widget\" data-widget_type=\"html.default\">\n\t\t\t\t<div class=\"elementor-widget-container\">\n\t\t\t\t\t<div class=\"container\">\r\n    <div class=\"row\">\r\n        <div class=\"col-md-12\">\r\n            <div class=\"slogan-v2\">\r\n                <div class=\"slogan-content\">\r\n                    <div class=\"message\">\r\n                      <h2> Vous N'avez Pas Encore Obtenu Votre Certificat !\u200b<\/h2>\r\n                      <p>Prenez contact avec nos experts pour commancer.\u200b<\/p>\r\n                    <\/div>\r\n                    <div class=\"button-left\">\r\n                        <a href=\"https:\/\/www.ifc-globaltn.com\/index.php\/contact\/\" title=\"contactez-nous\">\r\n                          contactez-nous\r\n                        <\/a>\r\n                    <\/div>\r\n                <\/div>\r\n            <\/div>\r\n        <\/div>\r\n    <\/div>\r\n<\/div>\r\n\t\t\t\t<\/div>\n\t\t\t\t<\/div>\n\t\t\t\t\t<\/div>\n\t\t\t\t<\/div>\n\t\t\t\t<\/div>\n\t\t","protected":false},"excerpt":{"rendered":"<p>TEXTILE EXCHANGE Autorisation Textile Exchange d\u2019IFC Global IFC Global est un organisme de certification officiellement autoris\u00e9 pour les standards de durabilit\u00e9 de Textile Exchange, notamment : GRS (Global Recycled Standard) OCS (Organic Content Standard) RCS (Recycled Claim Standard) RWS (Responsible Wool Standard) En tant que prestataire approuv\u00e9 par Textile Exchange, nous accompagnons les entreprises du&hellip;<\/p>\n","protected":false},"author":3,"featured_media":6533,"parent":0,"menu_order":0,"comment_status":"closed","ping_status":"closed","template":"","meta":{"footnotes":""},"class_list":["post-6637","page","type-page","status-publish","has-post-thumbnail","hentry"],"yoast_head":"<!-- This site is optimized with the Yoast SEO plugin v27.4 - https:\/\/yoast.com\/product\/yoast-seo-wordpress\/ -->\n<title>Textile Exchange - IFC Global Tunisie<\/title>\n<meta name=\"description\" content=\"IFC Global Tunisie vous pr\u00e9sente Textile Exchange, une organisation d\u00e9di\u00e9e \u00e0 la promotion de pratiques durables dans l&#039;industrie textile.\" \/>\n<meta name=\"robots\" content=\"index, follow, max-snippet:-1, max-image-preview:large, max-video-preview:-1\" \/>\n<link rel=\"canonical\" href=\"https:\/\/www.ifc-globaltn.com\/index.php\/textile-exchange\/\" \/>\n<meta property=\"og:locale\" content=\"fr_FR\" \/>\n<meta property=\"og:type\" content=\"article\" \/>\n<meta property=\"og:title\" content=\"Textile Exchange - IFC Global Tunisie\" \/>\n<meta property=\"og:description\" content=\"IFC Global Tunisie vous pr\u00e9sente Textile Exchange, une organisation d\u00e9di\u00e9e \u00e0 la promotion de pratiques durables dans l&#039;industrie textile.\" \/>\n<meta property=\"og:url\" content=\"https:\/\/www.ifc-globaltn.com\/index.php\/textile-exchange\/\" \/>\n<meta property=\"og:site_name\" content=\"IFC Global.TN\" \/>\n<meta property=\"article:modified_time\" content=\"2025-07-14T11:04:59+00:00\" \/>\n<meta property=\"og:image\" content=\"https:\/\/www.ifc-globaltn.com\/wp-content\/uploads\/2025\/06\/akrediteasyonlar.png\" \/>\n\t<meta property=\"og:image:width\" content=\"1920\" \/>\n\t<meta property=\"og:image:height\" content=\"300\" \/>\n\t<meta property=\"og:image:type\" content=\"image\/png\" \/>\n<meta name=\"twitter:card\" content=\"summary_large_image\" \/>\n<meta name=\"twitter:label1\" content=\"Dur\u00e9e de lecture estim\u00e9e\" \/>\n\t<meta name=\"twitter:data1\" content=\"3 minutes\" \/>\n<script type=\"application\/ld+json\" class=\"yoast-schema-graph\">{\"@context\":\"https:\\\/\\\/schema.org\",\"@graph\":[{\"@type\":\"WebPage\",\"@id\":\"https:\\\/\\\/www.ifc-globaltn.com\\\/index.php\\\/textile-exchange\\\/\",\"url\":\"https:\\\/\\\/www.ifc-globaltn.com\\\/index.php\\\/textile-exchange\\\/\",\"name\":\"Textile Exchange - IFC Global Tunisie\",\"isPartOf\":{\"@id\":\"https:\\\/\\\/www.ifc-globaltn.com\\\/#website\"},\"primaryImageOfPage\":{\"@id\":\"https:\\\/\\\/www.ifc-globaltn.com\\\/index.php\\\/textile-exchange\\\/#primaryimage\"},\"image\":{\"@id\":\"https:\\\/\\\/www.ifc-globaltn.com\\\/index.php\\\/textile-exchange\\\/#primaryimage\"},\"thumbnailUrl\":\"https:\\\/\\\/www.ifc-globaltn.com\\\/wp-content\\\/uploads\\\/2025\\\/06\\\/akrediteasyonlar.png\",\"datePublished\":\"2025-06-27T21:25:22+00:00\",\"dateModified\":\"2025-07-14T11:04:59+00:00\",\"description\":\"IFC Global Tunisie vous pr\u00e9sente Textile Exchange, une organisation d\u00e9di\u00e9e \u00e0 la promotion de pratiques durables dans l'industrie textile.\",\"breadcrumb\":{\"@id\":\"https:\\\/\\\/www.ifc-globaltn.com\\\/index.php\\\/textile-exchange\\\/#breadcrumb\"},\"inLanguage\":\"fr-FR\",\"potentialAction\":[{\"@type\":\"ReadAction\",\"target\":[\"https:\\\/\\\/www.ifc-globaltn.com\\\/index.php\\\/textile-exchange\\\/\"]}]},{\"@type\":\"ImageObject\",\"inLanguage\":\"fr-FR\",\"@id\":\"https:\\\/\\\/www.ifc-globaltn.com\\\/index.php\\\/textile-exchange\\\/#primaryimage\",\"url\":\"https:\\\/\\\/www.ifc-globaltn.com\\\/wp-content\\\/uploads\\\/2025\\\/06\\\/akrediteasyonlar.png\",\"contentUrl\":\"https:\\\/\\\/www.ifc-globaltn.com\\\/wp-content\\\/uploads\\\/2025\\\/06\\\/akrediteasyonlar.png\",\"width\":1920,\"height\":300},{\"@type\":\"BreadcrumbList\",\"@id\":\"https:\\\/\\\/www.ifc-globaltn.com\\\/index.php\\\/textile-exchange\\\/#breadcrumb\",\"itemListElement\":[{\"@type\":\"ListItem\",\"position\":1,\"name\":\"Accueil\",\"item\":\"https:\\\/\\\/www.ifc-globaltn.com\\\/\"},{\"@type\":\"ListItem\",\"position\":2,\"name\":\"TEXTILE EXCHANGE\"}]},{\"@type\":\"WebSite\",\"@id\":\"https:\\\/\\\/www.ifc-globaltn.com\\\/#website\",\"url\":\"https:\\\/\\\/www.ifc-globaltn.com\\\/\",\"name\":\"IFC Global.TN\",\"description\":\"Bienvenue sur IFC Global.TN Nous sommes la branche tunisienne officielle de IFC Global, un leader mondial dans le domaine des certifications ISO et des solutions de conformit\u00e9.\",\"publisher\":{\"@id\":\"https:\\\/\\\/www.ifc-globaltn.com\\\/#organization\"},\"potentialAction\":[{\"@type\":\"SearchAction\",\"target\":{\"@type\":\"EntryPoint\",\"urlTemplate\":\"https:\\\/\\\/www.ifc-globaltn.com\\\/?s={search_term_string}\"},\"query-input\":{\"@type\":\"PropertyValueSpecification\",\"valueRequired\":true,\"valueName\":\"search_term_string\"}}],\"inLanguage\":\"fr-FR\"},{\"@type\":\"Organization\",\"@id\":\"https:\\\/\\\/www.ifc-globaltn.com\\\/#organization\",\"name\":\"IFC Global.TN\",\"url\":\"https:\\\/\\\/www.ifc-globaltn.com\\\/\",\"logo\":{\"@type\":\"ImageObject\",\"inLanguage\":\"fr-FR\",\"@id\":\"https:\\\/\\\/www.ifc-globaltn.com\\\/#\\\/schema\\\/logo\\\/image\\\/\",\"url\":\"https:\\\/\\\/www.ifc-globaltn.com\\\/wp-content\\\/uploads\\\/2025\\\/01\\\/ifcgloballogo.png\",\"contentUrl\":\"https:\\\/\\\/www.ifc-globaltn.com\\\/wp-content\\\/uploads\\\/2025\\\/01\\\/ifcgloballogo.png\",\"width\":245,\"height\":90,\"caption\":\"IFC Global.TN\"},\"image\":{\"@id\":\"https:\\\/\\\/www.ifc-globaltn.com\\\/#\\\/schema\\\/logo\\\/image\\\/\"}}]}<\/script>\n<!-- \/ Yoast SEO plugin. -->","yoast_head_json":{"title":"Textile Exchange - IFC Global Tunisie","description":"IFC Global Tunisie vous pr\u00e9sente Textile Exchange, une organisation d\u00e9di\u00e9e \u00e0 la promotion de pratiques durables dans l'industrie textile.","robots":{"index":"index","follow":"follow","max-snippet":"max-snippet:-1","max-image-preview":"max-image-preview:large","max-video-preview":"max-video-preview:-1"},"canonical":"https:\/\/www.ifc-globaltn.com\/index.php\/textile-exchange\/","og_locale":"fr_FR","og_type":"article","og_title":"Textile Exchange - IFC Global Tunisie","og_description":"IFC Global Tunisie vous pr\u00e9sente Textile Exchange, une organisation d\u00e9di\u00e9e \u00e0 la promotion de pratiques durables dans l'industrie textile.","og_url":"https:\/\/www.ifc-globaltn.com\/index.php\/textile-exchange\/","og_site_name":"IFC Global.TN","article_modified_time":"2025-07-14T11:04:59+00:00","og_image":[{"width":1920,"height":300,"url":"https:\/\/www.ifc-globaltn.com\/wp-content\/uploads\/2025\/06\/akrediteasyonlar.png","type":"image\/png"}],"twitter_card":"summary_large_image","twitter_misc":{"Dur\u00e9e de lecture estim\u00e9e":"3 minutes"},"schema":{"@context":"https:\/\/schema.org","@graph":[{"@type":"WebPage","@id":"https:\/\/www.ifc-globaltn.com\/index.php\/textile-exchange\/","url":"https:\/\/www.ifc-globaltn.com\/index.php\/textile-exchange\/","name":"Textile Exchange - IFC Global Tunisie","isPartOf":{"@id":"https:\/\/www.ifc-globaltn.com\/#website"},"primaryImageOfPage":{"@id":"https:\/\/www.ifc-globaltn.com\/index.php\/textile-exchange\/#primaryimage"},"image":{"@id":"https:\/\/www.ifc-globaltn.com\/index.php\/textile-exchange\/#primaryimage"},"thumbnailUrl":"https:\/\/www.ifc-globaltn.com\/wp-content\/uploads\/2025\/06\/akrediteasyonlar.png","datePublished":"2025-06-27T21:25:22+00:00","dateModified":"2025-07-14T11:04:59+00:00","description":"IFC Global Tunisie vous pr\u00e9sente Textile Exchange, une organisation d\u00e9di\u00e9e \u00e0 la promotion de pratiques durables dans l'industrie textile.","breadcrumb":{"@id":"https:\/\/www.ifc-globaltn.com\/index.php\/textile-exchange\/#breadcrumb"},"inLanguage":"fr-FR","potentialAction":[{"@type":"ReadAction","target":["https:\/\/www.ifc-globaltn.com\/index.php\/textile-exchange\/"]}]},{"@type":"ImageObject","inLanguage":"fr-FR","@id":"https:\/\/www.ifc-globaltn.com\/index.php\/textile-exchange\/#primaryimage","url":"https:\/\/www.ifc-globaltn.com\/wp-content\/uploads\/2025\/06\/akrediteasyonlar.png","contentUrl":"https:\/\/www.ifc-globaltn.com\/wp-content\/uploads\/2025\/06\/akrediteasyonlar.png","width":1920,"height":300},{"@type":"BreadcrumbList","@id":"https:\/\/www.ifc-globaltn.com\/index.php\/textile-exchange\/#breadcrumb","itemListElement":[{"@type":"ListItem","position":1,"name":"Accueil","item":"https:\/\/www.ifc-globaltn.com\/"},{"@type":"ListItem","position":2,"name":"TEXTILE EXCHANGE"}]},{"@type":"WebSite","@id":"https:\/\/www.ifc-globaltn.com\/#website","url":"https:\/\/www.ifc-globaltn.com\/","name":"IFC Global.TN","description":"Bienvenue sur IFC Global.TN Nous sommes la branche tunisienne officielle de IFC Global, un leader mondial dans le domaine des certifications ISO et des solutions de conformit\u00e9.","publisher":{"@id":"https:\/\/www.ifc-globaltn.com\/#organization"},"potentialAction":[{"@type":"SearchAction","target":{"@type":"EntryPoint","urlTemplate":"https:\/\/www.ifc-globaltn.com\/?s={search_term_string}"},"query-input":{"@type":"PropertyValueSpecification","valueRequired":true,"valueName":"search_term_string"}}],"inLanguage":"fr-FR"},{"@type":"Organization","@id":"https:\/\/www.ifc-globaltn.com\/#organization","name":"IFC Global.TN","url":"https:\/\/www.ifc-globaltn.com\/","logo":{"@type":"ImageObject","inLanguage":"fr-FR","@id":"https:\/\/www.ifc-globaltn.com\/#\/schema\/logo\/image\/","url":"https:\/\/www.ifc-globaltn.com\/wp-content\/uploads\/2025\/01\/ifcgloballogo.png","contentUrl":"https:\/\/www.ifc-globaltn.com\/wp-content\/uploads\/2025\/01\/ifcgloballogo.png","width":245,"height":90,"caption":"IFC Global.TN"},"image":{"@id":"https:\/\/www.ifc-globaltn.com\/#\/schema\/logo\/image\/"}}]}},"_links":{"self":[{"href":"https:\/\/www.ifc-globaltn.com\/index.php\/wp-json\/wp\/v2\/pages\/6637","targetHints":{"allow":["GET"]}}],"collection":[{"href":"https:\/\/www.ifc-globaltn.com\/index.php\/wp-json\/wp\/v2\/pages"}],"about":[{"href":"https:\/\/www.ifc-globaltn.com\/index.php\/wp-json\/wp\/v2\/types\/page"}],"author":[{"embeddable":true,"href":"https:\/\/www.ifc-globaltn.com\/index.php\/wp-json\/wp\/v2\/users\/3"}],"replies":[{"embeddable":true,"href":"https:\/\/www.ifc-globaltn.com\/index.php\/wp-json\/wp\/v2\/comments?post=6637"}],"version-history":[{"count":13,"href":"https:\/\/www.ifc-globaltn.com\/index.php\/wp-json\/wp\/v2\/pages\/6637\/revisions"}],"predecessor-version":[{"id":6716,"href":"https:\/\/www.ifc-globaltn.com\/index.php\/wp-json\/wp\/v2\/pages\/6637\/revisions\/6716"}],"wp:featuredmedia":[{"embeddable":true,"href":"https:\/\/www.ifc-globaltn.com\/index.php\/wp-json\/wp\/v2\/media\/6533"}],"wp:attachment":[{"href":"https:\/\/www.ifc-globaltn.com\/index.php\/wp-json\/wp\/v2\/media?parent=6637"}],"curies":[{"name":"wp","href":"https:\/\/api.w.org\/{rel}","templated":true}]}}