{"id":6649,"date":"2025-06-27T22:32:03","date_gmt":"2025-06-27T21:32:03","guid":{"rendered":"https:\/\/www.ifc-globaltn.com\/?page_id=6649"},"modified":"2025-07-14T12:06:12","modified_gmt":"2025-07-14T11:06:12","slug":"certification-cosmos","status":"publish","type":"page","link":"https:\/\/www.ifc-globaltn.com\/index.php\/certification-cosmos\/","title":{"rendered":"COSMOS"},"content":{"rendered":"\t\t<div data-elementor-type=\"wp-page\" data-elementor-id=\"6649\" class=\"elementor elementor-6649\" data-elementor-post-type=\"page\">\n\t\t\t\t<div class=\"elementor-element elementor-element-1c6f838 e-con-full e-flex e-con e-parent\" data-id=\"1c6f838\" data-element_type=\"container\" data-e-type=\"container\">\n\t\t\t\t<div class=\"elementor-element elementor-element-6b1e7a6 elementor-widget__width-initial elementor-widget elementor-widget-heading\" data-id=\"6b1e7a6\" data-element_type=\"widget\" data-e-type=\"widget\" data-widget_type=\"heading.default\">\n\t\t\t\t<div class=\"elementor-widget-container\">\n\t\t\t\t\t<h3 class=\"elementor-heading-title elementor-size-default\">COSMOS<\/h3>\t\t\t\t<\/div>\n\t\t\t\t<\/div>\n\t\t\t\t<div class=\"elementor-element elementor-element-66820a2 elementor-widget-divider--view-line elementor-widget elementor-widget-divider\" data-id=\"66820a2\" data-element_type=\"widget\" data-e-type=\"widget\" data-widget_type=\"divider.default\">\n\t\t\t\t<div class=\"elementor-widget-container\">\n\t\t\t\t\t\t\t<div class=\"elementor-divider\">\n\t\t\t<span class=\"elementor-divider-separator\">\n\t\t\t\t\t\t<\/span>\n\t\t<\/div>\n\t\t\t\t\t\t<\/div>\n\t\t\t\t<\/div>\n\t\t\t\t<\/div>\n\t\t<div class=\"elementor-element elementor-element-952ec54 e-con-full e-flex e-con e-parent\" data-id=\"952ec54\" data-element_type=\"container\" data-e-type=\"container\">\n\t\t<div class=\"elementor-element elementor-element-8de76c9 e-con-full e-flex e-con e-child\" data-id=\"8de76c9\" data-element_type=\"container\" data-e-type=\"container\">\n\t\t\t\t<div class=\"elementor-element elementor-element-9905f30 elementor-widget elementor-widget-image\" data-id=\"9905f30\" data-element_type=\"widget\" data-e-type=\"widget\" data-widget_type=\"image.default\">\n\t\t\t\t<div class=\"elementor-widget-container\">\n\t\t\t\t\t\t\t\t\t\t\t\t\t\t\t<img decoding=\"async\" width=\"200\" height=\"200\" src=\"https:\/\/www.ifc-globaltn.com\/wp-content\/uploads\/2025\/06\/cosmos.png\" class=\"attachment-medium size-medium wp-image-6548\" alt=\"\" srcset=\"https:\/\/www.ifc-globaltn.com\/wp-content\/uploads\/2025\/06\/cosmos.png 200w, https:\/\/www.ifc-globaltn.com\/wp-content\/uploads\/2025\/06\/cosmos-150x150.png 150w\" sizes=\"(max-width: 200px) 100vw, 200px\" \/>\t\t\t\t\t\t\t\t\t\t\t\t\t\t\t<\/div>\n\t\t\t\t<\/div>\n\t\t\t\t<\/div>\n\t\t<div class=\"elementor-element elementor-element-c0c6bba e-con-full e-flex e-con e-child\" data-id=\"c0c6bba\" data-element_type=\"container\" data-e-type=\"container\">\n\t\t\t\t<div class=\"elementor-element elementor-element-ed28956 elementor-widget elementor-widget-text-editor\" data-id=\"ed28956\" data-element_type=\"widget\" data-e-type=\"widget\" data-widget_type=\"text-editor.default\">\n\t\t\t\t<div class=\"elementor-widget-container\">\n\t\t\t\t\t\t\t\t\t<h3 data-start=\"115\" data-end=\"155\"><strong data-start=\"119\" data-end=\"155\">Autorisation COSMOS d\u2019IFC Global<\/strong><\/h3><p data-start=\"157\" data-end=\"690\"><strong data-start=\"157\" data-end=\"171\">IFC Global<\/strong> est un organisme de certification officiellement autoris\u00e9 pour le standard <strong data-start=\"247\" data-end=\"297\">COSMOS (COSMetic Organic and Natural Standard)<\/strong>, la principale norme internationale pour les cosm\u00e9tiques biologiques et naturels.<br data-start=\"379\" data-end=\"382\" \/>En tant que certificateur agr\u00e9\u00e9 COSMOS, nous accompagnons les marques et fabricants de cosm\u00e9tiques dans leur conformit\u00e9 aux exigences strictes en mati\u00e8re de durabilit\u00e9, de s\u00e9curit\u00e9 et d\u2019approvisionnement \u00e9thique, afin que leurs produits r\u00e9pondent aux normes mondiales des cosm\u00e9tiques biologiques et naturels.<\/p>\t\t\t\t\t\t\t\t<\/div>\n\t\t\t\t<\/div>\n\t\t\t\t<\/div>\n\t\t\t\t<\/div>\n\t\t<div class=\"elementor-element elementor-element-a211646 e-con-full e-flex e-con e-child\" data-id=\"a211646\" data-element_type=\"container\" data-e-type=\"container\">\n\t\t\t\t<div class=\"elementor-element elementor-element-0600d83 elementor-widget elementor-widget-text-editor\" data-id=\"0600d83\" data-element_type=\"widget\" data-e-type=\"widget\" data-widget_type=\"text-editor.default\">\n\t\t\t\t<div class=\"elementor-widget-container\">\n\t\t\t\t\t\t\t\t\t<h3 data-start=\"697\" data-end=\"744\"><strong data-start=\"701\" data-end=\"744\">Qu\u2019est-ce que la certification COSMOS ?<\/strong><\/h3><p data-start=\"746\" data-end=\"926\">La norme <strong data-start=\"755\" data-end=\"765\">COSMOS<\/strong> est mondialement reconnue pour la <strong data-start=\"800\" data-end=\"909\">certification des produits cosm\u00e9tiques, des ingr\u00e9dients et des mati\u00e8res premi\u00e8res biologiques et naturels<\/strong>. Elle garantit :<\/p><p data-start=\"930\" data-end=\"1001\">Un approvisionnement durable en ingr\u00e9dients biologiques et naturels<\/p><p data-start=\"1004\" data-end=\"1106\">Des normes strictes de s\u00e9curit\u00e9 et de respect de l\u2019environnement dans les processus de fabrication<\/p><p data-start=\"1109\" data-end=\"1185\">Un \u00e9tiquetage et un emballage responsables, garantissant la transparence<\/p><p data-start=\"1188\" data-end=\"1258\">L\u2019absence de substances nocives, d\u2019OGM ou de tests sur les animaux<\/p><p data-start=\"1260\" data-end=\"1337\">Les produits certifi\u00e9s COSMOS peuvent porter l\u2019un des deux labels officiels :<\/p><p data-start=\"1341\" data-end=\"1459\"><strong data-start=\"1341\" data-end=\"1359\">COSMOS ORGANIC<\/strong> \u2013 Pour les produits r\u00e9pondant aux exigences les plus \u00e9lev\u00e9es en mati\u00e8re d\u2019ingr\u00e9dients biologiques<\/p><p data-start=\"1462\" data-end=\"1585\"><strong data-start=\"1462\" data-end=\"1480\">COSMOS NATURAL<\/strong> \u2013 Pour les produits compos\u00e9s principalement d\u2019ingr\u00e9dients d\u2019origine naturelle sans additifs synth\u00e9tiques<\/p>\t\t\t\t\t\t\t\t<\/div>\n\t\t\t\t<\/div>\n\t\t\t\t<div class=\"elementor-element elementor-element-2e2d025 elementor-widget-divider--view-line elementor-widget elementor-widget-divider\" data-id=\"2e2d025\" data-element_type=\"widget\" data-e-type=\"widget\" data-widget_type=\"divider.default\">\n\t\t\t\t<div class=\"elementor-widget-container\">\n\t\t\t\t\t\t\t<div class=\"elementor-divider\">\n\t\t\t<span class=\"elementor-divider-separator\">\n\t\t\t\t\t\t<\/span>\n\t\t<\/div>\n\t\t\t\t\t\t<\/div>\n\t\t\t\t<\/div>\n\t\t\t\t<\/div>\n\t\t<div class=\"elementor-element elementor-element-0a92872 e-con-full e-flex e-con e-child\" data-id=\"0a92872\" data-element_type=\"container\" data-e-type=\"container\">\n\t\t\t\t<div class=\"elementor-element elementor-element-6f6431a elementor-widget elementor-widget-text-editor\" data-id=\"6f6431a\" data-element_type=\"widget\" data-e-type=\"widget\" data-widget_type=\"text-editor.default\">\n\t\t\t\t<div class=\"elementor-widget-container\">\n\t\t\t\t\t\t\t\t\t<h3 data-start=\"1592\" data-end=\"1658\"><strong data-start=\"1596\" data-end=\"1658\">Pourquoi choisir IFC Global pour la certification COSMOS ?<\/strong><\/h3><p data-start=\"1662\" data-end=\"1795\"><strong data-start=\"1664\" data-end=\"1712\">Organisme officiellement autoris\u00e9 par COSMOS<\/strong> \u2013 Reconnu pour la r\u00e9alisation d\u2019audits et la d\u00e9livrance de certifications COSMOS<\/p><p data-start=\"1798\" data-end=\"1951\"><strong data-start=\"1800\" data-end=\"1836\">Acc\u00e8s aux march\u00e9s internationaux<\/strong> \u2013 Aide les marques \u00e0 obtenir une reconnaissance sur les march\u00e9s mondiaux des cosm\u00e9tiques biologiques et naturels<\/p><p data-start=\"1954\" data-end=\"2091\"><strong data-start=\"1956\" data-end=\"2003\">Confiance des consommateurs et transparence<\/strong> \u2013 Assure la conformit\u00e9 avec les tendances du clean beauty et du d\u00e9veloppement durable<\/p><p data-start=\"2094\" data-end=\"2244\"><strong data-start=\"2096\" data-end=\"2134\">Processus de certification complet<\/strong> \u2013 Couvre les mati\u00e8res premi\u00e8res, les ingr\u00e9dients et les produits finis pour une conformit\u00e9 totale avec COSMOS<\/p>\t\t\t\t\t\t\t\t<\/div>\n\t\t\t\t<\/div>\n\t\t\t\t<div class=\"elementor-element elementor-element-cceb3b5 elementor-widget-divider--view-line elementor-widget elementor-widget-divider\" data-id=\"cceb3b5\" data-element_type=\"widget\" data-e-type=\"widget\" data-widget_type=\"divider.default\">\n\t\t\t\t<div class=\"elementor-widget-container\">\n\t\t\t\t\t\t\t<div class=\"elementor-divider\">\n\t\t\t<span class=\"elementor-divider-separator\">\n\t\t\t\t\t\t<\/span>\n\t\t<\/div>\n\t\t\t\t\t\t<\/div>\n\t\t\t\t<\/div>\n\t\t\t\t<\/div>\n\t\t<div class=\"elementor-element elementor-element-25b00e6 e-con-full e-flex e-con e-child\" data-id=\"25b00e6\" data-element_type=\"container\" data-e-type=\"container\">\n\t\t\t\t<div class=\"elementor-element elementor-element-07532df elementor-widget elementor-widget-text-editor\" data-id=\"07532df\" data-element_type=\"widget\" data-e-type=\"widget\" data-widget_type=\"text-editor.default\">\n\t\t\t\t<div class=\"elementor-widget-container\">\n\t\t\t\t\t\t\t\t\t<h3 data-start=\"2607\" data-end=\"2639\">V\u00e9rifiez notre autorisation<\/h3>\n<p data-start=\"2641\" data-end=\"2810\">Vous pouvez v\u00e9rifier l\u2019autorisation COSMOS d\u2019IFC Global directement sur le site officiel COSMOS :<\/p>\n<p style=\"text-align: left; margin: 10px 0;\">\n  <span style=\"background-color: #3498db; color: white; padding: 12px; display: inline-block;\">\n    <a style=\"color: black;\" href=\"https:\/\/www.cosmos-standard.org\/en\/certification\/certification-bodies\/\" target=\"_blank\" rel=\"noopener noreferrer\">\n      <strong>Cliquez ici pour v\u00e9rifier l\u2019autorisation COSMOS d\u2019IFC Global<\/strong>\n    <\/a>\n  <\/span>\n<\/p>\n\t\t\t\t\t\t\t\t<\/div>\n\t\t\t\t<\/div>\n\t\t\t\t<div class=\"elementor-element elementor-element-77bf4ca elementor-widget-divider--view-line elementor-widget elementor-widget-divider\" data-id=\"77bf4ca\" data-element_type=\"widget\" data-e-type=\"widget\" data-widget_type=\"divider.default\">\n\t\t\t\t<div class=\"elementor-widget-container\">\n\t\t\t\t\t\t\t<div class=\"elementor-divider\">\n\t\t\t<span class=\"elementor-divider-separator\">\n\t\t\t\t\t\t<\/span>\n\t\t<\/div>\n\t\t\t\t\t\t<\/div>\n\t\t\t\t<\/div>\n\t\t\t\t<\/div>\n\t\t<div class=\"elementor-element elementor-element-bad0f10 e-con-full e-flex e-con e-child\" data-id=\"bad0f10\" data-element_type=\"container\" data-e-type=\"container\">\n\t\t\t\t<div class=\"elementor-element elementor-element-94433cc elementor-widget elementor-widget-text-editor\" data-id=\"94433cc\" data-element_type=\"widget\" data-e-type=\"widget\" data-widget_type=\"text-editor.default\">\n\t\t\t\t<div class=\"elementor-widget-container\">\n\t\t\t\t\t\t\t\t\t<h3 data-start=\"2462\" data-end=\"2520\"><strong data-start=\"2466\" data-end=\"2520\">Obtenez votre certification COSMOS avec IFC Global<\/strong><\/h3><p data-start=\"2522\" data-end=\"2708\">D\u00e9marquez-vous sur le march\u00e9 des cosm\u00e9tiques biologiques et naturels gr\u00e2ce \u00e0 la certification COSMOS.<br data-start=\"2623\" data-end=\"2626\" \/><strong data-start=\"2626\" data-end=\"2660\">Contactez-nous d\u00e8s aujourd\u2019hui<\/strong> pour commencer votre parcours de certification.<\/p>\t\t\t\t\t\t\t\t<\/div>\n\t\t\t\t<\/div>\n\t\t\t\t<\/div>\n\t\t<div class=\"elementor-element elementor-element-4b3b2af e-con-full e-flex e-con e-parent\" data-id=\"4b3b2af\" data-element_type=\"container\" data-e-type=\"container\">\n\t\t\t\t<div class=\"elementor-element elementor-element-b905a8a elementor-widget elementor-widget-spacer\" data-id=\"b905a8a\" data-element_type=\"widget\" data-e-type=\"widget\" data-widget_type=\"spacer.default\">\n\t\t\t\t<div class=\"elementor-widget-container\">\n\t\t\t\t\t\t\t<div class=\"elementor-spacer\">\n\t\t\t<div class=\"elementor-spacer-inner\"><\/div>\n\t\t<\/div>\n\t\t\t\t\t\t<\/div>\n\t\t\t\t<\/div>\n\t\t\t\t<\/div>\n\t\t<div class=\"elementor-element elementor-element-991de8d e-flex e-con-boxed e-con e-parent\" data-id=\"991de8d\" data-element_type=\"container\" data-e-type=\"container\">\n\t\t\t\t\t<div class=\"e-con-inner\">\n\t\t\t\t<div class=\"elementor-element elementor-element-e2853a6 elementor-widget elementor-widget-html\" data-id=\"e2853a6\" data-element_type=\"widget\" data-e-type=\"widget\" data-widget_type=\"html.default\">\n\t\t\t\t<div class=\"elementor-widget-container\">\n\t\t\t\t\t<div class=\"container\">\r\n    <div class=\"row\">\r\n        <div class=\"col-md-12\">\r\n            <div class=\"slogan-v2\">\r\n                <div class=\"slogan-content\">\r\n                    <div class=\"message\">\r\n                      <h2> Vous N'avez Pas Encore Obtenu Votre Certificat !\u200b<\/h2>\r\n                      <p>Prenez contact avec nos experts pour commancer.\u200b<\/p>\r\n                    <\/div>\r\n                    <div class=\"button-left\">\r\n                        <a href=\"https:\/\/www.ifc-globaltn.com\/index.php\/contact\/\" title=\"contactez-nous\">\r\n                          contactez-nous\r\n                        <\/a>\r\n                    <\/div>\r\n                <\/div>\r\n            <\/div>\r\n        <\/div>\r\n    <\/div>\r\n<\/div>\r\n\t\t\t\t<\/div>\n\t\t\t\t<\/div>\n\t\t\t\t\t<\/div>\n\t\t\t\t<\/div>\n\t\t\t\t<\/div>\n\t\t","protected":false},"excerpt":{"rendered":"<p>COSMOS Autorisation COSMOS d\u2019IFC Global IFC Global est un organisme de certification officiellement autoris\u00e9 pour le standard COSMOS (COSMetic Organic and Natural Standard), la principale norme internationale pour les cosm\u00e9tiques biologiques et naturels.En tant que certificateur agr\u00e9\u00e9 COSMOS, nous accompagnons les marques et fabricants de cosm\u00e9tiques dans leur conformit\u00e9 aux exigences strictes en mati\u00e8re de&hellip;<\/p>\n","protected":false},"author":3,"featured_media":6533,"parent":0,"menu_order":0,"comment_status":"closed","ping_status":"closed","template":"","meta":{"footnotes":""},"class_list":["post-6649","page","type-page","status-publish","has-post-thumbnail","hentry"],"yoast_head":"<!-- This site is optimized with the Yoast SEO plugin v27.4 - https:\/\/yoast.com\/product\/yoast-seo-wordpress\/ -->\n<title>Certification COSMOS - IFC Global Tunisie<\/title>\n<meta name=\"description\" content=\"IFC Global Tunisie vous accompagne dans la certification COSMOS, gage de qualit\u00e9 et de naturalit\u00e9 pour les produits cosm\u00e9tiques.\" \/>\n<meta name=\"robots\" content=\"index, follow, max-snippet:-1, max-image-preview:large, max-video-preview:-1\" \/>\n<link rel=\"canonical\" href=\"https:\/\/www.ifc-globaltn.com\/index.php\/certification-cosmos\/\" \/>\n<meta property=\"og:locale\" content=\"fr_FR\" \/>\n<meta property=\"og:type\" content=\"article\" \/>\n<meta property=\"og:title\" content=\"Certification COSMOS - IFC Global Tunisie\" \/>\n<meta property=\"og:description\" content=\"IFC Global Tunisie vous accompagne dans la certification COSMOS, gage de qualit\u00e9 et de naturalit\u00e9 pour les produits cosm\u00e9tiques.\" \/>\n<meta property=\"og:url\" content=\"https:\/\/www.ifc-globaltn.com\/index.php\/certification-cosmos\/\" \/>\n<meta property=\"og:site_name\" content=\"IFC Global.TN\" \/>\n<meta property=\"article:modified_time\" content=\"2025-07-14T11:06:12+00:00\" \/>\n<meta property=\"og:image\" content=\"https:\/\/www.ifc-globaltn.com\/wp-content\/uploads\/2025\/06\/akrediteasyonlar.png\" \/>\n\t<meta property=\"og:image:width\" content=\"1920\" \/>\n\t<meta property=\"og:image:height\" content=\"300\" \/>\n\t<meta property=\"og:image:type\" content=\"image\/png\" \/>\n<meta name=\"twitter:card\" content=\"summary_large_image\" \/>\n<meta name=\"twitter:label1\" content=\"Dur\u00e9e de lecture estim\u00e9e\" \/>\n\t<meta name=\"twitter:data1\" content=\"3 minutes\" \/>\n<script type=\"application\/ld+json\" class=\"yoast-schema-graph\">{\"@context\":\"https:\\\/\\\/schema.org\",\"@graph\":[{\"@type\":\"WebPage\",\"@id\":\"https:\\\/\\\/www.ifc-globaltn.com\\\/index.php\\\/certification-cosmos\\\/\",\"url\":\"https:\\\/\\\/www.ifc-globaltn.com\\\/index.php\\\/certification-cosmos\\\/\",\"name\":\"Certification COSMOS - IFC Global Tunisie\",\"isPartOf\":{\"@id\":\"https:\\\/\\\/www.ifc-globaltn.com\\\/#website\"},\"primaryImageOfPage\":{\"@id\":\"https:\\\/\\\/www.ifc-globaltn.com\\\/index.php\\\/certification-cosmos\\\/#primaryimage\"},\"image\":{\"@id\":\"https:\\\/\\\/www.ifc-globaltn.com\\\/index.php\\\/certification-cosmos\\\/#primaryimage\"},\"thumbnailUrl\":\"https:\\\/\\\/www.ifc-globaltn.com\\\/wp-content\\\/uploads\\\/2025\\\/06\\\/akrediteasyonlar.png\",\"datePublished\":\"2025-06-27T21:32:03+00:00\",\"dateModified\":\"2025-07-14T11:06:12+00:00\",\"description\":\"IFC Global Tunisie vous accompagne dans la certification COSMOS, gage de qualit\u00e9 et de naturalit\u00e9 pour les produits cosm\u00e9tiques.\",\"breadcrumb\":{\"@id\":\"https:\\\/\\\/www.ifc-globaltn.com\\\/index.php\\\/certification-cosmos\\\/#breadcrumb\"},\"inLanguage\":\"fr-FR\",\"potentialAction\":[{\"@type\":\"ReadAction\",\"target\":[\"https:\\\/\\\/www.ifc-globaltn.com\\\/index.php\\\/certification-cosmos\\\/\"]}]},{\"@type\":\"ImageObject\",\"inLanguage\":\"fr-FR\",\"@id\":\"https:\\\/\\\/www.ifc-globaltn.com\\\/index.php\\\/certification-cosmos\\\/#primaryimage\",\"url\":\"https:\\\/\\\/www.ifc-globaltn.com\\\/wp-content\\\/uploads\\\/2025\\\/06\\\/akrediteasyonlar.png\",\"contentUrl\":\"https:\\\/\\\/www.ifc-globaltn.com\\\/wp-content\\\/uploads\\\/2025\\\/06\\\/akrediteasyonlar.png\",\"width\":1920,\"height\":300},{\"@type\":\"BreadcrumbList\",\"@id\":\"https:\\\/\\\/www.ifc-globaltn.com\\\/index.php\\\/certification-cosmos\\\/#breadcrumb\",\"itemListElement\":[{\"@type\":\"ListItem\",\"position\":1,\"name\":\"Accueil\",\"item\":\"https:\\\/\\\/www.ifc-globaltn.com\\\/\"},{\"@type\":\"ListItem\",\"position\":2,\"name\":\"COSMOS\"}]},{\"@type\":\"WebSite\",\"@id\":\"https:\\\/\\\/www.ifc-globaltn.com\\\/#website\",\"url\":\"https:\\\/\\\/www.ifc-globaltn.com\\\/\",\"name\":\"IFC Global.TN\",\"description\":\"Bienvenue sur IFC Global.TN Nous sommes la branche tunisienne officielle de IFC Global, un leader mondial dans le domaine des certifications ISO et des solutions de conformit\u00e9.\",\"publisher\":{\"@id\":\"https:\\\/\\\/www.ifc-globaltn.com\\\/#organization\"},\"potentialAction\":[{\"@type\":\"SearchAction\",\"target\":{\"@type\":\"EntryPoint\",\"urlTemplate\":\"https:\\\/\\\/www.ifc-globaltn.com\\\/?s={search_term_string}\"},\"query-input\":{\"@type\":\"PropertyValueSpecification\",\"valueRequired\":true,\"valueName\":\"search_term_string\"}}],\"inLanguage\":\"fr-FR\"},{\"@type\":\"Organization\",\"@id\":\"https:\\\/\\\/www.ifc-globaltn.com\\\/#organization\",\"name\":\"IFC Global.TN\",\"url\":\"https:\\\/\\\/www.ifc-globaltn.com\\\/\",\"logo\":{\"@type\":\"ImageObject\",\"inLanguage\":\"fr-FR\",\"@id\":\"https:\\\/\\\/www.ifc-globaltn.com\\\/#\\\/schema\\\/logo\\\/image\\\/\",\"url\":\"https:\\\/\\\/www.ifc-globaltn.com\\\/wp-content\\\/uploads\\\/2025\\\/01\\\/ifcgloballogo.png\",\"contentUrl\":\"https:\\\/\\\/www.ifc-globaltn.com\\\/wp-content\\\/uploads\\\/2025\\\/01\\\/ifcgloballogo.png\",\"width\":245,\"height\":90,\"caption\":\"IFC Global.TN\"},\"image\":{\"@id\":\"https:\\\/\\\/www.ifc-globaltn.com\\\/#\\\/schema\\\/logo\\\/image\\\/\"}}]}<\/script>\n<!-- \/ Yoast SEO plugin. -->","yoast_head_json":{"title":"Certification COSMOS - IFC Global Tunisie","description":"IFC Global Tunisie vous accompagne dans la certification COSMOS, gage de qualit\u00e9 et de naturalit\u00e9 pour les produits cosm\u00e9tiques.","robots":{"index":"index","follow":"follow","max-snippet":"max-snippet:-1","max-image-preview":"max-image-preview:large","max-video-preview":"max-video-preview:-1"},"canonical":"https:\/\/www.ifc-globaltn.com\/index.php\/certification-cosmos\/","og_locale":"fr_FR","og_type":"article","og_title":"Certification COSMOS - IFC Global Tunisie","og_description":"IFC Global Tunisie vous accompagne dans la certification COSMOS, gage de qualit\u00e9 et de naturalit\u00e9 pour les produits cosm\u00e9tiques.","og_url":"https:\/\/www.ifc-globaltn.com\/index.php\/certification-cosmos\/","og_site_name":"IFC Global.TN","article_modified_time":"2025-07-14T11:06:12+00:00","og_image":[{"width":1920,"height":300,"url":"https:\/\/www.ifc-globaltn.com\/wp-content\/uploads\/2025\/06\/akrediteasyonlar.png","type":"image\/png"}],"twitter_card":"summary_large_image","twitter_misc":{"Dur\u00e9e de lecture estim\u00e9e":"3 minutes"},"schema":{"@context":"https:\/\/schema.org","@graph":[{"@type":"WebPage","@id":"https:\/\/www.ifc-globaltn.com\/index.php\/certification-cosmos\/","url":"https:\/\/www.ifc-globaltn.com\/index.php\/certification-cosmos\/","name":"Certification COSMOS - IFC Global Tunisie","isPartOf":{"@id":"https:\/\/www.ifc-globaltn.com\/#website"},"primaryImageOfPage":{"@id":"https:\/\/www.ifc-globaltn.com\/index.php\/certification-cosmos\/#primaryimage"},"image":{"@id":"https:\/\/www.ifc-globaltn.com\/index.php\/certification-cosmos\/#primaryimage"},"thumbnailUrl":"https:\/\/www.ifc-globaltn.com\/wp-content\/uploads\/2025\/06\/akrediteasyonlar.png","datePublished":"2025-06-27T21:32:03+00:00","dateModified":"2025-07-14T11:06:12+00:00","description":"IFC Global Tunisie vous accompagne dans la certification COSMOS, gage de qualit\u00e9 et de naturalit\u00e9 pour les produits cosm\u00e9tiques.","breadcrumb":{"@id":"https:\/\/www.ifc-globaltn.com\/index.php\/certification-cosmos\/#breadcrumb"},"inLanguage":"fr-FR","potentialAction":[{"@type":"ReadAction","target":["https:\/\/www.ifc-globaltn.com\/index.php\/certification-cosmos\/"]}]},{"@type":"ImageObject","inLanguage":"fr-FR","@id":"https:\/\/www.ifc-globaltn.com\/index.php\/certification-cosmos\/#primaryimage","url":"https:\/\/www.ifc-globaltn.com\/wp-content\/uploads\/2025\/06\/akrediteasyonlar.png","contentUrl":"https:\/\/www.ifc-globaltn.com\/wp-content\/uploads\/2025\/06\/akrediteasyonlar.png","width":1920,"height":300},{"@type":"BreadcrumbList","@id":"https:\/\/www.ifc-globaltn.com\/index.php\/certification-cosmos\/#breadcrumb","itemListElement":[{"@type":"ListItem","position":1,"name":"Accueil","item":"https:\/\/www.ifc-globaltn.com\/"},{"@type":"ListItem","position":2,"name":"COSMOS"}]},{"@type":"WebSite","@id":"https:\/\/www.ifc-globaltn.com\/#website","url":"https:\/\/www.ifc-globaltn.com\/","name":"IFC Global.TN","description":"Bienvenue sur IFC Global.TN Nous sommes la branche tunisienne officielle de IFC Global, un leader mondial dans le domaine des certifications ISO et des solutions de conformit\u00e9.","publisher":{"@id":"https:\/\/www.ifc-globaltn.com\/#organization"},"potentialAction":[{"@type":"SearchAction","target":{"@type":"EntryPoint","urlTemplate":"https:\/\/www.ifc-globaltn.com\/?s={search_term_string}"},"query-input":{"@type":"PropertyValueSpecification","valueRequired":true,"valueName":"search_term_string"}}],"inLanguage":"fr-FR"},{"@type":"Organization","@id":"https:\/\/www.ifc-globaltn.com\/#organization","name":"IFC Global.TN","url":"https:\/\/www.ifc-globaltn.com\/","logo":{"@type":"ImageObject","inLanguage":"fr-FR","@id":"https:\/\/www.ifc-globaltn.com\/#\/schema\/logo\/image\/","url":"https:\/\/www.ifc-globaltn.com\/wp-content\/uploads\/2025\/01\/ifcgloballogo.png","contentUrl":"https:\/\/www.ifc-globaltn.com\/wp-content\/uploads\/2025\/01\/ifcgloballogo.png","width":245,"height":90,"caption":"IFC Global.TN"},"image":{"@id":"https:\/\/www.ifc-globaltn.com\/#\/schema\/logo\/image\/"}}]}},"_links":{"self":[{"href":"https:\/\/www.ifc-globaltn.com\/index.php\/wp-json\/wp\/v2\/pages\/6649","targetHints":{"allow":["GET"]}}],"collection":[{"href":"https:\/\/www.ifc-globaltn.com\/index.php\/wp-json\/wp\/v2\/pages"}],"about":[{"href":"https:\/\/www.ifc-globaltn.com\/index.php\/wp-json\/wp\/v2\/types\/page"}],"author":[{"embeddable":true,"href":"https:\/\/www.ifc-globaltn.com\/index.php\/wp-json\/wp\/v2\/users\/3"}],"replies":[{"embeddable":true,"href":"https:\/\/www.ifc-globaltn.com\/index.php\/wp-json\/wp\/v2\/comments?post=6649"}],"version-history":[{"count":13,"href":"https:\/\/www.ifc-globaltn.com\/index.php\/wp-json\/wp\/v2\/pages\/6649\/revisions"}],"predecessor-version":[{"id":6719,"href":"https:\/\/www.ifc-globaltn.com\/index.php\/wp-json\/wp\/v2\/pages\/6649\/revisions\/6719"}],"wp:featuredmedia":[{"embeddable":true,"href":"https:\/\/www.ifc-globaltn.com\/index.php\/wp-json\/wp\/v2\/media\/6533"}],"wp:attachment":[{"href":"https:\/\/www.ifc-globaltn.com\/index.php\/wp-json\/wp\/v2\/media?parent=6649"}],"curies":[{"name":"wp","href":"https:\/\/api.w.org\/{rel}","templated":true}]}}