{"id":6661,"date":"2025-06-27T22:38:52","date_gmt":"2025-06-27T21:38:52","guid":{"rendered":"https:\/\/www.ifc-globaltn.com\/?page_id=6661"},"modified":"2025-07-14T12:07:12","modified_gmt":"2025-07-14T11:07:12","slug":"exemplar-global","status":"publish","type":"page","link":"https:\/\/www.ifc-globaltn.com\/index.php\/exemplar-global\/","title":{"rendered":"EXEMPLAR GLOBAL"},"content":{"rendered":"\t\t<div data-elementor-type=\"wp-page\" data-elementor-id=\"6661\" class=\"elementor elementor-6661\" data-elementor-post-type=\"page\">\n\t\t\t\t<div class=\"elementor-element elementor-element-73ec8cc e-con-full e-flex e-con e-parent\" data-id=\"73ec8cc\" data-element_type=\"container\" data-e-type=\"container\">\n\t\t\t\t<div class=\"elementor-element elementor-element-3c75f5a elementor-widget__width-initial elementor-widget elementor-widget-heading\" data-id=\"3c75f5a\" data-element_type=\"widget\" data-e-type=\"widget\" data-widget_type=\"heading.default\">\n\t\t\t\t<div class=\"elementor-widget-container\">\n\t\t\t\t\t<h3 class=\"elementor-heading-title elementor-size-default\">EXEMPLAR GLOBAL<\/h3>\t\t\t\t<\/div>\n\t\t\t\t<\/div>\n\t\t\t\t<div class=\"elementor-element elementor-element-1c3686a elementor-widget-divider--view-line elementor-widget elementor-widget-divider\" data-id=\"1c3686a\" data-element_type=\"widget\" data-e-type=\"widget\" data-widget_type=\"divider.default\">\n\t\t\t\t<div class=\"elementor-widget-container\">\n\t\t\t\t\t\t\t<div class=\"elementor-divider\">\n\t\t\t<span class=\"elementor-divider-separator\">\n\t\t\t\t\t\t<\/span>\n\t\t<\/div>\n\t\t\t\t\t\t<\/div>\n\t\t\t\t<\/div>\n\t\t\t\t<\/div>\n\t\t<div class=\"elementor-element elementor-element-634801f e-con-full e-flex e-con e-parent\" data-id=\"634801f\" data-element_type=\"container\" data-e-type=\"container\">\n\t\t<div class=\"elementor-element elementor-element-0a3ce9d e-con-full e-flex e-con e-child\" data-id=\"0a3ce9d\" data-element_type=\"container\" data-e-type=\"container\">\n\t\t\t\t<div class=\"elementor-element elementor-element-5dd6b46 elementor-widget elementor-widget-image\" data-id=\"5dd6b46\" data-element_type=\"widget\" data-e-type=\"widget\" data-widget_type=\"image.default\">\n\t\t\t\t<div class=\"elementor-widget-container\">\n\t\t\t\t\t\t\t\t\t\t\t\t\t\t\t<img decoding=\"async\" width=\"200\" height=\"200\" src=\"https:\/\/www.ifc-globaltn.com\/wp-content\/uploads\/2025\/06\/exemplar-global.png\" class=\"attachment-medium size-medium wp-image-6547\" alt=\"\" srcset=\"https:\/\/www.ifc-globaltn.com\/wp-content\/uploads\/2025\/06\/exemplar-global.png 200w, https:\/\/www.ifc-globaltn.com\/wp-content\/uploads\/2025\/06\/exemplar-global-150x150.png 150w\" sizes=\"(max-width: 200px) 100vw, 200px\" \/>\t\t\t\t\t\t\t\t\t\t\t\t\t\t\t<\/div>\n\t\t\t\t<\/div>\n\t\t\t\t<\/div>\n\t\t<div class=\"elementor-element elementor-element-1707fe8 e-con-full e-flex e-con e-child\" data-id=\"1707fe8\" data-element_type=\"container\" data-e-type=\"container\">\n\t\t\t\t<div class=\"elementor-element elementor-element-cb93510 elementor-widget elementor-widget-text-editor\" data-id=\"cb93510\" data-element_type=\"widget\" data-e-type=\"widget\" data-widget_type=\"text-editor.default\">\n\t\t\t\t<div class=\"elementor-widget-container\">\n\t\t\t\t\t\t\t\t\t<h3 data-start=\"128\" data-end=\"214\"><strong data-start=\"132\" data-end=\"214\">Autorisation Exemplar Global \u2013 Programmes de formation accr\u00e9dit\u00e9s d\u2019IFC Global<\/strong><\/h3><p data-start=\"216\" data-end=\"662\"><strong data-start=\"216\" data-end=\"230\">IFC Global<\/strong> est un <strong data-start=\"238\" data-end=\"308\">organisme de formation officiellement autoris\u00e9 par Exemplar Global<\/strong>, offrant des programmes de formation et de certification reconnus \u00e0 l\u2019\u00e9chelle mondiale pour les professionnels et les organisations souhaitant d\u00e9velopper leur expertise en syst\u00e8mes de management, conformit\u00e9 et audit.<br data-start=\"525\" data-end=\"528\" \/>Nos formations approuv\u00e9es par Exemplar Global garantissent un <strong data-start=\"590\" data-end=\"661\">haut niveau de qualit\u00e9, de cr\u00e9dibilit\u00e9 et de pertinence sectorielle<\/strong>.<\/p>\t\t\t\t\t\t\t\t<\/div>\n\t\t\t\t<\/div>\n\t\t\t\t<\/div>\n\t\t\t\t<\/div>\n\t\t<div class=\"elementor-element elementor-element-33c88d3 e-con-full e-flex e-con e-child\" data-id=\"33c88d3\" data-element_type=\"container\" data-e-type=\"container\">\n\t\t\t\t<div class=\"elementor-element elementor-element-498bce3 elementor-widget elementor-widget-text-editor\" data-id=\"498bce3\" data-element_type=\"widget\" data-e-type=\"widget\" data-widget_type=\"text-editor.default\">\n\t\t\t\t<div class=\"elementor-widget-container\">\n\t\t\t\t\t\t\t\t\t<h3 data-start=\"669\" data-end=\"725\"><strong data-start=\"673\" data-end=\"725\">Qu\u2019est-ce que la certification Exemplar Global ?<\/strong><\/h3><p data-start=\"727\" data-end=\"1004\"><strong data-start=\"727\" data-end=\"746\">Exemplar Global<\/strong> est un organisme international de certification du personnel, reconnu pour l\u2019accr\u00e9ditation de prestataires de formation d\u00e9livrant des programmes bas\u00e9s sur les comp\u00e9tences.<br data-start=\"918\" data-end=\"921\" \/>Une formation certifi\u00e9e par un organisme approuv\u00e9 par Exemplar Global vous assure :<\/p><p data-start=\"1008\" data-end=\"1056\">Une qualification reconnue \u00e0 l\u2019international<\/p><p data-start=\"1059\" data-end=\"1119\">Une expertise avanc\u00e9e en audit et syst\u00e8mes de management<\/p><p data-start=\"1122\" data-end=\"1196\">De meilleures opportunit\u00e9s professionnelles et une cr\u00e9dibilit\u00e9 renforc\u00e9e<\/p>\t\t\t\t\t\t\t\t<\/div>\n\t\t\t\t<\/div>\n\t\t\t\t<div class=\"elementor-element elementor-element-f92ba90 elementor-widget-divider--view-line elementor-widget elementor-widget-divider\" data-id=\"f92ba90\" data-element_type=\"widget\" data-e-type=\"widget\" data-widget_type=\"divider.default\">\n\t\t\t\t<div class=\"elementor-widget-container\">\n\t\t\t\t\t\t\t<div class=\"elementor-divider\">\n\t\t\t<span class=\"elementor-divider-separator\">\n\t\t\t\t\t\t<\/span>\n\t\t<\/div>\n\t\t\t\t\t\t<\/div>\n\t\t\t\t<\/div>\n\t\t\t\t<\/div>\n\t\t<div class=\"elementor-element elementor-element-6b3783a e-con-full e-flex e-con e-child\" data-id=\"6b3783a\" data-element_type=\"container\" data-e-type=\"container\">\n\t\t\t\t<div class=\"elementor-element elementor-element-1ad3bdd elementor-widget elementor-widget-text-editor\" data-id=\"1ad3bdd\" data-element_type=\"widget\" data-e-type=\"widget\" data-widget_type=\"text-editor.default\">\n\t\t\t\t<div class=\"elementor-widget-container\">\n\t\t\t\t\t\t\t\t\t<h3 data-start=\"1203\" data-end=\"1273\"><strong data-start=\"1207\" data-end=\"1273\">Formations certifi\u00e9es Exemplar Global propos\u00e9es par IFC Global<\/strong><\/h3><p data-start=\"1275\" data-end=\"1358\">Nous proposons des programmes de formation certifi\u00e9s sur les normes ISO suivantes :<\/p><p data-start=\"1362\" data-end=\"1420\"><strong data-start=\"1362\" data-end=\"1379\">ISO 9001:2015<\/strong> \u2013 Syst\u00e8mes de management de la qualit\u00e9<\/p><p data-start=\"1423\" data-end=\"1488\"><strong data-start=\"1423\" data-end=\"1436\">ISO 10002<\/strong> \u2013 Satisfaction client et gestion des r\u00e9clamations<\/p><p data-start=\"1491\" data-end=\"1552\"><strong data-start=\"1491\" data-end=\"1509\">ISO 14001:2015<\/strong> \u2013 Syst\u00e8mes de management environnemental<\/p><p data-start=\"1555\" data-end=\"1633\"><strong data-start=\"1555\" data-end=\"1579\">ISO\/IEC 20000-1:2018<\/strong> \u2013 Syst\u00e8mes de management des services informatiques<\/p><p data-start=\"1636\" data-end=\"1721\"><strong data-start=\"1636\" data-end=\"1654\">ISO 22000:2018<\/strong> \u2013 Syst\u00e8mes de management de la s\u00e9curit\u00e9 des denr\u00e9es alimentaires<\/p><p data-start=\"1724\" data-end=\"1800\"><strong data-start=\"1724\" data-end=\"1742\">ISO 22301:2019<\/strong> \u2013 Syst\u00e8mes de management de la continuit\u00e9 des activit\u00e9s<\/p><p data-start=\"1803\" data-end=\"1884\"><strong data-start=\"1803\" data-end=\"1825\">ISO\/IEC 27001:2022<\/strong> \u2013 Syst\u00e8mes de management de la s\u00e9curit\u00e9 de l\u2019information<\/p><p data-start=\"1887\" data-end=\"1979\"><strong data-start=\"1887\" data-end=\"1909\">ISO\/IEC 27701:2019<\/strong> \u2013 Syst\u00e8mes de management des informations relatives \u00e0 la vie priv\u00e9e<\/p><p data-start=\"1982\" data-end=\"2068\"><strong data-start=\"1982\" data-end=\"2000\">ISO 45001:2018<\/strong> \u2013 Syst\u00e8mes de management de la sant\u00e9 et de la s\u00e9curit\u00e9 au travail<\/p><p data-start=\"2071\" data-end=\"2127\"><strong data-start=\"2071\" data-end=\"2089\">ISO 50001:2018<\/strong> \u2013 Syst\u00e8mes de management de l\u2019\u00e9nergie<\/p>\t\t\t\t\t\t\t\t<\/div>\n\t\t\t\t<\/div>\n\t\t\t\t<div class=\"elementor-element elementor-element-92ca31c elementor-widget-divider--view-line elementor-widget elementor-widget-divider\" data-id=\"92ca31c\" data-element_type=\"widget\" data-e-type=\"widget\" data-widget_type=\"divider.default\">\n\t\t\t\t<div class=\"elementor-widget-container\">\n\t\t\t\t\t\t\t<div class=\"elementor-divider\">\n\t\t\t<span class=\"elementor-divider-separator\">\n\t\t\t\t\t\t<\/span>\n\t\t<\/div>\n\t\t\t\t\t\t<\/div>\n\t\t\t\t<\/div>\n\t\t\t\t<\/div>\n\t\t<div class=\"elementor-element elementor-element-ffaed8f e-con-full e-flex e-con e-child\" data-id=\"ffaed8f\" data-element_type=\"container\" data-e-type=\"container\">\n\t\t\t\t<div class=\"elementor-element elementor-element-89331bb elementor-widget elementor-widget-text-editor\" data-id=\"89331bb\" data-element_type=\"widget\" data-e-type=\"widget\" data-widget_type=\"text-editor.default\">\n\t\t\t\t<div class=\"elementor-widget-container\">\n\t\t\t\t\t\t\t\t\t<h3 data-start=\"2134\" data-end=\"2216\"><strong data-start=\"2138\" data-end=\"2216\">Pourquoi choisir IFC Global pour une formation certifi\u00e9e Exemplar Global ?<\/strong><\/h3><p data-start=\"2220\" data-end=\"2349\"><strong data-start=\"2222\" data-end=\"2259\">Organisme officiellement autoris\u00e9<\/strong> \u2013 Nos formations respectent les normes internationales de certification professionnelle<\/p><p data-start=\"2352\" data-end=\"2465\"><strong data-start=\"2354\" data-end=\"2397\">Qualifications reconnues par le secteur<\/strong> \u2013 Renforcez votre avantage concurrentiel sur le march\u00e9 du travail<\/p><p data-start=\"2468\" data-end=\"2556\"><strong data-start=\"2470\" data-end=\"2492\">Formateurs experts<\/strong> \u2013 Intervenants qualifi\u00e9s et auditeurs principaux exp\u00e9riment\u00e9s<\/p><p data-start=\"2559\" data-end=\"2671\"><strong data-start=\"2561\" data-end=\"2594\">Approche pratique et compl\u00e8te<\/strong> \u2013 \u00c9tudes de cas r\u00e9elles, ateliers interactifs et exercices concrets int\u00e9gr\u00e9s<\/p>\t\t\t\t\t\t\t\t<\/div>\n\t\t\t\t<\/div>\n\t\t\t\t<div class=\"elementor-element elementor-element-ddc5395 elementor-widget-divider--view-line elementor-widget elementor-widget-divider\" data-id=\"ddc5395\" data-element_type=\"widget\" data-e-type=\"widget\" data-widget_type=\"divider.default\">\n\t\t\t\t<div class=\"elementor-widget-container\">\n\t\t\t\t\t\t\t<div class=\"elementor-divider\">\n\t\t\t<span class=\"elementor-divider-separator\">\n\t\t\t\t\t\t<\/span>\n\t\t<\/div>\n\t\t\t\t\t\t<\/div>\n\t\t\t\t<\/div>\n\t\t\t\t<\/div>\n\t\t<div class=\"elementor-element elementor-element-8ab974d e-con-full e-flex e-con e-child\" data-id=\"8ab974d\" data-element_type=\"container\" data-e-type=\"container\">\n\t\t\t\t<div class=\"elementor-element elementor-element-e435103 elementor-widget elementor-widget-text-editor\" data-id=\"e435103\" data-element_type=\"widget\" data-e-type=\"widget\" data-widget_type=\"text-editor.default\">\n\t\t\t\t<div class=\"elementor-widget-container\">\n\t\t\t\t\t\t\t\t\t<h3 data-start=\"2607\" data-end=\"2639\">V\u00e9rifiez notre autorisation<\/h3>\n<p data-start=\"2641\" data-end=\"2810\">Vous pouvez v\u00e9rifier l\u2019autorisation Exemplar Global d\u2019IFC Global directement sur le site officiel d\u2019Exemplar Global :<\/p>\n<p style=\"text-align: left; margin: 10px 0;\">\n  <span style=\"background-color: #95a5a6; color: white; padding: 12px; display: inline-block;\">\n    <a style=\"color: black;\" href=\"https:\/\/exemplarglobal.org\/online-courses-from-exemplar-global-certified-training-providers\/\" target=\"_blank\" rel=\"noopener noreferrer\">\n      <strong>V\u00e9rifiez l\u2019autorisation Exemplar Global d\u2019IFC Global<\/strong>\n    <\/a>\n  <\/span>\n<\/p>\n\t\t\t\t\t\t\t\t<\/div>\n\t\t\t\t<\/div>\n\t\t\t\t<div class=\"elementor-element elementor-element-0355f8d elementor-widget-divider--view-line elementor-widget elementor-widget-divider\" data-id=\"0355f8d\" data-element_type=\"widget\" data-e-type=\"widget\" data-widget_type=\"divider.default\">\n\t\t\t\t<div class=\"elementor-widget-container\">\n\t\t\t\t\t\t\t<div class=\"elementor-divider\">\n\t\t\t<span class=\"elementor-divider-separator\">\n\t\t\t\t\t\t<\/span>\n\t\t<\/div>\n\t\t\t\t\t\t<\/div>\n\t\t\t\t<\/div>\n\t\t\t\t<\/div>\n\t\t<div class=\"elementor-element elementor-element-af501a7 e-con-full e-flex e-con e-child\" data-id=\"af501a7\" data-element_type=\"container\" data-e-type=\"container\">\n\t\t\t\t<div class=\"elementor-element elementor-element-bba5f10 elementor-widget elementor-widget-text-editor\" data-id=\"bba5f10\" data-element_type=\"widget\" data-e-type=\"widget\" data-widget_type=\"text-editor.default\">\n\t\t\t\t<div class=\"elementor-widget-container\">\n\t\t\t\t\t\t\t\t\t<h3 data-start=\"2901\" data-end=\"2998\"><strong data-start=\"2905\" data-end=\"2998\">Faites \u00e9voluer votre carri\u00e8re avec les formations certifi\u00e9es Exemplar Global d\u2019IFC Global<\/strong><\/h3><p data-start=\"3000\" data-end=\"3221\">D\u00e9veloppez vos comp\u00e9tences en audit et en syst\u00e8mes de management ISO gr\u00e2ce \u00e0 une formation reconnue \u00e0 l\u2019\u00e9chelle mondiale.<br data-start=\"3121\" data-end=\"3124\" \/><strong data-start=\"3124\" data-end=\"3158\">Contactez-nous d\u00e8s aujourd\u2019hui<\/strong> pour vous inscrire \u00e0 nos programmes certifi\u00e9s Exemplar Global.<\/p>\t\t\t\t\t\t\t\t<\/div>\n\t\t\t\t<\/div>\n\t\t\t\t<\/div>\n\t\t<div class=\"elementor-element elementor-element-2b8730a e-con-full e-flex e-con e-parent\" data-id=\"2b8730a\" data-element_type=\"container\" data-e-type=\"container\">\n\t\t\t\t<div class=\"elementor-element elementor-element-754b1b3 elementor-widget elementor-widget-spacer\" data-id=\"754b1b3\" data-element_type=\"widget\" data-e-type=\"widget\" data-widget_type=\"spacer.default\">\n\t\t\t\t<div class=\"elementor-widget-container\">\n\t\t\t\t\t\t\t<div class=\"elementor-spacer\">\n\t\t\t<div class=\"elementor-spacer-inner\"><\/div>\n\t\t<\/div>\n\t\t\t\t\t\t<\/div>\n\t\t\t\t<\/div>\n\t\t\t\t<\/div>\n\t\t<div class=\"elementor-element elementor-element-3608620 e-flex e-con-boxed e-con e-parent\" data-id=\"3608620\" data-element_type=\"container\" data-e-type=\"container\">\n\t\t\t\t\t<div class=\"e-con-inner\">\n\t\t\t\t<div class=\"elementor-element elementor-element-262dc0a elementor-widget elementor-widget-html\" data-id=\"262dc0a\" data-element_type=\"widget\" data-e-type=\"widget\" data-widget_type=\"html.default\">\n\t\t\t\t<div class=\"elementor-widget-container\">\n\t\t\t\t\t<div class=\"container\">\r\n    <div class=\"row\">\r\n        <div class=\"col-md-12\">\r\n            <div class=\"slogan-v2\">\r\n                <div class=\"slogan-content\">\r\n                    <div class=\"message\">\r\n                      <h2> Vous N'avez Pas Encore Obtenu Votre Certificat !\u200b<\/h2>\r\n                      <p>Prenez contact avec nos experts pour commancer.\u200b<\/p>\r\n                    <\/div>\r\n                    <div class=\"button-left\">\r\n                        <a href=\"https:\/\/www.ifc-globaltn.com\/index.php\/contact\/\" title=\"contactez-nous\">\r\n                          contactez-nous\r\n                        <\/a>\r\n                    <\/div>\r\n                <\/div>\r\n            <\/div>\r\n        <\/div>\r\n    <\/div>\r\n<\/div>\r\n\t\t\t\t<\/div>\n\t\t\t\t<\/div>\n\t\t\t\t\t<\/div>\n\t\t\t\t<\/div>\n\t\t\t\t<\/div>\n\t\t","protected":false},"excerpt":{"rendered":"<p>EXEMPLAR GLOBAL Autorisation Exemplar Global \u2013 Programmes de formation accr\u00e9dit\u00e9s d\u2019IFC Global IFC Global est un organisme de formation officiellement autoris\u00e9 par Exemplar Global, offrant des programmes de formation et de certification reconnus \u00e0 l\u2019\u00e9chelle mondiale pour les professionnels et les organisations souhaitant d\u00e9velopper leur expertise en syst\u00e8mes de management, conformit\u00e9 et audit.Nos formations approuv\u00e9es&hellip;<\/p>\n","protected":false},"author":3,"featured_media":6533,"parent":0,"menu_order":0,"comment_status":"closed","ping_status":"closed","template":"","meta":{"footnotes":""},"class_list":["post-6661","page","type-page","status-publish","has-post-thumbnail","hentry"],"yoast_head":"<!-- This site is optimized with the Yoast SEO plugin v27.4 - https:\/\/yoast.com\/product\/yoast-seo-wordpress\/ -->\n<title>Exemplar Global - IFC Global Tunisie<\/title>\n<meta name=\"description\" content=\"IFC Global Tunisie vous pr\u00e9sente Exemplar Global, organisme reconnu pour la certification et la formation en management.\" \/>\n<meta name=\"robots\" content=\"index, follow, max-snippet:-1, max-image-preview:large, max-video-preview:-1\" \/>\n<link rel=\"canonical\" href=\"https:\/\/www.ifc-globaltn.com\/index.php\/exemplar-global\/\" \/>\n<meta property=\"og:locale\" content=\"fr_FR\" \/>\n<meta property=\"og:type\" content=\"article\" \/>\n<meta property=\"og:title\" content=\"Exemplar Global - IFC Global Tunisie\" \/>\n<meta property=\"og:description\" content=\"IFC Global Tunisie vous pr\u00e9sente Exemplar Global, organisme reconnu pour la certification et la formation en management.\" \/>\n<meta property=\"og:url\" content=\"https:\/\/www.ifc-globaltn.com\/index.php\/exemplar-global\/\" \/>\n<meta property=\"og:site_name\" content=\"IFC Global.TN\" \/>\n<meta property=\"article:modified_time\" content=\"2025-07-14T11:07:12+00:00\" \/>\n<meta property=\"og:image\" content=\"https:\/\/www.ifc-globaltn.com\/wp-content\/uploads\/2025\/06\/akrediteasyonlar.png\" \/>\n\t<meta property=\"og:image:width\" content=\"1920\" \/>\n\t<meta property=\"og:image:height\" content=\"300\" \/>\n\t<meta property=\"og:image:type\" content=\"image\/png\" \/>\n<meta name=\"twitter:card\" content=\"summary_large_image\" \/>\n<meta name=\"twitter:label1\" content=\"Dur\u00e9e de lecture estim\u00e9e\" \/>\n\t<meta name=\"twitter:data1\" content=\"3 minutes\" \/>\n<script type=\"application\/ld+json\" class=\"yoast-schema-graph\">{\"@context\":\"https:\\\/\\\/schema.org\",\"@graph\":[{\"@type\":\"WebPage\",\"@id\":\"https:\\\/\\\/www.ifc-globaltn.com\\\/index.php\\\/exemplar-global\\\/\",\"url\":\"https:\\\/\\\/www.ifc-globaltn.com\\\/index.php\\\/exemplar-global\\\/\",\"name\":\"Exemplar Global - IFC Global Tunisie\",\"isPartOf\":{\"@id\":\"https:\\\/\\\/www.ifc-globaltn.com\\\/#website\"},\"primaryImageOfPage\":{\"@id\":\"https:\\\/\\\/www.ifc-globaltn.com\\\/index.php\\\/exemplar-global\\\/#primaryimage\"},\"image\":{\"@id\":\"https:\\\/\\\/www.ifc-globaltn.com\\\/index.php\\\/exemplar-global\\\/#primaryimage\"},\"thumbnailUrl\":\"https:\\\/\\\/www.ifc-globaltn.com\\\/wp-content\\\/uploads\\\/2025\\\/06\\\/akrediteasyonlar.png\",\"datePublished\":\"2025-06-27T21:38:52+00:00\",\"dateModified\":\"2025-07-14T11:07:12+00:00\",\"description\":\"IFC Global Tunisie vous pr\u00e9sente Exemplar Global, organisme reconnu pour la certification et la formation en management.\",\"breadcrumb\":{\"@id\":\"https:\\\/\\\/www.ifc-globaltn.com\\\/index.php\\\/exemplar-global\\\/#breadcrumb\"},\"inLanguage\":\"fr-FR\",\"potentialAction\":[{\"@type\":\"ReadAction\",\"target\":[\"https:\\\/\\\/www.ifc-globaltn.com\\\/index.php\\\/exemplar-global\\\/\"]}]},{\"@type\":\"ImageObject\",\"inLanguage\":\"fr-FR\",\"@id\":\"https:\\\/\\\/www.ifc-globaltn.com\\\/index.php\\\/exemplar-global\\\/#primaryimage\",\"url\":\"https:\\\/\\\/www.ifc-globaltn.com\\\/wp-content\\\/uploads\\\/2025\\\/06\\\/akrediteasyonlar.png\",\"contentUrl\":\"https:\\\/\\\/www.ifc-globaltn.com\\\/wp-content\\\/uploads\\\/2025\\\/06\\\/akrediteasyonlar.png\",\"width\":1920,\"height\":300},{\"@type\":\"BreadcrumbList\",\"@id\":\"https:\\\/\\\/www.ifc-globaltn.com\\\/index.php\\\/exemplar-global\\\/#breadcrumb\",\"itemListElement\":[{\"@type\":\"ListItem\",\"position\":1,\"name\":\"Accueil\",\"item\":\"https:\\\/\\\/www.ifc-globaltn.com\\\/\"},{\"@type\":\"ListItem\",\"position\":2,\"name\":\"EXEMPLAR GLOBAL\"}]},{\"@type\":\"WebSite\",\"@id\":\"https:\\\/\\\/www.ifc-globaltn.com\\\/#website\",\"url\":\"https:\\\/\\\/www.ifc-globaltn.com\\\/\",\"name\":\"IFC Global.TN\",\"description\":\"Bienvenue sur IFC Global.TN Nous sommes la branche tunisienne officielle de IFC Global, un leader mondial dans le domaine des certifications ISO et des solutions de conformit\u00e9.\",\"publisher\":{\"@id\":\"https:\\\/\\\/www.ifc-globaltn.com\\\/#organization\"},\"potentialAction\":[{\"@type\":\"SearchAction\",\"target\":{\"@type\":\"EntryPoint\",\"urlTemplate\":\"https:\\\/\\\/www.ifc-globaltn.com\\\/?s={search_term_string}\"},\"query-input\":{\"@type\":\"PropertyValueSpecification\",\"valueRequired\":true,\"valueName\":\"search_term_string\"}}],\"inLanguage\":\"fr-FR\"},{\"@type\":\"Organization\",\"@id\":\"https:\\\/\\\/www.ifc-globaltn.com\\\/#organization\",\"name\":\"IFC Global.TN\",\"url\":\"https:\\\/\\\/www.ifc-globaltn.com\\\/\",\"logo\":{\"@type\":\"ImageObject\",\"inLanguage\":\"fr-FR\",\"@id\":\"https:\\\/\\\/www.ifc-globaltn.com\\\/#\\\/schema\\\/logo\\\/image\\\/\",\"url\":\"https:\\\/\\\/www.ifc-globaltn.com\\\/wp-content\\\/uploads\\\/2025\\\/01\\\/ifcgloballogo.png\",\"contentUrl\":\"https:\\\/\\\/www.ifc-globaltn.com\\\/wp-content\\\/uploads\\\/2025\\\/01\\\/ifcgloballogo.png\",\"width\":245,\"height\":90,\"caption\":\"IFC Global.TN\"},\"image\":{\"@id\":\"https:\\\/\\\/www.ifc-globaltn.com\\\/#\\\/schema\\\/logo\\\/image\\\/\"}}]}<\/script>\n<!-- \/ Yoast SEO plugin. -->","yoast_head_json":{"title":"Exemplar Global - IFC Global Tunisie","description":"IFC Global Tunisie vous pr\u00e9sente Exemplar Global, organisme reconnu pour la certification et la formation en management.","robots":{"index":"index","follow":"follow","max-snippet":"max-snippet:-1","max-image-preview":"max-image-preview:large","max-video-preview":"max-video-preview:-1"},"canonical":"https:\/\/www.ifc-globaltn.com\/index.php\/exemplar-global\/","og_locale":"fr_FR","og_type":"article","og_title":"Exemplar Global - IFC Global Tunisie","og_description":"IFC Global Tunisie vous pr\u00e9sente Exemplar Global, organisme reconnu pour la certification et la formation en management.","og_url":"https:\/\/www.ifc-globaltn.com\/index.php\/exemplar-global\/","og_site_name":"IFC Global.TN","article_modified_time":"2025-07-14T11:07:12+00:00","og_image":[{"width":1920,"height":300,"url":"https:\/\/www.ifc-globaltn.com\/wp-content\/uploads\/2025\/06\/akrediteasyonlar.png","type":"image\/png"}],"twitter_card":"summary_large_image","twitter_misc":{"Dur\u00e9e de lecture estim\u00e9e":"3 minutes"},"schema":{"@context":"https:\/\/schema.org","@graph":[{"@type":"WebPage","@id":"https:\/\/www.ifc-globaltn.com\/index.php\/exemplar-global\/","url":"https:\/\/www.ifc-globaltn.com\/index.php\/exemplar-global\/","name":"Exemplar Global - IFC Global Tunisie","isPartOf":{"@id":"https:\/\/www.ifc-globaltn.com\/#website"},"primaryImageOfPage":{"@id":"https:\/\/www.ifc-globaltn.com\/index.php\/exemplar-global\/#primaryimage"},"image":{"@id":"https:\/\/www.ifc-globaltn.com\/index.php\/exemplar-global\/#primaryimage"},"thumbnailUrl":"https:\/\/www.ifc-globaltn.com\/wp-content\/uploads\/2025\/06\/akrediteasyonlar.png","datePublished":"2025-06-27T21:38:52+00:00","dateModified":"2025-07-14T11:07:12+00:00","description":"IFC Global Tunisie vous pr\u00e9sente Exemplar Global, organisme reconnu pour la certification et la formation en management.","breadcrumb":{"@id":"https:\/\/www.ifc-globaltn.com\/index.php\/exemplar-global\/#breadcrumb"},"inLanguage":"fr-FR","potentialAction":[{"@type":"ReadAction","target":["https:\/\/www.ifc-globaltn.com\/index.php\/exemplar-global\/"]}]},{"@type":"ImageObject","inLanguage":"fr-FR","@id":"https:\/\/www.ifc-globaltn.com\/index.php\/exemplar-global\/#primaryimage","url":"https:\/\/www.ifc-globaltn.com\/wp-content\/uploads\/2025\/06\/akrediteasyonlar.png","contentUrl":"https:\/\/www.ifc-globaltn.com\/wp-content\/uploads\/2025\/06\/akrediteasyonlar.png","width":1920,"height":300},{"@type":"BreadcrumbList","@id":"https:\/\/www.ifc-globaltn.com\/index.php\/exemplar-global\/#breadcrumb","itemListElement":[{"@type":"ListItem","position":1,"name":"Accueil","item":"https:\/\/www.ifc-globaltn.com\/"},{"@type":"ListItem","position":2,"name":"EXEMPLAR GLOBAL"}]},{"@type":"WebSite","@id":"https:\/\/www.ifc-globaltn.com\/#website","url":"https:\/\/www.ifc-globaltn.com\/","name":"IFC Global.TN","description":"Bienvenue sur IFC Global.TN Nous sommes la branche tunisienne officielle de IFC Global, un leader mondial dans le domaine des certifications ISO et des solutions de conformit\u00e9.","publisher":{"@id":"https:\/\/www.ifc-globaltn.com\/#organization"},"potentialAction":[{"@type":"SearchAction","target":{"@type":"EntryPoint","urlTemplate":"https:\/\/www.ifc-globaltn.com\/?s={search_term_string}"},"query-input":{"@type":"PropertyValueSpecification","valueRequired":true,"valueName":"search_term_string"}}],"inLanguage":"fr-FR"},{"@type":"Organization","@id":"https:\/\/www.ifc-globaltn.com\/#organization","name":"IFC Global.TN","url":"https:\/\/www.ifc-globaltn.com\/","logo":{"@type":"ImageObject","inLanguage":"fr-FR","@id":"https:\/\/www.ifc-globaltn.com\/#\/schema\/logo\/image\/","url":"https:\/\/www.ifc-globaltn.com\/wp-content\/uploads\/2025\/01\/ifcgloballogo.png","contentUrl":"https:\/\/www.ifc-globaltn.com\/wp-content\/uploads\/2025\/01\/ifcgloballogo.png","width":245,"height":90,"caption":"IFC Global.TN"},"image":{"@id":"https:\/\/www.ifc-globaltn.com\/#\/schema\/logo\/image\/"}}]}},"_links":{"self":[{"href":"https:\/\/www.ifc-globaltn.com\/index.php\/wp-json\/wp\/v2\/pages\/6661","targetHints":{"allow":["GET"]}}],"collection":[{"href":"https:\/\/www.ifc-globaltn.com\/index.php\/wp-json\/wp\/v2\/pages"}],"about":[{"href":"https:\/\/www.ifc-globaltn.com\/index.php\/wp-json\/wp\/v2\/types\/page"}],"author":[{"embeddable":true,"href":"https:\/\/www.ifc-globaltn.com\/index.php\/wp-json\/wp\/v2\/users\/3"}],"replies":[{"embeddable":true,"href":"https:\/\/www.ifc-globaltn.com\/index.php\/wp-json\/wp\/v2\/comments?post=6661"}],"version-history":[{"count":10,"href":"https:\/\/www.ifc-globaltn.com\/index.php\/wp-json\/wp\/v2\/pages\/6661\/revisions"}],"predecessor-version":[{"id":6722,"href":"https:\/\/www.ifc-globaltn.com\/index.php\/wp-json\/wp\/v2\/pages\/6661\/revisions\/6722"}],"wp:featuredmedia":[{"embeddable":true,"href":"https:\/\/www.ifc-globaltn.com\/index.php\/wp-json\/wp\/v2\/media\/6533"}],"wp:attachment":[{"href":"https:\/\/www.ifc-globaltn.com\/index.php\/wp-json\/wp\/v2\/media?parent=6661"}],"curies":[{"name":"wp","href":"https:\/\/api.w.org\/{rel}","templated":true}]}}